{"id":100,"date":"2024-08-26T16:21:37","date_gmt":"2024-08-26T16:21:37","guid":{"rendered":"https:\/\/lekarzpodroznik.pl\/store\/?post_type=product&#038;p=100"},"modified":"2025-04-17T17:49:37","modified_gmt":"2025-04-17T17:49:37","slug":"a-cardin","status":"publish","type":"product","link":"https:\/\/lekarzpodroznik.pl\/store\/product\/a-cardin\/","title":{"rendered":"A-cardin"},"content":{"rendered":"<p>A-cardin to suplement diety, kt\u00f3ry zyska\u0142 popularno\u015b\u0107 dzi\u0119ki swojemu unikalnemu sk\u0142adowi i wszechstronnemu dzia\u0142aniu na uk\u0142ad sercowo-naczyniowy. W poni\u017cszym artykule znajdziesz szczeg\u00f3\u0142owy przegl\u0105d tego preparatu, jego sk\u0142adnik\u00f3w, dzia\u0142ania, a tak\u017ce informacje na temat zakupu i ceny. Dowiesz si\u0119, dlaczego A-cardin sta\u0142 si\u0119 tak popularny w\u015br\u00f3d os\u00f3b dbaj\u0105cych o zdrowie serca i jak mo\u017ce wspom\u00f3c utrzymanie dobrego stanu zdrowia na d\u0142u\u017cej.<\/p>\n<p style=\"text-align: center;\"><a class=\"border-button\" href=\"https:\/\/price-low.eu\/a\/vZ5KCy5QLCXV72\">www.a-cardin.pl<\/a><\/p>\n<h2>Co to jest A-cardin: forma wydania, grupa<\/h2>\n<p>A-cardin to suplement diety dost\u0119pny w formie twardych kapsu\u0142ek \u017celatynowych. Preparat ten nale\u017cy do grupy suplement\u00f3w wspomagaj\u0105cych funkcjonowanie uk\u0142adu sercowo-naczyniowego. Jest on przeznaczony dla os\u00f3b, kt\u00f3re pragn\u0105 zadba\u0107 o swoje zdrowie serca oraz uk\u0142adu kr\u0105\u017cenia, szczeg\u00f3lnie w kontek\u015bcie profilaktyki mia\u017cd\u017cycy, nadci\u015bnienia i innych chor\u00f3b uk\u0142adu kr\u0105\u017cenia.<\/p>\n<p>Kapsu\u0142ki A-cardin s\u0105 wygodne w u\u017cyciu i \u0142atwe do po\u0142kni\u0119cia, co czyni je atrakcyjnym wyborem dla os\u00f3b prowadz\u0105cych aktywny tryb \u017cycia. Dzi\u0119ki starannie dobranym sk\u0142adnikom, A-cardin mo\u017ce pom\u00f3c w utrzymaniu prawid\u0142owego poziomu cholesterolu we krwi, wspiera\u0107 kr\u0105\u017cenie wie\u0144cowe, a tak\u017ce wzmacnia\u0107 \u015bciany naczy\u0144 krwiono\u015bnych.<\/p>\n<h2>Wskazania i przeciwwskazania A-cardin<\/h2>\n<p>A-cardin jest polecany dla os\u00f3b, kt\u00f3re chc\u0105:<\/p>\n<ul>\n<li>Utrzyma\u0107 prawid\u0142owy poziom cholesterolu we krwi,<\/li>\n<li>Poprawi\u0107 kr\u0105\u017cenie wie\u0144cowe,<\/li>\n<li>Utrzyma\u0107 prawid\u0142owe ci\u015bnienie krwi,<\/li>\n<li>Wspiera\u0107 prawid\u0142owy rytm serca,<\/li>\n<li>Wzmocni\u0107 \u015bciany naczy\u0144 krwiono\u015bnych i poprawi\u0107 elastyczno\u015b\u0107 naczy\u0144 w\u0142osowatych,<\/li>\n<li>Zapobiega\u0107 starczym zmianom mi\u0119\u015bnia sercowego.<\/li>\n<\/ul>\n<h3>Przeciwwskazania:<\/h3>\n<p>Chocia\u017c A-cardin jest suplementem diety opartym na naturalnych sk\u0142adnikach, nie jest odpowiedni dla wszystkich. Przeciwwskazaniami do stosowania s\u0105:<\/p>\n<ul>\n<li>Nadwra\u017cliwo\u015b\u0107 na kt\u00f3rykolwiek ze sk\u0142adnik\u00f3w preparatu,<\/li>\n<li>Ci\u0105\u017ca i okres karmienia piersi\u0105 (z uwagi na brak wystarczaj\u0105cych bada\u0144 dotycz\u0105cych bezpiecze\u0144stwa),<\/li>\n<li>Choroby w\u0105troby i nerek (przed rozpocz\u0119ciem stosowania nale\u017cy skonsultowa\u0107 si\u0119 z lekarzem),<\/li>\n<li>Stosowanie lek\u00f3w przeciwzakrzepowych (sk\u0142adniki takie jak mi\u0142orz\u0105b japo\u0144ski mog\u0105 wp\u0142ywa\u0107 na krzepliwo\u015b\u0107 krwi).<\/li>\n<\/ul>\n<p>Zawsze warto skonsultowa\u0107 si\u0119 z lekarzem przed rozpocz\u0119ciem stosowania suplement\u00f3w diety, szczeg\u00f3lnie je\u015bli cierpisz na choroby przewlek\u0142e lub przyjmujesz inne leki.<\/p>\n<h2>Sk\u0142ad A-cardin &#8211; skuteczne sk\u0142adniki<\/h2>\n<p>Kluczowym elementem skuteczno\u015bci A-cardin s\u0105 jego starannie dobrane, naturalne sk\u0142adniki. Ka\u017cdy z nich pe\u0142ni istotn\u0105 rol\u0119 w wspieraniu zdrowia serca i uk\u0142adu kr\u0105\u017cenia.<\/p>\n<table>\n<thead>\n<tr>\n<th><strong>Sk\u0142adnik<\/strong><\/th>\n<th><strong>Dzia\u0142anie<\/strong><\/th>\n<\/tr>\n<\/thead>\n<tbody>\n<tr>\n<td><strong>Ekstrakt z li\u015bci karczocha<\/strong><\/td>\n<td>Zawiera cynaryn\u0119 (5%), kt\u00f3ra wspomaga utrzymanie prawid\u0142owego poziomu cholesterolu we krwi i wspiera prac\u0119 w\u0105troby.<\/td>\n<\/tr>\n<tr>\n<td><strong>K\u0142\u0105cze rdestu japo\u0144skiego<\/strong><\/td>\n<td>Bogate \u017ar\u00f3d\u0142o resweratrolu, kt\u00f3ry ma silne w\u0142a\u015bciwo\u015bci antyoksydacyjne i wspomaga funkcjonowanie uk\u0142adu sercowo-naczyniowego.<\/td>\n<\/tr>\n<tr>\n<td><strong>Li\u015b\u0107 mi\u0142orz\u0119bu japo\u0144skiego<\/strong><\/td>\n<td>Wspiera kr\u0105\u017cenie krwi, szczeg\u00f3lnie w naczyniach w\u0142osowatych, i poprawia funkcje poznawcze, co jest istotne dla os\u00f3b starszych.<\/td>\n<\/tr>\n<tr>\n<td><strong>Korze\u0144 berberysu<\/strong><\/td>\n<td>Wspomaga uk\u0142ad odporno\u015bciowy, dzia\u0142a przeciwzapalnie i przeciwdzia\u0142a zakrzepom.<\/td>\n<\/tr>\n<tr>\n<td><strong>Celuloza mikrokrystaliczna<\/strong><\/td>\n<td>Wype\u0142niacz, kt\u00f3ry nie tylko nadaje form\u0119 kapsu\u0142ce, ale r\u00f3wnie\u017c wspiera prawid\u0142ow\u0105 prac\u0119 przewodu pokarmowego, u\u0142atwiaj\u0105c przyjmowanie suplementu.<\/td>\n<\/tr>\n<\/tbody>\n<\/table>\n<p>Wszystkie te sk\u0142adniki dzia\u0142aj\u0105 synergicznie, co oznacza, \u017ce wzmacniaj\u0105 nawzajem swoje dzia\u0142anie, dzi\u0119ki czemu A-cardin jest skuteczniejszy ni\u017c suplementy zawieraj\u0105ce tylko pojedyncze sk\u0142adniki.<\/p>\n<h2>Efekty stosowania &#8211; dzia\u0142anie kapsu\u0142ek A-cardin<\/h2>\n<p>Stosowanie A-cardin przynosi szereg korzy\u015bci zdrowotnych, szczeg\u00f3lnie dla os\u00f3b zagro\u017conych chorobami uk\u0142adu kr\u0105\u017cenia. Regularne przyjmowanie kapsu\u0142ek mo\u017ce przyczyni\u0107 si\u0119 do:<\/p>\n<ul>\n<li><strong>Utrzymania prawid\u0142owego poziomu cholesterolu<\/strong> &#8211; Ekstrakt z karczocha oraz rdestu japo\u0144skiego wspomagaj\u0105 metabolizm lipid\u00f3w, co jest kluczowe w profilaktyce mia\u017cd\u017cycy.<\/li>\n<li><strong>Poprawy kr\u0105\u017cenia wie\u0144cowego<\/strong> &#8211; Mi\u0142orz\u0105b japo\u0144ski wspiera mikrokr\u0105\u017cenie, co jest istotne dla os\u00f3b z problemami z przep\u0142ywem krwi w ko\u0144czynach dolnych i m\u00f3zgu.<\/li>\n<li><strong>Normalizacji ci\u015bnienia krwi<\/strong> &#8211; Dzia\u0142anie antyoksydacyjne resweratrolu z rdestu japo\u0144skiego pomaga w utrzymaniu elastyczno\u015bci naczy\u0144, co sprzyja prawid\u0142owemu ci\u015bnieniu.<\/li>\n<li><strong>Wzmocnienia \u015bcian naczy\u0144 krwiono\u015bnych<\/strong> &#8211; Po\u0142\u0105czenie mi\u0142orz\u0119bu i berberysu pomaga utrzyma\u0107 elastyczno\u015b\u0107 i wytrzyma\u0142o\u015b\u0107 naczy\u0144 krwiono\u015bnych, zapobiegaj\u0105c ich uszkodzeniom.<\/li>\n<\/ul>\n<p>Regularne stosowanie A-cardin mo\u017ce r\u00f3wnie\u017c pom\u00f3c w zapobieganiu starczym zmianom w mi\u0119\u015bniu sercowym, co jest szczeg\u00f3lnie wa\u017cne dla os\u00f3b starszych.<\/p>\n<p style=\"text-align: center;\"><a class=\"border-button\" href=\"https:\/\/price-low.eu\/a\/vZ5KCy5QLCXV72\">KUPI\u0106 PO CENIE PRODUCENTA (-50%)<\/a><\/p>\n","protected":false},"excerpt":{"rendered":"<p>Nr kat.: 87010<\/p>\n<p style=\"text-align: center;\"><a class=\"border-button\" href=\"https:\/\/price-low.eu\/a\/vZ5KCy5QLCXV72\">KUP TERAZ<\/a><\/p>\n","protected":false},"featured_media":101,"comment_status":"open","ping_status":"closed","template":"","meta":[],"product_brand":[],"product_cat":[18],"product_tag":[],"class_list":{"0":"post-100","1":"product","2":"type-product","3":"status-publish","4":"has-post-thumbnail","6":"product_cat-suplementy","8":"first","9":"instock","10":"sale","11":"shipping-taxable","12":"purchasable","13":"product-type-simple"},"aioseo_notices":[],"_links":{"self":[{"href":"https:\/\/lekarzpodroznik.pl\/store\/wp-json\/wp\/v2\/product\/100","targetHints":{"allow":["GET"]}}],"collection":[{"href":"https:\/\/lekarzpodroznik.pl\/store\/wp-json\/wp\/v2\/product"}],"about":[{"href":"https:\/\/lekarzpodroznik.pl\/store\/wp-json\/wp\/v2\/types\/product"}],"replies":[{"embeddable":true,"href":"https:\/\/lekarzpodroznik.pl\/store\/wp-json\/wp\/v2\/comments?post=100"}],"wp:featuredmedia":[{"embeddable":true,"href":"https:\/\/lekarzpodroznik.pl\/store\/wp-json\/wp\/v2\/media\/101"}],"wp:attachment":[{"href":"https:\/\/lekarzpodroznik.pl\/store\/wp-json\/wp\/v2\/media?parent=100"}],"wp:term":[{"taxonomy":"product_brand","embeddable":true,"href":"https:\/\/lekarzpodroznik.pl\/store\/wp-json\/wp\/v2\/product_brand?post=100"},{"taxonomy":"product_cat","embeddable":true,"href":"https:\/\/lekarzpodroznik.pl\/store\/wp-json\/wp\/v2\/product_cat?post=100"},{"taxonomy":"product_tag","embeddable":true,"href":"https:\/\/lekarzpodroznik.pl\/store\/wp-json\/wp\/v2\/product_tag?post=100"}],"curies":[{"name":"wp","href":"https:\/\/api.w.org\/{rel}","templated":true}]}}