{"id":1035,"date":"2025-03-11T07:43:15","date_gmt":"2025-03-11T07:43:15","guid":{"rendered":"https:\/\/lekarzpodroznik.pl\/store\/?post_type=product&#038;p=1035"},"modified":"2025-04-17T17:55:36","modified_gmt":"2025-04-17T17:55:36","slug":"nanoflex","status":"publish","type":"product","link":"https:\/\/lekarzpodroznik.pl\/store\/product\/nanoflex\/","title":{"rendered":"NanoFlex"},"content":{"rendered":"<p data-start=\"504\" data-end=\"1038\">NanoFlex to innowacyjny preparat w formie kapsu\u0142ek, kt\u00f3ry zosta\u0142 zaprojektowany z my\u015bl\u0105 o wsparciu zdrowia staw\u00f3w. Dzi\u0119ki starannie dobranym sk\u0142adnikom aktywnym oraz nowoczesnej technologii produkcji, kapsu\u0142y NanoFlex zdobywaj\u0105 coraz wi\u0119ksze grono zadowolonych u\u017cytkownik\u00f3w, poszukuj\u0105cych skutecznych rozwi\u0105za\u0144 w walce z problemami stawowymi. W niniejszym artykule przedstawimy szczeg\u00f3\u0142owy przegl\u0105d preparatu NanoFlex, w tym informacje na temat formy wydania, grupy preparatu, wskaza\u0144, przeciwwskaza\u0144, sk\u0142adu oraz efekt\u00f3w stosowania.<\/p>\n<p data-start=\"1040\" data-end=\"1311\">NanoFlex to kapsu\u0142y dla staw\u00f3w, kt\u00f3re zyska\u0142y uznanie dzi\u0119ki swojemu unikalnemu podej\u015bciu do wspierania funkcji staw\u00f3w oraz redukcji stan\u00f3w zapalnych. W dalszej cz\u0119\u015bci artyku\u0142u om\u00f3wimy poszczeg\u00f3lne aspekty tego preparatu, aby u\u0142atwi\u0107 wyb\u00f3r i rozwia\u0107 wszelkie w\u0105tpliwo\u015bci.<\/p>\n<p style=\"text-align: center;\" data-start=\"1040\" data-end=\"1311\"><a class=\"border-button\" href=\"https:\/\/price-low.eu\/a\/5LxJHW7jKtOj9X\">www.nanoflex.pl<\/a><\/p>\n<hr data-start=\"1313\" data-end=\"1316\" \/>\n<h2 data-start=\"1318\" data-end=\"1365\">Co to jest NanoFlex: Forma wydania, grupa<\/h2>\n<p data-start=\"1367\" data-end=\"1655\">NanoFlex to suplement diety dost\u0119pny w formie kapsu\u0142ek, przeznaczony do wspomagania zdrowia staw\u00f3w. Preparat nale\u017cy do grupy preparat\u00f3w przeciwzapalnych i regeneruj\u0105cych, kt\u00f3re pomagaj\u0105 w utrzymaniu prawid\u0142owej funkcji staw\u00f3w oraz wspieraj\u0105 regeneracj\u0119 tkanek. Kluczowe cechy NanoFlex to:<\/p>\n<ul data-start=\"1657\" data-end=\"1946\">\n<li data-start=\"1657\" data-end=\"1749\"><strong data-start=\"1659\" data-end=\"1700\">Nowoczesna technologia nanoemulsyjna:<\/strong> Umo\u017cliwia lepsz\u0105 absorpcj\u0119 sk\u0142adnik\u00f3w aktywnych.<\/li>\n<li data-start=\"1750\" data-end=\"1856\"><strong data-start=\"1752\" data-end=\"1782\">Bezpiecze\u0144stwo stosowania:<\/strong> Produkt zosta\u0142 opracowany przy u\u017cyciu sk\u0142adnik\u00f3w pochodzenia naturalnego.<\/li>\n<li data-start=\"1857\" data-end=\"1946\"><strong data-start=\"1859\" data-end=\"1882\">\u0141atwo\u015b\u0107 dawkowania:<\/strong> Kapsu\u0142y s\u0105 proste w u\u017cyciu i \u0142atwo przyswajalne przez organizm.<\/li>\n<\/ul>\n<p data-start=\"1948\" data-end=\"2137\">Warto podkre\u015bli\u0107, \u017ce NanoFlex to preparat skierowany do os\u00f3b aktywnych, kt\u00f3re borykaj\u0105 si\u0119 z dolegliwo\u015bciami stawowymi, a tak\u017ce do sportowc\u00f3w oraz os\u00f3b starszych dbaj\u0105cych o zdrowie staw\u00f3w.<\/p>\n<hr data-start=\"2139\" data-end=\"2142\" \/>\n<h2 data-start=\"2144\" data-end=\"2187\">Wskazania i przeciwwskazania NanoFlex<\/h2>\n<p data-start=\"2189\" data-end=\"2364\">NanoFlex znajduje zastosowanie w wielu przypadkach zwi\u0105zanych z problemami stawowymi. Poni\u017cej przedstawiamy list\u0119 g\u0142\u00f3wnych wskaza\u0144 oraz przeciwwskaza\u0144 do stosowania preparatu:<\/p>\n<table style=\"height: 67px;\" width=\"1082\" data-start=\"3210\" data-end=\"3776\">\n<thead data-start=\"3210\" data-end=\"3303\">\n<tr data-start=\"3210\" data-end=\"3303\">\n<th data-start=\"3210\" data-end=\"3250\"><strong data-start=\"3212\" data-end=\"3225\">Wskazania<\/strong><\/th>\n<th data-start=\"3250\" data-end=\"3303\"><strong data-start=\"3252\" data-end=\"3272\">Przeciwwskazania<\/strong><\/th>\n<\/tr>\n<\/thead>\n<tbody data-start=\"3398\" data-end=\"3776\">\n<tr data-start=\"3398\" data-end=\"3491\">\n<td>\u0141agodzenie b\u00f3lu staw\u00f3w<\/td>\n<td>Nadwra\u017cliwo\u015b\u0107 na sk\u0142adniki<\/td>\n<\/tr>\n<tr data-start=\"3492\" data-end=\"3587\">\n<td>Zwi\u0119kszenie mobilno\u015bci staw\u00f3w<\/td>\n<td>Ci\u0105\u017ca i karmienie piersi\u0105 (konsultacja zalecana)<\/td>\n<\/tr>\n<tr data-start=\"3588\" data-end=\"3681\">\n<td>Redukcja stan\u00f3w zapalnych<\/td>\n<td>Choroby autoimmunologiczne \u2013 kontrola lekarza<\/td>\n<\/tr>\n<tr data-start=\"3682\" data-end=\"3776\">\n<td>Wsparcie regeneracji chrz\u0105stki<\/td>\n<td>Uczulenia na preparaty naturalne sk\u0142adniki<\/td>\n<\/tr>\n<\/tbody>\n<\/table>\n<hr data-start=\"3778\" data-end=\"3781\" \/>\n<h2 data-start=\"3783\" data-end=\"3825\">Sk\u0142ad NanoFlex &#8211; Skuteczne Sk\u0142adniki<\/h2>\n<p data-start=\"3827\" data-end=\"4127\">NanoFlex zawiera starannie wyselekcjonowane sk\u0142adniki, kt\u00f3rych synergiczne dzia\u0142anie ma na celu popraw\u0119 kondycji staw\u00f3w. Preparat wyr\u00f3\u017cnia si\u0119 zastosowaniem nowoczesnych technologii produkcji, co przek\u0142ada si\u0119 na zwi\u0119kszenie biodost\u0119pno\u015bci kluczowych substancji. Do najwa\u017cniejszych sk\u0142adnik\u00f3w nale\u017c\u0105:<\/p>\n<ul data-start=\"4129\" data-end=\"4515\">\n<li data-start=\"4129\" data-end=\"4198\"><strong data-start=\"4131\" data-end=\"4147\">Glukozamina:<\/strong> Wspomaga odbudow\u0119 chrz\u0105stki i redukuje b\u00f3l staw\u00f3w.<\/li>\n<li data-start=\"4199\" data-end=\"4285\"><strong data-start=\"4201\" data-end=\"4218\">Chondroityna:<\/strong> Dzia\u0142a ochronnie na tkank\u0119 chrz\u0119stn\u0105, zapobiegaj\u0105c jej degradacji.<\/li>\n<li data-start=\"4286\" data-end=\"4353\"><strong data-start=\"4288\" data-end=\"4311\">Ekstrakt z kurkumy:<\/strong> Posiada silne w\u0142a\u015bciwo\u015bci przeciwzapalne.<\/li>\n<li data-start=\"4354\" data-end=\"4437\"><strong data-start=\"4356\" data-end=\"4376\">Witamina D i K2:<\/strong> Wspieraj\u0105 prawid\u0142owe funkcjonowanie uk\u0142adu kostno-stawowego.<\/li>\n<li data-start=\"4438\" data-end=\"4515\"><strong data-start=\"4440\" data-end=\"4461\">Kwas hialuronowy:<\/strong> U\u0142atwia smarowanie staw\u00f3w, zwi\u0119kszaj\u0105c ich ruchomo\u015b\u0107.<\/li>\n<\/ul>\n<h4 data-start=\"4517\" data-end=\"4576\">Korzy\u015bci wynikaj\u0105ce z zastosowania sk\u0142adnik\u00f3w NanoFlex:<\/h4>\n<ul data-start=\"4577\" data-end=\"4851\">\n<li data-start=\"4577\" data-end=\"4684\"><strong data-start=\"4579\" data-end=\"4600\">Lepsza absorpcja:<\/strong> Dzi\u0119ki technologii nanoemulsyjnej sk\u0142adniki szybciej docieraj\u0105 do miejsc dzia\u0142ania.<\/li>\n<li data-start=\"4685\" data-end=\"4767\"><strong data-start=\"4687\" data-end=\"4716\">Dzia\u0142anie przeciwzapalne:<\/strong> Skutecznie redukuje obrz\u0119ki i dolegliwo\u015bci b\u00f3lowe.<\/li>\n<li data-start=\"4768\" data-end=\"4851\"><strong data-start=\"4770\" data-end=\"4795\">Wsparcie regeneracji:<\/strong> Przyspiesza proces naprawy uszkodzonej tkanki stawowej.<\/li>\n<\/ul>\n<hr data-start=\"4853\" data-end=\"4856\" \/>\n<h2 data-start=\"4858\" data-end=\"4911\">Efekty stosowania &#8211; Dzia\u0142anie kapsu\u0142ek NanoFlex<\/h2>\n<p data-start=\"4913\" data-end=\"5072\">Stosowanie kapsu\u0142ek NanoFlex przynosi wymierne efekty, co potwierdzaj\u0105 opinie zadowolonych u\u017cytkownik\u00f3w. Efekty te mo\u017cna podzieli\u0107 na kilka g\u0142\u00f3wnych kategorii:<\/p>\n<ol data-start=\"5074\" data-end=\"5853\">\n<li data-start=\"5074\" data-end=\"5360\">\n<p data-start=\"5077\" data-end=\"5108\"><strong data-start=\"5077\" data-end=\"5108\">Redukcja b\u00f3lu i sztywno\u015bci:<\/strong><\/p>\n<ul data-start=\"5112\" data-end=\"5360\">\n<li data-start=\"5112\" data-end=\"5270\">Regularne stosowanie preparatu pozwala na znacz\u0105ce z\u0142agodzenie dolegliwo\u015bci b\u00f3lowych, szczeg\u00f3lnie u os\u00f3b zmagaj\u0105cych si\u0119 z przewlek\u0142ymi schorzeniami staw\u00f3w.<\/li>\n<li data-start=\"5274\" data-end=\"5360\">U\u017cytkownicy zg\u0142aszaj\u0105 popraw\u0119 komfortu ruchu, co wp\u0142ywa na codzienne funkcjonowanie.<\/li>\n<\/ul>\n<\/li>\n<li data-start=\"5362\" data-end=\"5593\">\n<p data-start=\"5365\" data-end=\"5395\"><strong data-start=\"5365\" data-end=\"5395\">Poprawa mobilno\u015bci staw\u00f3w:<\/strong><\/p>\n<ul data-start=\"5399\" data-end=\"5593\">\n<li data-start=\"5399\" data-end=\"5519\">Dzi\u0119ki dzia\u0142aniu sk\u0142adnik\u00f3w, takich jak glukozamina i chondroityna, kapsu\u0142ki NanoFlex wspieraj\u0105 regeneracj\u0119 chrz\u0105stki.<\/li>\n<li data-start=\"5523\" data-end=\"5593\">U\u0142atwienie ruch\u00f3w stawowych pozwala na aktywne \u017cycie bez ogranicze\u0144.<\/li>\n<\/ul>\n<\/li>\n<li data-start=\"5595\" data-end=\"5853\">\n<p data-start=\"5598\" data-end=\"5631\"><strong data-start=\"5598\" data-end=\"5631\">Wzmocnienie struktury staw\u00f3w:<\/strong><\/p>\n<ul data-start=\"5635\" data-end=\"5853\">\n<li data-start=\"5635\" data-end=\"5746\">Preparat wp\u0142ywa korzystnie na kondycj\u0119 staw\u00f3w, co jest szczeg\u00f3lnie wa\u017cne w profilaktyce zwyrodnie\u0144 stawowych.<\/li>\n<li data-start=\"5750\" data-end=\"5853\">W\u0142\u0105czenie NanoFlex do codziennej suplementacji mo\u017ce zmniejszy\u0107 ryzyko przysz\u0142ych problem\u00f3w stawowych.<\/li>\n<\/ul>\n<\/li>\n<\/ol>\n<h4 data-start=\"5855\" data-end=\"5891\">Lista zalet stosowania NanoFlex:<\/h4>\n<ul data-start=\"5892\" data-end=\"6119\">\n<li data-start=\"5892\" data-end=\"5959\"><strong>\u0141atwo\u015b\u0107 stosowania<\/strong> \u2013 kapsu\u0142ki s\u0105 por\u0119czne i wygodne w dawkowaniu.<\/li>\n<li data-start=\"5960\" data-end=\"6044\"><strong>Szybkie efekty<\/strong> \u2013 u\u017cytkownicy zauwa\u017caj\u0105 popraw\u0119 ju\u017c po kilku tygodniach stosowania.<\/li>\n<li data-start=\"6045\" data-end=\"6119\"><strong>Naturalny sk\u0142ad<\/strong> \u2013 minimalizuje ryzyko wyst\u0105pienia dzia\u0142a\u0144 niepo\u017c\u0105danych.<\/li>\n<\/ul>\n<p style=\"text-align: center;\"><a class=\"border-button\" href=\"https:\/\/price-low.eu\/a\/5LxJHW7jKtOj9X\">KUPI\u0106 PO CENIE PRODUCENTA (-50%)<\/a><\/p>\n<hr data-start=\"6121\" data-end=\"6124\" \/>\n<p data-start=\"6143\" data-end=\"6583\">NanoFlex to innowacyjny preparat w formie kapsu\u0142ek, kt\u00f3ry znajduje szerokie zastosowanie jako wsparcie dla zdrowia staw\u00f3w. Jego unikalna formu\u0142a oparta na synergii naturalnych sk\u0142adnik\u00f3w zapewnia nie tylko ulg\u0119 w b\u00f3lu, ale r\u00f3wnie\u017c popraw\u0119 mobilno\u015bci i regeneracj\u0119 staw\u00f3w. Preparat, b\u0119d\u0105cy cz\u0119\u015bci\u0105 nowoczesnych suplement\u00f3w przeciwzapalnych, idealnie wpisuje si\u0119 w potrzeby os\u00f3b aktywnych, sportowc\u00f3w oraz senior\u00f3w dbaj\u0105cych o swoje zdrowie.<\/p>\n<p data-start=\"6585\" data-end=\"6916\">Dzi\u0119ki licznym zaletom, takim jak \u0142atwo\u015b\u0107 stosowania, szybkie efekty oraz bezpiecze\u0144stwo dzia\u0142ania, NanoFlex cieszy si\u0119 rosn\u0105cym uznaniem na rynku suplement\u00f3w diety. Dla tych, kt\u00f3rzy poszukuj\u0105 skutecznych kapsu\u0142ek dla staw\u00f3w, preparat NanoFlex stanowi doskona\u0142\u0105 propozycj\u0119, \u0142\u0105cz\u0105c\u0105 nowoczesn\u0105 technologi\u0119 z naturalnymi sk\u0142adnikami.<\/p>\n<p data-start=\"6918\" data-end=\"7236\">Zach\u0119camy do zapoznania si\u0119 z pe\u0142n\u0105 ofert\u0105 i konsultacji z lekarzem przed rozpocz\u0119ciem suplementacji, aby maksymalnie dopasowa\u0107 produkt do indywidualnych potrzeb zdrowotnych. W\u0142\u0105czenie NanoFlex do codziennej diety mo\u017ce sta\u0107 si\u0119 pierwszym krokiem ku zdrowym i sprawnym stawom, co przek\u0142ada si\u0119 na popraw\u0119 jako\u015bci \u017cycia.<\/p>\n","protected":false},"excerpt":{"rendered":"<p>Nr kat.: 870874010<\/p>\n<p style=\"text-align: center;\"><a class=\"border-button\" href=\"https:\/\/price-low.eu\/a\/5LxJHW7jKtOj9X\">KUP TERAZ<\/a><\/p>\n","protected":false},"featured_media":1038,"comment_status":"open","ping_status":"closed","template":"","meta":[],"product_brand":[],"product_cat":[18],"product_tag":[],"class_list":{"0":"post-1035","1":"product","2":"type-product","3":"status-publish","4":"has-post-thumbnail","6":"product_cat-suplementy","8":"first","9":"instock","10":"sale","11":"shipping-taxable","12":"purchasable","13":"product-type-simple"},"aioseo_notices":[],"_links":{"self":[{"href":"https:\/\/lekarzpodroznik.pl\/store\/wp-json\/wp\/v2\/product\/1035","targetHints":{"allow":["GET"]}}],"collection":[{"href":"https:\/\/lekarzpodroznik.pl\/store\/wp-json\/wp\/v2\/product"}],"about":[{"href":"https:\/\/lekarzpodroznik.pl\/store\/wp-json\/wp\/v2\/types\/product"}],"replies":[{"embeddable":true,"href":"https:\/\/lekarzpodroznik.pl\/store\/wp-json\/wp\/v2\/comments?post=1035"}],"wp:featuredmedia":[{"embeddable":true,"href":"https:\/\/lekarzpodroznik.pl\/store\/wp-json\/wp\/v2\/media\/1038"}],"wp:attachment":[{"href":"https:\/\/lekarzpodroznik.pl\/store\/wp-json\/wp\/v2\/media?parent=1035"}],"wp:term":[{"taxonomy":"product_brand","embeddable":true,"href":"https:\/\/lekarzpodroznik.pl\/store\/wp-json\/wp\/v2\/product_brand?post=1035"},{"taxonomy":"product_cat","embeddable":true,"href":"https:\/\/lekarzpodroznik.pl\/store\/wp-json\/wp\/v2\/product_cat?post=1035"},{"taxonomy":"product_tag","embeddable":true,"href":"https:\/\/lekarzpodroznik.pl\/store\/wp-json\/wp\/v2\/product_tag?post=1035"}],"curies":[{"name":"wp","href":"https:\/\/api.w.org\/{rel}","templated":true}]}}