{"id":104,"date":"2024-08-26T16:29:23","date_gmt":"2024-08-26T16:29:23","guid":{"rendered":"https:\/\/lekarzpodroznik.pl\/store\/?post_type=product&#038;p=104"},"modified":"2024-10-31T10:09:10","modified_gmt":"2024-10-31T10:09:10","slug":"a-tocard","status":"publish","type":"product","link":"https:\/\/lekarzpodroznik.pl\/store\/product\/a-tocard\/","title":{"rendered":"A-tocard"},"content":{"rendered":"<p>A-tocard to nowoczesny suplement diety w formie kapsu\u0142ek, stworzony z my\u015bl\u0105 o osobach zmagaj\u0105cych si\u0119 z problemami zwi\u0105zanymi z wysokim poziomem cholesterolu. Preparat ten zaliczany jest do grupy \u015brodk\u00f3w wspomagaj\u0105cych zdrowie uk\u0142adu kr\u0105\u017cenia. Jego unikalna formu\u0142a zosta\u0142a opracowana w laboratoriach przez zesp\u00f3\u0142 ekspert\u00f3w, kt\u00f3rzy po\u0142\u0105czyli wiedz\u0119 z zakresu farmakologii i zio\u0142olecznictwa. A-tocard wyr\u00f3\u017cnia si\u0119 tym, \u017ce jego dzia\u0142anie rozpoczyna si\u0119 ju\u017c po pierwszej za\u017cytej kapsu\u0142ce, co czyni go szczeg\u00f3lnie efektywnym w walce z cholesterolem.<\/p>\n<p style=\"text-align: center;\"><a class=\"border-button\" href=\"http:\/\/tl-track.com\/tracker\/u5BY\">www.a-tocard.pl<\/a><\/p>\n<h2>Wskazania i przeciwwskazania A-tocard<\/h2>\n<h3>Wskazania do stosowania A-tocard:<\/h3>\n<ol>\n<li><strong>Podwy\u017cszony poziom cholesterolu<\/strong>: Preparat jest szczeg\u00f3lnie polecany osobom, u kt\u00f3rych zdiagnozowano wysoki poziom cholesterolu LDL, znanego jako &#8222;z\u0142y cholesterol&#8221;.<\/li>\n<li><strong>Profilaktyka mia\u017cd\u017cycy<\/strong>: A-tocard mo\u017ce by\u0107 stosowany jako \u015brodek zapobiegaj\u0105cy rozwojowi mia\u017cd\u017cycy, dzi\u0119ki swoim w\u0142a\u015bciwo\u015bciom ochronnym dla naczy\u0144 krwiono\u015bnych.<\/li>\n<li><strong>Wspomaganie regeneracji organizmu<\/strong>: Produkt pomaga w regeneracji organizmu po intensywnym leczeniu chor\u00f3b serca i naczy\u0144 krwiono\u015bnych.<\/li>\n<\/ol>\n<h3>Przeciwwskazania do stosowania A-tocard:<\/h3>\n<ol>\n<li><strong>Alergia na sk\u0142adniki preparatu<\/strong>: Osoby uczulone na jakikolwiek sk\u0142adnik A-tocard powinny unika\u0107 jego stosowania.<\/li>\n<li><strong>Ci\u0105\u017ca i karmienie piersi\u0105<\/strong>: Kobiety w ci\u0105\u017cy oraz karmi\u0105ce piersi\u0105 powinny skonsultowa\u0107 si\u0119 z lekarzem przed rozpocz\u0119ciem kuracji.<\/li>\n<li><strong>Dzieci i m\u0142odzie\u017c<\/strong>: Preparat nie jest zalecany dla os\u00f3b poni\u017cej 18. roku \u017cycia, chyba \u017ce lekarz zaleci inaczej.<\/li>\n<\/ol>\n<h2>Sk\u0142ad A-tocard &#8211; skuteczne sk\u0142adniki<\/h2>\n<p>Sk\u0142ad A-tocard zosta\u0142 starannie dobrany, aby zapewni\u0107 maksymaln\u0105 skuteczno\u015b\u0107 w obni\u017caniu poziomu cholesterolu oraz wspomaganiu zdrowia uk\u0142adu kr\u0105\u017cenia. Ka\u017cda kapsu\u0142ka zawiera kombinacj\u0119 naturalnych sk\u0142adnik\u00f3w o potwierdzonym dzia\u0142aniu.<\/p>\n<h3>G\u0142\u00f3wne sk\u0142adniki A-tocard:<\/h3>\n<ul>\n<li><strong>Czosnek (Allium sativum)<\/strong>: Zawiera allicyn\u0119, kt\u00f3ra dzia\u0142a przeciwmia\u017cd\u017cycowo i obni\u017ca poziom cholesterolu LDL.<\/li>\n<li><strong>Ekstrakt z karczocha (Cynara scolymus)<\/strong>: Wspomaga funkcje w\u0105troby, co przyczynia si\u0119 do obni\u017cenia poziomu cholesterolu w organizmie.<\/li>\n<li><strong>Omega-3 kwasy t\u0142uszczowe<\/strong>: Niezb\u0119dne dla zdrowia serca, pomagaj\u0105 w regulacji poziomu lipid\u00f3w we krwi.<\/li>\n<li><strong>Koenzym Q10<\/strong>: Wa\u017cny dla prawid\u0142owego funkcjonowania mi\u0119\u015bnia sercowego i ochraniaj\u0105cy kom\u00f3rki przed stresem oksydacyjnym.<\/li>\n<\/ul>\n<h3>Tabela sk\u0142adnik\u00f3w A-tocard:<\/h3>\n<table>\n<thead>\n<tr>\n<th>Sk\u0142adnik<\/th>\n<th>Dzia\u0142anie<\/th>\n<\/tr>\n<\/thead>\n<tbody>\n<tr>\n<td>Czosnek<\/td>\n<td>Obni\u017ca cholesterol, dzia\u0142a przeciwmia\u017cd\u017cycowo<\/td>\n<\/tr>\n<tr>\n<td>Karczoch<\/td>\n<td>Wspomaga w\u0105trob\u0119, redukuje poziom cholesterolu<\/td>\n<\/tr>\n<tr>\n<td>Omega-3<\/td>\n<td>Poprawia zdrowie serca, reguluje poziom lipid\u00f3w<\/td>\n<\/tr>\n<tr>\n<td>Koenzym Q10<\/td>\n<td>Wspiera serce, chroni kom\u00f3rki<\/td>\n<\/tr>\n<\/tbody>\n<\/table>\n<h2>Efekty stosowania &#8211; dzia\u0142anie tabletek A-tocard<\/h2>\n<p>Stosowanie A-tocard przynosi szereg korzy\u015bci zdrowotnych, kt\u00f3re mo\u017cna zaobserwowa\u0107 ju\u017c po kr\u00f3tkim czasie regularnego za\u017cywania kapsu\u0142ek. Oto najwa\u017cniejsze efekty stosowania preparatu:<\/p>\n<ol>\n<li><strong>Obni\u017cenie poziomu cholesterolu<\/strong>: A-tocard skutecznie redukuje poziom cholesterolu LDL, co zmniejsza ryzyko rozwoju mia\u017cd\u017cycy i innych chor\u00f3b uk\u0142adu kr\u0105\u017cenia.<\/li>\n<li><strong>Poprawa zdrowia serca<\/strong>: Dzi\u0119ki zawarto\u015bci Omega-3 i koenzymu Q10, preparat wspiera prawid\u0142owe funkcjonowanie serca i poprawia elastyczno\u015b\u0107 naczy\u0144 krwiono\u015bnych.<\/li>\n<li><strong>Ochrona naczy\u0144 krwiono\u015bnych<\/strong>: Zawarte w produkcie sk\u0142adniki pomagaj\u0105 w utrzymaniu zdrowych naczy\u0144 krwiono\u015bnych, co zapobiega ich uszkodzeniom.<\/li>\n<li><strong>Mobilizacja organizmu do regeneracji<\/strong>: A-tocard nie tylko pomaga obni\u017cy\u0107 cholesterol, ale tak\u017ce mobilizuje organizm do samodzielnej walki z nim, dzi\u0119ki czemu efekty kuracji utrzymuj\u0105 si\u0119 d\u0142u\u017cej.<\/li>\n<\/ol>\n<h2>Gdzie kupi\u0107 A-tocard?<\/h2>\n<p>Je\u015bli zastanawiasz si\u0119, gdzie kupi\u0107 A-tocard, odpowied\u017a jest prosta. Najlepiej naby\u0107 go bezpo\u015brednio od producenta. Preparat nie jest dost\u0119pny w stacjonarnych aptekach, co eliminuje ryzyko nabycia podr\u00f3bki czy produkt\u00f3w o w\u0105tpliwej jako\u015bci. Zakup bezpo\u015brednio od producenta gwarantuje autentyczno\u015b\u0107 produktu oraz mo\u017cliwo\u015b\u0107 skorzystania z atrakcyjnych promocji i zni\u017cek.<\/p>\n<p>Mo\u017cesz szuka\u0107 A-tocard na popularnych platformach sprzeda\u017cowych, takich jak Allegro, ale najlepszym wyborem jest oficjalna strona producenta. Tam znajdziesz naj\u015bwie\u017csze informacje o produkcie, szczeg\u00f3\u0142y dotycz\u0105ce sk\u0142adnik\u00f3w i dok\u0142adne instrukcje u\u017cytkowania. Co wi\u0119cej, producent cz\u0119sto oferuje specjalne promocje, kt\u00f3re pozwalaj\u0105 zaoszcz\u0119dzi\u0107 na zakupie wi\u0119kszej ilo\u015bci opakowa\u0144.<\/p>\n<p style=\"text-align: center;\"><a class=\"border-button\" href=\"http:\/\/tl-track.com\/tracker\/u5BY\">KUPI\u0106 PO CENIE PRODUCENTA (-50%)<\/a><\/p>\n","protected":false},"excerpt":{"rendered":"<p>Nr kat.: 870112<\/p>\n<p style=\"text-align: center;\"><a class=\"border-button\" href=\"http:\/\/tl-track.com\/tracker\/u5BY\">KUP TERAZ<\/a><\/p>\n","protected":false},"featured_media":105,"comment_status":"open","ping_status":"closed","template":"","meta":[],"product_brand":[],"product_cat":[18],"product_tag":[],"class_list":{"0":"post-104","1":"product","2":"type-product","3":"status-publish","4":"has-post-thumbnail","6":"product_cat-suplementy","8":"first","9":"instock","10":"sale","11":"shipping-taxable","12":"purchasable","13":"product-type-simple"},"aioseo_notices":[],"_links":{"self":[{"href":"https:\/\/lekarzpodroznik.pl\/store\/wp-json\/wp\/v2\/product\/104","targetHints":{"allow":["GET"]}}],"collection":[{"href":"https:\/\/lekarzpodroznik.pl\/store\/wp-json\/wp\/v2\/product"}],"about":[{"href":"https:\/\/lekarzpodroznik.pl\/store\/wp-json\/wp\/v2\/types\/product"}],"replies":[{"embeddable":true,"href":"https:\/\/lekarzpodroznik.pl\/store\/wp-json\/wp\/v2\/comments?post=104"}],"wp:featuredmedia":[{"embeddable":true,"href":"https:\/\/lekarzpodroznik.pl\/store\/wp-json\/wp\/v2\/media\/105"}],"wp:attachment":[{"href":"https:\/\/lekarzpodroznik.pl\/store\/wp-json\/wp\/v2\/media?parent=104"}],"wp:term":[{"taxonomy":"product_brand","embeddable":true,"href":"https:\/\/lekarzpodroznik.pl\/store\/wp-json\/wp\/v2\/product_brand?post=104"},{"taxonomy":"product_cat","embeddable":true,"href":"https:\/\/lekarzpodroznik.pl\/store\/wp-json\/wp\/v2\/product_cat?post=104"},{"taxonomy":"product_tag","embeddable":true,"href":"https:\/\/lekarzpodroznik.pl\/store\/wp-json\/wp\/v2\/product_tag?post=104"}],"curies":[{"name":"wp","href":"https:\/\/api.w.org\/{rel}","templated":true}]}}