{"id":1044,"date":"2025-03-11T08:00:01","date_gmt":"2025-03-11T08:00:01","guid":{"rendered":"https:\/\/lekarzpodroznik.pl\/store\/?post_type=product&#038;p=1044"},"modified":"2025-12-26T17:22:06","modified_gmt":"2025-12-26T17:22:06","slug":"urosaf","status":"publish","type":"product","link":"https:\/\/lekarzpodroznik.pl\/store\/product\/urosaf\/","title":{"rendered":"Urosaf"},"content":{"rendered":"<p data-start=\"883\" data-end=\"1270\">Urosaf to suplement diety w formie kapsu\u0142ek, kt\u00f3ry zosta\u0142 stworzony z my\u015bl\u0105 o m\u0119\u017cczyznach, cierpi\u0105cych na przewlek\u0142e stany zapalne prostaty oraz inne schorzenia uk\u0142adu moczowo-p\u0142ciowego. Preparat nale\u017cy do grupy naturalnych \u015brodk\u00f3w wspomagaj\u0105cych zdrowie prostaty, co jest potwierdzone zar\u00f3wno tradycyjn\u0105 wiedz\u0105 zielarsk\u0105, jak i wsp\u00f3\u0142czesnymi badaniami klinicznymi. Warto podkre\u015bli\u0107, \u017ce:<\/p>\n<ul data-start=\"1272\" data-end=\"1719\">\n<li data-start=\"1272\" data-end=\"1413\"><strong data-start=\"1274\" data-end=\"1298\">Naturalne sk\u0142adniki:<\/strong> Urosaf opiera si\u0119 na ekstraktach ro\u015blinnych oraz minera\u0142ach, co minimalizuje ryzyko wyst\u0105pienia skutk\u00f3w ubocznych.<\/li>\n<li data-start=\"1414\" data-end=\"1574\"><strong data-start=\"1416\" data-end=\"1446\">Bezpiecze\u0144stwo stosowania:<\/strong> Dzi\u0119ki starannie dobranym sk\u0142adnikom, preparat jest polecany m.in. jako profilaktyka oraz wsparcie w leczeniu stan\u00f3w zapalnych.<\/li>\n<li data-start=\"1575\" data-end=\"1719\"><strong data-start=\"1577\" data-end=\"1593\">Skuteczno\u015b\u0107:<\/strong> Urosaf dzia\u0142a kompleksowo, wp\u0142ywaj\u0105c na r\u00f3wnowag\u0119 hormonaln\u0105 oraz zmniejszenie dolegliwo\u015bci zwi\u0105zanych z zapaleniem prostaty.<\/li>\n<\/ul>\n<p style=\"text-align: center;\"><a class=\"border-button\" href=\"https:\/\/top-deal.me\/a\/14qxCE0KGIGWWW\">www.urosaf.pl<\/a><\/p>\n<hr data-start=\"1721\" data-end=\"1724\" \/>\n<h2 data-start=\"1726\" data-end=\"1764\">Wskazania i przeciwwskazania Urosaf<\/h2>\n<h4 data-start=\"1766\" data-end=\"1779\">Wskazania<\/h4>\n<p data-start=\"1781\" data-end=\"1948\">Urosaf jest zalecany dla m\u0119\u017cczyzn, kt\u00f3rzy chc\u0105 zadba\u0107 o zdrowie prostaty oraz wspom\u00f3c swoje funkcje seksualne. Preparat mo\u017ce by\u0107 stosowany w nast\u0119puj\u0105cych przypadkach:<\/p>\n<ol data-start=\"1950\" data-end=\"2403\">\n<li data-start=\"1950\" data-end=\"2056\"><strong data-start=\"1953\" data-end=\"1976\">Zapalenie prostaty:<\/strong> Kapsu\u0142y od prostatitu, kt\u00f3re wspomagaj\u0105 naturalne mechanizmy obronne organizmu.<\/li>\n<li data-start=\"2057\" data-end=\"2209\"><strong data-start=\"2060\" data-end=\"2092\">Problemy z m\u0119sk\u0105 p\u0142odno\u015bci\u0105:<\/strong> Ekstrakt z owoc\u00f3w Saw palmetto pomaga w utrzymaniu r\u00f3wnowagi wolnego testosteronu, co wp\u0142ywa korzystnie na p\u0142odno\u015b\u0107.<\/li>\n<li data-start=\"2210\" data-end=\"2403\"><strong data-start=\"2213\" data-end=\"2239\">Zaburzenia hormonalne:<\/strong> Preparat wspiera regulacj\u0119 poziomu testosteronu, dzi\u0119ki czemu pomaga w walce z objawami zwi\u0105zanymi z nadmiern\u0105 konwersj\u0105 testosteronu do dihydrotestosteronu (DHT).<\/li>\n<\/ol>\n<h4 data-start=\"2405\" data-end=\"2425\">Przeciwwskazania<\/h4>\n<p data-start=\"2427\" data-end=\"2553\">Mimo licznych korzy\u015bci, Urosaf nie jest preparatem dla ka\u017cdego. Nale\u017cy unika\u0107 stosowania kapsu\u0142ek w nast\u0119puj\u0105cych przypadkach:<\/p>\n<ul data-start=\"2555\" data-end=\"2787\">\n<li data-start=\"2555\" data-end=\"2611\">Nadwra\u017cliwo\u015b\u0107 na kt\u00f3rykolwiek ze sk\u0142adnik\u00f3w preparatu.<\/li>\n<li data-start=\"2612\" data-end=\"2651\">Ci\u0119\u017ckie schorzenia w\u0105troby lub nerek.<\/li>\n<li data-start=\"2652\" data-end=\"2787\">Stany zapalne, w kt\u00f3rych naturalne dzia\u0142anie suplementu mog\u0142oby by\u0107 niewystarczaj\u0105ce \u2013 w\u00f3wczas konieczna jest konsultacja z lekarzem.<\/li>\n<\/ul>\n<hr data-start=\"2789\" data-end=\"2792\" \/>\n<h2 data-start=\"2794\" data-end=\"2831\">Sk\u0142ad Urosaf \u2013 Skuteczne sk\u0142adniki<\/h2>\n<p data-start=\"2833\" data-end=\"2995\">Jednym z kluczowych element\u00f3w, kt\u00f3ry wyr\u00f3\u017cnia Urosaf na tle innych preparat\u00f3w, jest jego starannie dobrana formu\u0142a. W\u015br\u00f3d najwa\u017cniejszych sk\u0142adnik\u00f3w znajduj\u0105 si\u0119:<\/p>\n<h4 data-start=\"2997\" data-end=\"3034\">Ekstrakt z owoc\u00f3w Saw palmetto<\/h4>\n<ul data-start=\"3036\" data-end=\"3225\">\n<li data-start=\"3036\" data-end=\"3124\"><strong data-start=\"3038\" data-end=\"3052\">Dzia\u0142anie:<\/strong> Wspiera m\u0119sk\u0105 p\u0142odno\u015b\u0107 poprzez wp\u0142yw na r\u00f3wnowag\u0119 wolnego testosteronu.<\/li>\n<li data-start=\"3125\" data-end=\"3225\"><strong data-start=\"3127\" data-end=\"3140\">Korzy\u015bci:<\/strong> Pomaga zmniejszy\u0107 objawy przerostu prostaty oraz wspiera zdrowy metabolizm hormon\u00f3w.<\/li>\n<\/ul>\n<h4 data-start=\"3227\" data-end=\"3262\">Ekstrakt z korzenia pokrzywy<\/h4>\n<ul data-start=\"3264\" data-end=\"3424\">\n<li data-start=\"3264\" data-end=\"3331\"><strong data-start=\"3266\" data-end=\"3280\">Dzia\u0142anie:<\/strong> Stosowany od wiek\u00f3w w leczeniu zapalenia prostaty.<\/li>\n<li data-start=\"3332\" data-end=\"3424\"><strong data-start=\"3334\" data-end=\"3347\">Korzy\u015bci:<\/strong> Przeciwzapalne i antyoksydacyjne w\u0142a\u015bciwo\u015bci, kt\u00f3re wspieraj\u0105 uk\u0142ad moczowy.<\/li>\n<\/ul>\n<h4 data-start=\"3426\" data-end=\"3437\">Cynk<\/h4>\n<ul data-start=\"3439\" data-end=\"3658\">\n<li data-start=\"3439\" data-end=\"3555\"><strong data-start=\"3441\" data-end=\"3455\">Dzia\u0142anie:<\/strong> Bierze udzia\u0142 w supresji enzymu kontroluj\u0105cego konwersj\u0119 testosteronu do dihydrotestosteronu (DHT).<\/li>\n<li data-start=\"3556\" data-end=\"3658\"><strong data-start=\"3558\" data-end=\"3571\">Korzy\u015bci:<\/strong> Utrzymuje normalny poziom testosteronu, co jest kluczowe dla zdrowia m\u0119skiej prostaty.<\/li>\n<\/ul>\n<h4 data-start=\"3660\" data-end=\"3686\">Ekstrakt z \u017curawiny<\/h4>\n<ul data-start=\"3688\" data-end=\"3900\">\n<li data-start=\"3688\" data-end=\"3768\"><strong data-start=\"3690\" data-end=\"3704\">Dzia\u0142anie:<\/strong> Zapobiega rozwojowi stan\u00f3w zapalnych prostaty i dr\u00f3g moczowych.<\/li>\n<li data-start=\"3769\" data-end=\"3900\"><strong data-start=\"3771\" data-end=\"3784\">Korzy\u015bci:<\/strong> Du\u017ca zawarto\u015b\u0107 antyoksydant\u00f3w, dzia\u0142anie bakteriob\u00f3jcze oraz stymulacja funkcji wydzielniczych trzustki i prostaty.<\/li>\n<\/ul>\n<h2 data-start=\"4887\" data-end=\"4935\">Efekty stosowania \u2013 Dzia\u0142anie kapsu\u0142ek Urosaf<\/h2>\n<p data-start=\"4937\" data-end=\"5099\">Stosowanie Urosaf przynosi wiele pozytywnych efekt\u00f3w, co czyni go atrakcyjnym wyborem dla m\u0119\u017cczyzn pragn\u0105cych zadba\u0107 o zdrowie prostaty. Oto najwa\u017cniejsze efekty:<\/p>\n<ol data-start=\"5101\" data-end=\"5774\">\n<li data-start=\"5101\" data-end=\"5285\"><strong data-start=\"5104\" data-end=\"5134\">Redukcja stan\u00f3w zapalnych:<\/strong> Dzi\u0119ki sk\u0142adnikom o w\u0142a\u015bciwo\u015bciach przeciwzapalnych, takim jak ekstrakt z korzenia pokrzywy i \u017curawiny, kapsu\u0142ki skutecznie zmniejszaj\u0105 stany zapalne.<\/li>\n<li data-start=\"5286\" data-end=\"5456\"><strong data-start=\"5289\" data-end=\"5323\">Poprawa r\u00f3wnowagi hormonalnej:<\/strong> Cynk oraz Saw palmetto wp\u0142ywaj\u0105 korzystnie na poziom wolnego testosteronu, co przek\u0142ada si\u0119 na lepsz\u0105 kondycj\u0119 hormonaln\u0105 organizmu.<\/li>\n<li data-start=\"5457\" data-end=\"5620\"><strong data-start=\"5460\" data-end=\"5499\">Wzmocnienie uk\u0142adu odporno\u015bciowego:<\/strong> Antyoksydanty zawarte w ekstrakcie z \u017curawiny pomagaj\u0105 neutralizowa\u0107 wolne rodniki, co wp\u0142ywa na og\u00f3ln\u0105 popraw\u0119 zdrowia.<\/li>\n<li data-start=\"5621\" data-end=\"5774\"><strong data-start=\"5624\" data-end=\"5660\">Wsparcie funkcji wydzielniczych:<\/strong> Preparat stymuluje prac\u0119 trzustki i prostaty, co mo\u017ce przyczyni\u0107 si\u0119 do lepszego funkcjonowania uk\u0142adu moczowego.<\/li>\n<\/ol>\n<h4 data-start=\"5776\" data-end=\"5816\">Lista korzy\u015bci w formie punktowanej:<\/h4>\n<ul data-start=\"5818\" data-end=\"6166\">\n<li data-start=\"5818\" data-end=\"5885\"><strong data-start=\"5820\" data-end=\"5844\">Naturalne dzia\u0142anie:<\/strong> Brak sztucznych dodatk\u00f3w i konserwant\u00f3w.<\/li>\n<li data-start=\"5886\" data-end=\"5997\"><strong data-start=\"5888\" data-end=\"5915\">Wszechstronne wsparcie:<\/strong> Po\u0142\u0105czenie kilku sk\u0142adnik\u00f3w dzia\u0142a kompleksowo na r\u00f3\u017cne aspekty zdrowia prostaty.<\/li>\n<li data-start=\"5998\" data-end=\"6075\"><strong data-start=\"6000\" data-end=\"6023\">\u0141atwo\u015b\u0107 stosowania:<\/strong> Prosta forma kapsu\u0142ek umo\u017cliwia wygodne dawkowanie.<\/li>\n<li data-start=\"6076\" data-end=\"6166\"><strong data-start=\"6078\" data-end=\"6097\">Bezpiecze\u0144stwo:<\/strong> Preparat zosta\u0142 stworzony z my\u015bl\u0105 o minimalizacji skutk\u00f3w ubocznych.<\/li>\n<\/ul>\n<p style=\"text-align: center;\"><a class=\"border-button\" href=\"https:\/\/top-deal.me\/a\/14qxCE0KGIGWWW\">KUPI\u0106 PO CENIE PRODUCENTA (-50%)<\/a><\/p>\n<p data-start=\"7795\" data-end=\"8183\">Urosaf to innowacyjne rozwi\u0105zanie dla m\u0119\u017cczyzn, kt\u00f3re \u0142\u0105czy tradycyjne metody z nowoczesn\u0105 nauk\u0105. Jego stosowanie mo\u017ce przynie\u015b\u0107 ulg\u0119 w dolegliwo\u015bciach zwi\u0105zanych z prostat\u0105 oraz poprawi\u0107 og\u00f3ln\u0105 jako\u015b\u0107 \u017cycia. Je\u015bli szukasz preparatu, kt\u00f3ry kompleksowo wspiera zdrowie m\u0119skiego uk\u0142adu moczowo-p\u0142ciowego, warto zwr\u00f3ci\u0107 uwag\u0119 na Urosaf i przekona\u0107 si\u0119 o jego licznych zaletach.<\/p>\n","protected":false},"excerpt":{"rendered":"<p>Nr kat.: 870874012<\/p>\n<p style=\"text-align: center;\"><a class=\"border-button\" href=\"https:\/\/top-deal.me\/a\/14qxCE0KGIGWWW\">KUP TERAZ<\/a><\/p>\n","protected":false},"featured_media":1045,"comment_status":"open","ping_status":"closed","template":"","meta":[],"product_brand":[],"product_cat":[18],"product_tag":[],"class_list":{"0":"post-1044","1":"product","2":"type-product","3":"status-publish","4":"has-post-thumbnail","6":"product_cat-suplementy","8":"first","9":"instock","10":"sale","11":"shipping-taxable","12":"purchasable","13":"product-type-simple"},"aioseo_notices":[],"_links":{"self":[{"href":"https:\/\/lekarzpodroznik.pl\/store\/wp-json\/wp\/v2\/product\/1044","targetHints":{"allow":["GET"]}}],"collection":[{"href":"https:\/\/lekarzpodroznik.pl\/store\/wp-json\/wp\/v2\/product"}],"about":[{"href":"https:\/\/lekarzpodroznik.pl\/store\/wp-json\/wp\/v2\/types\/product"}],"replies":[{"embeddable":true,"href":"https:\/\/lekarzpodroznik.pl\/store\/wp-json\/wp\/v2\/comments?post=1044"}],"wp:featuredmedia":[{"embeddable":true,"href":"https:\/\/lekarzpodroznik.pl\/store\/wp-json\/wp\/v2\/media\/1045"}],"wp:attachment":[{"href":"https:\/\/lekarzpodroznik.pl\/store\/wp-json\/wp\/v2\/media?parent=1044"}],"wp:term":[{"taxonomy":"product_brand","embeddable":true,"href":"https:\/\/lekarzpodroznik.pl\/store\/wp-json\/wp\/v2\/product_brand?post=1044"},{"taxonomy":"product_cat","embeddable":true,"href":"https:\/\/lekarzpodroznik.pl\/store\/wp-json\/wp\/v2\/product_cat?post=1044"},{"taxonomy":"product_tag","embeddable":true,"href":"https:\/\/lekarzpodroznik.pl\/store\/wp-json\/wp\/v2\/product_tag?post=1044"}],"curies":[{"name":"wp","href":"https:\/\/api.w.org\/{rel}","templated":true}]}}