{"id":1060,"date":"2025-03-12T08:25:48","date_gmt":"2025-03-12T08:25:48","guid":{"rendered":"https:\/\/lekarzpodroznik.pl\/store\/?post_type=product&#038;p=1060"},"modified":"2025-03-12T08:25:48","modified_gmt":"2025-03-12T08:25:48","slug":"cardio-11","status":"publish","type":"product","link":"https:\/\/lekarzpodroznik.pl\/store\/product\/cardio-11\/","title":{"rendered":"Cardio 11"},"content":{"rendered":"<p data-start=\"58\" data-end=\"598\">W dzisiejszym \u015bwiecie, gdzie z\u0142a dieta, stres, palenie tytoniu oraz nadu\u017cywanie alkoholu staj\u0105 si\u0119 coraz bardziej powszechne, coraz wi\u0119cej os\u00f3b boryka si\u0119 z problemami zdrowotnymi zwi\u0105zanymi z uk\u0142adem kr\u0105\u017cenia. Jednym z produkt\u00f3w, kt\u00f3ry mo\u017ce pom\u00f3c w poprawie zdrowia serca oraz naczy\u0144 krwiono\u015bnych, jest Cardio 11 \u2013 kapsu\u0142ki, kt\u00f3re maj\u0105 na celu oczyszczenie organizmu z niekorzystnych substancji, a tak\u017ce wspieranie regeneracji kom\u00f3rek. W poni\u017cszym artykule przedstawimy szczeg\u00f3\u0142owy przegl\u0105d preparatu, jego sk\u0142ad, dzia\u0142anie oraz wskazania.<\/p>\n<p style=\"text-align: center;\" data-start=\"58\" data-end=\"598\"><a class=\"border-button\" href=\"https:\/\/tl-track.com\/tracker\/vtpH\">www.cardio.pl<\/a><\/p>\n<h2 data-start=\"600\" data-end=\"646\">Co to jest Cardio 11: Forma wydania, grupa<\/h2>\n<p data-start=\"648\" data-end=\"1093\">Cardio 11 to suplement diety dost\u0119pny w formie kapsu\u0142ek, kt\u00f3ry ma na celu popraw\u0119 funkcjonowania uk\u0142adu kr\u0105\u017cenia. Preparat jest przeznaczony dla os\u00f3b, kt\u00f3re chc\u0105 poprawi\u0107 stan swojego serca i naczy\u0144 krwiono\u015bnych, oczy\u015bci\u0107 je z cholesterolu, skrzep\u00f3w krwi oraz kryszta\u0142\u00f3w wapnia. Dzia\u0142a r\u00f3wnie\u017c regeneruj\u0105co na kom\u00f3rki cia\u0142a, kt\u00f3re zosta\u0142y uszkodzone przez niezdrowe nawyki takie jak palenie, nadu\u017cywanie alkoholu oraz spo\u017cywanie t\u0142ustych potraw.<\/p>\n<p data-start=\"1095\" data-end=\"1106\"><strong>Grupa:<\/strong><\/p>\n<p data-start=\"1107\" data-end=\"1403\">Cardio 11 nale\u017cy do grupy preparat\u00f3w wspieraj\u0105cych zdrowie serca i uk\u0142adu kr\u0105\u017cenia. Jego dzia\u0142anie opiera si\u0119 na naturalnych sk\u0142adnikach, kt\u00f3re maj\u0105 na celu popraw\u0119 elastyczno\u015bci naczy\u0144 krwiono\u015bnych, obni\u017cenie poziomu cholesterolu oraz zmniejszenie ryzyka wyst\u0105pienia chor\u00f3b sercowo-naczyniowych.<\/p>\n<h2 data-start=\"1405\" data-end=\"1447\">Wskazania i przeciwwskazania Cardio 11<\/h2>\n<p data-start=\"1449\" data-end=\"1477\"><strong data-start=\"1449\" data-end=\"1477\">Wskazania do stosowania:<\/strong><\/p>\n<p data-start=\"1479\" data-end=\"1524\">Cardio 11 jest rekomendowany dla os\u00f3b, kt\u00f3re:<\/p>\n<ol data-start=\"1526\" data-end=\"1978\">\n<li data-start=\"1526\" data-end=\"1575\">Maj\u0105 problemy z wysokim poziomem cholesterolu.<\/li>\n<li data-start=\"1576\" data-end=\"1617\">Zmagaj\u0105 si\u0119 z nadci\u015bnieniem t\u0119tniczym.<\/li>\n<li data-start=\"1618\" data-end=\"1677\">Cierpi\u0105 na choroby uk\u0142adu kr\u0105\u017cenia, takie jak mia\u017cd\u017cyca.<\/li>\n<li data-start=\"1678\" data-end=\"1760\">Chc\u0105 oczy\u015bci\u0107 swoje naczynia krwiono\u015bne z toksyn, skrzep\u00f3w i kryszta\u0142\u00f3w wapnia.<\/li>\n<li data-start=\"1761\" data-end=\"1893\">Potrzebuj\u0105 wsparcia w regeneracji organizmu po d\u0142ugotrwa\u0142ym nadu\u017cywaniu alkoholu, paleniu tytoniu lub spo\u017cywaniu t\u0142ustych potraw.<\/li>\n<li data-start=\"1894\" data-end=\"1978\">Osoby, kt\u00f3re chc\u0105 poprawi\u0107 og\u00f3ln\u0105 kondycj\u0119 zdrowotn\u0105 serca i naczy\u0144 krwiono\u015bnych.<\/li>\n<\/ol>\n<p data-start=\"1980\" data-end=\"2001\"><strong data-start=\"1980\" data-end=\"2001\">Przeciwwskazania:<\/strong><\/p>\n<p data-start=\"2003\" data-end=\"2097\">Cho\u0107 Cardio 11 jest preparatem naturalnym, istniej\u0105 pewne przeciwwskazania do jego stosowania:<\/p>\n<ol data-start=\"2099\" data-end=\"2381\">\n<li data-start=\"2099\" data-end=\"2152\">Osoby uczulone na kt\u00f3rykolwiek sk\u0142adnik preparatu.<\/li>\n<li data-start=\"2153\" data-end=\"2191\">Kobiety w ci\u0105\u017cy i karmi\u0105ce piersi\u0105.<\/li>\n<li data-start=\"2192\" data-end=\"2239\">Dzieci oraz m\u0142odzie\u017c poni\u017cej 18. roku \u017cycia.<\/li>\n<li data-start=\"2240\" data-end=\"2381\">Osoby, kt\u00f3re przyjmuj\u0105 leki przeciwzakrzepowe lub inne leki na recept\u0119, powinny skonsultowa\u0107 si\u0119 z lekarzem przed zastosowaniem Cardio 11.<\/li>\n<\/ol>\n<h2 data-start=\"2383\" data-end=\"2424\">Sk\u0142ad Cardio 11 &#8211; Skuteczne sk\u0142adniki<\/h2>\n<p data-start=\"2426\" data-end=\"2735\">Cardio 11 to preparat, kt\u00f3rego skuteczno\u015b\u0107 opiera si\u0119 na starannie dobranych naturalnych sk\u0142adnikach. Ka\u017cdy sk\u0142adnik zosta\u0142 wybrany tak, aby wspomaga\u0142 dzia\u0142anie uk\u0142adu kr\u0105\u017cenia, poprawia\u0142 funkcjonowanie serca oraz oczyszcza\u0142 organizm z toksyn. Poni\u017cej przedstawiamy najwa\u017cniejsze sk\u0142adniki kapsu\u0142ek Cardio 11:<\/p>\n<ol data-start=\"2737\" data-end=\"4102\">\n<li data-start=\"2737\" data-end=\"2916\">\n<p data-start=\"2740\" data-end=\"2916\"><strong data-start=\"2740\" data-end=\"2762\">Ekstrakt z czosnku<\/strong> \u2013 znany ze swoich w\u0142a\u015bciwo\u015bci obni\u017caj\u0105cych poziom cholesterolu oraz wspomagaj\u0105cych kr\u0105\u017cenie. Czosnek dzia\u0142a r\u00f3wnie\u017c przeciwzapalnie i przeciwbakteryjnie.<\/p>\n<\/li>\n<li data-start=\"2921\" data-end=\"3088\">\n<p data-start=\"2924\" data-end=\"3088\"><strong data-start=\"2924\" data-end=\"2960\">Ekstrakt z mi\u0142orz\u0119bu japo\u0144skiego<\/strong> \u2013 poprawia kr\u0105\u017cenie, zwi\u0119ksza elastyczno\u015b\u0107 naczy\u0144 krwiono\u015bnych i obni\u017ca ci\u015bnienie krwi. Jest r\u00f3wnie\u017c silnym przeciwutleniaczem.<\/p>\n<\/li>\n<li data-start=\"3090\" data-end=\"3265\">\n<p data-start=\"3093\" data-end=\"3265\"><strong data-start=\"3093\" data-end=\"3108\">L-karnityna<\/strong> \u2013 wspomaga metabolizm t\u0142uszcz\u00f3w, a tak\u017ce poprawia transport kwas\u00f3w t\u0142uszczowych do kom\u00f3rek, co sprzyja redukcji tkanki t\u0142uszczowej i poprawie zdrowia serca.<\/p>\n<\/li>\n<li data-start=\"3267\" data-end=\"3432\">\n<p data-start=\"3270\" data-end=\"3432\"><strong data-start=\"3270\" data-end=\"3280\">Magnez<\/strong> \u2013 niezb\u0119dny do prawid\u0142owego funkcjonowania uk\u0142adu sercowo-naczyniowego, reguluje rytm serca, a tak\u017ce wp\u0142ywa na utrzymanie zdrowych naczy\u0144 krwiono\u015bnych.<\/p>\n<\/li>\n<li data-start=\"3434\" data-end=\"3661\">\n<p data-start=\"3437\" data-end=\"3661\"><strong data-start=\"3437\" data-end=\"3451\">Witamina C<\/strong> \u2013 silny przeciwutleniacz, kt\u00f3ry wspomaga regeneracj\u0119 kom\u00f3rek oraz zwi\u0119ksza odporno\u015b\u0107 organizmu. Witamina C wp\u0142ywa r\u00f3wnie\u017c na produkcj\u0119 kolagenu, kt\u00f3ry jest niezb\u0119dny do utrzymania zdrowych naczy\u0144 krwiono\u015bnych.<\/p>\n<\/li>\n<li data-start=\"3663\" data-end=\"3836\">\n<p data-start=\"3666\" data-end=\"3836\"><strong data-start=\"3666\" data-end=\"3682\">Kwas foliowy<\/strong> \u2013 poprawia funkcjonowanie uk\u0142adu sercowo-naczyniowego, wspomaga produkcj\u0119 czerwonych krwinek oraz zapobiega ich nadmiernemu gromadzeniu si\u0119 w naczyniach.<\/p>\n<\/li>\n<li data-start=\"3838\" data-end=\"3975\">\n<p data-start=\"3841\" data-end=\"3975\"><strong data-start=\"3841\" data-end=\"3864\">Ekstrakt z rumianku<\/strong> \u2013 \u0142agodzi stany zapalne i wspomaga detoksykacj\u0119 organizmu, co wp\u0142ywa na lepsze funkcjonowanie uk\u0142adu kr\u0105\u017cenia.<\/p>\n<\/li>\n<li data-start=\"3977\" data-end=\"4102\">\n<p data-start=\"3980\" data-end=\"4102\"><strong data-start=\"3980\" data-end=\"3989\">Potas<\/strong> \u2013 pomaga w utrzymaniu prawid\u0142owego ci\u015bnienia krwi, wspomaga funkcje serca oraz reguluje r\u00f3wnowag\u0119 elektrolitow\u0105.<\/p>\n<\/li>\n<\/ol>\n<h2 data-start=\"4104\" data-end=\"4156\">Efekty stosowania &#8211; dzia\u0142anie kapsu\u0142ek Cardio 11<\/h2>\n<p data-start=\"4158\" data-end=\"4285\">Cardio 11 wykazuje szereg korzystnych efekt\u00f3w, kt\u00f3re maj\u0105 na celu popraw\u0119 zdrowia serca i uk\u0142adu kr\u0105\u017cenia. Oto niekt\u00f3re z nich:<\/p>\n<ol data-start=\"4287\" data-end=\"5592\">\n<li data-start=\"4287\" data-end=\"4601\">\n<p data-start=\"4290\" data-end=\"4601\"><strong data-start=\"4290\" data-end=\"4326\">Oczyszczanie naczy\u0144 krwiono\u015bnych<\/strong>: Kapsu\u0142ki Cardio 11 pomagaj\u0105 usuwa\u0107 nadmiar cholesterolu, skrzepy krwi oraz kryszta\u0142y wapnia, kt\u00f3re mog\u0105 zatyka\u0107 naczynia krwiono\u015bne. Regularne stosowanie preparatu przyczynia si\u0119 do ich oczyszczenia, co zapobiega powstawaniu mia\u017cd\u017cycy oraz innych chor\u00f3b uk\u0142adu kr\u0105\u017cenia.<\/p>\n<\/li>\n<li data-start=\"4603\" data-end=\"4913\">\n<p data-start=\"4606\" data-end=\"4913\"><strong data-start=\"4606\" data-end=\"4629\">Regeneracja kom\u00f3rek<\/strong>: Cardio 11 wspomaga regeneracj\u0119 kom\u00f3rek cia\u0142a, kt\u00f3re zosta\u0142y uszkodzone przez z\u0142\u0105 diet\u0119, palenie papieros\u00f3w oraz nadu\u017cywanie alkoholu. Dzi\u0119ki zawarto\u015bci witaminy C oraz ekstraktu z mi\u0142orz\u0119bu japo\u0144skiego, preparat przyczynia si\u0119 do poprawy funkcji organizmu na poziomie kom\u00f3rkowym.<\/p>\n<\/li>\n<li data-start=\"4915\" data-end=\"5167\">\n<p data-start=\"4918\" data-end=\"5167\"><strong data-start=\"4918\" data-end=\"4952\">Obni\u017cenie poziomu cholesterolu<\/strong>: Regularne stosowanie kapsu\u0142ek pomaga w naturalny spos\u00f3b obni\u017cy\u0107 poziom &#8222;z\u0142ego&#8221; cholesterolu (LDL) oraz podnie\u015b\u0107 poziom &#8222;dobrego&#8221; cholesterolu (HDL). To istotne w profilaktyce chor\u00f3b serca i naczy\u0144 krwiono\u015bnych.<\/p>\n<\/li>\n<li data-start=\"5169\" data-end=\"5423\">\n<p data-start=\"5172\" data-end=\"5423\"><strong data-start=\"5172\" data-end=\"5217\">Poprawa elastyczno\u015bci naczy\u0144 krwiono\u015bnych<\/strong>: Ekstrakt z mi\u0142orz\u0119bu japo\u0144skiego oraz magnez zawarty w preparacie wp\u0142ywaj\u0105 na elastyczno\u015b\u0107 naczy\u0144 krwiono\u015bnych, co u\u0142atwia kr\u0105\u017cenie krwi i zapobiega wyst\u0105pieniu chor\u00f3b takich jak nadci\u015bnienie t\u0119tnicze.<\/p>\n<\/li>\n<li data-start=\"5425\" data-end=\"5592\">\n<p data-start=\"5428\" data-end=\"5592\"><strong data-start=\"5428\" data-end=\"5456\">Obni\u017cenie ci\u015bnienia krwi<\/strong>: Cardio 11 ma dzia\u0142anie obni\u017caj\u0105ce ci\u015bnienie krwi, co jest szczeg\u00f3lnie korzystne dla os\u00f3b zmagaj\u0105cych si\u0119 z nadci\u015bnieniem t\u0119tniczym.<\/p>\n<\/li>\n<\/ol>\n<p style=\"text-align: center;\"><a class=\"border-button\" href=\"https:\/\/tl-track.com\/tracker\/vtpH\">KUPI\u0106 PO CENIE PRODUCENTA (-50%)<\/a><\/p>\n<p data-start=\"5612\" data-end=\"6245\" data-is-last-node=\"\" data-is-only-node=\"\">Cardio 11 to skuteczny suplement diety, kt\u00f3ry wspomaga zdrowie serca i uk\u0142adu kr\u0105\u017cenia. Dzi\u0119ki starannie dobranym sk\u0142adnikom, takim jak ekstrakt z czosnku, mi\u0142orz\u0119bu japo\u0144skiego, L-karnityna, magnez oraz witamina C, preparat dzia\u0142a kompleksowo, poprawiaj\u0105c funkcjonowanie naczy\u0144 krwiono\u015bnych, obni\u017caj\u0105c poziom cholesterolu i regeneruj\u0105c kom\u00f3rki cia\u0142a. Regularne stosowanie Cardio 11 mo\u017ce przynie\u015b\u0107 znaczn\u0105 popraw\u0119 zdrowia serca, zapobiegaj\u0105c rozwojowi wielu gro\u017anych chor\u00f3b. Jednak przed rozpocz\u0119ciem suplementacji warto skonsultowa\u0107 si\u0119 z lekarzem, aby upewni\u0107 si\u0119, \u017ce preparat jest odpowiedni do indywidualnych potrzeb zdrowotnych.<\/p>\n","protected":false},"excerpt":{"rendered":"<p>Nr kat.: 870874017<\/p>\n<p style=\"text-align: center;\"><a class=\"border-button\" href=\"https:\/\/tl-track.com\/tracker\/vtpH\">KUP TERAZ<\/a><\/p>\n","protected":false},"featured_media":1061,"comment_status":"open","ping_status":"closed","template":"","meta":[],"product_brand":[],"product_cat":[18],"product_tag":[],"class_list":{"0":"post-1060","1":"product","2":"type-product","3":"status-publish","4":"has-post-thumbnail","6":"product_cat-suplementy","8":"first","9":"instock","10":"shipping-taxable","11":"purchasable","12":"product-type-simple"},"aioseo_notices":[],"_links":{"self":[{"href":"https:\/\/lekarzpodroznik.pl\/store\/wp-json\/wp\/v2\/product\/1060","targetHints":{"allow":["GET"]}}],"collection":[{"href":"https:\/\/lekarzpodroznik.pl\/store\/wp-json\/wp\/v2\/product"}],"about":[{"href":"https:\/\/lekarzpodroznik.pl\/store\/wp-json\/wp\/v2\/types\/product"}],"replies":[{"embeddable":true,"href":"https:\/\/lekarzpodroznik.pl\/store\/wp-json\/wp\/v2\/comments?post=1060"}],"wp:featuredmedia":[{"embeddable":true,"href":"https:\/\/lekarzpodroznik.pl\/store\/wp-json\/wp\/v2\/media\/1061"}],"wp:attachment":[{"href":"https:\/\/lekarzpodroznik.pl\/store\/wp-json\/wp\/v2\/media?parent=1060"}],"wp:term":[{"taxonomy":"product_brand","embeddable":true,"href":"https:\/\/lekarzpodroznik.pl\/store\/wp-json\/wp\/v2\/product_brand?post=1060"},{"taxonomy":"product_cat","embeddable":true,"href":"https:\/\/lekarzpodroznik.pl\/store\/wp-json\/wp\/v2\/product_cat?post=1060"},{"taxonomy":"product_tag","embeddable":true,"href":"https:\/\/lekarzpodroznik.pl\/store\/wp-json\/wp\/v2\/product_tag?post=1060"}],"curies":[{"name":"wp","href":"https:\/\/api.w.org\/{rel}","templated":true}]}}