{"id":1062,"date":"2025-03-12T08:33:24","date_gmt":"2025-03-12T08:33:24","guid":{"rendered":"https:\/\/lekarzpodroznik.pl\/store\/?post_type=product&#038;p=1062"},"modified":"2025-03-12T08:33:24","modified_gmt":"2025-03-12T08:33:24","slug":"cardiotonus","status":"publish","type":"product","link":"https:\/\/lekarzpodroznik.pl\/store\/product\/cardiotonus\/","title":{"rendered":"Cardiotonus"},"content":{"rendered":"<p data-start=\"106\" data-end=\"524\">Cardiotonus to innowacyjny preparat w formie kapsu\u0142ek, stworzony z my\u015bl\u0105 o osobach, kt\u00f3re borykaj\u0105 si\u0119 z problemami zwi\u0105zanymi z ci\u015bnieniem krwi, zmniejszon\u0105 odporno\u015bci\u0105 oraz chorobami uk\u0142adu sercowo-naczyniowego. To suplement diety, kt\u00f3ry wspomaga normalizacj\u0119 ci\u015bnienia, w szczeg\u00f3lno\u015bci w okresach letnich, gdy wysokie temperatury mog\u0105 powodowa\u0107 zaburzenia r\u00f3wnowagi w organizmach os\u00f3b z wra\u017cliwym uk\u0142adem kr\u0105\u017cenia.<\/p>\n<p data-start=\"526\" data-end=\"855\"><strong data-start=\"526\" data-end=\"543\">Forma wydania<\/strong>: Produkt dost\u0119pny jest w postaci \u0142atwych do po\u0142kni\u0119cia kapsu\u0142ek, kt\u00f3re zawieraj\u0105 starannie dobran\u0105 kombinacj\u0119 sk\u0142adnik\u00f3w aktywnych pochodzenia ro\u015blinnego. Ka\u017cda kapsu\u0142ka zosta\u0142a zaprojektowana tak, by dostarczy\u0107 organizmowi odpowiedni\u0105 dawk\u0119 substancji wspomagaj\u0105cych funkcjonowanie serca i naczy\u0144 krwiono\u015bnych.<\/p>\n<p data-start=\"857\" data-end=\"1230\"><strong data-start=\"857\" data-end=\"866\">Grupa<\/strong>: Cardiotonus nale\u017cy do grupy suplement\u00f3w diety, kt\u00f3re pomagaj\u0105 w utrzymaniu zdrowego poziomu ci\u015bnienia krwi oraz wspieraj\u0105 uk\u0142ad sercowo-naczyniowy. Dzi\u0119ki swojemu naturalnemu sk\u0142adowi, produkt jest bezpieczny do stosowania przez osoby w r\u00f3\u017cnym wieku, w tym osoby starsze oraz te, kt\u00f3re cz\u0119sto odczuwaj\u0105 zmiany ci\u015bnienia, zw\u0142aszcza w okresach intensywnych upa\u0142\u00f3w.<\/p>\n<p style=\"text-align: center;\" data-start=\"857\" data-end=\"1230\"><a class=\"border-button\" href=\"https:\/\/keonv.com\/Z48S?sub1=sub1&amp;sub2=sub2&amp;sub3=sub3&amp;sub4=sub4&amp;sub5=sub5\">www.cardiotonus.pl<\/a><\/p>\n<h2 data-start=\"1232\" data-end=\"1275\">Wskazania i przeciwwskazania Cardiotonus<\/h2>\n<p data-start=\"1277\" data-end=\"1305\"><strong data-start=\"1277\" data-end=\"1304\">Wskazania do stosowania<\/strong>:<\/p>\n<ul data-start=\"1306\" data-end=\"1723\">\n<li data-start=\"1306\" data-end=\"1380\">Normalizacja ci\u015bnienia krwi, szczeg\u00f3lnie w okresach wysokich temperatur.<\/li>\n<li data-start=\"1381\" data-end=\"1463\">Wspomaganie pracy uk\u0142adu sercowo-naczyniowego, zapobieganie rozwojowi mia\u017cd\u017cycy.<\/li>\n<li data-start=\"1464\" data-end=\"1525\">Zwi\u0119kszenie odporno\u015bci organizmu oraz poprawa samopoczucia.<\/li>\n<li data-start=\"1526\" data-end=\"1635\">Pomoc w regulowaniu poziomu cholesterolu oraz zapobieganie tworzeniu si\u0119 blaszek mia\u017cd\u017cycowych w t\u0119tnicach.<\/li>\n<li data-start=\"1636\" data-end=\"1723\">Osoby, kt\u00f3re szukaj\u0105 naturalnych metod wsparcia w utrzymaniu zdrowia uk\u0142adu kr\u0105\u017cenia.<\/li>\n<\/ul>\n<p data-start=\"1725\" data-end=\"1746\"><strong data-start=\"1725\" data-end=\"1745\">Przeciwwskazania<\/strong>:<\/p>\n<ul data-start=\"1747\" data-end=\"2054\">\n<li data-start=\"1747\" data-end=\"1803\">Nadwra\u017cliwo\u015b\u0107 na kt\u00f3rykolwiek ze sk\u0142adnik\u00f3w preparatu.<\/li>\n<li data-start=\"1804\" data-end=\"1883\">Ci\u0105\u017ca i karmienie piersi\u0105 &#8211; przed u\u017cyciem nale\u017cy skonsultowa\u0107 si\u0119 z lekarzem.<\/li>\n<li data-start=\"1884\" data-end=\"2018\">Nie stosowa\u0107 w przypadku chor\u00f3b autoimmunologicznych lub przewlek\u0142ych chor\u00f3b serca, je\u015bli nie zosta\u0142o to zalecone przez specjalist\u0119.<\/li>\n<li data-start=\"2019\" data-end=\"2054\">Nie jest przeznaczony dla dzieci.<\/li>\n<\/ul>\n<h2 data-start=\"2056\" data-end=\"2098\">Sk\u0142ad Cardiotonus &#8211; skuteczne sk\u0142adniki<\/h2>\n<p data-start=\"2100\" data-end=\"2309\">Cardiotonus to suplement oparty na naturalnych sk\u0142adnikach ro\u015blinnych, kt\u00f3re wykazuj\u0105 szerokie w\u0142a\u015bciwo\u015bci prozdrowotne, zw\u0142aszcza w zakresie regulacji ci\u015bnienia krwi i wspierania uk\u0142adu sercowo-naczyniowego.<\/p>\n<p data-start=\"2311\" data-end=\"2344\"><strong>G\u0142\u00f3wne sk\u0142adniki Cardiotonus:<\/strong><\/p>\n<ol data-start=\"2346\" data-end=\"3927\">\n<li data-start=\"2346\" data-end=\"2711\">\n<p data-start=\"2349\" data-end=\"2711\"><strong data-start=\"2349\" data-end=\"2378\">Ekstrakt z li\u015bci oliwnych<\/strong><br data-start=\"2378\" data-end=\"2381\" \/>Li\u015bcie oliwne zawieraj\u0105 cenne polifenole, kt\u00f3re wykazuj\u0105 w\u0142a\u015bciwo\u015bci przeciwzapalne, antyoksydacyjne oraz wspieraj\u0105 obni\u017cenie ci\u015bnienia krwi. Ekstrakt ten normalizuje poziom cholesterolu we krwi, zapobiega rozwojowi mia\u017cd\u017cycy i tworzeniu si\u0119 blaszek mia\u017cd\u017cycowych w t\u0119tnicach, zmniejszaj\u0105c ryzyko zawa\u0142u serca oraz udaru m\u00f3zgu.<\/p>\n<\/li>\n<li data-start=\"2713\" data-end=\"3025\">\n<p data-start=\"2716\" data-end=\"3025\"><strong data-start=\"2716\" data-end=\"2744\">Wyci\u0105g z korzenia koz\u0142ka<\/strong><br data-start=\"2744\" data-end=\"2747\" \/>Koz\u0142ek lekarski, znany r\u00f3wnie\u017c jako waleriana, reguluje rytm serca oraz ci\u015bnienie krwi. Pomaga w redukcji napi\u0119cia i stresu, co pozytywnie wp\u0142ywa na uk\u0142ad sercowo-naczyniowy. Dzia\u0142a r\u00f3wnie\u017c przeciwzakrzepowo i zapobiega odk\u0142adaniu si\u0119 wapnia na \u015bciankach naczy\u0144 krwiono\u015bnych.<\/p>\n<\/li>\n<li data-start=\"3027\" data-end=\"3314\">\n<p data-start=\"3030\" data-end=\"3314\"><strong data-start=\"3030\" data-end=\"3058\">Wyci\u0105g z cebulki czosnku<\/strong><br data-start=\"3058\" data-end=\"3061\" \/>Czosnek jest jednym z najstarszych naturalnych \u015brodk\u00f3w stosowanych w medycynie ludowej. Jego wyci\u0105g obni\u017ca poziom cholesterolu i wspomaga regeneracj\u0119 uszkodzonych tkanek. Dodatkowo czosnek dzia\u0142a przeciwzapalnie i przeciwdzia\u0142a powstawaniu mia\u017cd\u017cycy.<\/p>\n<\/li>\n<li data-start=\"3316\" data-end=\"3595\">\n<p data-start=\"3319\" data-end=\"3595\"><strong data-start=\"3319\" data-end=\"3339\">Wyci\u0105g z jemio\u0142y<\/strong><br data-start=\"3339\" data-end=\"3342\" \/>Jemio\u0142a jest ro\u015blin\u0105, kt\u00f3ra od wiek\u00f3w jest ceniona za swoje w\u0142a\u015bciwo\u015bci lecznicze. Pomaga w obni\u017ceniu ci\u015bnienia krwi do normy wiekowej, a tak\u017ce wspomaga prawid\u0142ow\u0105 prac\u0119 uk\u0142adu sercowo-naczyniowego, poprawiaj\u0105c kr\u0105\u017cenie i zapobiegaj\u0105c chorobom serca.<\/p>\n<\/li>\n<li data-start=\"3597\" data-end=\"3927\">\n<p data-start=\"3600\" data-end=\"3927\"><strong data-start=\"3600\" data-end=\"3629\">Witamina B2 (Ryboflawina)<\/strong><br data-start=\"3629\" data-end=\"3632\" \/>Witamina B2 jest niezb\u0119dna dla prawid\u0142owego funkcjonowania uk\u0142adu kr\u0105\u017cenia, wykazuje w\u0142a\u015bciwo\u015bci wzmacniaj\u0105ce i immunostymuluj\u0105ce. Pomaga organizmowi w walce z os\u0142abieniem, zmniejsza uczucie zm\u0119czenia i wspomaga procesy regeneracyjne w organizmach os\u00f3b nara\u017conych na przewlek\u0142e choroby serca.<\/p>\n<\/li>\n<\/ol>\n<h2 data-start=\"4681\" data-end=\"4734\">Efekty stosowania &#8211; dzia\u0142anie kapsu\u0142ek Cardiotonus<\/h2>\n<p data-start=\"4736\" data-end=\"4928\">Regularne stosowanie kapsu\u0142ek Cardiotonus przynosi szereg korzy\u015bci dla zdrowia, szczeg\u00f3lnie w kontek\u015bcie utrzymywania zdrowego uk\u0142adu sercowo-naczyniowego. Oto najwa\u017cniejsze efekty stosowania:<\/p>\n<ol data-start=\"4930\" data-end=\"6100\">\n<li data-start=\"4930\" data-end=\"5258\">\n<p data-start=\"4933\" data-end=\"5258\"><strong data-start=\"4933\" data-end=\"4964\">Normalizacja ci\u015bnienia krwi<\/strong><br data-start=\"4964\" data-end=\"4967\" \/>Cardiotonus pomaga utrzyma\u0107 ci\u015bnienie krwi na odpowiednim poziomie, zar\u00f3wno u os\u00f3b z nadci\u015bnieniem, jak i tych z tendencj\u0105 do jego waha\u0144. Sk\u0142adniki takie jak ekstrakt z li\u015bci oliwnych i jemio\u0142y maj\u0105 udowodnione dzia\u0142anie w obni\u017caniu ci\u015bnienia, co jest szczeg\u00f3lnie wa\u017cne w okresach upa\u0142\u00f3w.<\/p>\n<\/li>\n<li data-start=\"5260\" data-end=\"5600\">\n<p data-start=\"5263\" data-end=\"5600\"><strong data-start=\"5263\" data-end=\"5309\">Wsparcie pracy serca i naczy\u0144 krwiono\u015bnych<\/strong><br data-start=\"5309\" data-end=\"5312\" \/>Wyci\u0105g z korzenia koz\u0142ka i czosnku wspomaga funkcjonowanie serca, reguluj\u0105c jego rytm i zapobiegaj\u0105c zakrzepom. Zmniejsza r\u00f3wnie\u017c ryzyko tworzenia si\u0119 z\u0142og\u00f3w wapnia w naczyniach krwiono\u015bnych, co przyczynia si\u0119 do ich elastyczno\u015bci i zmniejsza ryzyko chor\u00f3b uk\u0142adu sercowo-naczyniowego.<\/p>\n<\/li>\n<li data-start=\"5602\" data-end=\"5788\">\n<p data-start=\"5605\" data-end=\"5788\"><strong data-start=\"5605\" data-end=\"5627\">Poprawa odporno\u015bci<\/strong><br data-start=\"5627\" data-end=\"5630\" \/>Witamina B2 i inne sk\u0142adniki aktywne, jak wyci\u0105g z jemio\u0142y, wspomagaj\u0105 funkcje immunologiczne organizmu, poprawiaj\u0105c odporno\u015b\u0107 na infekcje i stany zapalne.<\/p>\n<\/li>\n<li data-start=\"5790\" data-end=\"6100\">\n<p data-start=\"5793\" data-end=\"6100\"><strong data-start=\"5793\" data-end=\"5816\">Prewencja mia\u017cd\u017cycy<\/strong><br data-start=\"5816\" data-end=\"5819\" \/>Dzi\u0119ki w\u0142a\u015bciwo\u015bciom obni\u017caj\u0105cym poziom cholesterolu, Cardiotonus zapobiega rozwojowi mia\u017cd\u017cycy, zmniejszaj\u0105c ryzyko zawa\u0142\u00f3w serca i udar\u00f3w m\u00f3zgu. Regularne stosowanie preparatu wspomaga tak\u017ce usuwanie ju\u017c istniej\u0105cych z\u0142og\u00f3w i wspiera procesy regeneracyjne w uk\u0142adzie kr\u0105\u017cenia.<\/p>\n<\/li>\n<\/ol>\n<p style=\"text-align: center;\"><a class=\"border-button\" href=\"https:\/\/keonv.com\/Z48S?sub1=sub1&amp;sub2=sub2&amp;sub3=sub3&amp;sub4=sub4&amp;sub5=sub5\">KUPI\u0106 PO CENIE PRODUCENTA (-50%)<\/a><\/p>\n<p data-start=\"6119\" data-end=\"6704\" data-is-last-node=\"\" data-is-only-node=\"\">Cardiotonus to doskona\u0142y wyb\u00f3r dla os\u00f3b, kt\u00f3re poszukuj\u0105 naturalnego wsparcia w utrzymaniu zdrowia serca i ci\u015bnienia krwi. Dzi\u0119ki swojej formule opartej na naturalnych sk\u0142adnikach, takich jak ekstrakty z li\u015bci oliwnych, korzenia koz\u0142ka, czosnku, jemio\u0142y oraz witamina B2, produkt skutecznie dzia\u0142a na uk\u0142ad kr\u0105\u017cenia, poprawiaj\u0105c og\u00f3lne samopoczucie i zapobiegaj\u0105c powa\u017cnym chorobom serca. Je\u015bli zmagasz si\u0119 z problemami z ci\u015bnieniem krwi, Cardiotonus mo\u017ce okaza\u0107 si\u0119 skuteczn\u0105 pomoc\u0105 w utrzymaniu zdrowia w trudnych warunkach atmosferycznych oraz przy zwi\u0119kszonym obci\u0105\u017ceniu organizmu.<\/p>\n","protected":false},"excerpt":{"rendered":"<p>Nr kat.: 870874018<\/p>\n<p style=\"text-align: center;\"><a class=\"border-button\" href=\"https:\/\/keonv.com\/Z48S?sub1=sub1&amp;sub2=sub2&amp;sub3=sub3&amp;sub4=sub4&amp;sub5=sub5\">KUP TERAZ<\/a><\/p>\n","protected":false},"featured_media":1063,"comment_status":"open","ping_status":"closed","template":"","meta":[],"product_brand":[],"product_cat":[18],"product_tag":[],"class_list":{"0":"post-1062","1":"product","2":"type-product","3":"status-publish","4":"has-post-thumbnail","6":"product_cat-suplementy","8":"first","9":"instock","10":"sale","11":"shipping-taxable","12":"purchasable","13":"product-type-simple"},"aioseo_notices":[],"_links":{"self":[{"href":"https:\/\/lekarzpodroznik.pl\/store\/wp-json\/wp\/v2\/product\/1062","targetHints":{"allow":["GET"]}}],"collection":[{"href":"https:\/\/lekarzpodroznik.pl\/store\/wp-json\/wp\/v2\/product"}],"about":[{"href":"https:\/\/lekarzpodroznik.pl\/store\/wp-json\/wp\/v2\/types\/product"}],"replies":[{"embeddable":true,"href":"https:\/\/lekarzpodroznik.pl\/store\/wp-json\/wp\/v2\/comments?post=1062"}],"wp:featuredmedia":[{"embeddable":true,"href":"https:\/\/lekarzpodroznik.pl\/store\/wp-json\/wp\/v2\/media\/1063"}],"wp:attachment":[{"href":"https:\/\/lekarzpodroznik.pl\/store\/wp-json\/wp\/v2\/media?parent=1062"}],"wp:term":[{"taxonomy":"product_brand","embeddable":true,"href":"https:\/\/lekarzpodroznik.pl\/store\/wp-json\/wp\/v2\/product_brand?post=1062"},{"taxonomy":"product_cat","embeddable":true,"href":"https:\/\/lekarzpodroznik.pl\/store\/wp-json\/wp\/v2\/product_cat?post=1062"},{"taxonomy":"product_tag","embeddable":true,"href":"https:\/\/lekarzpodroznik.pl\/store\/wp-json\/wp\/v2\/product_tag?post=1062"}],"curies":[{"name":"wp","href":"https:\/\/api.w.org\/{rel}","templated":true}]}}