{"id":1071,"date":"2025-03-12T09:05:06","date_gmt":"2025-03-12T09:05:06","guid":{"rendered":"https:\/\/lekarzpodroznik.pl\/store\/?post_type=product&#038;p=1071"},"modified":"2025-12-26T16:54:24","modified_gmt":"2025-12-26T16:54:24","slug":"hondroine","status":"publish","type":"product","link":"https:\/\/lekarzpodroznik.pl\/store\/product\/hondroine\/","title":{"rendered":"Hondroine"},"content":{"rendered":"<p data-start=\"51\" data-end=\"517\">Wsp\u00f3\u0142czesne problemy ze stawami i uk\u0142adem ruchu s\u0105 coraz cz\u0119stsze. Dolegliwo\u015bci b\u00f3lowe zwi\u0105zane z problemami ze stawami, takie jak choroba zwyrodnieniowa staw\u00f3w, zapalenie staw\u00f3w, a tak\u017ce urazy sportowe, dotykaj\u0105 coraz szersz\u0105 grup\u0119 ludzi. W odpowiedzi na te problemy na rynku pojawi\u0142y si\u0119 r\u00f3\u017cne preparaty wspomagaj\u0105ce leczenie. Jednym z nich jest <strong data-start=\"399\" data-end=\"412\">Hondroine<\/strong>, \u017cel, kt\u00f3ry zdobywa coraz wi\u0119ksz\u0105 popularno\u015b\u0107 ze wzgl\u0119du na swoj\u0105 skuteczno\u015b\u0107 i wygodn\u0105 form\u0119 aplikacji.<\/p>\n<p data-start=\"519\" data-end=\"645\">W poni\u017cszym artykule przedstawimy szczeg\u00f3\u0142owy przegl\u0105d preparatu <strong data-start=\"584\" data-end=\"597\">Hondroine<\/strong> \u2013 od jego sk\u0142adu, wskaza\u0144 po efekty stosowania.<\/p>\n<p style=\"text-align: center;\" data-start=\"519\" data-end=\"645\"><a class=\"border-button\" href=\"https:\/\/keonv.com\/0YuS?sub1=sub1&amp;sub2=sub2&amp;sub3=sub3&amp;sub4=sub4&amp;sub5=sub5\">www.hondroine.pl<\/a><\/p>\n<h2 data-start=\"647\" data-end=\"692\">Co to jest Hondroine: Forma wydania, grupa<\/h2>\n<p data-start=\"694\" data-end=\"1055\"><strong data-start=\"694\" data-end=\"707\">Hondroine<\/strong> to nowoczesny \u017cel przeznaczony do stosowania zewn\u0119trznego, kt\u00f3ry ma na celu wspomaganie zdrowia staw\u00f3w. Preparat jest dost\u0119pny w wygodnej formie \u017celu, co sprawia, \u017ce jest \u0142atwy w aplikacji, szybko si\u0119 wch\u0142ania i nie pozostawia t\u0142ustych \u015blad\u00f3w. Dzi\u0119ki temu idealnie nadaje si\u0119 do stosowania na co dzie\u0144, zar\u00f3wno w warunkach domowych, jak i w pracy.<\/p>\n<p data-start=\"1057\" data-end=\"1342\">Hondroine nale\u017cy do grupy preparat\u00f3w <strong data-start=\"1094\" data-end=\"1118\">chondroprotekcyjnych<\/strong>, kt\u00f3re pomagaj\u0105 w regeneracji tkanek stawowych, poprawiaj\u0105 ich funkcjonowanie oraz \u0142agodz\u0105 dolegliwo\u015bci b\u00f3lowe. Dzia\u0142anie preparatu wspomaga procesy regeneracyjne w chrz\u0105stkach stawowych i zmniejsza objawy zapalenia staw\u00f3w.<\/p>\n<h4 data-start=\"1344\" data-end=\"1362\">Forma wydania:<\/h4>\n<ul data-start=\"1363\" data-end=\"1392\">\n<li data-start=\"1363\" data-end=\"1392\">\u017bel do stosowania na sk\u00f3r\u0119.<\/li>\n<\/ul>\n<h4 data-start=\"1394\" data-end=\"1414\">Grupa preparatu:<\/h4>\n<ul data-start=\"1415\" data-end=\"1450\">\n<li data-start=\"1415\" data-end=\"1450\">Chondroprotekcyjny \u017cel do staw\u00f3w.<\/li>\n<\/ul>\n<h2 data-start=\"1452\" data-end=\"1493\">Wskazania i przeciwwskazania Hondroine<\/h2>\n<h4 data-start=\"1495\" data-end=\"1523\">Wskazania do stosowania:<\/h4>\n<p data-start=\"1524\" data-end=\"1610\"><strong data-start=\"1524\" data-end=\"1537\">Hondroine<\/strong> jest polecany w przypadku r\u00f3\u017cnorodnych problem\u00f3w ze stawami, takich jak:<\/p>\n<ol data-start=\"1611\" data-end=\"2126\">\n<li data-start=\"1611\" data-end=\"1718\"><strong data-start=\"1614\" data-end=\"1647\">Choroba zwyrodnieniowa staw\u00f3w<\/strong> \u2013 ma na celu spowolnienie proces\u00f3w degeneracyjnych chrz\u0105stki stawowej.<\/li>\n<li data-start=\"1719\" data-end=\"1788\"><strong data-start=\"1722\" data-end=\"1737\">B\u00f3le staw\u00f3w<\/strong> zwi\u0105zane z kontuzjami, urazami czy przeci\u0105\u017ceniami.<\/li>\n<li data-start=\"1789\" data-end=\"1878\"><strong data-start=\"1792\" data-end=\"1815\">Stan zapalny staw\u00f3w<\/strong> \u2013 wspomaga leczenie stan\u00f3w zapalnych, zmniejsza obrz\u0119ki i b\u00f3l.<\/li>\n<li data-start=\"1879\" data-end=\"1960\"><strong data-start=\"1882\" data-end=\"1904\">Zapalenie \u015bci\u0119gien<\/strong> \u2013 redukuje b\u00f3l i obrz\u0119k zwi\u0105zany z zapaleniem \u015bci\u0119gien.<\/li>\n<li data-start=\"1961\" data-end=\"2045\"><strong data-start=\"1964\" data-end=\"1985\">Reumatyzm stawowy<\/strong> \u2013 pomaga w \u0142agodzeniu objaw\u00f3w b\u00f3lowych i sztywno\u015bci staw\u00f3w.<\/li>\n<li data-start=\"2046\" data-end=\"2126\"><strong data-start=\"2049\" data-end=\"2077\">B\u00f3le plec\u00f3w i kr\u0119gos\u0142upa<\/strong> \u2013 szczeg\u00f3lnie w przypadku zwyrodnie\u0144 kr\u0119gos\u0142upa.<\/li>\n<\/ol>\n<h4 data-start=\"2128\" data-end=\"2149\">Przeciwwskazania:<\/h4>\n<p data-start=\"2150\" data-end=\"2265\">Cho\u0107 <strong data-start=\"2155\" data-end=\"2168\">Hondroine<\/strong> jest preparatem o stosunkowo bezpiecznym sk\u0142adzie, nale\u017cy pami\u0119ta\u0107 o pewnych przeciwwskazaniach:<\/p>\n<ul data-start=\"2266\" data-end=\"2644\">\n<li data-start=\"2266\" data-end=\"2385\"><strong data-start=\"2268\" data-end=\"2292\">Alergia na sk\u0142adniki<\/strong> \u2013 je\u015bli wyst\u0119puje nadwra\u017cliwo\u015b\u0107 na kt\u00f3rykolwiek ze sk\u0142adnik\u00f3w preparatu, nale\u017cy go odstawi\u0107.<\/li>\n<li data-start=\"2386\" data-end=\"2491\"><strong data-start=\"2388\" data-end=\"2408\">Uszkodzona sk\u00f3ra<\/strong> \u2013 nie nale\u017cy stosowa\u0107 preparatu na otwarte rany, oparzenia czy podra\u017cnienia sk\u00f3ry.<\/li>\n<li data-start=\"2492\" data-end=\"2644\"><strong data-start=\"2494\" data-end=\"2523\">Ci\u0105\u017ca i karmienie piersi\u0105<\/strong> \u2013 cho\u0107 preparat jest bezpieczny, przed jego stosowaniem w czasie ci\u0105\u017cy lub karmienia nale\u017cy skonsultowa\u0107 si\u0119 z lekarzem.<\/li>\n<\/ul>\n<h2 data-start=\"2646\" data-end=\"2686\">Sk\u0142ad Hondroine &#8211; Skuteczne sk\u0142adniki<\/h2>\n<p data-start=\"2688\" data-end=\"2925\">Sk\u0142ad <strong data-start=\"2694\" data-end=\"2707\">Hondroine<\/strong> jest starannie dobrany, aby zapewni\u0107 jak najwi\u0119ksz\u0105 efektywno\u015b\u0107 w walce z problemami staw\u00f3w. W sk\u0142adzie preparatu znajduj\u0105 si\u0119 sk\u0142adniki, kt\u00f3re dzia\u0142aj\u0105 wspomagaj\u0105co na regeneracj\u0119 staw\u00f3w, \u0142agodz\u0105 b\u00f3l i stany zapalne.<\/p>\n<h4 data-start=\"2927\" data-end=\"2949\">Sk\u0142adniki aktywne:<\/h4>\n<ol data-start=\"2950\" data-end=\"3744\">\n<li data-start=\"2950\" data-end=\"3160\"><strong data-start=\"2953\" data-end=\"2969\">Chondroityna<\/strong> \u2013 jeden z g\u0142\u00f3wnych sk\u0142adnik\u00f3w chrz\u0105stki stawowej, kt\u00f3ry ma za zadanie wspomaga\u0107 jej regeneracj\u0119 i poprawia\u0107 jej elastyczno\u015b\u0107. Pomaga r\u00f3wnie\u017c w zatrzymaniu proces\u00f3w degeneracyjnych w stawach.<\/li>\n<li data-start=\"3161\" data-end=\"3317\"><strong data-start=\"3164\" data-end=\"3179\">Glukozamina<\/strong> \u2013 substancja, kt\u00f3ra stymuluje produkcj\u0119 kolagenu w chrz\u0105stce, wspomagaj\u0105c jej odbudow\u0119 i zmniejszaj\u0105c b\u00f3l zwi\u0105zany z uszkodzeniem staw\u00f3w.<\/li>\n<li data-start=\"3318\" data-end=\"3406\"><strong data-start=\"3321\" data-end=\"3331\">Mentol<\/strong> \u2013 dzia\u0142a ch\u0142odz\u0105co i przeciwb\u00f3lowo, pomagaj\u0105c w szybszym z\u0142agodzeniu b\u00f3lu.<\/li>\n<li data-start=\"3407\" data-end=\"3507\"><strong data-start=\"3410\" data-end=\"3430\">Kwas hialuronowy<\/strong> \u2013 nawil\u017ca stawy, poprawia ich ruchomo\u015b\u0107 i zmniejsza tarcie w obr\u0119bie staw\u00f3w.<\/li>\n<li data-start=\"3508\" data-end=\"3625\"><strong data-start=\"3511\" data-end=\"3541\">Ekstrakt z arniki g\u00f3rskiej<\/strong> \u2013 ma w\u0142a\u015bciwo\u015bci przeciwzapalne, pomaga w redukcji obrz\u0119k\u00f3w i dzia\u0142a przeciwb\u00f3lowo.<\/li>\n<li data-start=\"3626\" data-end=\"3744\"><strong data-start=\"3629\" data-end=\"3653\">Olejek eukaliptusowy<\/strong> \u2013 posiada dzia\u0142anie przeciwb\u00f3lowe i przeciwzapalne, dodatkowo pomaga w poprawie ukrwienia.<\/li>\n<\/ol>\n<h4 data-start=\"3746\" data-end=\"3765\">Inne sk\u0142adniki:<\/h4>\n<ul data-start=\"3766\" data-end=\"3825\">\n<li data-start=\"3766\" data-end=\"3773\">Woda,<\/li>\n<li data-start=\"3774\" data-end=\"3793\">Alkohol cetylowy,<\/li>\n<li data-start=\"3794\" data-end=\"3806\">Gliceryna,<\/li>\n<li data-start=\"3807\" data-end=\"3825\">Polimery \u017celowe.<\/li>\n<\/ul>\n<p data-start=\"3852\" data-end=\"4040\">Hondroine \u0142\u0105czy w sobie sk\u0142adniki o dzia\u0142aniu regeneracyjnym, przeciwzapalnym i przeciwb\u00f3lowym, kt\u00f3re maj\u0105 na celu popraw\u0119 zdrowia staw\u00f3w, zmniejszenie b\u00f3lu oraz wspomaganie ich odbudowy.<\/p>\n<h2 data-start=\"4042\" data-end=\"4089\">Efekty stosowania &#8211; Dzia\u0142anie \u017celu Hondroine<\/h2>\n<p data-start=\"4091\" data-end=\"4238\">Hondroine dzia\u0142a wielokierunkowo, przynosz\u0105c ulg\u0119 w przypadku wielu problem\u00f3w ze stawami. Regularne stosowanie \u017celu mo\u017ce przynie\u015b\u0107 szereg korzy\u015bci:<\/p>\n<h4 data-start=\"4240\" data-end=\"4264\"><strong data-start=\"4247\" data-end=\"4264\">Redukcja b\u00f3lu<\/strong><\/h4>\n<p data-start=\"4265\" data-end=\"4490\">Preparat skutecznie \u0142agodzi b\u00f3l, szczeg\u00f3lnie w przypadku chor\u00f3b zwyrodnieniowych staw\u00f3w, zapalenia staw\u00f3w, czy uraz\u00f3w. Mentol i inne sk\u0142adniki aktywne wykazuj\u0105 dzia\u0142anie przeciwb\u00f3lowe, co pomaga szybko z\u0142agodzi\u0107 dolegliwo\u015bci.<\/p>\n<h4 data-start=\"4492\" data-end=\"4535\"><strong data-start=\"4499\" data-end=\"4535\">Zwi\u0119kszenie elastyczno\u015bci staw\u00f3w<\/strong><\/h4>\n<p data-start=\"4536\" data-end=\"4798\">Dzi\u0119ki zawarto\u015bci chondroityny, glukozaminy i kwasu hialuronowego, <strong data-start=\"4603\" data-end=\"4616\">Hondroine<\/strong> wspomaga regeneracj\u0119 chrz\u0105stki stawowej, poprawia jej elastyczno\u015b\u0107 oraz zmniejsza tarcie mi\u0119dzy stawami. Regularne stosowanie preparatu pomaga przywr\u00f3ci\u0107 naturaln\u0105 ruchomo\u015b\u0107 staw\u00f3w.<\/p>\n<h4 data-start=\"4800\" data-end=\"4839\"><strong data-start=\"4807\" data-end=\"4839\">Zmniejszenie stanu zapalnego<\/strong><\/h4>\n<p data-start=\"4840\" data-end=\"5026\">Ekstrakt z arniki g\u00f3rskiej oraz inne substancje aktywne w sk\u0142adzie <strong data-start=\"4907\" data-end=\"4920\">Hondroine<\/strong> maj\u0105 w\u0142a\u015bciwo\u015bci przeciwzapalne, co pozwala na szybsze zmniejszenie obrz\u0119k\u00f3w oraz popraw\u0119 komfortu \u017cycia.<\/p>\n<h4 data-start=\"5028\" data-end=\"5060\"><strong data-start=\"5035\" data-end=\"5060\">Poprawa mikrokr\u0105\u017cenia<\/strong><\/h4>\n<p data-start=\"5061\" data-end=\"5227\">Dzi\u0119ki zawarto\u015bci olejku eukaliptusowego, preparat poprawia mikrokr\u0105\u017cenie w obr\u0119bie staw\u00f3w, co sprzyja lepszemu od\u017cywieniu tkanek oraz przyspiesza proces regeneracji.<\/p>\n<h4 data-start=\"5229\" data-end=\"5275\"><strong data-start=\"5236\" data-end=\"5275\">Bezpiecze\u0144stwo i komfort stosowania<\/strong><\/h4>\n<p data-start=\"5276\" data-end=\"5470\">Hondroine jest bezpieczny, \u0142atwy w aplikacji i szybko si\u0119 wch\u0142ania, nie pozostawiaj\u0105c t\u0142ustych plam na sk\u00f3rze. Jego regularne stosowanie przynosi szybkie efekty, poprawiaj\u0105c stan zdrowia staw\u00f3w.<\/p>\n<p style=\"text-align: center;\" data-start=\"5276\" data-end=\"5470\"><a class=\"border-button\" href=\"https:\/\/keonv.com\/0YuS?sub1=sub1&amp;sub2=sub2&amp;sub3=sub3&amp;sub4=sub4&amp;sub5=sub5\">KUPI\u0106 PO CENIE PRODUCENTA (-50%)<\/a><\/p>\n<p data-start=\"5489\" data-end=\"5916\"><strong data-start=\"5489\" data-end=\"5502\">Hondroine<\/strong> to skuteczny i bezpieczny \u017cel, kt\u00f3ry pomaga w walce z b\u00f3lem staw\u00f3w oraz wspomaga ich regeneracj\u0119. Jego sk\u0142ad oparty na naturalnych i skutecznych sk\u0142adnikach sprawia, \u017ce jest to jeden z najlepszych preparat\u00f3w dost\u0119pnych na rynku dla os\u00f3b borykaj\u0105cych si\u0119 z problemami stawowymi. Dzi\u0119ki szybkiemu dzia\u0142aniu i \u0142atwo\u015bci aplikacji, <strong data-start=\"5830\" data-end=\"5843\">Hondroine<\/strong> sta\u0142 si\u0119 popularnym rozwi\u0105zaniem w leczeniu b\u00f3l\u00f3w stawowych i zapalnych.<\/p>\n<p data-start=\"5918\" data-end=\"6152\" data-is-last-node=\"\" data-is-only-node=\"\">Regularne stosowanie \u017celu mo\u017ce przynie\u015b\u0107 realne korzy\u015bci w poprawie zdrowia staw\u00f3w, zwi\u0119kszeniu ich elastyczno\u015bci oraz zmniejszeniu b\u00f3lu. Przy odpowiednim stosowaniu, Hondroine pomo\u017ce utrzyma\u0107 stawy w dobrej kondycji przez d\u0142ugi czas.<\/p>\n","protected":false},"excerpt":{"rendered":"<p>Nr kat.: 870874021<\/p>\n<p style=\"text-align: center;\"><a class=\"border-button\" href=\"https:\/\/keonv.com\/0YuS?sub1=sub1&amp;sub2=sub2&amp;sub3=sub3&amp;sub4=sub4&amp;sub5=sub5\">KUP TERAZ<\/a><\/p>\n","protected":false},"featured_media":1072,"comment_status":"open","ping_status":"closed","template":"","meta":[],"product_brand":[],"product_cat":[18],"product_tag":[],"class_list":{"0":"post-1071","1":"product","2":"type-product","3":"status-publish","4":"has-post-thumbnail","6":"product_cat-suplementy","8":"first","9":"instock","10":"sale","11":"shipping-taxable","12":"purchasable","13":"product-type-simple"},"aioseo_notices":[],"_links":{"self":[{"href":"https:\/\/lekarzpodroznik.pl\/store\/wp-json\/wp\/v2\/product\/1071","targetHints":{"allow":["GET"]}}],"collection":[{"href":"https:\/\/lekarzpodroznik.pl\/store\/wp-json\/wp\/v2\/product"}],"about":[{"href":"https:\/\/lekarzpodroznik.pl\/store\/wp-json\/wp\/v2\/types\/product"}],"replies":[{"embeddable":true,"href":"https:\/\/lekarzpodroznik.pl\/store\/wp-json\/wp\/v2\/comments?post=1071"}],"wp:featuredmedia":[{"embeddable":true,"href":"https:\/\/lekarzpodroznik.pl\/store\/wp-json\/wp\/v2\/media\/1072"}],"wp:attachment":[{"href":"https:\/\/lekarzpodroznik.pl\/store\/wp-json\/wp\/v2\/media?parent=1071"}],"wp:term":[{"taxonomy":"product_brand","embeddable":true,"href":"https:\/\/lekarzpodroznik.pl\/store\/wp-json\/wp\/v2\/product_brand?post=1071"},{"taxonomy":"product_cat","embeddable":true,"href":"https:\/\/lekarzpodroznik.pl\/store\/wp-json\/wp\/v2\/product_cat?post=1071"},{"taxonomy":"product_tag","embeddable":true,"href":"https:\/\/lekarzpodroznik.pl\/store\/wp-json\/wp\/v2\/product_tag?post=1071"}],"curies":[{"name":"wp","href":"https:\/\/api.w.org\/{rel}","templated":true}]}}