{"id":1074,"date":"2025-03-12T09:11:36","date_gmt":"2025-03-12T09:11:36","guid":{"rendered":"https:\/\/lekarzpodroznik.pl\/store\/?post_type=product&#038;p=1074"},"modified":"2025-03-12T09:11:36","modified_gmt":"2025-03-12T09:11:36","slug":"insuliguard","status":"publish","type":"product","link":"https:\/\/lekarzpodroznik.pl\/store\/product\/insuliguard\/","title":{"rendered":"InsuliGuard"},"content":{"rendered":"<p data-start=\"106\" data-end=\"674\"><strong data-start=\"106\" data-end=\"121\">InsuliGuard<\/strong> to innowacyjny suplement diety stworzony z my\u015bl\u0105 o osobach cierpi\u0105cych na cukrzyc\u0119. Jego g\u0142\u00f3wnym celem jest wspomaganie leczenia i \u0142agodzenie objaw\u00f3w tej przewlek\u0142ej choroby. Preparat jest dost\u0119pny w formie kapsu\u0142ek, co czyni go \u0142atwym do przyj\u0119cia i dyskretnym w codziennym u\u017cytkowaniu. Ka\u017cda kapsu\u0142ka zawiera starannie dobran\u0105 kombinacj\u0119 sk\u0142adnik\u00f3w, kt\u00f3re pozytywnie wp\u0142ywaj\u0105 na funkcjonowanie organizmu osoby z cukrzyc\u0105, pomagaj\u0105c w normalizacji poziomu cukru we krwi oraz zapobiegaj\u0105c wielu nieprzyjemnym dolegliwo\u015bciom zwi\u0105zanym z tym schorzeniem.<\/p>\n<p data-start=\"676\" data-end=\"995\">Grupa farmakologiczna, do kt\u00f3rej nale\u017cy InsuliGuard, to <strong data-start=\"732\" data-end=\"776\">preparaty wspomagaj\u0105ce leczenie cukrzycy<\/strong>, jednak warto zaznaczy\u0107, \u017ce nie jest to lek, lecz suplement diety. Dlatego przed jego zastosowaniem warto skonsultowa\u0107 si\u0119 z lekarzem, aby uzyska\u0107 pe\u0142ne informacje na temat jego stosowania w ramach terapii cukrzycowej.<\/p>\n<p style=\"text-align: center;\" data-start=\"676\" data-end=\"995\"><a class=\"border-button\" href=\"https:\/\/tl-track.com\/tracker\/useE\">www.insuliguard.pl<\/a><\/p>\n<h2 data-start=\"997\" data-end=\"1040\">Wskazania i przeciwwskazania InsuliGuard<\/h2>\n<h3 data-start=\"1042\" data-end=\"1070\">Wskazania do stosowania:<\/h3>\n<p data-start=\"1071\" data-end=\"1262\">InsuliGuard jest polecany osobom cierpi\u0105cym na <strong data-start=\"1118\" data-end=\"1141\">cukrzyc\u0119 typu 1 i 2<\/strong> oraz tym, kt\u00f3rzy borykaj\u0105 si\u0119 z wczesnymi objawami zaburze\u0144 poziomu glukozy we krwi. Regularne stosowanie kapsu\u0142ek mo\u017ce:<\/p>\n<ul data-start=\"1263\" data-end=\"1704\">\n<li data-start=\"1263\" data-end=\"1317\">Pomaga\u0107 w utrzymaniu <strong data-start=\"1286\" data-end=\"1316\">normalnego poziomu glukozy<\/strong>.<\/li>\n<li data-start=\"1318\" data-end=\"1439\">Zmniejsza\u0107 ryzyko <strong data-start=\"1338\" data-end=\"1356\">zakrzep\u00f3w krwi<\/strong>, co jest istotne, gdy\u017c cukrzyca zwi\u0119ksza ryzyko wyst\u0105pienia problem\u00f3w z kr\u0105\u017ceniem.<\/li>\n<li data-start=\"1440\" data-end=\"1531\">Zmniejsza\u0107 uczucie <strong data-start=\"1461\" data-end=\"1489\">senno\u015bci, zawrot\u00f3w g\u0142owy<\/strong> i innych objaw\u00f3w towarzysz\u0105cych cukrzycy.<\/li>\n<li data-start=\"1532\" data-end=\"1637\"><strong data-start=\"1534\" data-end=\"1562\">Poprawia\u0107 kondycj\u0119 sk\u00f3ry<\/strong>, zapobiegaj\u0105c powstawaniu p\u0119kni\u0119\u0107, kt\u00f3re mog\u0105 przerodzi\u0107 si\u0119 w rany ropne.<\/li>\n<li data-start=\"1638\" data-end=\"1704\">Pomaga\u0107 w <strong data-start=\"1650\" data-end=\"1676\">detoksykacji organizmu<\/strong> i regulowa\u0107 ci\u015bnienie krwi.<\/li>\n<\/ul>\n<h3 data-start=\"1706\" data-end=\"1727\">Przeciwwskazania:<\/h3>\n<p data-start=\"1728\" data-end=\"1846\">Cho\u0107 InsuliGuard jest preparatem bezpiecznym, istniej\u0105 pewne sytuacje, w kt\u00f3rych jego stosowanie mo\u017ce by\u0107 niewskazane:<\/p>\n<ul data-start=\"1847\" data-end=\"2196\">\n<li data-start=\"1847\" data-end=\"1915\">Alergia lub nadwra\u017cliwo\u015b\u0107 na kt\u00f3rykolwiek ze sk\u0142adnik\u00f3w preparatu.<\/li>\n<li data-start=\"1916\" data-end=\"2028\">Ci\u0105\u017ca i karmienie piersi\u0105 \u2013 przed zastosowaniem suplementu w tych okresach nale\u017cy skonsultowa\u0107 si\u0119 z lekarzem.<\/li>\n<li data-start=\"2029\" data-end=\"2196\">Choroby autoimmunologiczne \u2013 w przypadku jakichkolwiek w\u0105tpliwo\u015bci dotycz\u0105cych interakcji z innymi lekami lub stanem zdrowia, nale\u017cy skonsultowa\u0107 si\u0119 ze specjalist\u0105.<\/li>\n<\/ul>\n<h2 data-start=\"2198\" data-end=\"2240\">Sk\u0142ad InsuliGuard &#8211; skuteczne sk\u0142adniki<\/h2>\n<p data-start=\"2242\" data-end=\"2496\">InsuliGuard wyr\u00f3\u017cnia si\u0119 na rynku dzi\u0119ki unikalnemu po\u0142\u0105czeniu sk\u0142adnik\u00f3w ro\u015blinnych, witamin oraz aminokwas\u00f3w, kt\u00f3re maj\u0105 na celu kompleksowe wsparcie organizmu w walce z cukrzyc\u0105. Poni\u017cej przedstawiamy szczeg\u00f3\u0142y dotycz\u0105ce g\u0142\u00f3wnych sk\u0142adnik\u00f3w preparatu:<\/p>\n<h3 data-start=\"2498\" data-end=\"2525\"><strong data-start=\"2505\" data-end=\"2525\">Kompleks witamin<\/strong><\/h3>\n<p data-start=\"2526\" data-end=\"2857\">W sk\u0142ad InsuliGuard wchodz\u0105 witaminy z grupy B oraz witamina D, kt\u00f3re wspieraj\u0105 metabolizm glukozy, poprawiaj\u0105 kondycj\u0119 sk\u00f3ry i pomagaj\u0105 utrzyma\u0107 r\u00f3wnowag\u0119 hormonaln\u0105 w organizmie. Witamina D reguluje poziom cukru we krwi, a witaminy z grupy B wp\u0142ywaj\u0105 na popraw\u0119 pami\u0119ci i koncentracji, co cz\u0119sto bywa problemem u os\u00f3b z cukrzyc\u0105.<\/p>\n<h3 data-start=\"2859\" data-end=\"2898\"><strong data-start=\"2866\" data-end=\"2898\">Zio\u0142owe \u015brodki antyseptyczne<\/strong><\/h3>\n<p data-start=\"2899\" data-end=\"3191\">InsuliGuard zawiera zio\u0142a o w\u0142a\u015bciwo\u015bciach antyseptycznych, kt\u00f3re pomagaj\u0105 w regeneracji tkanek oraz zapobiegaj\u0105 owrzodzeniom troficznym, kt\u00f3re s\u0105 cz\u0119stym problemem w przypadku os\u00f3b z cukrzyc\u0105. Zio\u0142a te wykazuj\u0105 r\u00f3wnie\u017c w\u0142a\u015bciwo\u015bci detoksykacyjne, wspomagaj\u0105c oczyszczanie organizmu z toksyn.<\/p>\n<h3 data-start=\"3193\" data-end=\"3214\"><strong data-start=\"3200\" data-end=\"3214\">Aminokwasy<\/strong><\/h3>\n<p data-start=\"3215\" data-end=\"3509\">Aminokwasy zawarte w InsuliGuard maj\u0105 zdolno\u015b\u0107 zmniejszania st\u0119\u017cenia glukozy we krwi. Wspomagaj\u0105 r\u00f3wnie\u017c funkcjonowanie m\u00f3zgu, poprawiaj\u0105c koncentracj\u0119 i pami\u0119\u0107. Dzi\u0119ki nim, osoby z cukrzyc\u0105 mog\u0105 czu\u0107 si\u0119 bardziej skoncentrowane i energiczne, a tak\u017ce zmniejszy\u0107 ryzyko os\u0142abienia i wyczerpania.<\/p>\n<h3 data-start=\"3511\" data-end=\"3535\"><strong data-start=\"3518\" data-end=\"3535\">Antyoksydanty<\/strong><\/h3>\n<p data-start=\"3536\" data-end=\"3819\">Preparat zawiera r\u00f3wnie\u017c antyoksydanty, kt\u00f3re walcz\u0105 z wolnymi rodnikami, przyspieszaj\u0105c proces regeneracji kom\u00f3rek oraz poprawiaj\u0105c wygl\u0105d sk\u00f3ry. Dzi\u0119ki nim, sk\u00f3ra jest nawil\u017cona, elastyczna i mniej podatna na p\u0119kni\u0119cia, kt\u00f3re mog\u0105 prowadzi\u0107 do powa\u017cniejszych problem\u00f3w zdrowotnych.<\/p>\n<h2 data-start=\"3821\" data-end=\"3874\">Efekty stosowania \u2013 dzia\u0142anie kapsu\u0142ek InsuliGuard<\/h2>\n<p data-start=\"3876\" data-end=\"4097\">Stosowanie InsuliGuard przynosi wiele korzy\u015bci, zar\u00f3wno w zakresie poprawy samopoczucia, jak i wspomagania leczenia cukrzycy. Poni\u017cej przedstawiamy efekty, kt\u00f3re mo\u017cna uzyska\u0107 dzi\u0119ki regularnemu stosowaniu tego preparatu.<\/p>\n<h3 data-start=\"4099\" data-end=\"4146\"><strong data-start=\"4106\" data-end=\"4146\">Normalizacja poziomu glukozy we krwi<\/strong><\/h3>\n<p data-start=\"4147\" data-end=\"4466\">G\u0142\u00f3wnym celem InsuliGuard jest pomoc w utrzymaniu prawid\u0142owego poziomu glukozy we krwi. Kapsu\u0142ki dzia\u0142aj\u0105 na poziomie metabolicznym, wspomagaj\u0105c procesy reguluj\u0105ce st\u0119\u017cenie cukru w organizmie. Dzi\u0119ki zastosowaniu aminokwas\u00f3w i zi\u00f3\u0142, InsuliGuard pomaga w normalizacji poziomu glukozy, zapobiegaj\u0105c niebezpiecznym skokom.<\/p>\n<h3 data-start=\"4468\" data-end=\"4501\"><strong data-start=\"4475\" data-end=\"4501\">Poprawa kondycji sk\u00f3ry<\/strong><\/h3>\n<p data-start=\"4502\" data-end=\"4778\">InsuliGuard ma pozytywny wp\u0142yw na kondycj\u0119 sk\u00f3ry. Dzi\u0119ki zawarto\u015bci witamin i sk\u0142adnik\u00f3w antyseptycznych, preparat nawil\u017ca sk\u00f3r\u0119, zapobiegaj\u0105c jej wysuszeniu oraz p\u0119kaniu. Regularne stosowanie mo\u017ce zmniejszy\u0107 ryzyko wyst\u0105pienia ran, kt\u00f3re mog\u0105 przerodzi\u0107 si\u0119 w ropne infekcje.<\/p>\n<h3 data-start=\"4780\" data-end=\"4816\"><strong data-start=\"4787\" data-end=\"4816\">Usuwanie objaw\u00f3w cukrzycy<\/strong><\/h3>\n<p data-start=\"4817\" data-end=\"5074\">Cukrzycy cz\u0119sto towarzysz\u0105 objawy takie jak zawroty g\u0142owy, senno\u015b\u0107, problemy z pami\u0119ci\u0105 i koncentracj\u0105. Dzi\u0119ki odpowiednim sk\u0142adnikom, takim jak aminokwasy i witaminy, InsuliGuard pomaga eliminowa\u0107 te dolegliwo\u015bci, poprawiaj\u0105c og\u00f3lne samopoczucie i energi\u0119.<\/p>\n<h3 data-start=\"5076\" data-end=\"5104\"><strong data-start=\"5083\" data-end=\"5104\">Poprawa trawienia<\/strong><\/h3>\n<p data-start=\"5105\" data-end=\"5350\">Preparat wspomaga r\u00f3wnie\u017c uk\u0142ad trawienny, eliminuj\u0105c problemy zwi\u0105zane z trawieniem, kt\u00f3re s\u0105 cz\u0119ste w\u015br\u00f3d os\u00f3b z cukrzyc\u0105. Zio\u0142owe sk\u0142adniki wspieraj\u0105 procesy trawienne, u\u0142atwiaj\u0105c wch\u0142anianie sk\u0142adnik\u00f3w od\u017cywczych i poprawiaj\u0105c komfort \u017cycia.<\/p>\n<h3 data-start=\"5352\" data-end=\"5385\"><strong data-start=\"5359\" data-end=\"5385\">Detoksykacja organizmu<\/strong><\/h3>\n<p data-start=\"5386\" data-end=\"5588\">InsuliGuard dzia\u0142a r\u00f3wnie\u017c detoksykuj\u0105co, oczyszczaj\u0105c organizm z toksyn i niepotrzebnych produkt\u00f3w przemiany materii. To dzia\u0142anie wspiera og\u00f3ln\u0105 kondycj\u0119 zdrowotn\u0105 i wspomaga prac\u0119 w\u0105troby oraz nerek.<\/p>\n<p style=\"text-align: center;\" data-start=\"5386\" data-end=\"5588\"><a class=\"border-button\" href=\"https:\/\/tl-track.com\/tracker\/useE\">KUPI\u0106 PO CENIE PRODUCENTA (-50%)<\/a><\/p>\n<p data-start=\"5607\" data-end=\"6057\"><strong data-start=\"5607\" data-end=\"5622\">InsuliGuard<\/strong> to innowacyjny suplement diety, kt\u00f3ry oferuje skuteczn\u0105 pomoc w zarz\u0105dzaniu cukrzyc\u0105. Dzi\u0119ki po\u0142\u0105czeniu witamin, zi\u00f3\u0142, aminokwas\u00f3w i antyoksydant\u00f3w, preparat poprawia kondycj\u0119 sk\u00f3ry, normalizuje poziom glukozy, wspomaga trawienie oraz eliminuje objawy cukrzycy. Regularne stosowanie InsuliGuard mo\u017ce znacz\u0105co poprawi\u0107 jako\u015b\u0107 \u017cycia os\u00f3b z cukrzyc\u0105, pomagaj\u0105c im \u017cy\u0107 pe\u0142ni\u0105 \u017cycia bez obaw o niekontrolowane zmiany poziomu cukru we krwi.<\/p>\n<p data-start=\"6059\" data-end=\"6260\" data-is-last-node=\"\" data-is-only-node=\"\">Pami\u0119taj, \u017ce przed rozpocz\u0119ciem stosowania jakiegokolwiek suplementu diety, w tym InsuliGuard, warto skonsultowa\u0107 si\u0119 z lekarzem, aby upewni\u0107 si\u0119, \u017ce preparat jest odpowiedni dla Twojego stanu zdrowia.<\/p>\n","protected":false},"excerpt":{"rendered":"<p>Nr kat.: 870874022<\/p>\n<p style=\"text-align: center;\"><a class=\"border-button\" href=\"https:\/\/tl-track.com\/tracker\/useE\">KUP TERAZ<\/a><\/p>\n","protected":false},"featured_media":1075,"comment_status":"open","ping_status":"closed","template":"","meta":[],"product_brand":[],"product_cat":[18],"product_tag":[],"class_list":{"0":"post-1074","1":"product","2":"type-product","3":"status-publish","4":"has-post-thumbnail","6":"product_cat-suplementy","8":"first","9":"instock","10":"shipping-taxable","11":"purchasable","12":"product-type-simple"},"aioseo_notices":[],"_links":{"self":[{"href":"https:\/\/lekarzpodroznik.pl\/store\/wp-json\/wp\/v2\/product\/1074","targetHints":{"allow":["GET"]}}],"collection":[{"href":"https:\/\/lekarzpodroznik.pl\/store\/wp-json\/wp\/v2\/product"}],"about":[{"href":"https:\/\/lekarzpodroznik.pl\/store\/wp-json\/wp\/v2\/types\/product"}],"replies":[{"embeddable":true,"href":"https:\/\/lekarzpodroznik.pl\/store\/wp-json\/wp\/v2\/comments?post=1074"}],"wp:featuredmedia":[{"embeddable":true,"href":"https:\/\/lekarzpodroznik.pl\/store\/wp-json\/wp\/v2\/media\/1075"}],"wp:attachment":[{"href":"https:\/\/lekarzpodroznik.pl\/store\/wp-json\/wp\/v2\/media?parent=1074"}],"wp:term":[{"taxonomy":"product_brand","embeddable":true,"href":"https:\/\/lekarzpodroznik.pl\/store\/wp-json\/wp\/v2\/product_brand?post=1074"},{"taxonomy":"product_cat","embeddable":true,"href":"https:\/\/lekarzpodroznik.pl\/store\/wp-json\/wp\/v2\/product_cat?post=1074"},{"taxonomy":"product_tag","embeddable":true,"href":"https:\/\/lekarzpodroznik.pl\/store\/wp-json\/wp\/v2\/product_tag?post=1074"}],"curies":[{"name":"wp","href":"https:\/\/api.w.org\/{rel}","templated":true}]}}