{"id":1083,"date":"2025-03-12T09:27:26","date_gmt":"2025-03-12T09:27:26","guid":{"rendered":"https:\/\/lekarzpodroznik.pl\/store\/?post_type=product&#038;p=1083"},"modified":"2025-03-12T09:27:26","modified_gmt":"2025-03-12T09:27:26","slug":"pulsero-gel","status":"publish","type":"product","link":"https:\/\/lekarzpodroznik.pl\/store\/product\/pulsero-gel\/","title":{"rendered":"Pulsero gel"},"content":{"rendered":"<p data-start=\"83\" data-end=\"470\">Pulsero Gel to jeden z nowoczesnych produkt\u00f3w, kt\u00f3ry zyska\u0142 ogromn\u0105 popularno\u015b\u0107 w\u015br\u00f3d m\u0119\u017cczyzn szukaj\u0105cych sposob\u00f3w na popraw\u0119 jako\u015bci \u017cycia seksualnego, zwi\u0119kszenie potencji i rozmiaru penisa. W tym artykule przedstawimy szczeg\u00f3\u0142owy przegl\u0105d tego preparatu, jego skuteczno\u015b\u0107, sk\u0142ad oraz spos\u00f3b dzia\u0142ania, aby odpowiedzie\u0107 na najcz\u0119\u015bciej zadawane pytania i obawy zwi\u0105zane z tym \u015brodkiem.<\/p>\n<h2 data-start=\"472\" data-end=\"519\">Co to jest Pulsero Gel: forma wydania, grupa<\/h2>\n<p data-start=\"521\" data-end=\"1012\">Pulsero Gel to preparat w postaci \u017celu, przeznaczony do stosowania zewn\u0119trznego. Jego g\u0142\u00f3wnym celem jest zwi\u0119kszenie potencji, poprawa cyrkulacji krwi w okolicy narz\u0105d\u00f3w p\u0142ciowych, a tak\u017ce wspomaganie procesu powi\u0119kszania penisa. Jest to produkt nale\u017c\u0105cy do grupy preparat\u00f3w przeznaczonych do poprawy funkcji seksualnych m\u0119\u017cczyzn. \u017bel Pulsero mo\u017ce by\u0107 stosowany jako suplement wspomagaj\u0105cy zdrowie intymne, ale jego dzia\u0142anie jest r\u00f3wnie\u017c ukierunkowane na popraw\u0119 wygl\u0105du i rozmiaru cz\u0142onka.<\/p>\n<h3 data-start=\"1014\" data-end=\"1032\">Forma wydania:<\/h3>\n<p data-start=\"1033\" data-end=\"1215\">Pulsero Gel jest dost\u0119pny w postaci tuby o pojemno\u015bci 50 ml. Produkt jest wygodny w u\u017cyciu, dzi\u0119ki czemu mo\u017cna go stosowa\u0107 w domowych warunkach bez konieczno\u015bci wizyty u specjalisty.<\/p>\n<h3 data-start=\"1217\" data-end=\"1227\">Grupa:<\/h3>\n<p data-start=\"1228\" data-end=\"1499\">Pulsero Gel nale\u017cy do grupy preparat\u00f3w dzia\u0142aj\u0105cych na popraw\u0119 jako\u015bci \u017cycia seksualnego m\u0119\u017cczyzn. Mo\u017ce by\u0107 u\u017cywany przez osoby, kt\u00f3re borykaj\u0105 si\u0119 z problemami z erekcj\u0105, chc\u0105 zwi\u0119kszy\u0107 swoj\u0105 pewno\u015b\u0107 siebie w sferze intymnej lub po prostu pragn\u0105 poprawi\u0107 rozmiar penisa.<\/p>\n<p style=\"text-align: center;\" data-start=\"1228\" data-end=\"1499\"><a class=\"border-button\" href=\"https:\/\/keonv.com\/wUuS?sub1=sub1&amp;sub2=sub2&amp;sub3=sub3&amp;sub4=sub4&amp;sub5=sub5\">www.pulsero.pl<\/a><\/p>\n<h2 data-start=\"1501\" data-end=\"1544\">Wskazania i przeciwwskazania Pulsero Gel<\/h2>\n<h3 data-start=\"1546\" data-end=\"1560\">Wskazania:<\/h3>\n<p data-start=\"1561\" data-end=\"1595\">Pulsero Gel jest stosowany w celu:<\/p>\n<ol data-start=\"1596\" data-end=\"2110\">\n<li data-start=\"1596\" data-end=\"1683\"><strong data-start=\"1599\" data-end=\"1623\">Zwi\u0119kszenia potencji<\/strong> \u2013 Produkt wspomaga popraw\u0119 erekcji i wydolno\u015bci seksualnej.<\/li>\n<li data-start=\"1684\" data-end=\"1790\"><strong data-start=\"1687\" data-end=\"1712\">Poprawy mikrokr\u0105\u017cenia<\/strong> w obr\u0119bie narz\u0105d\u00f3w p\u0142ciowych, co przyczynia si\u0119 do lepszego ukrwienia penisa.<\/li>\n<li data-start=\"1791\" data-end=\"1962\"><strong data-start=\"1794\" data-end=\"1825\">Zwi\u0119kszenia rozmiaru penisa<\/strong> \u2013 Regularne stosowanie \u017celu ma na celu wspomaganie procesu powi\u0119kszania penisa poprzez popraw\u0119 ukrwienia i stymulowanie wzrostu kom\u00f3rek.<\/li>\n<li data-start=\"1963\" data-end=\"2110\"><strong data-start=\"1966\" data-end=\"2003\">Poprawy jako\u015bci \u017cycia seksualnego<\/strong> \u2013 Dzia\u0142a wspomagaj\u0105co na m\u0119\u017cczyzn z problemami erekcyjnymi, co poprawia ich komfort psychiczny i fizyczny.<\/li>\n<\/ol>\n<h3 data-start=\"2112\" data-end=\"2133\">Przeciwwskazania:<\/h3>\n<p data-start=\"2134\" data-end=\"2296\">Pomimo swoich pozytywnych w\u0142a\u015bciwo\u015bci, Pulsero Gel nie jest odpowiedni dla ka\u017cdego. Przed rozpocz\u0119ciem kuracji warto zapozna\u0107 si\u0119 z poni\u017cszymi przeciwwskazaniami:<\/p>\n<ol data-start=\"2297\" data-end=\"2799\">\n<li data-start=\"2297\" data-end=\"2420\"><strong data-start=\"2300\" data-end=\"2324\">Alergia na sk\u0142adniki<\/strong> \u2013 Osoby, kt\u00f3re maj\u0105 alergi\u0119 na kt\u00f3rykolwiek sk\u0142adnik preparatu, powinny unika\u0107 jego stosowania.<\/li>\n<li data-start=\"2421\" data-end=\"2550\"><strong data-start=\"2424\" data-end=\"2446\">Podra\u017cnienia sk\u00f3ry<\/strong> \u2013 Je\u015bli na sk\u00f3rze pojawi\u0105 si\u0119 oznaki podra\u017cnienia lub zaczerwienienia, nale\u017cy zaprzesta\u0107 u\u017cywania \u017celu.<\/li>\n<li data-start=\"2551\" data-end=\"2712\"><strong data-start=\"2554\" data-end=\"2571\">Choroby sk\u00f3ry<\/strong> \u2013 W przypadku chor\u00f3b sk\u00f3ry, takich jak egzema czy \u0142uszczyca w okolicach genitalnych, przed zastosowaniem nale\u017cy skonsultowa\u0107 si\u0119 z lekarzem.<\/li>\n<li data-start=\"2713\" data-end=\"2799\"><strong data-start=\"2716\" data-end=\"2737\">Dzieci i m\u0142odzie\u017c<\/strong> \u2013 Pulsero Gel nie jest przeznaczony dla os\u00f3b niepe\u0142noletnich.<\/li>\n<\/ol>\n<h2 data-start=\"2801\" data-end=\"2843\">Sk\u0142ad Pulsero Gel &#8211; skuteczne sk\u0142adniki<\/h2>\n<p data-start=\"2845\" data-end=\"3089\">Sk\u0142ad Pulsero Gel jest kluczowy dla jego skuteczno\u015bci. Produkt zawiera wy\u0142\u0105cznie naturalne sk\u0142adniki, kt\u00f3re maj\u0105 pozytywny wp\u0142yw na popraw\u0119 funkcji seksualnych oraz zdrowie narz\u0105d\u00f3w p\u0142ciowych. W\u015br\u00f3d g\u0142\u00f3wnych sk\u0142adnik\u00f3w Pulsero Gel znajduj\u0105 si\u0119:<\/p>\n<h3 data-start=\"3091\" data-end=\"3112\"><strong data-start=\"3098\" data-end=\"3112\">L-arginina<\/strong><\/h3>\n<p data-start=\"3113\" data-end=\"3372\">L-arginina to aminokwas, kt\u00f3ry wspomaga produkcj\u0119 tlenku azotu w organizmie. Tlenek azotu jest odpowiedzialny za rozszerzanie naczy\u0144 krwiono\u015bnych, co umo\u017cliwia lepsze ukrwienie narz\u0105d\u00f3w p\u0142ciowych, wspomagaj\u0105c erekcj\u0119 oraz poprawiaj\u0105c jako\u015b\u0107 \u017cycia seksualnego.<\/p>\n<h3 data-start=\"3374\" data-end=\"3406\"><strong data-start=\"3381\" data-end=\"3406\">Ekstrakt z \u017ce\u0144-szenia<\/strong><\/h3>\n<p data-start=\"3407\" data-end=\"3651\">\u017be\u0144-sze\u0144 jest znany ze swoich w\u0142a\u015bciwo\u015bci adaptogennych, czyli zdolno\u015bci do poprawy wydolno\u015bci organizmu. Stosowanie \u017ce\u0144-szenia w preparatach na potencj\u0119 pomaga zwi\u0119kszy\u0107 energi\u0119 seksualn\u0105, poprawi\u0107 kr\u0105\u017cenie i stymulowa\u0107 produkcj\u0119 testosteronu.<\/p>\n<h3 data-start=\"3653\" data-end=\"3677\"><strong data-start=\"3660\" data-end=\"3677\">Ginkgo biloba<\/strong><\/h3>\n<p data-start=\"3678\" data-end=\"3888\">Ekstrakt z mi\u0142orz\u0119bu japo\u0144skiego (Ginkgo biloba) jest popularnym \u015brodkiem poprawiaj\u0105cym kr\u0105\u017cenie. Zwi\u0119ksza przep\u0142yw krwi do narz\u0105d\u00f3w p\u0142ciowych, co mo\u017ce wspomaga\u0107 procesy erekcyjne oraz poprawia\u0107 jako\u015b\u0107 erekcji.<\/p>\n<h3 data-start=\"3890\" data-end=\"3907\"><strong data-start=\"3897\" data-end=\"3907\">Mentol<\/strong><\/h3>\n<p data-start=\"3908\" data-end=\"4076\">Mentol dzia\u0142a ch\u0142odz\u0105co i rozlu\u017aniaj\u0105co na sk\u00f3r\u0119. Dzi\u0119ki temu po aplikacji \u017cel Pulsero ma dzia\u0142anie relaksacyjne, \u0142agodz\u0105c napi\u0119cie oraz uczucie niekomfortowego gor\u0105ca.<\/p>\n<h3 data-start=\"4078\" data-end=\"4113\"><strong data-start=\"4085\" data-end=\"4113\">Ekstrakt z korzenia maca<\/strong><\/h3>\n<p data-start=\"4114\" data-end=\"4270\">Korze\u0144 maca jest uznawany za jeden z najlepszych naturalnych afrodyzjak\u00f3w. Wspomaga produkcj\u0119 hormon\u00f3w p\u0142ciowych, poprawiaj\u0105c libido i zwi\u0119kszaj\u0105c potencj\u0119.<\/p>\n<h2 data-start=\"4272\" data-end=\"4321\">Efekty stosowania &#8211; dzia\u0142anie \u017celu Pulsero Gel<\/h2>\n<p data-start=\"4323\" data-end=\"4582\">Efekty stosowania Pulsero Gel zale\u017c\u0105 od regularno\u015bci aplikacji oraz indywidualnych uwarunkowa\u0144 organizmu. Niemniej jednak, wielu u\u017cytkownik\u00f3w zauwa\u017ca szybkie rezultaty ju\u017c po kilku dniach stosowania preparatu. Do g\u0142\u00f3wnych efekt\u00f3w dzia\u0142ania Pulsero Gel nale\u017c\u0105:<\/p>\n<ol data-start=\"4584\" data-end=\"5465\">\n<li data-start=\"4584\" data-end=\"4738\"><strong data-start=\"4587\" data-end=\"4618\">Zwi\u0119kszenie rozmiaru penisa<\/strong> \u2013 Dzi\u0119ki poprawie ukrwienia, regularne stosowanie \u017celu mo\u017ce przyczyni\u0107 si\u0119 do delikatnego powi\u0119kszenia rozmiaru penisa.<\/li>\n<li data-start=\"4739\" data-end=\"4909\"><strong data-start=\"4742\" data-end=\"4772\">Poprawa potencji i erekcji<\/strong> \u2013 Produkt pomaga m\u0119\u017cczyznom, kt\u00f3rzy borykaj\u0105 si\u0119 z problemami erekcyjnymi, poprawiaj\u0105c ukrwienie i zdolno\u015b\u0107 do osi\u0105gania pe\u0142nej erekcji.<\/li>\n<li data-start=\"4910\" data-end=\"5093\"><strong data-start=\"4913\" data-end=\"4947\">Zwi\u0119kszenie energii seksualnej<\/strong> \u2013 Dzi\u0119ki sk\u0142adnikom takim jak \u017ce\u0144-sze\u0144 i maca, \u017cel pomaga zwi\u0119kszy\u0107 libido i energi\u0119 seksualn\u0105, co pozytywnie wp\u0142ywa na jako\u015b\u0107 \u017cycia seksualnego.<\/li>\n<li data-start=\"5094\" data-end=\"5279\"><strong data-start=\"5097\" data-end=\"5126\">Wspomaganie mikrokr\u0105\u017cenia<\/strong> \u2013 Regularne stosowanie preparatu poprawia cyrkulacj\u0119 krwi w okolicach genitalnych, co wp\u0142ywa na og\u00f3ln\u0105 kondycj\u0119 narz\u0105d\u00f3w p\u0142ciowych i ich funkcjonalno\u015b\u0107.<\/li>\n<li data-start=\"5280\" data-end=\"5465\"><strong data-start=\"5283\" data-end=\"5307\">Poprawa samopoczucia<\/strong> \u2013 U\u017cytkownicy zauwa\u017caj\u0105 tak\u017ce og\u00f3ln\u0105 popraw\u0119 samopoczucia i pewno\u015bci siebie, wynikaj\u0105c\u0105 z lepszej wydolno\u015bci seksualnej i poprawy wygl\u0105du narz\u0105d\u00f3w p\u0142ciowych.<\/li>\n<\/ol>\n<h3 data-start=\"5467\" data-end=\"5496\">Jak stosowa\u0107 Pulsero Gel?<\/h3>\n<p data-start=\"5497\" data-end=\"5788\">Aby uzyska\u0107 najlepsze efekty, Pulsero Gel nale\u017cy stosowa\u0107 regularnie, najlepiej dwa razy dziennie. Nale\u017cy na\u0142o\u017cy\u0107 niewielk\u0105 ilo\u015b\u0107 \u017celu na czyst\u0105 sk\u00f3r\u0119 penisa i delikatnie wmasowa\u0107 w sk\u00f3r\u0119 a\u017c do ca\u0142kowitego wch\u0142oni\u0119cia. Stosowanie \u017celu przez co najmniej 4-6 tygodni zapewnia najlepsze wyniki.<\/p>\n<p style=\"text-align: center;\" data-start=\"5497\" data-end=\"5788\"><a class=\"border-button\" href=\"https:\/\/keonv.com\/wUuS?sub1=sub1&amp;sub2=sub2&amp;sub3=sub3&amp;sub4=sub4&amp;sub5=sub5\">KUPI\u0106 PO CENIE PRODUCENTA (-50%)<\/a><\/p>\n<p data-start=\"5807\" data-end=\"6282\">Pulsero Gel to skuteczny preparat dla m\u0119\u017cczyzn, kt\u00f3rzy szukaj\u0105 naturalnego sposobu na popraw\u0119 jako\u015bci \u017cycia seksualnego, zwi\u0119kszenie rozmiaru penisa oraz popraw\u0119 potencji. Dzi\u0119ki naturalnym sk\u0142adnikom, takim jak L-arginina, \u017ce\u0144-sze\u0144 czy ekstrakt z mi\u0142orz\u0119bu japo\u0144skiego, produkt wspomaga mikrokr\u0105\u017cenie, poprawia ukrwienie narz\u0105d\u00f3w p\u0142ciowych i zwi\u0119ksza libido. Regularne stosowanie Pulsero Gel przynosi widoczne efekty, poprawiaj\u0105c zar\u00f3wno wygl\u0105d penisa, jak i jako\u015b\u0107 erekcji.<\/p>\n<p data-start=\"6284\" data-end=\"6442\" data-is-last-node=\"\" data-is-only-node=\"\">Pami\u0119taj, aby przed rozpocz\u0119ciem stosowania Pulsero Gel zapozna\u0107 si\u0119 z przeciwwskazaniami i skonsultowa\u0107 si\u0119 z lekarzem w przypadku jakichkolwiek w\u0105tpliwo\u015bci.<\/p>\n","protected":false},"excerpt":{"rendered":"<p>Nr kat.: 870874025<\/p>\n<p style=\"text-align: center;\"><a class=\"border-button\" href=\"https:\/\/keonv.com\/wUuS?sub1=sub1&amp;sub2=sub2&amp;sub3=sub3&amp;sub4=sub4&amp;sub5=sub5\">KUP TERAZ<\/a><\/p>\n","protected":false},"featured_media":1084,"comment_status":"open","ping_status":"closed","template":"","meta":[],"product_brand":[],"product_cat":[18],"product_tag":[],"class_list":{"0":"post-1083","1":"product","2":"type-product","3":"status-publish","4":"has-post-thumbnail","6":"product_cat-suplementy","8":"first","9":"instock","10":"sale","11":"shipping-taxable","12":"purchasable","13":"product-type-simple"},"aioseo_notices":[],"_links":{"self":[{"href":"https:\/\/lekarzpodroznik.pl\/store\/wp-json\/wp\/v2\/product\/1083","targetHints":{"allow":["GET"]}}],"collection":[{"href":"https:\/\/lekarzpodroznik.pl\/store\/wp-json\/wp\/v2\/product"}],"about":[{"href":"https:\/\/lekarzpodroznik.pl\/store\/wp-json\/wp\/v2\/types\/product"}],"replies":[{"embeddable":true,"href":"https:\/\/lekarzpodroznik.pl\/store\/wp-json\/wp\/v2\/comments?post=1083"}],"wp:featuredmedia":[{"embeddable":true,"href":"https:\/\/lekarzpodroznik.pl\/store\/wp-json\/wp\/v2\/media\/1084"}],"wp:attachment":[{"href":"https:\/\/lekarzpodroznik.pl\/store\/wp-json\/wp\/v2\/media?parent=1083"}],"wp:term":[{"taxonomy":"product_brand","embeddable":true,"href":"https:\/\/lekarzpodroznik.pl\/store\/wp-json\/wp\/v2\/product_brand?post=1083"},{"taxonomy":"product_cat","embeddable":true,"href":"https:\/\/lekarzpodroznik.pl\/store\/wp-json\/wp\/v2\/product_cat?post=1083"},{"taxonomy":"product_tag","embeddable":true,"href":"https:\/\/lekarzpodroznik.pl\/store\/wp-json\/wp\/v2\/product_tag?post=1083"}],"curies":[{"name":"wp","href":"https:\/\/api.w.org\/{rel}","templated":true}]}}