{"id":118,"date":"2024-08-27T15:38:38","date_gmt":"2024-08-27T15:38:38","guid":{"rendered":"https:\/\/lekarzpodroznik.pl\/store\/?post_type=product&#038;p=118"},"modified":"2024-10-31T09:36:49","modified_gmt":"2024-10-31T09:36:49","slug":"reliver","status":"publish","type":"product","link":"https:\/\/lekarzpodroznik.pl\/store\/product\/reliver\/","title":{"rendered":"Reliver"},"content":{"rendered":"<p>Zdrowie w\u0105troby ma kluczowe znaczenie dla og\u00f3lnego samopoczucia i d\u0142ugowieczno\u015bci. W dzisiejszym \u015bwiecie, pe\u0142nym niezdrowych nawyk\u00f3w \u017cywieniowych i stresu, dbanie o w\u0105trob\u0119 staje si\u0119 niezb\u0119dne. Reliver to preparat, kt\u00f3ry w naturalny spos\u00f3b wspiera funkcjonowanie w\u0105troby, przyczyniaj\u0105c si\u0119 do jej regeneracji i oczyszczenia z toksyn. W poni\u017cszym artykule przedstawiamy szczeg\u00f3\u0142owy przegl\u0105d tego produktu, omawiaj\u0105c jego sk\u0142ad, dzia\u0142anie, wskazania do stosowania oraz informacje, jak i gdzie mo\u017cna go zakupi\u0107.<\/p>\n<p style=\"text-align: center;\"><a class=\"border-button\" href=\"http:\/\/tl-track.com\/tracker\/up3D\">www.reliver.pl<\/a><\/p>\n<h2>Co to jest Reliver: forma wydania, grupa<\/h2>\n<p>Reliver to kapsu\u0142ki, kt\u00f3re nale\u017c\u0105 do grupy suplement\u00f3w diety wspomagaj\u0105cych prac\u0119 w\u0105troby. Kapsu\u0142ki s\u0105 \u0142atwe do po\u0142kni\u0119cia i zawieraj\u0105 unikaln\u0105 mieszank\u0119 naturalnych sk\u0142adnik\u00f3w, kt\u00f3re wsp\u00f3lnie dzia\u0142aj\u0105 na popraw\u0119 funkcji w\u0105troby, jej regeneracj\u0119 oraz ochron\u0119 przed uszkodzeniami. Warto zaznaczy\u0107, \u017ce Reliver to produkt odpowiedni dla os\u00f3b doros\u0142ych, kt\u00f3re chc\u0105 zadba\u0107 o zdrowie swojej w\u0105troby, zar\u00f3wno profilaktycznie, jak i w ramach wsparcia leczenia ju\u017c istniej\u0105cych problem\u00f3w.<\/p>\n<h2>Wskazania i przeciwwskazania Reliver<\/h2>\n<h3>Wskazania do stosowania:<\/h3>\n<ul>\n<li>Obci\u0105\u017cenia w\u0105troby przez niezdrow\u0105 diet\u0119, alkohol lub leki.<\/li>\n<li>Odczuwania objaw\u00f3w zwi\u0105zanych z problemami w\u0105trobowymi, takich jak zm\u0119czenie, b\u00f3le brzucha, nudno\u015bci czy brak apetytu.<\/li>\n<li>Ch\u0119ci wspierania naturalnych proces\u00f3w detoksykacyjnych organizmu.<\/li>\n<li>Profilaktyki chor\u00f3b w\u0105troby oraz wspomagania jej regeneracji.<\/li>\n<\/ul>\n<h3>Przeciwwskazania:<\/h3>\n<ul>\n<li>W przypadku uczulenia na kt\u00f3rykolwiek ze sk\u0142adnik\u00f3w preparatu.<\/li>\n<li>U kobiet w ci\u0105\u017cy i karmi\u0105cych piersi\u0105 bez konsultacji z lekarzem.<\/li>\n<li>U dzieci oraz m\u0142odzie\u017cy poni\u017cej 18 roku \u017cycia.<\/li>\n<li>U os\u00f3b przyjmuj\u0105cych leki na sta\u0142e \u2013 w takim przypadku zawsze warto skonsultowa\u0107 si\u0119 z lekarzem przed rozpocz\u0119ciem suplementacji.<\/li>\n<\/ul>\n<h2>Sk\u0142ad Reliver &#8211; skuteczne sk\u0142adniki<\/h2>\n<table>\n<thead>\n<tr>\n<th>Sk\u0142adnik<\/th>\n<th>Dzia\u0142anie<\/th>\n<th>St\u0119\u017cenie<\/th>\n<\/tr>\n<\/thead>\n<tbody>\n<tr>\n<td><strong>Mikrokrystaliczna celuloza<\/strong><\/td>\n<td>Dzia\u0142a jako substancja wype\u0142niaj\u0105ca, wspieraj\u0105ca form\u0119 kapsu\u0142ki i wspomagaj\u0105ca wch\u0142anianie innych sk\u0142adnik\u00f3w.<\/td>\n<td>Wysokie<\/td>\n<\/tr>\n<tr>\n<td><strong>Ekstrakt z nasion ostropestu plamistego (25-30:1)<\/strong><\/td>\n<td>Silny antyoksydant, wspomaga regeneracj\u0119 kom\u00f3rek w\u0105troby, chroni przed toksynami.<\/td>\n<td>\u015arednie<\/td>\n<\/tr>\n<tr>\n<td><strong>Ekstrakt z korzenia mniszka lekarskiego (4:1)<\/strong><\/td>\n<td>Wspomaga produkcj\u0119 \u017c\u00f3\u0142ci, co u\u0142atwia trawienie i oczyszczanie w\u0105troby.<\/td>\n<td>\u015arednie<\/td>\n<\/tr>\n<tr>\n<td><strong>Ekstrakt z li\u015bci karczocha (4:1)<\/strong><\/td>\n<td>Wspiera procesy detoksykacyjne i dzia\u0142a ochronnie na kom\u00f3rki w\u0105troby.<\/td>\n<td>\u015arednie<\/td>\n<\/tr>\n<tr>\n<td><strong>Proszek z korzenia kurkumy<\/strong><\/td>\n<td>Dzia\u0142a przeciwzapalnie, wspomaga funkcje trawienne i detoksykacyjne.<\/td>\n<td>Niskie<\/td>\n<\/tr>\n<tr>\n<td><strong>Ekstrakt z k\u0142\u0105cza imbiru (4:1)<\/strong><\/td>\n<td>Poprawia kr\u0105\u017cenie, wspomaga trawienie, dzia\u0142a przeciwzapalnie.<\/td>\n<td>Niskie<\/td>\n<\/tr>\n<tr>\n<td><strong>Ekstrakt z owoc\u00f3w pieprzu czarnego (4:1)<\/strong><\/td>\n<td>Zwi\u0119ksza biodost\u0119pno\u015b\u0107 innych sk\u0142adnik\u00f3w, wspomaga trawienie.<\/td>\n<td>Niskie<\/td>\n<\/tr>\n<tr>\n<td><strong>Sole magnezowe kwas\u00f3w t\u0142uszczowych<\/strong><\/td>\n<td>U\u0142atwiaj\u0105 formowanie kapsu\u0142ki, wspieraj\u0105 procesy trawienne.<\/td>\n<td>Niskie<\/td>\n<\/tr>\n<\/tbody>\n<\/table>\n<p>Ka\u017cdy z powy\u017cszych sk\u0142adnik\u00f3w zosta\u0142 dobrany ze wzgl\u0119du na swoje unikalne w\u0142a\u015bciwo\u015bci i synergistyczne dzia\u0142anie na w\u0105trob\u0119, co czyni Reliver skutecznym wsparciem dla tego wa\u017cnego narz\u0105du.<\/p>\n<h2>Efekty stosowania &#8211; dzia\u0142anie tabletek Reliver<\/h2>\n<p>Regularne stosowanie Reliver przynosi szereg korzy\u015bci, kt\u00f3re wp\u0142ywaj\u0105 na og\u00f3ln\u0105 popraw\u0119 zdrowia:<\/p>\n<ol>\n<li><strong>Detoksykacja w\u0105troby:<\/strong> Reliver pomaga w usuwaniu toksyn, kt\u00f3re gromadz\u0105 si\u0119 w w\u0105trobie, co jest kluczowe dla utrzymania jej zdrowia i funkcji.<\/li>\n<li><strong>Regeneracja kom\u00f3rek w\u0105troby:<\/strong> Dzi\u0119ki zawarto\u015bci silnych antyoksydant\u00f3w, takich jak ostropest plamisty, preparat wspomaga odbudow\u0119 uszkodzonych kom\u00f3rek w\u0105troby.<\/li>\n<li><strong>Poprawa trawienia:<\/strong> Reliver wspiera produkcj\u0119 \u017c\u00f3\u0142ci, co u\u0142atwia trawienie t\u0142uszcz\u00f3w i zapobiega uczuciu ci\u0119\u017cko\u015bci po posi\u0142kach.<\/li>\n<li><strong>Zmniejszenie objaw\u00f3w:<\/strong> Preparat skutecznie \u0142agodzi objawy zwi\u0105zane z zaburzeniami pracy w\u0105troby, takie jak zm\u0119czenie, nudno\u015bci czy b\u00f3le brzucha.<\/li>\n<li><strong>Poprawa og\u00f3lnego samopoczucia:<\/strong> Dzia\u0142anie oczyszczaj\u0105ce Reliver wp\u0142ywa pozytywnie na poziom energii, poprawia apetyt oraz wspiera zdrowie sk\u00f3ry.<\/li>\n<\/ol>\n<p style=\"text-align: center;\"><a class=\"border-button\" href=\"http:\/\/tl-track.com\/tracker\/up3D\">KUPI\u0106 PO CENIE PRODUCENTA (-50%)<\/a><\/p>\n","protected":false},"excerpt":{"rendered":"<p>Nr kat.: 8701131<\/p>\n<p style=\"text-align: center;\"><a class=\"border-button\" href=\"http:\/\/tl-track.com\/tracker\/up3D\">KUP TERAZ<\/a><\/p>\n","protected":false},"featured_media":119,"comment_status":"open","ping_status":"closed","template":"","meta":[],"product_brand":[],"product_cat":[18],"product_tag":[],"class_list":{"0":"post-118","1":"product","2":"type-product","3":"status-publish","4":"has-post-thumbnail","6":"product_cat-suplementy","8":"first","9":"instock","10":"sale","11":"shipping-taxable","12":"purchasable","13":"product-type-simple"},"aioseo_notices":[],"_links":{"self":[{"href":"https:\/\/lekarzpodroznik.pl\/store\/wp-json\/wp\/v2\/product\/118","targetHints":{"allow":["GET"]}}],"collection":[{"href":"https:\/\/lekarzpodroznik.pl\/store\/wp-json\/wp\/v2\/product"}],"about":[{"href":"https:\/\/lekarzpodroznik.pl\/store\/wp-json\/wp\/v2\/types\/product"}],"replies":[{"embeddable":true,"href":"https:\/\/lekarzpodroznik.pl\/store\/wp-json\/wp\/v2\/comments?post=118"}],"wp:featuredmedia":[{"embeddable":true,"href":"https:\/\/lekarzpodroznik.pl\/store\/wp-json\/wp\/v2\/media\/119"}],"wp:attachment":[{"href":"https:\/\/lekarzpodroznik.pl\/store\/wp-json\/wp\/v2\/media?parent=118"}],"wp:term":[{"taxonomy":"product_brand","embeddable":true,"href":"https:\/\/lekarzpodroznik.pl\/store\/wp-json\/wp\/v2\/product_brand?post=118"},{"taxonomy":"product_cat","embeddable":true,"href":"https:\/\/lekarzpodroznik.pl\/store\/wp-json\/wp\/v2\/product_cat?post=118"},{"taxonomy":"product_tag","embeddable":true,"href":"https:\/\/lekarzpodroznik.pl\/store\/wp-json\/wp\/v2\/product_tag?post=118"}],"curies":[{"name":"wp","href":"https:\/\/api.w.org\/{rel}","templated":true}]}}