{"id":120,"date":"2024-08-27T15:41:37","date_gmt":"2024-08-27T15:41:37","guid":{"rendered":"https:\/\/lekarzpodroznik.pl\/store\/?post_type=product&#038;p=120"},"modified":"2025-12-26T16:40:43","modified_gmt":"2025-12-26T16:40:43","slug":"retoxin","status":"publish","type":"product","link":"https:\/\/lekarzpodroznik.pl\/store\/product\/retoxin\/","title":{"rendered":"Retoxin"},"content":{"rendered":"<article class=\"w-full text-token-text-primary focus-visible:outline-2 focus-visible:outline-offset-[-4px]\" dir=\"auto\" data-testid=\"conversation-turn-3\" data-scroll-anchor=\"false\">\n<div class=\"text-base py-[18px] px-3 md:px-4 m-auto md:px-5\">\n<div class=\"mx-auto flex flex-1 gap-4 text-base md:gap-5 lg:gap-6 md:max-w-3xl lg:max-w-[40rem] xl:max-w-[48rem]\">\n<div class=\"group\/conversation-turn relative flex w-full min-w-0 flex-col agent-turn\">\n<div class=\"flex-col gap-1 md:gap-3\">\n<div class=\"flex max-w-full flex-col flex-grow\">\n<div class=\"text-message flex w-full flex-col items-end gap-2 break-words [.text-message+&amp;]:mt-5 overflow-x-auto whitespace-normal\" dir=\"auto\" data-message-author-role=\"assistant\" data-message-id=\"5743a81f-e869-4b5f-9664-a24fdee6c2ae\">\n<div class=\"flex w-full flex-col gap-1 empty:hidden first:pt-[3px]\">\n<div class=\"markdown prose w-full break-words dark:prose-invert light\">\n<p>Retoxin to suplement diety w formie kapsu\u0142ek, kt\u00f3ry zosta\u0142 opracowany z my\u015bl\u0105 o kompleksowym oczyszczaniu organizmu z toksyn i szkodliwych substancji. Preparat ten nale\u017cy do grupy produkt\u00f3w detoksykacyjnych, kt\u00f3re wspieraj\u0105 naturalne procesy oczyszczania cia\u0142a, pomagaj\u0105c w usuni\u0119ciu pestycyd\u00f3w, konserwant\u00f3w, barwnik\u00f3w, aromat\u00f3w i innych chemicznych dodatk\u00f3w, kt\u00f3re mog\u0105 gromadzi\u0107 si\u0119 w naszym organizmie na przestrzeni lat.<\/p>\n<p>Kapsu\u0142ki Retoxin s\u0105 \u0142atwe w u\u017cyciu i wygodne do codziennego stosowania. Dzi\u0119ki swojej formule serum, preparat ten dzia\u0142a szybko i skutecznie, wspomagaj\u0105c organizm w usuwaniu zanieczyszcze\u0144 i przywracaniu pe\u0142nej witalno\u015bci. Retoxin to produkt w 100% naturalny, co sprawia, \u017ce jest bezpieczny i odpowiedni dla niemal ka\u017cdej osoby, niezale\u017cnie od wieku.<\/p>\n<p style=\"text-align: center;\"><a class=\"border-button\" href=\"https:\/\/tl-track.com\/tracker\/u4XU\">www.retoxin.pl<\/a><\/p>\n<h2>Wskazania i przeciwwskazania Retoxin<\/h2>\n<p>Retoxin jest zalecany przede wszystkim dla os\u00f3b, kt\u00f3re chc\u0105 oczy\u015bci\u0107 sw\u00f3j organizm z nagromadzonych toksyn i poprawi\u0107 og\u00f3lny stan zdrowia. Preparat ten mo\u017ce by\u0107 stosowany w przypadkach:<\/p>\n<ul>\n<li>Chronicznego zm\u0119czenia i braku energii,<\/li>\n<li>Problemy z trawieniem i regularno\u015bci\u0105 wypr\u00f3\u017cnie\u0144,<\/li>\n<li>Zanieczyszczenia organizmu wynikaj\u0105ce z niezdrowej diety lub nara\u017cenia na substancje chemiczne,<\/li>\n<li>Problemy sk\u00f3rne, takie jak tr\u0105dzik, wysypki, czy nadmierne przesuszenie,<\/li>\n<li>Potrzeba wzmocnienia uk\u0142adu odporno\u015bciowego i poprawy samopoczucia.<\/li>\n<\/ul>\n<p>Chocia\u017c Retoxin jest produktem naturalnym i bezpiecznym, istniej\u0105 pewne przeciwwskazania do jego stosowania. Nie powinien by\u0107 stosowany przez osoby z nadwra\u017cliwo\u015bci\u0105 na kt\u00f3rykolwiek ze sk\u0142adnik\u00f3w preparatu. Kobiety w ci\u0105\u017cy i karmi\u0105ce piersi\u0105 powinny skonsultowa\u0107 si\u0119 z lekarzem przed rozpocz\u0119ciem kuracji. Ponadto, osoby z powa\u017cnymi schorzeniami przewlek\u0142ymi r\u00f3wnie\u017c powinny uzyska\u0107 zgod\u0119 specjalisty przed rozpocz\u0119ciem stosowania Retoxin.<\/p>\n<h2>Sk\u0142ad Retoxin &#8211; skuteczne sk\u0142adniki<\/h2>\n<p>Jednym z kluczowych aspekt\u00f3w Retoxin jest jego starannie dobrany sk\u0142ad, kt\u00f3ry zapewnia skuteczno\u015b\u0107 i bezpiecze\u0144stwo kuracji. Oto niekt\u00f3re z g\u0142\u00f3wnych sk\u0142adnik\u00f3w Retoxin:<\/p>\n<ol>\n<li><strong>Chlorofil<\/strong> &#8211; Znany ze swoich w\u0142a\u015bciwo\u015bci detoksykuj\u0105cych, chlorofil pomaga w usuwaniu toksyn z organizmu, wspieraj\u0105c procesy oczyszczania krwi i w\u0105troby.<\/li>\n<li><strong>Kie\u0142ki Hordeum vulgare<\/strong> &#8211; Bogate w witaminy i minera\u0142y, kie\u0142ki te maj\u0105 silne dzia\u0142anie antyoksydacyjne, pomagaj\u0105c w ochronie kom\u00f3rek przed uszkodzeniami i wspieraj\u0105c regeneracj\u0119 organizmu.<\/li>\n<li><strong>Witamina B<\/strong> &#8211; Kompleks witamin z grupy B wspomaga funkcje metaboliczne i przyczynia si\u0119 do prawid\u0142owego funkcjonowania uk\u0142adu nerwowego.<\/li>\n<li><strong>Witamina C<\/strong> &#8211; Silny antyoksydant, kt\u00f3ry wspiera uk\u0142ad odporno\u015bciowy i pomaga w ochronie organizmu przed wolnymi rodnikami.<\/li>\n<li><strong>Witamina E<\/strong> &#8211; Dzia\u0142a ochronnie na kom\u00f3rki, zapobiegaj\u0105c ich przedwczesnemu starzeniu si\u0119.<\/li>\n<li><strong>Magnez, wap\u0144, cynk, krzem<\/strong> &#8211; Sk\u0142adniki mineralne niezb\u0119dne do prawid\u0142owego funkcjonowania organizmu, wspieraj\u0105ce zdrowie ko\u015bci, sk\u00f3ry, w\u0142os\u00f3w i paznokci.<\/li>\n<\/ol>\n<p>Dzi\u0119ki tym sk\u0142adnikom, Retoxin dzia\u0142a wielowymiarowo, oczyszczaj\u0105c organizm, poprawiaj\u0105c jego funkcjonowanie i wzmacniaj\u0105c og\u00f3ln\u0105 kondycj\u0119.<\/p>\n<h2>Efekty stosowania &#8211; dzia\u0142anie tabletek Retoxin<\/h2>\n<p>Stosowanie Retoxin przynosi szereg korzy\u015bci zdrowotnych, kt\u00f3re s\u0105 odczuwalne ju\u017c po kilku dniach kuracji. Regularne przyjmowanie kapsu\u0142ek mo\u017ce prowadzi\u0107 do:<\/p>\n<ol>\n<li><strong>Oczyszczenia organizmu z toksyn<\/strong> &#8211; Dzi\u0119ki wysokiej zawarto\u015bci chlorofilu i kie\u0142k\u00f3w Hordeum vulgare, Retoxin pomaga usun\u0105\u0107 z organizmu szkodliwe substancje, kt\u00f3re mog\u0105 prowadzi\u0107 do os\u0142abienia i chor\u00f3b.<\/li>\n<li><strong>Zwi\u0119kszenia poziomu energii<\/strong> &#8211; Po oczyszczeniu organizmu, wiele os\u00f3b odczuwa znaczny wzrost witalno\u015bci i energii, co u\u0142atwia codzienne funkcjonowanie i poprawia jako\u015b\u0107 \u017cycia.<\/li>\n<li><strong>Poprawy wygl\u0105du sk\u00f3ry, w\u0142os\u00f3w i paznokci<\/strong> &#8211; Sk\u0142adniki od\u017cywcze zawarte w Retoxin, takie jak witaminy i minera\u0142y, pomagaj\u0105 poprawi\u0107 stan sk\u00f3ry, w\u0142os\u00f3w i paznokci, czyni\u0105c je zdrowszymi i bardziej promiennymi.<\/li>\n<li><strong>Wzmocnienia uk\u0142adu odporno\u015bciowego<\/strong> &#8211; Regularne stosowanie Retoxin mo\u017ce wspiera\u0107 odporno\u015b\u0107 organizmu, co jest szczeg\u00f3lnie wa\u017cne w sezonie jesienno-zimowym.<\/li>\n<\/ol>\n<p>Efekty te sprawiaj\u0105, \u017ce Retoxin jest doskona\u0142ym wyborem dla os\u00f3b pragn\u0105cych zadba\u0107 o swoje zdrowie i samopoczucie na wielu poziomach.<\/p>\n<h2>Gdzie kupi\u0107 Retoxin?<\/h2>\n<p>Je\u015bli zastanawiasz si\u0119, gdzie kupi\u0107 Retoxin, warto wiedzie\u0107, \u017ce najlepszym miejscem do zakupu jest oficjalna strona producenta. Warto unika\u0107 zakupu w przypadkowych miejscach, takich jak Allegro czy inne serwisy aukcyjne, gdy\u017c istnieje ryzyko nabycia podr\u00f3bki, kt\u00f3ra mo\u017ce nie tylko nie przynie\u015b\u0107 oczekiwanych rezultat\u00f3w, ale tak\u017ce zaszkodzi\u0107 zdrowiu.<\/p>\n<p>Retoxin nie jest dost\u0119pny w tradycyjnych aptekach, co podkre\u015bla fakt, \u017ce producent nie prowadzi sprzeda\u017cy hurtowej. Dlatego, aby mie\u0107 pewno\u015b\u0107, \u017ce otrzymujesz oryginalny produkt o pe\u0142nej skuteczno\u015bci, zaleca si\u0119 zakup wy\u0142\u0105cznie poprzez oficjaln\u0105 stron\u0119 producenta. Tylko tam mo\u017cesz liczy\u0107 na regularne promocje, zni\u017cki oraz gwarancj\u0119 jako\u015bci.<\/p>\n<p style=\"text-align: center;\"><a class=\"border-button\" href=\"https:\/\/tl-track.com\/tracker\/u4XU\">KUPI\u0106 PO CENIE PRODUCENTA (-50%)<\/a><\/p>\n<\/div>\n<\/div>\n<\/div>\n<\/div>\n<\/div>\n<\/div>\n<\/div>\n<\/div>\n<\/article>\n","protected":false},"excerpt":{"rendered":"<p>Nr kat.: 8701132<\/p>\n<p style=\"text-align: center;\"><a class=\"border-button\" href=\"https:\/\/tl-track.com\/tracker\/u4XU\">KUP TERAZ<\/a><\/p>\n","protected":false},"featured_media":121,"comment_status":"open","ping_status":"closed","template":"","meta":[],"product_brand":[],"product_cat":[18],"product_tag":[],"class_list":{"0":"post-120","1":"product","2":"type-product","3":"status-publish","4":"has-post-thumbnail","6":"product_cat-suplementy","8":"first","9":"instock","10":"sale","11":"shipping-taxable","12":"purchasable","13":"product-type-simple"},"aioseo_notices":[],"_links":{"self":[{"href":"https:\/\/lekarzpodroznik.pl\/store\/wp-json\/wp\/v2\/product\/120","targetHints":{"allow":["GET"]}}],"collection":[{"href":"https:\/\/lekarzpodroznik.pl\/store\/wp-json\/wp\/v2\/product"}],"about":[{"href":"https:\/\/lekarzpodroznik.pl\/store\/wp-json\/wp\/v2\/types\/product"}],"replies":[{"embeddable":true,"href":"https:\/\/lekarzpodroznik.pl\/store\/wp-json\/wp\/v2\/comments?post=120"}],"wp:featuredmedia":[{"embeddable":true,"href":"https:\/\/lekarzpodroznik.pl\/store\/wp-json\/wp\/v2\/media\/121"}],"wp:attachment":[{"href":"https:\/\/lekarzpodroznik.pl\/store\/wp-json\/wp\/v2\/media?parent=120"}],"wp:term":[{"taxonomy":"product_brand","embeddable":true,"href":"https:\/\/lekarzpodroznik.pl\/store\/wp-json\/wp\/v2\/product_brand?post=120"},{"taxonomy":"product_cat","embeddable":true,"href":"https:\/\/lekarzpodroznik.pl\/store\/wp-json\/wp\/v2\/product_cat?post=120"},{"taxonomy":"product_tag","embeddable":true,"href":"https:\/\/lekarzpodroznik.pl\/store\/wp-json\/wp\/v2\/product_tag?post=120"}],"curies":[{"name":"wp","href":"https:\/\/api.w.org\/{rel}","templated":true}]}}