{"id":123,"date":"2024-08-27T15:53:34","date_gmt":"2024-08-27T15:53:34","guid":{"rendered":"https:\/\/lekarzpodroznik.pl\/store\/?post_type=product&#038;p=123"},"modified":"2025-03-04T13:40:36","modified_gmt":"2025-03-04T13:40:36","slug":"vigaman","status":"publish","type":"product","link":"https:\/\/lekarzpodroznik.pl\/store\/product\/vigaman\/","title":{"rendered":"Vigaman"},"content":{"rendered":"<p>Vigaman to biotechnologiczny suplement diety w formie wygodnych w u\u017cyciu szipucy tabletki, skierowany przede wszystkim do m\u0119\u017cczyzn, kt\u00f3rzy chc\u0105 kompleksowo dba\u0107 o swoje zdrowie. Tabletki te zosta\u0142y stworzone z my\u015bl\u0105 o wspieraniu m\u0119skiej witalno\u015bci, poprawie sprawno\u015bci fizycznej i psychicznej oraz wsparciu funkcji seksualnych. Dzi\u0119ki innowacyjnej formule, Vigaman stanowi idealne rozwi\u0105zanie dla tych, kt\u00f3rzy szukaj\u0105 skutecznych i bezpiecznych metod poprawy swojego samopoczucia.<\/p>\n<p>Preparat ten jest sklasyfikowany jako biologicznie aktywna suplement diety. Zawiera starannie dobrane sk\u0142adniki, kt\u00f3re pomagaj\u0105 utrzyma\u0107 prawid\u0142owy poziom energii, zmniejsza\u0107 uczucie zm\u0119czenia oraz wspiera\u0107 uk\u0142ad odporno\u015bciowy. Co wi\u0119cej, sk\u0142ad Vigaman wspiera zdrowie reprodukcyjne oraz reguluje poziom testosteronu w organizmie, co jest kluczowe dla zdrowia m\u0119\u017cczyzn.<\/p>\n<p style=\"text-align: center;\"><a class=\"border-button\" href=\"https:\/\/tl-track.com\/tracker\/vvuK\">www.vigaman.pl<\/a><\/p>\n<h2>Wskazania i przeciwwskazania Vigaman<\/h2>\n<p>Vigaman jest dedykowany m\u0119\u017cczyznom, kt\u00f3rzy chc\u0105 zadba\u0107 o swoj\u0105 kondycj\u0119 fizyczn\u0105, psychiczn\u0105 oraz seksualn\u0105. Wskazania do stosowania tego suplementu obejmuj\u0105:<\/p>\n<ul>\n<li><strong>Wspomaganie funkcji seksualnych<\/strong>: Zawarte w sk\u0142adzie sk\u0142adniki, takie jak ekstrakt z korzenia maca oraz Tribulus terrestris, pomagaj\u0105 w utrzymaniu prawid\u0142owej potencji oraz witalno\u015bci.<\/li>\n<li><strong>Wsparcie dla wytrzyma\u0142o\u015bci i kondycji fizycznej<\/strong>: Rhodiola rosea oraz ekstrakt z korzenia \u017ce\u0144-szenia wspieraj\u0105 wytrzyma\u0142o\u015b\u0107 organizmu, zwi\u0119kszaj\u0105c jego odporno\u015b\u0107 na stres i zm\u0119czenie.<\/li>\n<li><strong>Poprawa og\u00f3lnego samopoczucia<\/strong>: Kombinacja witamin i minera\u0142\u00f3w pomaga w walce z uczuciem zm\u0119czenia, a tak\u017ce wspiera funkcje poznawcze.<\/li>\n<\/ul>\n<h3>Przeciwwskazania<\/h3>\n<p>Chocia\u017c Vigaman jest produktem bezpiecznym dla wi\u0119kszo\u015bci u\u017cytkownik\u00f3w, istniej\u0105 pewne przeciwwskazania do jego stosowania:<\/p>\n<ul>\n<li><strong>Nadwra\u017cliwo\u015b\u0107 na kt\u00f3rykolwiek sk\u0142adnik suplementu<\/strong>: Osoby z alergi\u0105 na sk\u0142adniki aktywne powinny unika\u0107 tego produktu.<\/li>\n<li><strong>Problemy z sercem<\/strong>: Ze wzgl\u0119du na obecno\u015b\u0107 kofeiny, osoby z problemami kardiologicznymi powinny skonsultowa\u0107 si\u0119 z lekarzem przed rozpocz\u0119ciem stosowania.<\/li>\n<li><strong>Zaburzenia ci\u015bnienia krwi<\/strong>: Produkt mo\u017ce nie by\u0107 odpowiedni dla os\u00f3b z niekontrolowanym nadci\u015bnieniem.<\/li>\n<\/ul>\n<h2>Sk\u0142ad Vigaman &#8211; skuteczne sk\u0142adniki<\/h2>\n<p>Vigaman zawiera starannie dobran\u0105 kompozycj\u0119 sk\u0142adnik\u00f3w, kt\u00f3re wsp\u00f3lnie dzia\u0142aj\u0105 na popraw\u0119 m\u0119skiego zdrowia. Oto kluczowe sk\u0142adniki Vigaman i ich dzia\u0142anie:<\/p>\n<table>\n<thead>\n<tr>\n<th><strong>Sk\u0142adnik<\/strong><\/th>\n<th><strong>Dzia\u0142anie<\/strong><\/th>\n<\/tr>\n<\/thead>\n<tbody>\n<tr>\n<td><strong>Ekstrakt z korzenia maca<\/strong><\/td>\n<td>Wspiera funkcje seksualne, poprawia witalno\u015b\u0107 i wytrzyma\u0142o\u015b\u0107.<\/td>\n<\/tr>\n<tr>\n<td><strong>L-arginina<\/strong><\/td>\n<td>Wspomaga produkcj\u0119 tlenku azotu, poprawiaj\u0105c przep\u0142yw krwi i wydolno\u015b\u0107 fizyczn\u0105.<\/td>\n<\/tr>\n<tr>\n<td><strong>Ekstrakt z korzenia \u017ce\u0144-szenia<\/strong><\/td>\n<td>Zwi\u0119ksza energi\u0119, poprawia funkcje poznawcze i wspiera odporno\u015b\u0107 organizmu.<\/td>\n<\/tr>\n<tr>\n<td><strong>Rhodiola rosea<\/strong><\/td>\n<td>Zmniejsza zm\u0119czenie, poprawia kondycj\u0119 psychiczn\u0105 i fizyczn\u0105.<\/td>\n<\/tr>\n<tr>\n<td><strong>Tauryna<\/strong><\/td>\n<td>Wspiera prac\u0119 serca, dzia\u0142a antyoksydacyjnie.<\/td>\n<\/tr>\n<tr>\n<td><strong>Cynk<\/strong><\/td>\n<td>Wspiera zdrowie reprodukcyjne, reguluje poziom testosteronu.<\/td>\n<\/tr>\n<tr>\n<td><strong>Selen<\/strong><\/td>\n<td>Pomaga w produkcji plemnik\u00f3w, wspiera uk\u0142ad odporno\u015bciowy.<\/td>\n<\/tr>\n<tr>\n<td><strong>Witamina B6<\/strong><\/td>\n<td>Zmniejsza uczucie zm\u0119czenia, wspiera metabolizm energetyczny.<\/td>\n<\/tr>\n<\/tbody>\n<\/table>\n<p>Ka\u017cdy z tych sk\u0142adnik\u00f3w zosta\u0142 starannie wyselekcjonowany, aby wsp\u00f3lnie tworzy\u0107 produkt, kt\u00f3ry realnie wp\u0142ywa na popraw\u0119 jako\u015bci \u017cycia m\u0119\u017cczyzn.<\/p>\n<h2>Efekty stosowania &#8211; dzia\u0142anie tabletek Vigaman<\/h2>\n<p>Stosowanie Vigaman mo\u017ce przynie\u015b\u0107 wiele korzy\u015bci zdrowotnych, zw\u0142aszcza w obszarze poprawy og\u00f3lnej kondycji i samopoczucia. Oto najwa\u017cniejsze efekty, kt\u00f3rych mo\u017cna oczekiwa\u0107 po regularnym stosowaniu tego suplementu:<\/p>\n<ol>\n<li><strong>Zwi\u0119kszona witalno\u015b\u0107<\/strong>: Dzi\u0119ki ekstraktowi z korzenia maca oraz L-argininie, u\u017cytkownicy mog\u0105 odczuwa\u0107 wzrost energii i popraw\u0119 og\u00f3lnej wytrzyma\u0142o\u015bci.<\/li>\n<li><strong>Poprawa funkcji seksualnych<\/strong>: Sk\u0142adniki takie jak Tribulus terrestris oraz selen wspomagaj\u0105 zdrowie seksualne, pomagaj\u0105c w utrzymaniu prawid\u0142owej potencji.<\/li>\n<li><strong>Zmniejszenie uczucia zm\u0119czenia<\/strong>: Witamina B6 oraz Rhodiola rosea skutecznie zmniejszaj\u0105 uczucie zm\u0119czenia, co pozwala na lepsze funkcjonowanie na co dzie\u0144.<\/li>\n<li><strong>Wsparcie dla uk\u0142adu odporno\u015bciowego<\/strong>: Selen oraz \u017ce\u0144-sze\u0144 wzmacniaj\u0105 naturalne mechanizmy obronne organizmu, pomagaj\u0105c w utrzymaniu zdrowia.<\/li>\n<\/ol>\n<h2>Gdzie kupi\u0107 Vigaman?<\/h2>\n<p>Zakup Vigaman to kluczowy krok w dbaniu o swoje zdrowie, jednak warto wiedzie\u0107, gdzie najlepiej dokona\u0107 zakupu. Cho\u0107 produkt ten nie jest dost\u0119pny w stacjonarnych aptekach, mo\u017cna go naby\u0107 przez internet. Zastanawiaj\u0105c si\u0119, gdzie kupi\u0107 Vigaman, warto rozwa\u017cy\u0107 nast\u0119puj\u0105ce opcje:<\/p>\n<ul>\n<li><strong>Zakup u producenta<\/strong>: Najbezpieczniejsz\u0105 i najkorzystniejsz\u0105 opcj\u0105 jest zakup bezpo\u015brednio na oficjalnej stronie producenta. To gwarantuje oryginalno\u015b\u0107 produktu oraz mo\u017cliwo\u015b\u0107 skorzystania z promocji i rabat\u00f3w.<\/li>\n<li><strong>Zakupy na Allegro<\/strong>: Vigaman mo\u017cna znale\u017a\u0107 tak\u017ce na popularnych platformach zakupowych, takich jak Allegro, jednak warto upewni\u0107 si\u0119, \u017ce produkt pochodzi od zaufanego sprzedawcy.<\/li>\n<li><strong>Sklepy internetowe<\/strong>: Niekt\u00f3re apteki internetowe mog\u0105 oferowa\u0107 Vigaman, ale kluczowe jest, aby wybiera\u0107 sprawdzone \u017ar\u00f3d\u0142a, kt\u00f3re gwarantuj\u0105 jako\u015b\u0107 i oryginalno\u015b\u0107 produktu.<\/li>\n<\/ul>\n<p style=\"text-align: center;\"><a class=\"border-button\" href=\"https:\/\/tl-track.com\/tracker\/vvuK\">KUPI\u0106 PO CENIE PRODUCENTA (-50%)<\/a><\/p>\n","protected":false},"excerpt":{"rendered":"<p>Nr kat.: 870871<\/p>\n<p style=\"text-align: center;\"><a class=\"border-button\" href=\"https:\/\/tl-track.com\/tracker\/vvuK\">KUP TERAZ<\/a><\/p>\n","protected":false},"featured_media":124,"comment_status":"open","ping_status":"closed","template":"","meta":[],"product_brand":[],"product_cat":[18],"product_tag":[],"class_list":{"0":"post-123","1":"product","2":"type-product","3":"status-publish","4":"has-post-thumbnail","6":"product_cat-suplementy","8":"first","9":"instock","10":"sale","11":"shipping-taxable","12":"purchasable","13":"product-type-simple"},"aioseo_notices":[],"_links":{"self":[{"href":"https:\/\/lekarzpodroznik.pl\/store\/wp-json\/wp\/v2\/product\/123","targetHints":{"allow":["GET"]}}],"collection":[{"href":"https:\/\/lekarzpodroznik.pl\/store\/wp-json\/wp\/v2\/product"}],"about":[{"href":"https:\/\/lekarzpodroznik.pl\/store\/wp-json\/wp\/v2\/types\/product"}],"replies":[{"embeddable":true,"href":"https:\/\/lekarzpodroznik.pl\/store\/wp-json\/wp\/v2\/comments?post=123"}],"wp:featuredmedia":[{"embeddable":true,"href":"https:\/\/lekarzpodroznik.pl\/store\/wp-json\/wp\/v2\/media\/124"}],"wp:attachment":[{"href":"https:\/\/lekarzpodroznik.pl\/store\/wp-json\/wp\/v2\/media?parent=123"}],"wp:term":[{"taxonomy":"product_brand","embeddable":true,"href":"https:\/\/lekarzpodroznik.pl\/store\/wp-json\/wp\/v2\/product_brand?post=123"},{"taxonomy":"product_cat","embeddable":true,"href":"https:\/\/lekarzpodroznik.pl\/store\/wp-json\/wp\/v2\/product_cat?post=123"},{"taxonomy":"product_tag","embeddable":true,"href":"https:\/\/lekarzpodroznik.pl\/store\/wp-json\/wp\/v2\/product_tag?post=123"}],"curies":[{"name":"wp","href":"https:\/\/api.w.org\/{rel}","templated":true}]}}