{"id":1274,"date":"2025-05-14T12:13:03","date_gmt":"2025-05-14T12:13:03","guid":{"rendered":"https:\/\/lekarzpodroznik.pl\/store\/?post_type=product&#038;p=1274"},"modified":"2025-05-14T12:13:04","modified_gmt":"2025-05-14T12:13:04","slug":"unourol","status":"publish","type":"product","link":"https:\/\/lekarzpodroznik.pl\/store\/product\/unourol\/","title":{"rendered":"Unourol"},"content":{"rendered":"<p class=\"\" data-start=\"45\" data-end=\"396\">Unourol to nowoczesny suplement diety w formie \u0142atwych do po\u0142kni\u0119cia kapsu\u0142ek, stworzony z my\u015bl\u0105 o wsparciu m\u0119skiego uk\u0142adu moczowo-p\u0142ciowego. Preparat nale\u017cy do grupy naturalnych \u015brodk\u00f3w wspomagaj\u0105cych leczenie stan\u00f3w zapalnych gruczo\u0142u krokowego. Dzi\u0119ki starannie dobranym ekstraktom ro\u015blinnym i sk\u0142adnikom o potwierdzonym dzia\u0142aniu, Unourol pomaga:<\/p>\n<ul data-start=\"398\" data-end=\"529\">\n<li class=\"\" data-start=\"398\" data-end=\"436\">\n<p class=\"\" data-start=\"400\" data-end=\"436\">przywr\u00f3ci\u0107 komfort podczas mikcji,<\/p>\n<\/li>\n<li class=\"\" data-start=\"437\" data-end=\"489\">\n<p class=\"\" data-start=\"439\" data-end=\"489\">zmniejszy\u0107 b\u00f3le w obr\u0119bie dolnej cz\u0119\u015bci brzucha,<\/p>\n<\/li>\n<li class=\"\" data-start=\"490\" data-end=\"529\">\n<p class=\"\" data-start=\"492\" data-end=\"529\">wspiera\u0107 prawid\u0142ow\u0105 prac\u0119 prostaty.<\/p>\n<\/li>\n<\/ul>\n<p class=\"\" data-start=\"531\" data-end=\"778\">Kapsu\u0142ki Unourol zosta\u0142y zaprojektowane tak, aby u\u0142atwi\u0107 codzienne spo\u017cycie i maksymalizowa\u0107 biodost\u0119pno\u015b\u0107 substancji aktywnych. Dzi\u0119ki kompaktowej formie i neutralnemu smakowi, s\u0105 dyskretne i wygodne w stosowaniu, nawet w intensywnym rytmie dnia.<\/p>\n<h2 class=\"\" data-start=\"780\" data-end=\"819\">Wskazania i przeciwwskazania Unourol<\/h2>\n<p class=\"\" data-start=\"821\" data-end=\"885\">Unourol przeznaczony jest przede wszystkim dla m\u0119\u017cczyzn, kt\u00f3rzy:<\/p>\n<ul data-start=\"887\" data-end=\"1105\">\n<li class=\"\" data-start=\"887\" data-end=\"943\">\n<p class=\"\" data-start=\"889\" data-end=\"943\">cierpi\u0105 z powodu \u0142agodnego przerostu prostaty (\u0141NP),<\/p>\n<\/li>\n<li class=\"\" data-start=\"944\" data-end=\"1007\">\n<p class=\"\" data-start=\"946\" data-end=\"1007\">do\u015bwiadczaj\u0105 cz\u0119stych wizyt w toalecie, szczeg\u00f3lnie w nocy,<\/p>\n<\/li>\n<li class=\"\" data-start=\"1008\" data-end=\"1054\">\n<p class=\"\" data-start=\"1010\" data-end=\"1054\">odczuwaj\u0105 dyskomfort przy oddawaniu moczu,<\/p>\n<\/li>\n<li class=\"\" data-start=\"1055\" data-end=\"1105\">\n<p class=\"\" data-start=\"1057\" data-end=\"1105\">chc\u0105 wspom\u00f3c naturalne procesy przeciwzapalne.<\/p>\n<\/li>\n<\/ul>\n<p class=\"\" data-start=\"1107\" data-end=\"1168\"><strong data-start=\"1107\" data-end=\"1127\">Przeciwwskazania<\/strong> do stosowania kapsu\u0142ek Unourol obejmuj\u0105:<\/p>\n<ul data-start=\"1170\" data-end=\"1421\">\n<li class=\"\" data-start=\"1170\" data-end=\"1219\">\n<p class=\"\" data-start=\"1172\" data-end=\"1219\">uczulenie na kt\u00f3rykolwiek sk\u0142adnik preparatu,<\/p>\n<\/li>\n<li class=\"\" data-start=\"1220\" data-end=\"1293\">\n<p class=\"\" data-start=\"1222\" data-end=\"1293\">choroby nowotworowe prostaty lub podejrzenie raka gruczo\u0142u krokowego,<\/p>\n<\/li>\n<li class=\"\" data-start=\"1294\" data-end=\"1381\">\n<p class=\"\" data-start=\"1296\" data-end=\"1381\">przyjmowanie lek\u00f3w przeciwzakrzepowych (ze wzgl\u0119du na zawarto\u015b\u0107 wyci\u0105g\u00f3w z ro\u015blin),<\/p>\n<\/li>\n<li class=\"\" data-start=\"1382\" data-end=\"1421\">\n<p class=\"\" data-start=\"1384\" data-end=\"1421\">ci\u0119\u017ckie schorzenia w\u0105troby i nerek.<\/p>\n<\/li>\n<\/ul>\n<p class=\"\" data-start=\"1423\" data-end=\"1596\">Przed rozpocz\u0119ciem suplementacji zaleca si\u0119 konsultacj\u0119 z urologiem, zw\u0142aszcza gdy wyst\u0119puj\u0105 powa\u017cne dolegliwo\u015bci uk\u0142adu moczowego lub wsp\u00f3\u0142istniej\u0105 inne choroby przewlek\u0142e.<\/p>\n<p style=\"text-align: center;\" data-start=\"1423\" data-end=\"1596\"><a class=\"border-button\" href=\"https:\/\/keonv.com\/Dz7S?sub1=sub1&amp;sub2=sub2&amp;sub3=sub3&amp;sub4=sub4&amp;sub5=sub5\">www.unourol.pl<\/a><\/p>\n<h2 class=\"\" data-start=\"1598\" data-end=\"1636\">Sk\u0142ad Unourol &#8211; skuteczne sk\u0142adniki<\/h2>\n<p class=\"\" data-start=\"1638\" data-end=\"1769\">Unourol to unikalne po\u0142\u0105czenie ekstrakt\u00f3w zio\u0142owych i witamin, kt\u00f3re w synergii wspieraj\u0105 zdrowie prostaty. Kluczowe komponenty to:<\/p>\n<div class=\"_tableContainer_16hzy_1\">\n<div class=\"_tableWrapper_16hzy_14 group flex w-fit flex-col-reverse\" tabindex=\"-1\">\n<table class=\"w-fit min-w-(--thread-content-width)\" data-start=\"1771\" data-end=\"2477\">\n<thead data-start=\"1771\" data-end=\"1839\">\n<tr data-start=\"1771\" data-end=\"1839\">\n<th data-start=\"1771\" data-end=\"1798\" data-col-size=\"md\">Sk\u0142adnik<\/th>\n<th data-start=\"1798\" data-end=\"1839\" data-col-size=\"md\">Dzia\u0142anie<\/th>\n<\/tr>\n<\/thead>\n<tbody data-start=\"1910\" data-end=\"2477\">\n<tr data-start=\"1910\" data-end=\"2033\">\n<td data-start=\"1910\" data-end=\"1956\" data-col-size=\"md\">Ekstrakt z palmy saba\u0142owej (Serenoa repens)<\/td>\n<td data-col-size=\"md\" data-start=\"1956\" data-end=\"2033\">Hamuje konwersj\u0119 testosteronu do DHT, zmniejsza obrz\u0119k gruczo\u0142u krokowego<\/td>\n<\/tr>\n<tr data-start=\"2034\" data-end=\"2152\">\n<td data-start=\"2034\" data-end=\"2083\" data-col-size=\"md\">Ekstrakt z pokrzywy zwyczajnej (Urtica dioica)<\/td>\n<td data-start=\"2083\" data-end=\"2152\" data-col-size=\"md\">Dzia\u0142a przeciwzapalnie, \u0142agodzi dolegliwo\u015bci dr\u00f3g moczowych<\/td>\n<\/tr>\n<tr data-start=\"2153\" data-end=\"2248\">\n<td data-start=\"2153\" data-end=\"2180\" data-col-size=\"md\">Cynk<\/td>\n<td data-start=\"2180\" data-end=\"2248\" data-col-size=\"md\">Wzmacnia odporno\u015b\u0107, reguluje prac\u0119 hormon\u00f3w p\u0142ciowych<\/td>\n<\/tr>\n<tr data-start=\"2249\" data-end=\"2362\">\n<td data-start=\"2249\" data-end=\"2276\" data-col-size=\"md\">Witamina D3<\/td>\n<td data-start=\"2276\" data-end=\"2362\" data-col-size=\"md\">Wspiera funkcj\u0119 uk\u0142adu immunologicznego, korzystnie wp\u0142ywa na r\u00f3wnowag\u0119 hormonaln\u0105<\/td>\n<\/tr>\n<tr data-start=\"2363\" data-end=\"2477\">\n<td data-start=\"2363\" data-end=\"2390\" data-col-size=\"md\">Ekstrakt z pestek dyni<\/td>\n<td data-col-size=\"md\" data-start=\"2390\" data-end=\"2477\">\u0179r\u00f3d\u0142o fitosteroli, dzia\u0142a moczop\u0119dnie, wspomaga drena\u017c narz\u0105d\u00f3w miednicy mniejszej<\/td>\n<\/tr>\n<\/tbody>\n<\/table>\n<div class=\"sticky end-(--thread-content-margin) h-0 self-end select-none\">\n<div class=\"absolute end-0 flex items-end\"><\/div>\n<\/div>\n<\/div>\n<\/div>\n<h3 class=\"\" data-start=\"2479\" data-end=\"2514\">Dodatkowe substancje pomocnicze<\/h3>\n<ul data-start=\"2516\" data-end=\"2589\">\n<li class=\"\" data-start=\"2516\" data-end=\"2546\">\n<p class=\"\" data-start=\"2518\" data-end=\"2546\">Celuloza mikrokrystaliczna<\/p>\n<\/li>\n<li class=\"\" data-start=\"2547\" data-end=\"2568\">\n<p class=\"\" data-start=\"2549\" data-end=\"2568\">Magnez stearynian<\/p>\n<\/li>\n<li class=\"\" data-start=\"2569\" data-end=\"2589\">\n<p class=\"\" data-start=\"2571\" data-end=\"2589\">Subsylkat krzemu<\/p>\n<\/li>\n<\/ul>\n<p class=\"\" data-start=\"2591\" data-end=\"2747\">Dzi\u0119ki po\u0142\u0105czeniu tych sk\u0142adnik\u00f3w Unourol mo\u017ce wspiera\u0107 redukcj\u0119 stan\u00f3w zapalnych oraz sprzyja\u0107 utrzymaniu prawid\u0142owych funkcji prostaty i uk\u0142adu moczowego.<\/p>\n<h2 class=\"\" data-start=\"2749\" data-end=\"2798\">Efekty stosowania &#8211; dzia\u0142anie kapsu\u0142ek Unourol<\/h2>\n<p class=\"\" data-start=\"2800\" data-end=\"2899\">Regularne stosowanie kapsu\u0142ek Unourol przynosi szereg korzy\u015bci, widocznych ju\u017c po kilku tygodniach:<\/p>\n<ol data-start=\"2901\" data-end=\"3422\">\n<li class=\"\" data-start=\"2901\" data-end=\"3036\">\n<p class=\"\" data-start=\"2904\" data-end=\"3036\"><strong data-start=\"2904\" data-end=\"2947\">Redukcja cz\u0119stotliwo\u015bci oddawania moczu<\/strong><br data-start=\"2947\" data-end=\"2950\" \/>\u2013 zmniejszenie nocnych wybudze\u0144,<br data-start=\"2985\" data-end=\"2988\" \/>\u2013 d\u0142u\u017csze przerwy mi\u0119dzy wizytami w toalecie.<\/p>\n<\/li>\n<li class=\"\" data-start=\"3038\" data-end=\"3147\">\n<p class=\"\" data-start=\"3041\" data-end=\"3147\"><strong data-start=\"3041\" data-end=\"3073\">Wygaszenie objaw\u00f3w zapalenia<\/strong><br data-start=\"3073\" data-end=\"3076\" \/>\u2013 mniejsze b\u00f3le i pieczenie,<br data-start=\"3107\" data-end=\"3110\" \/>\u2013 poprawa komfortu podczas mikcji.<\/p>\n<\/li>\n<li class=\"\" data-start=\"3149\" data-end=\"3280\">\n<p class=\"\" data-start=\"3152\" data-end=\"3280\"><strong data-start=\"3152\" data-end=\"3189\">Wspomaganie r\u00f3wnowagi hormonalnej<\/strong><br data-start=\"3189\" data-end=\"3192\" \/>\u2013 stabilizacja poziomu testosteronu,<br data-start=\"3231\" data-end=\"3234\" \/>\u2013 profilaktyka rozrostu gruczo\u0142u krokowego.<\/p>\n<\/li>\n<li class=\"\" data-start=\"3282\" data-end=\"3422\">\n<p class=\"\" data-start=\"3285\" data-end=\"3422\"><strong data-start=\"3285\" data-end=\"3334\">Wzmocnienie naturalnych mechanizm\u00f3w obronnych<\/strong><br data-start=\"3334\" data-end=\"3337\" \/>\u2013 wi\u0119ksza odporno\u015b\u0107 na infekcje dr\u00f3g moczowych,<br data-start=\"3387\" data-end=\"3390\" \/>\u2013 szybsza regeneracja tkanek.<\/p>\n<\/li>\n<\/ol>\n<blockquote data-start=\"3424\" data-end=\"3845\">\n<p class=\"\" data-start=\"3426\" data-end=\"3455\"><strong data-start=\"3426\" data-end=\"3453\">Tabela efekt\u00f3w w czasie<\/strong><\/p>\n<p class=\"\" data-start=\"3462\" data-end=\"3532\">| Czas stosowania | Oczekiwane zmiany |<\/p>\n<blockquote data-start=\"3535\" data-end=\"3845\">\n<p class=\"\" data-start=\"3536\" data-end=\"3845\">|&#8212;&#8212;&#8212;&#8212;&#8212;-|&#8212;&#8212;&#8212;&#8212;&#8212;&#8212;&#8212;&#8212;&#8212;&#8212;&#8212;&#8212;&#8212;&#8212;&#8212;&#8212;&#8211;|<br \/>\n| 2\u20134 tygodnie | Pierwsze ulgi w oddawaniu moczu, mniejsze dolegliwo\u015bci b\u00f3lowe |<br \/>\n| 5\u20138 tygodni | Wyra\u017ana poprawa komfortu, rzadsze wizyty w toalecie |<br \/>\n| 9\u201312 tygodni | Utrwalenie pozytywnych efekt\u00f3w, profilaktyka nawrot\u00f3w |<\/p>\n<\/blockquote>\n<\/blockquote>\n<h3 class=\"\" data-start=\"3847\" data-end=\"3881\">Zalecenia dotycz\u0105ce stosowania<\/h3>\n<ul data-start=\"3883\" data-end=\"4158\">\n<li class=\"\" data-start=\"3883\" data-end=\"3947\">\n<p class=\"\" data-start=\"3885\" data-end=\"3947\">Przyjmowa\u0107 1\u20132 kapsu\u0142ki dziennie, najlepiej podczas posi\u0142ku.<\/p>\n<\/li>\n<li class=\"\" data-start=\"3948\" data-end=\"4049\">\n<p class=\"\" data-start=\"3950\" data-end=\"4049\">Pij co najmniej 1,5 litra wody dziennie, aby wspiera\u0107 proces detoksykacji i dzia\u0142anie moczop\u0119dne.<\/p>\n<\/li>\n<li class=\"\" data-start=\"4050\" data-end=\"4158\">\n<p class=\"\" data-start=\"4052\" data-end=\"4158\">Minimalny czas kuracji: 2 miesi\u0105ce. Dla utrzymania efekt\u00f3w mo\u017cna kontynuowa\u0107 suplementacj\u0119 wed\u0142ug potrzeb.<\/p>\n<\/li>\n<\/ul>\n<p style=\"text-align: center;\"><a class=\"border-button\" href=\"https:\/\/keonv.com\/Dz7S?sub1=sub1&amp;sub2=sub2&amp;sub3=sub3&amp;sub4=sub4&amp;sub5=sub5\">KUPI\u0106 PO CENIE PRODUCENTA (-50%)<\/a><\/p>\n<hr class=\"\" data-start=\"4160\" data-end=\"4163\" \/>\n<p class=\"\" data-start=\"4165\" data-end=\"4759\">Unourol, dzi\u0119ki bogatej formule opartej na naturalnych ekstraktach, stanowi wszechstronne wsparcie w walce ze stanami zapalnymi prostaty. Dzi\u0119ki po\u0142\u0105czeniu ekstraktu z palmy saba\u0142owej, pokrzywy, pestek dyni oraz kompleksowi cynku i witaminy D3, preparat skutecznie zapobiega uci\u0105\u017cliwym objawom i wspomaga zdrowie m\u0119\u017cczyzn. Regularne stosowanie przynosi wymierne korzy\u015bci, a przyjemna forma kapsu\u0142ek u\u0142atwia codzienn\u0105 suplementacj\u0119. Je\u015bli zale\u017cy Ci na kompleksowym podej\u015bciu do problem\u00f3w prostaty, Unourol mo\u017ce by\u0107 rozwi\u0105zaniem, kt\u00f3re dostarczy ulg\u0119 i przywr\u00f3ci pewno\u015b\u0107 siebie w ka\u017cdej sytuacji.<\/p>\n","protected":false},"excerpt":{"rendered":"<p>Nr kat.: 870874026<\/p>\n<p style=\"text-align: center;\"><a class=\"border-button\" href=\"https:\/\/keonv.com\/Dz7S?sub1=sub1&amp;sub2=sub2&amp;sub3=sub3&amp;sub4=sub4&amp;sub5=sub5\">KUP TERAZ<\/a><\/p>\n","protected":false},"featured_media":1275,"comment_status":"open","ping_status":"closed","template":"","meta":[],"product_brand":[],"product_cat":[18],"product_tag":[],"class_list":{"0":"post-1274","1":"product","2":"type-product","3":"status-publish","4":"has-post-thumbnail","6":"product_cat-suplementy","8":"first","9":"instock","10":"sale","11":"shipping-taxable","12":"purchasable","13":"product-type-simple"},"aioseo_notices":[],"_links":{"self":[{"href":"https:\/\/lekarzpodroznik.pl\/store\/wp-json\/wp\/v2\/product\/1274","targetHints":{"allow":["GET"]}}],"collection":[{"href":"https:\/\/lekarzpodroznik.pl\/store\/wp-json\/wp\/v2\/product"}],"about":[{"href":"https:\/\/lekarzpodroznik.pl\/store\/wp-json\/wp\/v2\/types\/product"}],"replies":[{"embeddable":true,"href":"https:\/\/lekarzpodroznik.pl\/store\/wp-json\/wp\/v2\/comments?post=1274"}],"wp:featuredmedia":[{"embeddable":true,"href":"https:\/\/lekarzpodroznik.pl\/store\/wp-json\/wp\/v2\/media\/1275"}],"wp:attachment":[{"href":"https:\/\/lekarzpodroznik.pl\/store\/wp-json\/wp\/v2\/media?parent=1274"}],"wp:term":[{"taxonomy":"product_brand","embeddable":true,"href":"https:\/\/lekarzpodroznik.pl\/store\/wp-json\/wp\/v2\/product_brand?post=1274"},{"taxonomy":"product_cat","embeddable":true,"href":"https:\/\/lekarzpodroznik.pl\/store\/wp-json\/wp\/v2\/product_cat?post=1274"},{"taxonomy":"product_tag","embeddable":true,"href":"https:\/\/lekarzpodroznik.pl\/store\/wp-json\/wp\/v2\/product_tag?post=1274"}],"curies":[{"name":"wp","href":"https:\/\/api.w.org\/{rel}","templated":true}]}}