{"id":1280,"date":"2025-05-29T09:52:09","date_gmt":"2025-05-29T09:52:09","guid":{"rendered":"https:\/\/lekarzpodroznik.pl\/store\/?post_type=product&#038;p=1280"},"modified":"2025-05-29T11:25:01","modified_gmt":"2025-05-29T11:25:01","slug":"cellufini-cream","status":"publish","type":"product","link":"https:\/\/lekarzpodroznik.pl\/store\/product\/cellufini-cream\/","title":{"rendered":"Cellufini cream"},"content":{"rendered":"<p data-start=\"282\" data-end=\"976\">Cellulit, znany tak\u017ce jako \u201esk\u00f3rka pomara\u0144czowa\u201d, to problem, z kt\u00f3rym boryka si\u0119 nawet 90% kobiet. Pragnienie posiadania g\u0142adkiej, j\u0119drnej sk\u00f3ry sprawia, \u017ce na rynku pojawia si\u0119 coraz wi\u0119cej produkt\u00f3w kosmetycznych walcz\u0105cych z tym defektem. Jednym z nich jest <strong data-start=\"544\" data-end=\"586\">Cellufini \u2013 krem przeciwko cellulitowi<\/strong>. W tym artykule przedstawiamy szczeg\u00f3\u0142owy, rozszerzony przegl\u0105d tego preparatu, jego sk\u0142ad, wskazania, przeciwwskazania oraz efekty stosowania.<\/p>\n<hr data-start=\"978\" data-end=\"981\" \/>\n<h2 data-start=\"983\" data-end=\"1028\">Co to jest Cellufini: forma wydania, grupa<\/h2>\n<p data-start=\"1030\" data-end=\"1225\"><strong data-start=\"1030\" data-end=\"1043\">Cellufini<\/strong> to innowacyjny krem antycellulitowy przeznaczony do u\u017cytku zewn\u0119trznego. Preparat jest dost\u0119pny w wygodnej, higienicznej tubie, dzi\u0119ki czemu jego aplikacja jest prosta i komfortowa.<\/p>\n<p data-start=\"1227\" data-end=\"1245\"><strong>Grupa docelowa<\/strong><\/p>\n<p data-start=\"1247\" data-end=\"1288\">Produkt dedykowany jest przede wszystkim:<\/p>\n<ul data-start=\"1289\" data-end=\"1570\">\n<li data-start=\"1289\" data-end=\"1354\">\n<p data-start=\"1291\" data-end=\"1354\">Kobietom w ka\u017cdym wieku, zmagaj\u0105cym si\u0119 z widocznym cellulitem,<\/p>\n<\/li>\n<li data-start=\"1355\" data-end=\"1392\">\n<p data-start=\"1357\" data-end=\"1392\">Osobom o obni\u017conej j\u0119drno\u015bci sk\u00f3ry,<\/p>\n<\/li>\n<li data-start=\"1393\" data-end=\"1473\">\n<p data-start=\"1395\" data-end=\"1473\">Osobom prowadz\u0105cym siedz\u0105cy tryb \u017cycia lub po gwa\u0142townych zmianach masy cia\u0142a,<\/p>\n<\/li>\n<li data-start=\"1474\" data-end=\"1570\">\n<p data-start=\"1476\" data-end=\"1570\">Wszystkim, kt\u00f3rzy pragn\u0105 poprawi\u0107 wygl\u0105d swojej sk\u00f3ry i zredukowa\u0107 tzw. \u201esk\u00f3rk\u0119 pomara\u0144czow\u0105\u201d.<\/p>\n<\/li>\n<\/ul>\n<p data-start=\"1572\" data-end=\"1687\">Krem jest przeznaczony do stosowania na uda, po\u015bladki, brzuch oraz inne partie cia\u0142a dotkni\u0119te problemem cellulitu.<\/p>\n<hr data-start=\"1689\" data-end=\"1692\" \/>\n<h2 data-start=\"1694\" data-end=\"1735\">Wskazania i przeciwwskazania Cellufini<\/h2>\n<p data-start=\"1737\" data-end=\"1985\"><strong data-start=\"1737\" data-end=\"1750\">Cellufini<\/strong> jest polecany do codziennej piel\u0119gnacji sk\u00f3ry z tendencj\u0105 do cellulitu. Mo\u017ce by\u0107 stosowany zar\u00f3wno profilaktycznie, jak i w przypadku ju\u017c widocznych zmian. Krem poprawia mikrokr\u0105\u017cenie, nawil\u017ca, napina sk\u00f3r\u0119 i wspomaga jej regeneracj\u0119.<\/p>\n<p data-start=\"1987\" data-end=\"2025\"><strong>Wskazania do stosowania Cellufini:<\/strong><\/p>\n<ol data-start=\"2026\" data-end=\"2310\">\n<li data-start=\"2026\" data-end=\"2092\">\n<p data-start=\"2029\" data-end=\"2092\">Widoczne nier\u00f3wno\u015bci i wg\u0142\u0119bienia sk\u00f3ry (\u201esk\u00f3rka pomara\u0144czowa\u201d)<\/p>\n<\/li>\n<li data-start=\"2093\" data-end=\"2134\">\n<p data-start=\"2096\" data-end=\"2134\">Utrata j\u0119drno\u015bci i elastyczno\u015bci sk\u00f3ry<\/p>\n<\/li>\n<li data-start=\"2135\" data-end=\"2158\">\n<p data-start=\"2138\" data-end=\"2158\">Sk\u00f3ra sucha i matowa<\/p>\n<\/li>\n<li data-start=\"2159\" data-end=\"2212\">\n<p data-start=\"2162\" data-end=\"2212\">Potrzeba poprawy mikrokr\u0105\u017cenia w tkance podsk\u00f3rnej<\/p>\n<\/li>\n<li data-start=\"2213\" data-end=\"2259\">\n<p data-start=\"2216\" data-end=\"2259\">Po zmianach masy cia\u0142a (odchudzanie, ci\u0105\u017ca)<\/p>\n<\/li>\n<li data-start=\"2260\" data-end=\"2310\">\n<p data-start=\"2263\" data-end=\"2310\">Ch\u0119\u0107 poprawy wygl\u0105du n\u00f3g, po\u015bladk\u00f3w czy brzucha<\/p>\n<\/li>\n<\/ol>\n<p data-start=\"2312\" data-end=\"2333\"><strong>Przeciwwskazania:<\/strong><\/p>\n<ul data-start=\"2334\" data-end=\"2568\">\n<li data-start=\"2334\" data-end=\"2384\">\n<p data-start=\"2336\" data-end=\"2384\">Uczulenie na kt\u00f3rykolwiek ze sk\u0142adnik\u00f3w produktu<\/p>\n<\/li>\n<li data-start=\"2385\" data-end=\"2420\">\n<p data-start=\"2387\" data-end=\"2420\">Otwarte rany, stany zapalne sk\u00f3ry<\/p>\n<\/li>\n<li data-start=\"2421\" data-end=\"2490\">\n<p data-start=\"2423\" data-end=\"2490\">Okres ci\u0105\u017cy i karmienia piersi\u0105 (zaleca si\u0119 konsultacj\u0119 z lekarzem)<\/p>\n<\/li>\n<li data-start=\"2491\" data-end=\"2568\">\n<p data-start=\"2493\" data-end=\"2568\">Sk\u00f3ra bardzo wra\u017cliwa lub atopowa (zalecany test na ma\u0142ym fragmencie sk\u00f3ry)<\/p>\n<\/li>\n<\/ul>\n<p data-start=\"2570\" data-end=\"2716\">Przed pierwszym u\u017cyciem kremu Cellufini warto wykona\u0107 test alergiczny, nak\u0142adaj\u0105c niewielk\u0105 ilo\u015b\u0107 preparatu na sk\u00f3r\u0119 przedramienia.<\/p>\n<p style=\"text-align: center;\" data-start=\"2570\" data-end=\"2716\"><a class=\"border-button\" href=\"https:\/\/tl-track.com\/tracker\/v2cy\">www.cellufini.pl<\/a><\/p>\n<hr data-start=\"2718\" data-end=\"2721\" \/>\n<h2 data-start=\"2723\" data-end=\"2763\">Sk\u0142ad Cellufini \u2013 skuteczne sk\u0142adniki<\/h2>\n<p data-start=\"2765\" data-end=\"2975\">Si\u0142a dzia\u0142ania kremu <strong data-start=\"2786\" data-end=\"2799\">Cellufini<\/strong> tkwi w jego innowacyjnym, wielosk\u0142adnikowym sk\u0142adzie. Starannie dobrane sk\u0142adniki aktywne odpowiadaj\u0105 za g\u0142\u0119bok\u0105 piel\u0119gnacj\u0119, stymulacj\u0119 kr\u0105\u017cenia oraz popraw\u0119 struktury sk\u00f3ry.<\/p>\n<div class=\"_tableContainer_16hzy_1\">\n<div class=\"_tableWrapper_16hzy_14 group flex w-fit flex-col-reverse\" tabindex=\"-1\">\n<table class=\"w-fit min-w-(--thread-content-width)\" data-start=\"2977\" data-end=\"3726\">\n<thead data-start=\"2977\" data-end=\"3063\">\n<tr data-start=\"2977\" data-end=\"3063\">\n<th data-start=\"2977\" data-end=\"3011\" data-col-size=\"sm\">Sk\u0142adnik<\/th>\n<th data-start=\"3011\" data-end=\"3063\" data-col-size=\"md\">Dzia\u0142anie na sk\u00f3r\u0119<\/th>\n<\/tr>\n<\/thead>\n<tbody data-start=\"3151\" data-end=\"3726\">\n<tr data-start=\"3151\" data-end=\"3237\">\n<td data-start=\"3151\" data-end=\"3186\" data-col-size=\"sm\"><strong data-start=\"3153\" data-end=\"3168\">Aqua (Woda)<\/strong><\/td>\n<td data-start=\"3186\" data-end=\"3237\" data-col-size=\"md\">Nawil\u017ca, stanowi baz\u0119 kremu<\/td>\n<\/tr>\n<tr data-start=\"3238\" data-end=\"3324\">\n<td data-start=\"3238\" data-end=\"3273\" data-col-size=\"sm\"><strong data-start=\"3240\" data-end=\"3264\">Glycerin (Gliceryna)<\/strong><\/td>\n<td data-start=\"3273\" data-end=\"3324\" data-col-size=\"md\">Zatrzymuje wod\u0119 w nask\u00f3rku, wyg\u0142adza<\/td>\n<\/tr>\n<tr data-start=\"3325\" data-end=\"3411\">\n<td data-start=\"3325\" data-end=\"3360\" data-col-size=\"sm\"><strong data-start=\"3327\" data-end=\"3342\">Propanediol<\/strong><\/td>\n<td data-start=\"3360\" data-end=\"3411\" data-col-size=\"md\">Zmi\u0119kcza sk\u00f3r\u0119, wspomaga wch\u0142anianie sk\u0142adnik\u00f3w<\/td>\n<\/tr>\n<tr data-start=\"3412\" data-end=\"3498\">\n<td data-start=\"3412\" data-end=\"3447\" data-col-size=\"sm\"><strong data-start=\"3414\" data-end=\"3432\">Polysorbate 20<\/strong><\/td>\n<td data-start=\"3447\" data-end=\"3498\" data-col-size=\"md\">Stabilizuje emulsj\u0119, poprawia rozprowadzenie<\/td>\n<\/tr>\n<tr data-start=\"3499\" data-end=\"3585\">\n<td data-start=\"3499\" data-end=\"3534\" data-col-size=\"sm\"><strong data-start=\"3501\" data-end=\"3533\">Hydrolyzed Vegetable Protein<\/strong><\/td>\n<td data-start=\"3534\" data-end=\"3585\" data-col-size=\"md\">Wzmacnia i uelastycznia sk\u00f3r\u0119<\/td>\n<\/tr>\n<tr data-start=\"3586\" data-end=\"3726\">\n<td data-start=\"3586\" data-end=\"3623\" data-col-size=\"sm\"><strong data-start=\"3588\" data-end=\"3622\">Rubus Fruticosus Fruit Extract<\/strong><\/td>\n<td data-start=\"3623\" data-end=\"3726\" data-col-size=\"md\">Ekstrakt z owoc\u00f3w je\u017cyny, bogaty w antyoksydanty, stymuluje mikrokr\u0105\u017cenie, wspomaga usuwanie toksyn<\/td>\n<\/tr>\n<\/tbody>\n<\/table>\n<div class=\"sticky end-(--thread-content-margin) h-0 self-end select-none\">\n<div class=\"absolute end-0 flex items-end\"><\/div>\n<\/div>\n<\/div>\n<\/div>\n<p data-start=\"3728\" data-end=\"3772\"><strong>Wyj\u0105tkowe w\u0142a\u015bciwo\u015bci ekstraktu z je\u017cyny<\/strong><\/p>\n<p data-start=\"3774\" data-end=\"4020\">Ekstrakt z owoc\u00f3w je\u017cyny to unikalny sk\u0142adnik, kt\u00f3ry wyr\u00f3\u017cnia Cellufini na tle konkurencyjnych produkt\u00f3w. Jest bogaty w witaminy i polifenole, dzi\u0119ki czemu wykazuje silne w\u0142a\u015bciwo\u015bci antyoksydacyjne, przeciwstarzeniowe i stymuluj\u0105ce odnow\u0119 sk\u00f3ry.<\/p>\n<hr data-start=\"4022\" data-end=\"4025\" \/>\n<h2 data-start=\"4027\" data-end=\"4075\">Efekty stosowania \u2013 dzia\u0142anie kremu Cellufini<\/h2>\n<p data-start=\"4077\" data-end=\"4264\">Regularne stosowanie kremu Cellufini przynosi zauwa\u017calne rezultaty ju\u017c po kilku tygodniach. Efekty zale\u017c\u0105 od systematyczno\u015bci aplikacji i og\u00f3lnego stylu \u017cycia (aktywno\u015b\u0107 fizyczna, dieta).<\/p>\n<p data-start=\"4266\" data-end=\"4291\"><strong>Oczekiwane rezultaty:<\/strong><\/p>\n<ol data-start=\"4293\" data-end=\"4883\">\n<li data-start=\"4293\" data-end=\"4391\">\n<p data-start=\"4296\" data-end=\"4391\"><strong data-start=\"4296\" data-end=\"4330\">Redukcja widoczno\u015bci cellulitu<\/strong><br data-start=\"4330\" data-end=\"4333\" \/>Sk\u00f3ra staje si\u0119 g\u0142adsza, nier\u00f3wno\u015bci s\u0105 mniej widoczne.<\/p>\n<\/li>\n<li data-start=\"4393\" data-end=\"4512\">\n<p data-start=\"4396\" data-end=\"4512\"><strong data-start=\"4396\" data-end=\"4432\">Poprawa napi\u0119cia i elastyczno\u015bci<\/strong><br data-start=\"4432\" data-end=\"4435\" \/>Sk\u0142adniki aktywne pobudzaj\u0105 produkcj\u0119 kolagenu, zwi\u0119kszaj\u0105 j\u0119drno\u015b\u0107 sk\u00f3ry.<\/p>\n<\/li>\n<li data-start=\"4514\" data-end=\"4667\">\n<p data-start=\"4517\" data-end=\"4667\"><strong data-start=\"4517\" data-end=\"4553\">G\u0142\u0119bokie nawil\u017cenie i od\u017cywienie<\/strong><br data-start=\"4553\" data-end=\"4556\" \/>Gliceryna i propanediol zapewniaj\u0105 odpowiedni poziom nawodnienia, dzi\u0119ki czemu sk\u00f3ra nie traci spr\u0119\u017cysto\u015bci.<\/p>\n<\/li>\n<li data-start=\"4669\" data-end=\"4788\">\n<p data-start=\"4672\" data-end=\"4788\"><strong data-start=\"4672\" data-end=\"4696\">Lepsze mikrokr\u0105\u017cenie<\/strong><br data-start=\"4696\" data-end=\"4699\" \/>Ekstrakt z je\u017cyny wspiera usuwanie toksyn, poprawia koloryt sk\u00f3ry i zmniejsza obrz\u0119ki.<\/p>\n<\/li>\n<li data-start=\"4790\" data-end=\"4883\">\n<p data-start=\"4793\" data-end=\"4883\"><strong data-start=\"4793\" data-end=\"4821\">Przyjemny, \u015bwie\u017cy zapach<\/strong><br data-start=\"4821\" data-end=\"4824\" \/>Krem pozostawia na sk\u00f3rze delikatny, relaksuj\u0105cy aromat.<\/p>\n<\/li>\n<\/ol>\n<p data-start=\"4885\" data-end=\"4921\"><strong>Zalecenia dotycz\u0105ce stosowania:<\/strong><\/p>\n<ul data-start=\"4923\" data-end=\"5144\">\n<li data-start=\"4923\" data-end=\"4998\">\n<p data-start=\"4925\" data-end=\"4998\">Krem Cellufini nale\u017cy aplikowa\u0107 na czyst\u0105, such\u0105 sk\u00f3r\u0119 1-2 razy dziennie.<\/p>\n<\/li>\n<li data-start=\"4999\" data-end=\"5067\">\n<p data-start=\"5001\" data-end=\"5067\">Wskazany jest delikatny masa\u017c, kt\u00f3ry dodatkowo stymuluje kr\u0105\u017cenie.<\/p>\n<\/li>\n<li data-start=\"5068\" data-end=\"5144\">\n<p data-start=\"5070\" data-end=\"5144\">Warto \u0142\u0105czy\u0107 stosowanie kremu z aktywno\u015bci\u0105 fizyczn\u0105 i zbilansowan\u0105 diet\u0105.<\/p>\n<\/li>\n<\/ul>\n<p style=\"text-align: center;\"><a class=\"border-button\" href=\"https:\/\/tl-track.com\/tracker\/v2cy\">KUPI\u0106 PO CENIE PRODUCENTA (-50%)<\/a><\/p>\n","protected":false},"excerpt":{"rendered":"<p>Nr kat.: 000874028<\/p>\n<p style=\"text-align: center;\"><a class=\"border-button\" href=\"https:\/\/tl-track.com\/tracker\/v2cy\">KUP TERAZ<\/a><\/p>\n","protected":false},"featured_media":1281,"comment_status":"open","ping_status":"closed","template":"","meta":[],"product_brand":[],"product_cat":[18],"product_tag":[],"class_list":{"0":"post-1280","1":"product","2":"type-product","3":"status-publish","4":"has-post-thumbnail","6":"product_cat-suplementy","8":"first","9":"instock","10":"sale","11":"shipping-taxable","12":"purchasable","13":"product-type-simple"},"aioseo_notices":[],"_links":{"self":[{"href":"https:\/\/lekarzpodroznik.pl\/store\/wp-json\/wp\/v2\/product\/1280","targetHints":{"allow":["GET"]}}],"collection":[{"href":"https:\/\/lekarzpodroznik.pl\/store\/wp-json\/wp\/v2\/product"}],"about":[{"href":"https:\/\/lekarzpodroznik.pl\/store\/wp-json\/wp\/v2\/types\/product"}],"replies":[{"embeddable":true,"href":"https:\/\/lekarzpodroznik.pl\/store\/wp-json\/wp\/v2\/comments?post=1280"}],"wp:featuredmedia":[{"embeddable":true,"href":"https:\/\/lekarzpodroznik.pl\/store\/wp-json\/wp\/v2\/media\/1281"}],"wp:attachment":[{"href":"https:\/\/lekarzpodroznik.pl\/store\/wp-json\/wp\/v2\/media?parent=1280"}],"wp:term":[{"taxonomy":"product_brand","embeddable":true,"href":"https:\/\/lekarzpodroznik.pl\/store\/wp-json\/wp\/v2\/product_brand?post=1280"},{"taxonomy":"product_cat","embeddable":true,"href":"https:\/\/lekarzpodroznik.pl\/store\/wp-json\/wp\/v2\/product_cat?post=1280"},{"taxonomy":"product_tag","embeddable":true,"href":"https:\/\/lekarzpodroznik.pl\/store\/wp-json\/wp\/v2\/product_tag?post=1280"}],"curies":[{"name":"wp","href":"https:\/\/api.w.org\/{rel}","templated":true}]}}