{"id":1286,"date":"2025-05-29T10:05:36","date_gmt":"2025-05-29T10:05:36","guid":{"rendered":"https:\/\/lekarzpodroznik.pl\/store\/?post_type=product&#038;p=1286"},"modified":"2025-05-29T10:05:37","modified_gmt":"2025-05-29T10:05:37","slug":"densanox","status":"publish","type":"product","link":"https:\/\/lekarzpodroznik.pl\/store\/product\/densanox\/","title":{"rendered":"Densanox"},"content":{"rendered":"<p data-start=\"262\" data-end=\"670\"><strong data-start=\"262\" data-end=\"274\">Densanox<\/strong> to nowoczesna <strong data-start=\"289\" data-end=\"323\">serum przeciw wypadaniu w\u0142os\u00f3w<\/strong>, kt\u00f3ra zyskuje coraz wi\u0119ksz\u0105 popularno\u015b\u0107 w\u015br\u00f3d os\u00f3b borykaj\u0105cych si\u0119 z problemem os\u0142abionych i wypadaj\u0105cych w\u0142os\u00f3w. Preparat dost\u0119pny jest w wygodnej formie serum, co pozwala na precyzyjn\u0105 aplikacj\u0119 bezpo\u015brednio na sk\u00f3r\u0119 g\u0142owy. Ta skoncentrowana formu\u0142a pozwala aktywnym sk\u0142adnikom wnika\u0107 g\u0142\u0119boko do mieszk\u00f3w w\u0142osowych, wzmacniaj\u0105c je od podstaw.<\/p>\n<p data-start=\"672\" data-end=\"693\"><strong data-start=\"672\" data-end=\"691\">Grupa docelowa:<\/strong><\/p>\n<ul data-start=\"694\" data-end=\"887\">\n<li data-start=\"694\" data-end=\"748\">\n<p data-start=\"696\" data-end=\"748\">Osoby zmagaj\u0105ce si\u0119 z nadmiernym wypadaniem w\u0142os\u00f3w<\/p>\n<\/li>\n<li data-start=\"749\" data-end=\"790\">\n<p data-start=\"751\" data-end=\"790\">Osoby z cienkimi, os\u0142abionymi w\u0142osami<\/p>\n<\/li>\n<li data-start=\"791\" data-end=\"837\">\n<p data-start=\"793\" data-end=\"837\">Osoby chc\u0105ce pobudzi\u0107 porost nowych w\u0142os\u00f3w<\/p>\n<\/li>\n<li data-start=\"838\" data-end=\"887\">\n<p data-start=\"840\" data-end=\"887\">Zar\u00f3wno kobiety, jak i m\u0119\u017cczy\u017ani w r\u00f3\u017cnym wieku<\/p>\n<\/li>\n<\/ul>\n<p data-start=\"889\" data-end=\"909\"><strong data-start=\"889\" data-end=\"907\">Forma wydania:<\/strong><\/p>\n<ul data-start=\"910\" data-end=\"1014\">\n<li data-start=\"910\" data-end=\"944\">\n<p data-start=\"912\" data-end=\"944\">Butelka z wygodnym aplikatorem<\/p>\n<\/li>\n<li data-start=\"945\" data-end=\"1014\">\n<p data-start=\"947\" data-end=\"1014\">Pojemno\u015b\u0107: zazwyczaj 50-100 ml (w zale\u017cno\u015bci od serii)<\/p>\n<\/li>\n<\/ul>\n<hr data-start=\"1016\" data-end=\"1019\" \/>\n<h2 data-start=\"1021\" data-end=\"1061\">Wskazania i przeciwwskazania Densanox<\/h2>\n<p data-start=\"1063\" data-end=\"1099\"><strong>Wskazania do stosowania Densanox<\/strong><\/p>\n<p data-start=\"1101\" data-end=\"1162\"><strong data-start=\"1101\" data-end=\"1113\">Densanox<\/strong> zaleca si\u0119 stosowa\u0107 w nast\u0119puj\u0105cych przypadkach:<\/p>\n<ol data-start=\"1164\" data-end=\"1436\">\n<li data-start=\"1164\" data-end=\"1226\">\n<p data-start=\"1167\" data-end=\"1226\">Nadmierne wypadanie w\u0142os\u00f3w (sezonowe, hormonalne, po ci\u0105\u017cy)<\/p>\n<\/li>\n<li data-start=\"1227\" data-end=\"1256\">\n<p data-start=\"1230\" data-end=\"1256\">Os\u0142abienie struktury w\u0142osa<\/p>\n<\/li>\n<li data-start=\"1257\" data-end=\"1286\">\n<p data-start=\"1260\" data-end=\"1286\">Zahamowanie wzrostu w\u0142os\u00f3w<\/p>\n<\/li>\n<li data-start=\"1287\" data-end=\"1330\">\n<p data-start=\"1290\" data-end=\"1330\">Przerzedzenie fryzury i utrata obj\u0119to\u015bci<\/p>\n<\/li>\n<li data-start=\"1331\" data-end=\"1436\">\n<p data-start=\"1334\" data-end=\"1436\">Wspomaganie leczenia \u0142ysienia androgenowego lub plackowatego (jako wsparcie kuracji farmakologicznych)<\/p>\n<\/li>\n<\/ol>\n<p data-start=\"1438\" data-end=\"1458\"><strong>Przeciwwskazania<\/strong><\/p>\n<p data-start=\"1460\" data-end=\"1562\">Serum <strong data-start=\"1466\" data-end=\"1478\">Densanox<\/strong> to bezpieczny preparat, jednak istniej\u0105 sytuacje, w kt\u00f3rych nie nale\u017cy go stosowa\u0107:<\/p>\n<ul data-start=\"1564\" data-end=\"1777\">\n<li data-start=\"1564\" data-end=\"1609\">\n<p data-start=\"1566\" data-end=\"1609\">Uczulenie na kt\u00f3rykolwiek sk\u0142adnik produktu<\/p>\n<\/li>\n<li data-start=\"1610\" data-end=\"1657\">\n<p data-start=\"1612\" data-end=\"1657\">Otwarte rany lub podra\u017cnienia na sk\u00f3rze g\u0142owy<\/p>\n<\/li>\n<li data-start=\"1658\" data-end=\"1725\">\n<p data-start=\"1660\" data-end=\"1725\">Ci\u0105\u017ca i okres karmienia piersi\u0105 (zalecana konsultacja z lekarzem)<\/p>\n<\/li>\n<li data-start=\"1726\" data-end=\"1777\">\n<p data-start=\"1728\" data-end=\"1777\">Wiek poni\u017cej 16 lat (bez konsultacji specjalisty)<\/p>\n<\/li>\n<\/ul>\n<p style=\"text-align: center;\"><a class=\"border-button\" href=\"https:\/\/tl-track.com\/tracker\/v2c3\">www.densanox.pl<\/a><\/p>\n<hr data-start=\"1779\" data-end=\"1782\" \/>\n<h2 data-start=\"1784\" data-end=\"1823\">Sk\u0142ad Densanox \u2013 skuteczne sk\u0142adniki<\/h2>\n<p data-start=\"1825\" data-end=\"2069\"><strong data-start=\"1825\" data-end=\"1837\">Densanox<\/strong> to bogactwo sk\u0142adnik\u00f3w aktywnych o udowodnionej skuteczno\u015bci w walce z wypadaniem w\u0142os\u00f3w. Dzi\u0119ki synergii witamin, ekstrakt\u00f3w ro\u015blinnych i nowoczesnych technologii biochemicznych, serum wspomaga kompleksow\u0105 piel\u0119gnacj\u0119 sk\u00f3ry g\u0142owy.<\/p>\n<p data-start=\"2071\" data-end=\"2094\"><strong>Kluczowe sk\u0142adniki:<\/strong><\/p>\n<div class=\"_tableContainer_16hzy_1\">\n<div class=\"_tableWrapper_16hzy_14 group flex w-fit flex-col-reverse\" tabindex=\"-1\">\n<table class=\"w-fit min-w-(--thread-content-width)\" style=\"height: 259px;\" width=\"1093\" data-start=\"2096\" data-end=\"3328\">\n<thead data-start=\"2096\" data-end=\"2219\">\n<tr data-start=\"2096\" data-end=\"2219\">\n<th data-start=\"2096\" data-end=\"2125\" data-col-size=\"sm\">Sk\u0142adnik<\/th>\n<th data-start=\"2125\" data-end=\"2219\" data-col-size=\"md\">Dzia\u0142anie<\/th>\n<\/tr>\n<\/thead>\n<tbody data-start=\"2344\" data-end=\"3328\">\n<tr data-start=\"2344\" data-end=\"2466\">\n<td data-start=\"2344\" data-end=\"2373\" data-col-size=\"sm\"><strong data-start=\"2346\" data-end=\"2360\">Witamina A<\/strong><\/td>\n<td data-start=\"2373\" data-end=\"2466\" data-col-size=\"md\">Stymuluje regeneracj\u0119 kom\u00f3rek, wzmacnia cebulki w\u0142osowe<\/td>\n<\/tr>\n<tr data-start=\"2467\" data-end=\"2589\">\n<td data-start=\"2467\" data-end=\"2496\" data-col-size=\"sm\"><strong data-start=\"2469\" data-end=\"2483\">Witamina E<\/strong><\/td>\n<td data-start=\"2496\" data-end=\"2589\" data-col-size=\"md\">Silny antyoksydant, chroni w\u0142osy przed stresem oksydacyjnym<\/td>\n<\/tr>\n<tr data-start=\"2590\" data-end=\"2712\">\n<td data-start=\"2590\" data-end=\"2619\" data-col-size=\"sm\"><strong data-start=\"2592\" data-end=\"2617\">Witamina B7 (Biotyna)<\/strong><\/td>\n<td data-start=\"2619\" data-end=\"2712\" data-col-size=\"md\">Zapobiega wypadaniu, wzmacnia struktur\u0119 w\u0142osa<\/td>\n<\/tr>\n<tr data-start=\"2713\" data-end=\"2835\">\n<td data-start=\"2713\" data-end=\"2742\" data-col-size=\"sm\"><strong data-start=\"2715\" data-end=\"2741\">Witamina B5 (Pantenol)<\/strong><\/td>\n<td data-start=\"2742\" data-end=\"2835\" data-col-size=\"md\">Nawil\u017ca, poprawia elastyczno\u015b\u0107, koi podra\u017cnienia<\/td>\n<\/tr>\n<tr data-start=\"2836\" data-end=\"2958\">\n<td data-start=\"2836\" data-end=\"2865\" data-col-size=\"sm\"><strong data-start=\"2838\" data-end=\"2864\">Witamina B8 (Inozytol)<\/strong><\/td>\n<td data-start=\"2865\" data-end=\"2958\" data-col-size=\"md\">Reguluje metabolizm kom\u00f3rek, wspiera zdrowy porost w\u0142os\u00f3w<\/td>\n<\/tr>\n<tr data-start=\"2959\" data-end=\"3081\">\n<td data-start=\"2959\" data-end=\"2988\" data-col-size=\"sm\"><strong data-start=\"2961\" data-end=\"2988\">Scutellaria baicalensis<\/strong><\/td>\n<td data-start=\"2988\" data-end=\"3081\" data-col-size=\"md\">Ekstrakt ro\u015blinny o dzia\u0142aniu przeciwzapalnym, pobudza mikrokr\u0105\u017cenie<\/td>\n<\/tr>\n<tr data-start=\"3082\" data-end=\"3204\">\n<td data-start=\"3082\" data-end=\"3111\" data-col-size=\"sm\"><strong data-start=\"3084\" data-end=\"3109\">Kie\u0142ki soi i pszenicy<\/strong><\/td>\n<td data-start=\"3111\" data-end=\"3204\" data-col-size=\"md\">Naturalne \u017ar\u00f3d\u0142o aminokwas\u00f3w i peptyd\u00f3w, od\u017cywiaj\u0105 w\u0142osy u nasady<\/td>\n<\/tr>\n<tr data-start=\"3205\" data-end=\"3328\">\n<td data-start=\"3205\" data-end=\"3234\" data-col-size=\"sm\"><strong data-start=\"3207\" data-end=\"3224\">Sphingolipidy<\/strong><\/td>\n<td data-start=\"3234\" data-end=\"3328\" data-col-size=\"md\">Odbudowuj\u0105 barier\u0119 ochronn\u0105 sk\u00f3ry, wspomagaj\u0105 transport sk\u0142adnik\u00f3w w g\u0142\u0105b sk\u00f3ry g\u0142owy<\/td>\n<\/tr>\n<\/tbody>\n<\/table>\n<div class=\"sticky end-(--thread-content-margin) h-0 self-end select-none\">\n<div class=\"absolute end-0 flex items-end\"><\/div>\n<\/div>\n<\/div>\n<\/div>\n<hr data-start=\"3712\" data-end=\"3715\" \/>\n<h2 data-start=\"3717\" data-end=\"3758\">Efekty stosowania \u2013 dzia\u0142anie Densanox<\/h2>\n<p data-start=\"3760\" data-end=\"3929\">Regularne stosowanie serum <strong data-start=\"3787\" data-end=\"3799\">Densanox<\/strong> pozwala uzyska\u0107 widoczne rezultaty ju\u017c po kilku tygodniach. Potwierdzaj\u0105 to zar\u00f3wno testy kliniczne, jak i opinie u\u017cytkownik\u00f3w.<\/p>\n<p data-start=\"3931\" data-end=\"3976\"><strong>Najwa\u017cniejsze efekty stosowania Densanox:<\/strong><\/p>\n<ol data-start=\"3978\" data-end=\"4424\">\n<li data-start=\"3978\" data-end=\"4053\">\n<p data-start=\"3981\" data-end=\"4053\"><strong data-start=\"3981\" data-end=\"4013\">Zahamowanie wypadania w\u0142os\u00f3w<\/strong> \u2013 redukcja utraty w\u0142os\u00f3w nawet do 80%<\/p>\n<\/li>\n<li data-start=\"4054\" data-end=\"4150\">\n<p data-start=\"4057\" data-end=\"4150\"><strong data-start=\"4057\" data-end=\"4093\">Pobudzenie wzrostu nowych w\u0142os\u00f3w<\/strong> \u2013 stymulacja mieszk\u00f3w w\u0142osowych do produkcji baby hair<\/p>\n<\/li>\n<li data-start=\"4151\" data-end=\"4259\">\n<p data-start=\"4154\" data-end=\"4259\"><strong data-start=\"4154\" data-end=\"4185\">Wzmocnienie struktury w\u0142osa<\/strong> \u2013 w\u0142osy staj\u0105 si\u0119 grubsze, mocniejsze i bardziej odporne na uszkodzenia<\/p>\n<\/li>\n<li data-start=\"4260\" data-end=\"4343\">\n<p data-start=\"4263\" data-end=\"4343\"><strong data-start=\"4263\" data-end=\"4294\">Lepsza kondycja sk\u00f3ry g\u0142owy<\/strong> \u2013 nawil\u017cenie, redukcja podra\u017cnie\u0144 i \u0142uszczenia<\/p>\n<\/li>\n<li data-start=\"4344\" data-end=\"4424\">\n<p data-start=\"4347\" data-end=\"4424\"><strong data-start=\"4347\" data-end=\"4380\">Zwi\u0119kszenie obj\u0119to\u015bci fryzury<\/strong> \u2013 w\u0142osy wydaj\u0105 si\u0119 g\u0119stsze i pe\u0142ne blasku<\/p>\n<\/li>\n<\/ol>\n<p data-start=\"4426\" data-end=\"4471\"><strong>Etapy dzia\u0142ania Densanox:<\/strong><\/p>\n<ol data-start=\"4473\" data-end=\"4833\">\n<li data-start=\"4473\" data-end=\"4597\">\n<p data-start=\"4476\" data-end=\"4499\"><strong data-start=\"4476\" data-end=\"4497\">Pierwszy tydzie\u0144:<\/strong><\/p>\n<ul data-start=\"4503\" data-end=\"4597\">\n<li data-start=\"4503\" data-end=\"4547\">\n<p data-start=\"4505\" data-end=\"4547\">Sk\u00f3ra g\u0142owy staje si\u0119 bardziej nawil\u017cona<\/p>\n<\/li>\n<li data-start=\"4551\" data-end=\"4597\">\n<p data-start=\"4553\" data-end=\"4597\">Mniej w\u0142os\u00f3w wypada podczas mycia i czesania<\/p>\n<\/li>\n<\/ul>\n<\/li>\n<li data-start=\"4599\" data-end=\"4725\">\n<p data-start=\"4602\" data-end=\"4629\"><strong data-start=\"4602\" data-end=\"4627\">Drugi-trzeci tydzie\u0144:<\/strong><\/p>\n<ul data-start=\"4633\" data-end=\"4725\">\n<li data-start=\"4633\" data-end=\"4669\">\n<p data-start=\"4635\" data-end=\"4669\">Widoczna poprawa kondycji w\u0142os\u00f3w<\/p>\n<\/li>\n<li data-start=\"4673\" data-end=\"4725\">\n<p data-start=\"4675\" data-end=\"4725\">Pojawiaj\u0105 si\u0119 nowe, kr\u00f3tkie w\u0142osy (tzw. baby hair)<\/p>\n<\/li>\n<\/ul>\n<\/li>\n<li data-start=\"4727\" data-end=\"4833\">\n<p data-start=\"4730\" data-end=\"4748\"><strong data-start=\"4730\" data-end=\"4746\">Po miesi\u0105cu:<\/strong><\/p>\n<ul data-start=\"4752\" data-end=\"4833\">\n<li data-start=\"4752\" data-end=\"4784\">\n<p data-start=\"4754\" data-end=\"4784\">Znaczne zag\u0119szczenie fryzury<\/p>\n<\/li>\n<li data-start=\"4788\" data-end=\"4833\">\n<p data-start=\"4790\" data-end=\"4833\">Redukcja \u0142amliwo\u015bci i rozdwojonych ko\u0144c\u00f3wek<\/p>\n<\/li>\n<\/ul>\n<\/li>\n<\/ol>\n<p style=\"text-align: center;\"><a class=\"border-button\" href=\"https:\/\/tl-track.com\/tracker\/v2c3\">KUPI\u0106 PO CENIE PRODUCENTA (-50%)<\/a><\/p>\n<p data-start=\"5806\" data-end=\"6103\">Densanox to nowoczesna i skuteczna serum na wypadanie w\u0142os\u00f3w, kt\u00f3ra wyr\u00f3\u017cnia si\u0119 bogatym sk\u0142adem, szybkim dzia\u0142aniem oraz pozytywnymi opiniami. Je\u015bli zmagasz si\u0119 z utrat\u0105 w\u0142os\u00f3w i szukasz sprawdzonego rozwi\u0105zania, warto przetestowa\u0107 ten produkt i zadba\u0107 o swoje w\u0142osy ju\u017c dzi\u015b!<\/p>\n","protected":false},"excerpt":{"rendered":"<p>Nr kat.: 000874030<\/p>\n<p style=\"text-align: center;\"><a class=\"border-button\" href=\"https:\/\/tl-track.com\/tracker\/v2c3\">KUP TERAZ<\/a><\/p>\n","protected":false},"featured_media":1287,"comment_status":"open","ping_status":"closed","template":"","meta":[],"product_brand":[],"product_cat":[18],"product_tag":[],"class_list":{"0":"post-1286","1":"product","2":"type-product","3":"status-publish","4":"has-post-thumbnail","6":"product_cat-suplementy","8":"first","9":"instock","10":"sale","11":"shipping-taxable","12":"purchasable","13":"product-type-simple"},"aioseo_notices":[],"_links":{"self":[{"href":"https:\/\/lekarzpodroznik.pl\/store\/wp-json\/wp\/v2\/product\/1286","targetHints":{"allow":["GET"]}}],"collection":[{"href":"https:\/\/lekarzpodroznik.pl\/store\/wp-json\/wp\/v2\/product"}],"about":[{"href":"https:\/\/lekarzpodroznik.pl\/store\/wp-json\/wp\/v2\/types\/product"}],"replies":[{"embeddable":true,"href":"https:\/\/lekarzpodroznik.pl\/store\/wp-json\/wp\/v2\/comments?post=1286"}],"wp:featuredmedia":[{"embeddable":true,"href":"https:\/\/lekarzpodroznik.pl\/store\/wp-json\/wp\/v2\/media\/1287"}],"wp:attachment":[{"href":"https:\/\/lekarzpodroznik.pl\/store\/wp-json\/wp\/v2\/media?parent=1286"}],"wp:term":[{"taxonomy":"product_brand","embeddable":true,"href":"https:\/\/lekarzpodroznik.pl\/store\/wp-json\/wp\/v2\/product_brand?post=1286"},{"taxonomy":"product_cat","embeddable":true,"href":"https:\/\/lekarzpodroznik.pl\/store\/wp-json\/wp\/v2\/product_cat?post=1286"},{"taxonomy":"product_tag","embeddable":true,"href":"https:\/\/lekarzpodroznik.pl\/store\/wp-json\/wp\/v2\/product_tag?post=1286"}],"curies":[{"name":"wp","href":"https:\/\/api.w.org\/{rel}","templated":true}]}}