{"id":1290,"date":"2025-05-29T10:20:42","date_gmt":"2025-05-29T10:20:42","guid":{"rendered":"https:\/\/lekarzpodroznik.pl\/store\/?post_type=product&#038;p=1290"},"modified":"2025-05-29T11:21:13","modified_gmt":"2025-05-29T11:21:13","slug":"nutrilaben","status":"publish","type":"product","link":"https:\/\/lekarzpodroznik.pl\/store\/product\/nutrilaben\/","title":{"rendered":"Nutrilaben"},"content":{"rendered":"<p data-start=\"556\" data-end=\"1028\">Wsp\u00f3\u0142czesny \u015bwiat stawia przed nami wiele wyzwa\u0144 zwi\u0105zanych z dbaniem o zdrow\u0105 sylwetk\u0119. W ostatnich latach coraz wi\u0119ksz\u0105 popularno\u015b\u0107 zdobywaj\u0105 <strong data-start=\"700\" data-end=\"727\">kapsu\u0142ki na odchudzanie<\/strong>, kt\u00f3re maj\u0105 wspomaga\u0107 proces redukcji masy cia\u0142a. Jednym z najcz\u0119\u015bciej poszukiwanych suplement\u00f3w diety w tej kategorii jest <strong data-start=\"852\" data-end=\"866\">Nutrilaben<\/strong>. W niniejszym artykule przedstawiamy <strong data-start=\"904\" data-end=\"949\">rozszerzony przegl\u0105d preparatu Nutrilaben<\/strong> \u2013 jego sk\u0142ad, dzia\u0142anie, wskazania, przeciwwskazania oraz opinie u\u017cytkownik\u00f3w.<\/p>\n<hr data-start=\"1030\" data-end=\"1033\" \/>\n<h2 data-start=\"1035\" data-end=\"1081\">Co to jest Nutrilaben: forma wydania, grupa<\/h2>\n<p data-start=\"1083\" data-end=\"1414\"><strong data-start=\"1083\" data-end=\"1097\">Nutrilaben<\/strong> to nowoczesny suplement diety w postaci kapsu\u0142ek, przeznaczony dla os\u00f3b chc\u0105cych skutecznie i bezpiecznie zredukowa\u0107 mas\u0119 cia\u0142a. Produkt ten nale\u017cy do grupy suplement\u00f3w wspomagaj\u0105cych odchudzanie, kt\u00f3re dzia\u0142aj\u0105 na kilku p\u0142aszczyznach \u2013 przyspieszaj\u0105 metabolizm, ograniczaj\u0105 apetyt oraz wspomagaj\u0105 spalanie t\u0142uszczu.<\/p>\n<p data-start=\"1416\" data-end=\"1445\"><strong data-start=\"1416\" data-end=\"1445\">Forma wydania Nutrilaben:<\/strong><\/p>\n<ul data-start=\"1446\" data-end=\"1572\">\n<li data-start=\"1446\" data-end=\"1485\">\n<p data-start=\"1448\" data-end=\"1485\">Kapsu\u0142ki doustne, \u0142atwe do po\u0142kni\u0119cia<\/p>\n<\/li>\n<li data-start=\"1486\" data-end=\"1535\">\n<p data-start=\"1488\" data-end=\"1535\">Opakowanie zawiera zazwyczaj 30 kapsu\u0142ek<\/p>\n<\/li>\n<li data-start=\"1536\" data-end=\"1572\">\n<p data-start=\"1538\" data-end=\"1572\">Produkt przeznaczony dla doros\u0142ych<\/p>\n<\/li>\n<\/ul>\n<p data-start=\"1574\" data-end=\"1598\"><strong data-start=\"1574\" data-end=\"1598\">Dla kogo Nutrilaben?<\/strong><\/p>\n<ul data-start=\"1599\" data-end=\"1801\">\n<li data-start=\"1599\" data-end=\"1649\">\n<p data-start=\"1601\" data-end=\"1649\">Dla os\u00f3b zmagaj\u0105cych si\u0119 z nadwag\u0105 lub oty\u0142o\u015bci\u0105<\/p>\n<\/li>\n<li data-start=\"1650\" data-end=\"1722\">\n<p data-start=\"1652\" data-end=\"1722\">Dla tych, kt\u00f3rzy chc\u0105 przyspieszy\u0107 efekty diety i aktywno\u015bci fizycznej<\/p>\n<\/li>\n<li data-start=\"1723\" data-end=\"1801\">\n<p data-start=\"1725\" data-end=\"1801\">Dla os\u00f3b poszukuj\u0105cych naturalnych rozwi\u0105za\u0144 w walce ze zb\u0119dnymi kilogramami<\/p>\n<\/li>\n<\/ul>\n<hr data-start=\"1946\" data-end=\"1949\" \/>\n<h2 data-start=\"1951\" data-end=\"1993\">Wskazania i przeciwwskazania Nutrilaben<\/h2>\n<p data-start=\"1995\" data-end=\"2168\">Stosowanie Nutrilaben powinno by\u0107 przemy\u015blane i zgodne z zaleceniami producenta. Poni\u017cej przedstawiamy <strong data-start=\"2098\" data-end=\"2111\">wskazania<\/strong> oraz <strong data-start=\"2117\" data-end=\"2137\">przeciwwskazania<\/strong> do stosowania tego suplementu.<\/p>\n<p data-start=\"2170\" data-end=\"2209\"><strong>Wskazania do stosowania Nutrilaben:<\/strong><\/p>\n<ol data-start=\"2211\" data-end=\"2413\">\n<li data-start=\"2211\" data-end=\"2249\">\n<p data-start=\"2214\" data-end=\"2249\">Nadwaga i oty\u0142o\u015b\u0107 (r\u00f3\u017cnego stopnia)<\/p>\n<\/li>\n<li data-start=\"2250\" data-end=\"2275\">\n<p data-start=\"2253\" data-end=\"2275\">Spowolniony metabolizm<\/p>\n<\/li>\n<li data-start=\"2276\" data-end=\"2321\">\n<p data-start=\"2279\" data-end=\"2321\">Nadmierny apetyt i sk\u0142onno\u015b\u0107 do podjadania<\/p>\n<\/li>\n<li data-start=\"2322\" data-end=\"2373\">\n<p data-start=\"2325\" data-end=\"2373\">Brak energii i motywacji do aktywno\u015bci fizycznej<\/p>\n<\/li>\n<li data-start=\"2374\" data-end=\"2413\">\n<p data-start=\"2377\" data-end=\"2413\">Osoby prowadz\u0105ce siedz\u0105cy tryb \u017cycia<\/p>\n<\/li>\n<\/ol>\n<p data-start=\"2415\" data-end=\"2461\"><strong>Przeciwwskazania do stosowania Nutrilaben:<\/strong><\/p>\n<div class=\"_tableContainer_16hzy_1\">\n<div class=\"_tableWrapper_16hzy_14 group flex w-fit flex-col-reverse\" tabindex=\"-1\">\n<table class=\"w-fit min-w-(--thread-content-width)\" style=\"height: 149px;\" width=\"1091\" data-start=\"2463\" data-end=\"2966\">\n<thead data-start=\"2463\" data-end=\"2535\">\n<tr data-start=\"2463\" data-end=\"2535\">\n<th data-start=\"2463\" data-end=\"2494\" data-col-size=\"sm\">Przeciwwskazanie<\/th>\n<th data-start=\"2494\" data-end=\"2535\" data-col-size=\"md\">Opis<\/th>\n<\/tr>\n<\/thead>\n<tbody data-start=\"2609\" data-end=\"2966\">\n<tr data-start=\"2609\" data-end=\"2713\">\n<td data-start=\"2609\" data-end=\"2640\" data-col-size=\"sm\">Ci\u0105\u017ca i karmienie piersi\u0105<\/td>\n<td data-start=\"2640\" data-end=\"2713\" data-col-size=\"md\">Bezpiecze\u0144stwo nie zosta\u0142o potwierdzone u kobiet w ci\u0105\u017cy i karmi\u0105cych<\/td>\n<\/tr>\n<tr data-start=\"2714\" data-end=\"2793\">\n<td data-start=\"2714\" data-end=\"2745\" data-col-size=\"sm\">Dzieci i m\u0142odzie\u017c<\/td>\n<td data-start=\"2745\" data-end=\"2793\" data-col-size=\"md\">Produkt przeznaczony wy\u0142\u0105cznie dla doros\u0142ych<\/td>\n<\/tr>\n<tr data-start=\"2794\" data-end=\"2876\">\n<td data-start=\"2794\" data-end=\"2825\" data-col-size=\"sm\">Alergie na sk\u0142adniki<\/td>\n<td data-start=\"2825\" data-end=\"2876\" data-col-size=\"md\">Nadwra\u017cliwo\u015b\u0107 na kt\u00f3rykolwiek sk\u0142adnik kapsu\u0142ek<\/td>\n<\/tr>\n<tr data-start=\"2877\" data-end=\"2966\">\n<td data-start=\"2877\" data-end=\"2908\" data-col-size=\"sm\">Przewlek\u0142e schorzenia<\/td>\n<td data-start=\"2908\" data-end=\"2966\" data-col-size=\"md\">W przypadku chor\u00f3b przewlek\u0142ych konsultacja z lekarzem<\/td>\n<\/tr>\n<\/tbody>\n<\/table>\n<\/div>\n<\/div>\n<div class=\"absolute end-0 flex items-end\"><\/div>\n<hr data-start=\"3119\" data-end=\"3122\" \/>\n<p style=\"text-align: center;\" data-start=\"3124\" data-end=\"3165\"><a class=\"border-button\" href=\"https:\/\/tl-track.com\/tracker\/v2c4\">www.nutrilaben.pl<\/a><\/p>\n<h2 data-start=\"3124\" data-end=\"3165\">Sk\u0142ad Nutrilaben \u2013 skuteczne sk\u0142adniki<\/h2>\n<p data-start=\"3167\" data-end=\"3412\">Jednym z najwi\u0119kszych atut\u00f3w Nutrilaben jest jego <strong data-start=\"3217\" data-end=\"3236\">naturalny sk\u0142ad<\/strong>. Formu\u0142a kapsu\u0142ek zosta\u0142a opracowana w oparciu o sk\u0142adniki aktywne o udowodnionym dzia\u0142aniu wspomagaj\u0105cym odchudzanie. Poni\u017cej przedstawiamy najwa\u017cniejsze sk\u0142adniki preparatu:<\/p>\n<div class=\"_tableContainer_16hzy_1\">\n<div class=\"_tableWrapper_16hzy_14 group flex w-fit flex-col-reverse\" tabindex=\"-1\">\n<table class=\"w-fit min-w-(--thread-content-width)\" style=\"height: 232px;\" width=\"1092\" data-start=\"3414\" data-end=\"4314\">\n<thead data-start=\"3414\" data-end=\"3513\">\n<tr data-start=\"3414\" data-end=\"3513\">\n<th data-start=\"3414\" data-end=\"3440\" data-col-size=\"sm\">Sk\u0142adnik<\/th>\n<th data-start=\"3440\" data-end=\"3513\" data-col-size=\"md\">Dzia\u0142anie i w\u0142a\u015bciwo\u015bci<\/th>\n<\/tr>\n<\/thead>\n<tbody data-start=\"3614\" data-end=\"4314\">\n<tr data-start=\"3614\" data-end=\"3713\">\n<td data-start=\"3614\" data-end=\"3644\" data-col-size=\"sm\">Ekstrakt z zielonej herbaty<\/td>\n<td data-col-size=\"md\" data-start=\"3644\" data-end=\"3713\">Przyspiesza metabolizm, wspomaga spalanie t\u0142uszczu<\/td>\n<\/tr>\n<tr data-start=\"3714\" data-end=\"3814\">\n<td data-start=\"3714\" data-end=\"3741\" data-col-size=\"sm\">L-karnityna<\/td>\n<td data-col-size=\"md\" data-start=\"3741\" data-end=\"3814\">Wspiera transport kwas\u00f3w t\u0142uszczowych, u\u0142atwia ich spalanie<\/td>\n<\/tr>\n<tr data-start=\"3815\" data-end=\"3912\">\n<td data-start=\"3815\" data-end=\"3846\" data-col-size=\"sm\">Ekstrakt z Garcinia Cambogia<\/td>\n<td data-col-size=\"md\" data-start=\"3846\" data-end=\"3912\">Hamuje apetyt, reguluje poziom cukru we krwi<\/td>\n<\/tr>\n<tr data-start=\"3913\" data-end=\"4013\">\n<td data-start=\"3913\" data-end=\"3940\" data-col-size=\"sm\">Chrom<\/td>\n<td data-col-size=\"md\" data-start=\"3940\" data-end=\"4013\">Wspomaga regulacj\u0119 poziomu glukozy, zmniejsza ochot\u0119 na s\u0142odycze<\/td>\n<\/tr>\n<tr data-start=\"4014\" data-end=\"4112\">\n<td data-start=\"4014\" data-end=\"4047\" data-col-size=\"sm\">Ekstrakt z gorzkiej pomara\u0144czy<\/td>\n<td data-col-size=\"md\" data-start=\"4047\" data-end=\"4112\">Stymuluje termogenez\u0119, pomaga w redukcji t\u0142uszczu<\/td>\n<\/tr>\n<tr data-start=\"4113\" data-end=\"4213\">\n<td data-start=\"4113\" data-end=\"4140\" data-col-size=\"sm\">Witamina B6<\/td>\n<td data-col-size=\"md\" data-start=\"4140\" data-end=\"4213\">Wspomaga metabolizm energetyczny, poprawia samopoczucie<\/td>\n<\/tr>\n<tr data-start=\"4214\" data-end=\"4314\">\n<td data-start=\"4214\" data-end=\"4241\" data-col-size=\"sm\">B\u0142onnik ro\u015blinny<\/td>\n<td data-col-size=\"md\" data-start=\"4241\" data-end=\"4314\">Zapewnia uczucie syto\u015bci, reguluje prac\u0119 jelit<\/td>\n<\/tr>\n<\/tbody>\n<\/table>\n<div class=\"sticky end-(--thread-content-margin) h-0 self-end select-none\">\n<div class=\"absolute end-0 flex items-end\"><\/div>\n<\/div>\n<\/div>\n<\/div>\n<hr data-start=\"4585\" data-end=\"4588\" \/>\n<h2 data-start=\"4590\" data-end=\"4642\">Efekty stosowania \u2013 dzia\u0142anie kapsu\u0142ek Nutrilaben<\/h2>\n<p data-start=\"4644\" data-end=\"4827\">Najwa\u017cniejszym pytaniem dla u\u017cytkownik\u00f3w jest: <strong data-start=\"4691\" data-end=\"4724\">Jakie efekty daje Nutrilaben?<\/strong> Opinie u\u017cytkownik\u00f3w oraz badania nad sk\u0142adnikami wskazuj\u0105 na szerokie spektrum korzystnych rezultat\u00f3w.<\/p>\n<p data-start=\"4829\" data-end=\"4873\"><strong>Oczekiwane efekty stosowania Nutrilaben:<\/strong><\/p>\n<ol data-start=\"4875\" data-end=\"5386\">\n<li data-start=\"4875\" data-end=\"4996\">\n<p data-start=\"4878\" data-end=\"4996\"><strong data-start=\"4878\" data-end=\"4908\">Przyspieszenie metabolizmu<\/strong><br data-start=\"4908\" data-end=\"4911\" \/>Kapsu\u0142ki Nutrilaben pomagaj\u0105 w szybszym spalaniu kalorii nawet podczas odpoczynku.<\/p>\n<\/li>\n<li data-start=\"4997\" data-end=\"5113\">\n<p data-start=\"5000\" data-end=\"5113\"><strong data-start=\"5000\" data-end=\"5031\">Redukcja tkanki t\u0142uszczowej<\/strong><br data-start=\"5031\" data-end=\"5034\" \/>Systematyczne stosowanie prowadzi do zauwa\u017calnej utraty zb\u0119dnych kilogram\u00f3w.<\/p>\n<\/li>\n<li data-start=\"5114\" data-end=\"5201\">\n<p data-start=\"5117\" data-end=\"5201\"><strong data-start=\"5117\" data-end=\"5141\">Zmniejszenie apetytu<\/strong><br data-start=\"5141\" data-end=\"5144\" \/>Hamowanie uczucia g\u0142odu i podjadania mi\u0119dzy posi\u0142kami.<\/p>\n<\/li>\n<li data-start=\"5202\" data-end=\"5298\">\n<p data-start=\"5205\" data-end=\"5298\"><strong data-start=\"5205\" data-end=\"5229\">Poprawa samopoczucia<\/strong><br data-start=\"5229\" data-end=\"5232\" \/>Wi\u0119ksza energia, lepsza koncentracja oraz motywacja do \u0107wicze\u0144.<\/p>\n<\/li>\n<li data-start=\"5299\" data-end=\"5386\">\n<p data-start=\"5302\" data-end=\"5386\"><strong data-start=\"5302\" data-end=\"5328\">Detoksykacja organizmu<\/strong><br data-start=\"5328\" data-end=\"5331\" \/>Sk\u0142adniki wspieraj\u0105 usuwanie toksyn i nadmiaru wody.<\/p>\n<\/li>\n<\/ol>\n<p style=\"text-align: center;\"><a class=\"border-button\" href=\"https:\/\/tl-track.com\/tracker\/v2c4\">KUPI\u0106 PO CENIE PRODUCENTA (-50%)<\/a><\/p>\n<p data-start=\"8069\" data-end=\"8504\"><strong data-start=\"8069\" data-end=\"8109\">Nutrilaben \u2013 kapsu\u0142ki na odchudzanie<\/strong> to produkt, kt\u00f3ry mo\u017ce sta\u0107 si\u0119 Twoim sprzymierze\u0144cem w walce o zdrow\u0105 i szczup\u0142\u0105 sylwetk\u0119. Dzi\u0119ki starannie dobranym sk\u0142adnikom, potwierdzonemu dzia\u0142aniu i licznym pozytywnym opiniom, zyskuje on coraz wi\u0119ksz\u0105 popularno\u015b\u0107 w\u015br\u00f3d os\u00f3b chc\u0105cych skutecznie zrzuci\u0107 nadprogramowe kilogramy. Warto jednak pami\u0119ta\u0107, \u017ce najwa\u017cniejsza jest konsekwencja, zdrowy styl \u017cycia i regularna aktywno\u015b\u0107 fizyczna.<\/p>\n","protected":false},"excerpt":{"rendered":"<p>Nr kat.: 000874032<\/p>\n<p style=\"text-align: center;\"><a class=\"border-button\" href=\"https:\/\/tl-track.com\/tracker\/v2c4\">KUP TERAZ<\/a><\/p>\n","protected":false},"featured_media":1291,"comment_status":"open","ping_status":"closed","template":"","meta":[],"product_brand":[],"product_cat":[18],"product_tag":[],"class_list":{"0":"post-1290","1":"product","2":"type-product","3":"status-publish","4":"has-post-thumbnail","6":"product_cat-suplementy","8":"first","9":"instock","10":"sale","11":"shipping-taxable","12":"purchasable","13":"product-type-simple"},"aioseo_notices":[],"_links":{"self":[{"href":"https:\/\/lekarzpodroznik.pl\/store\/wp-json\/wp\/v2\/product\/1290","targetHints":{"allow":["GET"]}}],"collection":[{"href":"https:\/\/lekarzpodroznik.pl\/store\/wp-json\/wp\/v2\/product"}],"about":[{"href":"https:\/\/lekarzpodroznik.pl\/store\/wp-json\/wp\/v2\/types\/product"}],"replies":[{"embeddable":true,"href":"https:\/\/lekarzpodroznik.pl\/store\/wp-json\/wp\/v2\/comments?post=1290"}],"wp:featuredmedia":[{"embeddable":true,"href":"https:\/\/lekarzpodroznik.pl\/store\/wp-json\/wp\/v2\/media\/1291"}],"wp:attachment":[{"href":"https:\/\/lekarzpodroznik.pl\/store\/wp-json\/wp\/v2\/media?parent=1290"}],"wp:term":[{"taxonomy":"product_brand","embeddable":true,"href":"https:\/\/lekarzpodroznik.pl\/store\/wp-json\/wp\/v2\/product_brand?post=1290"},{"taxonomy":"product_cat","embeddable":true,"href":"https:\/\/lekarzpodroznik.pl\/store\/wp-json\/wp\/v2\/product_cat?post=1290"},{"taxonomy":"product_tag","embeddable":true,"href":"https:\/\/lekarzpodroznik.pl\/store\/wp-json\/wp\/v2\/product_tag?post=1290"}],"curies":[{"name":"wp","href":"https:\/\/api.w.org\/{rel}","templated":true}]}}