{"id":1294,"date":"2025-05-29T10:31:46","date_gmt":"2025-05-29T10:31:46","guid":{"rendered":"https:\/\/lekarzpodroznik.pl\/store\/?post_type=product&#038;p=1294"},"modified":"2025-12-26T17:12:50","modified_gmt":"2025-12-26T17:12:50","slug":"insuwell","status":"publish","type":"product","link":"https:\/\/lekarzpodroznik.pl\/store\/product\/insuwell\/","title":{"rendered":"Insuwell"},"content":{"rendered":"<p data-start=\"277\" data-end=\"812\">W dzisiejszych czasach coraz wi\u0119cej os\u00f3b zmaga si\u0119 z problemami regulacji poziomu cukru we krwi oraz powi\u0105zanymi z tym zaburzeniami metabolicznymi. Na rynku pojawiaj\u0105 si\u0119 nowe rozwi\u0105zania maj\u0105ce na celu wsparcie zdrowia metabolicznego i og\u00f3lnego funkcjonowania organizmu. Jednym z nich s\u0105 <strong data-start=\"566\" data-end=\"586\">kapsu\u0142y Insuwell<\/strong>. Poni\u017cej przedstawiamy wyczerpuj\u0105cy przegl\u0105d tego innowacyjnego preparatu, w kt\u00f3rym dowiesz si\u0119, czym jest Insuwell, jakie ma wskazania, przeciwwskazania, sk\u0142ad oraz jakie efekty przynosi regularne stosowanie tego suplementu.<\/p>\n<hr data-start=\"814\" data-end=\"817\" \/>\n<h2 data-start=\"819\" data-end=\"876\"><strong data-start=\"822\" data-end=\"876\">Co to jest Insuwell: forma wydania, grupa docelowa<\/strong><\/h2>\n<p data-start=\"878\" data-end=\"1248\"><strong data-start=\"878\" data-end=\"890\">Insuwell<\/strong> to nowoczesny preparat w formie kapsu\u0142ek, przeznaczony przede wszystkim dla os\u00f3b borykaj\u0105cych si\u0119 z zaburzeniami poziomu cukru we krwi. Dzi\u0119ki unikalnej formule, produkt mo\u017ce by\u0107 stosowany zar\u00f3wno profilaktycznie, jak i wspomagaj\u0105co przez osoby zmagaj\u0105ce si\u0119 z cukrzyc\u0105 typu 2, insulinooporno\u015bci\u0105, stanami przedcukrzycowymi oraz zaburzeniami metabolicznymi.<\/p>\n<p data-start=\"1250\" data-end=\"1269\"><strong data-start=\"1250\" data-end=\"1269\">Grupa docelowa:<\/strong><\/p>\n<ul data-start=\"1270\" data-end=\"1487\">\n<li data-start=\"1270\" data-end=\"1312\">\n<p data-start=\"1272\" data-end=\"1312\">Osoby z zaburzeniami metabolizmu glukozy<\/p>\n<\/li>\n<li data-start=\"1313\" data-end=\"1346\">\n<p data-start=\"1315\" data-end=\"1346\">Osoby zagro\u017cone cukrzyc\u0105 typu 2<\/p>\n<\/li>\n<li data-start=\"1347\" data-end=\"1375\">\n<p data-start=\"1349\" data-end=\"1375\">Osoby z insulinooporno\u015bci\u0105<\/p>\n<\/li>\n<li data-start=\"1376\" data-end=\"1432\">\n<p data-start=\"1378\" data-end=\"1432\">Osoby dbaj\u0105ce o zdrowie trzustki i uk\u0142adu hormonalnego<\/p>\n<\/li>\n<li data-start=\"1433\" data-end=\"1487\">\n<p data-start=\"1435\" data-end=\"1487\">Osoby z problemami z ci\u015bnieniem krwi i cholesterolem<\/p>\n<\/li>\n<\/ul>\n<p data-start=\"1489\" data-end=\"1643\"><strong data-start=\"1489\" data-end=\"1507\">Forma wydania:<\/strong><br data-start=\"1507\" data-end=\"1510\" \/>Insuwell wyst\u0119puje w \u0142atwych do po\u0142kni\u0119cia kapsu\u0142kach, co gwarantuje szybkie wch\u0142anianie i wysok\u0105 biodost\u0119pno\u015b\u0107 substancji aktywnych.<\/p>\n<hr data-start=\"1645\" data-end=\"1648\" \/>\n<h2 data-start=\"1650\" data-end=\"1694\"><strong data-start=\"1653\" data-end=\"1694\">Wskazania i przeciwwskazania Insuwell<\/strong><\/h2>\n<p data-start=\"1696\" data-end=\"1728\"><strong>Wskazania do stosowania:<\/strong><\/p>\n<ol data-start=\"1730\" data-end=\"2226\">\n<li data-start=\"1730\" data-end=\"1823\">\n<p data-start=\"1733\" data-end=\"1823\"><strong>Regulacja poziomu cukru we krwi<\/strong> \u2013 Insuwell wspiera naturalne mechanizmy kontroli glikemii.<\/p>\n<\/li>\n<li data-start=\"1824\" data-end=\"1934\">\n<p data-start=\"1827\" data-end=\"1934\"><strong>Normalizacja proces\u00f3w metabolicznych<\/strong> \u2013 poprawia prac\u0119 uk\u0142adu hormonalnego oraz funkcje tarczycy i jajnik\u00f3w.<\/p>\n<\/li>\n<li data-start=\"1935\" data-end=\"2032\">\n<p data-start=\"1938\" data-end=\"2032\"><strong>Ochrona przed intoksykacj\u0105<\/strong> \u2013 oczyszcza organizm z toksyn, wspiera w\u0105trob\u0119 i uk\u0142ad limfatyczny.<\/p>\n<\/li>\n<li data-start=\"2033\" data-end=\"2121\">\n<p data-start=\"2036\" data-end=\"2121\"><strong>Wzmacnianie odporno\u015bci<\/strong> \u2013 chroni organizm przed infekcjami i podnosi og\u00f3ln\u0105 odporno\u015b\u0107.<\/p>\n<\/li>\n<li data-start=\"2122\" data-end=\"2226\">\n<p data-start=\"2125\" data-end=\"2226\"><strong>Wspomaganie pracy serca<\/strong> \u2013 obni\u017ca poziom cholesterolu, poprawia kr\u0105\u017cenie i normalizuje ci\u015bnienie krwi.<\/p>\n<\/li>\n<\/ol>\n<p data-start=\"2228\" data-end=\"2253\"><strong data-start=\"2232\" data-end=\"2253\">Przeciwwskazania:<\/strong><\/p>\n<ul data-start=\"2255\" data-end=\"2427\">\n<li data-start=\"2255\" data-end=\"2292\">\n<p data-start=\"2257\" data-end=\"2292\">Nadwra\u017cliwo\u015b\u0107 na sk\u0142adniki produktu<\/p>\n<\/li>\n<li data-start=\"2293\" data-end=\"2354\">\n<p data-start=\"2295\" data-end=\"2354\">Ci\u0105\u017ca i karmienie piersi\u0105 (zalecana konsultacja z lekarzem)<\/p>\n<\/li>\n<li data-start=\"2355\" data-end=\"2396\">\n<p data-start=\"2357\" data-end=\"2396\">Stany ostre chor\u00f3b przewodu pokarmowego<\/p>\n<\/li>\n<li data-start=\"2397\" data-end=\"2427\">\n<p data-start=\"2399\" data-end=\"2427\">Dzieci poni\u017cej 12 roku \u017cycia<\/p>\n<\/li>\n<\/ul>\n<p style=\"text-align: center;\"><a class=\"border-button\" href=\"https:\/\/keonv.com\/AcpS?sub1=sub1&amp;sub2=sub2&amp;sub3=sub3&amp;sub4=sub4&amp;sub5=sub5\">www.insuwell.pl<\/a><\/p>\n<hr data-start=\"2429\" data-end=\"2432\" \/>\n<h2 data-start=\"2434\" data-end=\"2477\"><strong data-start=\"2437\" data-end=\"2477\">Sk\u0142ad Insuwell \u2013 skuteczne sk\u0142adniki<\/strong><\/h2>\n<p data-start=\"2479\" data-end=\"2724\">Sekret skuteczno\u015bci kapsu\u0142ek Insuwell tkwi w ich unikalnym sk\u0142adzie. Ka\u017cdy sk\u0142adnik zosta\u0142 dobrany tak, aby wzajemnie si\u0119 uzupe\u0142nia\u0107 i wzmacnia\u0107 dzia\u0142anie ca\u0142ego preparatu. Poni\u017cej przedstawiamy najwa\u017cniejsze sk\u0142adniki wraz z ich w\u0142a\u015bciwo\u015bciami:<\/p>\n<div class=\"_tableContainer_16hzy_1\">\n<div class=\"_tableWrapper_16hzy_14 group flex w-fit flex-col-reverse\" tabindex=\"-1\">\n<table class=\"w-fit min-w-(--thread-content-width)\" style=\"height: 235px;\" width=\"1091\" data-start=\"2726\" data-end=\"3892\">\n<thead data-start=\"2726\" data-end=\"2854\">\n<tr data-start=\"2726\" data-end=\"2854\">\n<th data-start=\"2726\" data-end=\"2748\" data-col-size=\"sm\">Sk\u0142adnik<\/th>\n<th data-start=\"2748\" data-end=\"2854\" data-col-size=\"md\">Dzia\u0142anie<\/th>\n<\/tr>\n<\/thead>\n<tbody data-start=\"2984\" data-end=\"3892\">\n<tr data-start=\"2984\" data-end=\"3114\">\n<td data-start=\"2984\" data-end=\"3015\" data-col-size=\"sm\"><strong data-start=\"2986\" data-end=\"3013\">Ekstrakt z morwy bia\u0142ej<\/strong><\/td>\n<td data-start=\"3015\" data-end=\"3114\" data-col-size=\"md\">Obni\u017ca poziom cukru we krwi, wspomaga prac\u0119 kom\u00f3rek beta wysepek Langerhansa w trzustce<\/td>\n<\/tr>\n<tr data-start=\"3115\" data-end=\"3243\">\n<td data-start=\"3115\" data-end=\"3137\" data-col-size=\"sm\"><strong data-start=\"3117\" data-end=\"3126\">Chrom<\/strong><\/td>\n<td data-start=\"3137\" data-end=\"3243\" data-col-size=\"md\">Pomaga w utrzymaniu prawid\u0142owego metabolizmu makrosk\u0142adnik\u00f3w, reguluje poziom glukozy<\/td>\n<\/tr>\n<tr data-start=\"3244\" data-end=\"3373\">\n<td data-start=\"3244\" data-end=\"3273\" data-col-size=\"sm\"><strong data-start=\"3246\" data-end=\"3271\">Ekstrakt z kozieradki<\/strong><\/td>\n<td data-start=\"3273\" data-end=\"3373\" data-col-size=\"md\">Wspiera gospodark\u0119 hormonaln\u0105 i obni\u017ca poziom cholesterolu<\/td>\n<\/tr>\n<tr data-start=\"3374\" data-end=\"3502\">\n<td data-start=\"3374\" data-end=\"3396\" data-col-size=\"sm\"><strong data-start=\"3376\" data-end=\"3394\">Witamina C i E<\/strong><\/td>\n<td data-start=\"3396\" data-end=\"3502\" data-col-size=\"md\">Chroni\u0105 przed stresem oksydacyjnym, wzmacniaj\u0105 odporno\u015b\u0107<\/td>\n<\/tr>\n<tr data-start=\"3503\" data-end=\"3632\">\n<td data-start=\"3503\" data-end=\"3528\" data-col-size=\"sm\"><strong data-start=\"3505\" data-end=\"3527\">Ekstrakt z gurmaru<\/strong><\/td>\n<td data-start=\"3528\" data-end=\"3632\" data-col-size=\"md\">Hamuje \u0142aknienie na s\u0142odycze, poprawia funkcje trzustki<\/td>\n<\/tr>\n<tr data-start=\"3633\" data-end=\"3762\">\n<td data-start=\"3633\" data-end=\"3655\" data-col-size=\"sm\"><strong data-start=\"3635\" data-end=\"3643\">Cynk<\/strong><\/td>\n<td data-start=\"3655\" data-end=\"3762\" data-col-size=\"md\">Wspiera uk\u0142ad odporno\u015bciowy i poprawia regeneracj\u0119 kom\u00f3rek<\/td>\n<\/tr>\n<tr data-start=\"3763\" data-end=\"3892\">\n<td data-start=\"3763\" data-end=\"3793\" data-col-size=\"sm\"><strong data-start=\"3765\" data-end=\"3790\">Ekstrakt z ostropestu<\/strong><\/td>\n<td data-start=\"3793\" data-end=\"3892\" data-col-size=\"md\">Oczyszcza w\u0105trob\u0119, dzia\u0142a detoksykacyjnie<\/td>\n<\/tr>\n<\/tbody>\n<\/table>\n<div class=\"sticky end-(--thread-content-margin) h-0 self-end select-none\">\n<div class=\"absolute end-0 flex items-end\"><\/div>\n<\/div>\n<\/div>\n<\/div>\n<p data-start=\"3894\" data-end=\"4020\">Kombinacja tych sk\u0142adnik\u00f3w sprawia, \u017ce Insuwell nie tylko reguluje poziom cukru, ale tak\u017ce dzia\u0142a wielokierunkowo na organizm.<\/p>\n<hr data-start=\"4022\" data-end=\"4025\" \/>\n<h2 data-start=\"4027\" data-end=\"4081\"><strong data-start=\"4030\" data-end=\"4081\">Efekty stosowania \u2013 dzia\u0142anie kapsu\u0142ek Insuwell<\/strong><\/h2>\n<p data-start=\"4083\" data-end=\"4257\">Regularne przyjmowanie kapsu\u0142ek Insuwell mo\u017ce przynie\u015b\u0107 wiele korzy\u015bci zdrowotnych. Oto najwa\u017cniejsze efekty, kt\u00f3re zg\u0142aszaj\u0105 u\u017cytkownicy oraz potwierdzaj\u0105 badania kliniczne:<\/p>\n<p data-start=\"4259\" data-end=\"4292\"><strong>G\u0142\u00f3wne korzy\u015bci Insuwell:<\/strong><\/p>\n<ol data-start=\"4294\" data-end=\"5228\">\n<li data-start=\"4294\" data-end=\"4529\">\n<p data-start=\"4297\" data-end=\"4332\"><strong data-start=\"4297\" data-end=\"4332\">Regulacja poziomu cukru we krwi<\/strong><\/p>\n<ul data-start=\"4336\" data-end=\"4529\">\n<li data-start=\"4336\" data-end=\"4467\">\n<p data-start=\"4338\" data-end=\"4467\">Kapsu\u0142y pobudzaj\u0105 prac\u0119 kom\u00f3rek beta wysepek Langerhansa w trzustce, dzi\u0119ki czemu organizm lepiej zarz\u0105dza wydzielaniem insuliny.<\/p>\n<\/li>\n<li data-start=\"4471\" data-end=\"4529\">\n<p data-start=\"4473\" data-end=\"4529\">Zmniejszaj\u0105 ryzyko gwa\u0142townych skok\u00f3w i spadk\u00f3w glukozy.<\/p>\n<\/li>\n<\/ul>\n<\/li>\n<li data-start=\"4531\" data-end=\"4718\">\n<p data-start=\"4534\" data-end=\"4574\"><strong data-start=\"4534\" data-end=\"4574\">Normalizacja proces\u00f3w metabolicznych<\/strong><\/p>\n<ul data-start=\"4578\" data-end=\"4718\">\n<li data-start=\"4578\" data-end=\"4670\">\n<p data-start=\"4580\" data-end=\"4670\">Preparat wp\u0142ywa korzystnie na prac\u0119 tarczycy, jajnik\u00f3w oraz reguluje r\u00f3wnowag\u0119 hormonaln\u0105.<\/p>\n<\/li>\n<li data-start=\"4674\" data-end=\"4718\">\n<p data-start=\"4676\" data-end=\"4718\">Wspiera spalanie t\u0142uszcz\u00f3w i w\u0119glowodan\u00f3w.<\/p>\n<\/li>\n<\/ul>\n<\/li>\n<li data-start=\"4720\" data-end=\"4856\">\n<p data-start=\"4723\" data-end=\"4753\"><strong data-start=\"4723\" data-end=\"4753\">Ochrona przed intoksykacj\u0105<\/strong><\/p>\n<ul data-start=\"4757\" data-end=\"4856\">\n<li data-start=\"4757\" data-end=\"4826\">\n<p data-start=\"4759\" data-end=\"4826\">Insuwell oczyszcza organizm z toksyn, poprawia jako\u015b\u0107 krwi i limfy.<\/p>\n<\/li>\n<li data-start=\"4830\" data-end=\"4856\">\n<p data-start=\"4832\" data-end=\"4856\">Dzia\u0142a antyoksydacyjnie.<\/p>\n<\/li>\n<\/ul>\n<\/li>\n<li data-start=\"4858\" data-end=\"5011\">\n<p data-start=\"4861\" data-end=\"4904\"><strong data-start=\"4861\" data-end=\"4904\">Wzmocnienie naczy\u0144 krwiono\u015bnych i serca<\/strong><\/p>\n<ul data-start=\"4908\" data-end=\"5011\">\n<li data-start=\"4908\" data-end=\"4949\">\n<p data-start=\"4910\" data-end=\"4949\">Poprawia rytm serca, wspomaga kr\u0105\u017cenie.<\/p>\n<\/li>\n<li data-start=\"4953\" data-end=\"5011\">\n<p data-start=\"4955\" data-end=\"5011\">Obni\u017ca poziom cholesterolu i normalizuje ci\u015bnienie krwi.<\/p>\n<\/li>\n<\/ul>\n<\/li>\n<li data-start=\"5013\" data-end=\"5228\">\n<p data-start=\"5016\" data-end=\"5053\"><strong data-start=\"5016\" data-end=\"5053\">Podniesienie odporno\u015bci organizmu<\/strong><\/p>\n<ul data-start=\"5057\" data-end=\"5228\">\n<li data-start=\"5057\" data-end=\"5158\">\n<p data-start=\"5059\" data-end=\"5158\">Suplementacja Insuwell uzupe\u0142nia niedobory odporno\u015bci, chroni przed infekcjami i stanami zapalnymi.<\/p>\n<\/li>\n<li data-start=\"5162\" data-end=\"5228\">\n<p data-start=\"5164\" data-end=\"5228\">Zapobiega uszkodzeniom wzroku i innym powik\u0142aniom metabolicznym.<\/p>\n<\/li>\n<\/ul>\n<\/li>\n<\/ol>\n<p data-start=\"5230\" data-end=\"5268\"><strong data-start=\"5234\" data-end=\"5268\">Dodatkowe pozytywne dzia\u0142ania:<\/strong><\/p>\n<ul data-start=\"5269\" data-end=\"5411\">\n<li data-start=\"5269\" data-end=\"5325\">\n<p data-start=\"5271\" data-end=\"5325\">Redukcja wagi cia\u0142a (wspomaganie proces\u00f3w odchudzania)<\/p>\n<\/li>\n<li data-start=\"5326\" data-end=\"5366\">\n<p data-start=\"5328\" data-end=\"5366\">Poprawa samopoczucia i poziomu energii<\/p>\n<\/li>\n<li data-start=\"5367\" data-end=\"5411\">\n<p data-start=\"5369\" data-end=\"5411\">Wsparcie w oczyszczaniu organizmu z toksyn<\/p>\n<\/li>\n<\/ul>\n<p style=\"text-align: center;\"><a class=\"border-button\" href=\"https:\/\/keonv.com\/AcpS?sub1=sub1&amp;sub2=sub2&amp;sub3=sub3&amp;sub4=sub4&amp;sub5=sub5\">KUPI\u0106 PO CENIE PRODUCENTA (-50%)<\/a><\/p>\n","protected":false},"excerpt":{"rendered":"<p>Nr kat.: 000874034<\/p>\n<p style=\"text-align: center;\"><a class=\"border-button\" href=\"https:\/\/keonv.com\/AcpS?sub1=sub1&amp;sub2=sub2&amp;sub3=sub3&amp;sub4=sub4&amp;sub5=sub5\">KUP TERAZ<\/a><\/p>\n","protected":false},"featured_media":1295,"comment_status":"open","ping_status":"closed","template":"","meta":[],"product_brand":[],"product_cat":[18],"product_tag":[],"class_list":{"0":"post-1294","1":"product","2":"type-product","3":"status-publish","4":"has-post-thumbnail","6":"product_cat-suplementy","8":"first","9":"instock","10":"sale","11":"shipping-taxable","12":"purchasable","13":"product-type-simple"},"aioseo_notices":[],"_links":{"self":[{"href":"https:\/\/lekarzpodroznik.pl\/store\/wp-json\/wp\/v2\/product\/1294","targetHints":{"allow":["GET"]}}],"collection":[{"href":"https:\/\/lekarzpodroznik.pl\/store\/wp-json\/wp\/v2\/product"}],"about":[{"href":"https:\/\/lekarzpodroznik.pl\/store\/wp-json\/wp\/v2\/types\/product"}],"replies":[{"embeddable":true,"href":"https:\/\/lekarzpodroznik.pl\/store\/wp-json\/wp\/v2\/comments?post=1294"}],"wp:featuredmedia":[{"embeddable":true,"href":"https:\/\/lekarzpodroznik.pl\/store\/wp-json\/wp\/v2\/media\/1295"}],"wp:attachment":[{"href":"https:\/\/lekarzpodroznik.pl\/store\/wp-json\/wp\/v2\/media?parent=1294"}],"wp:term":[{"taxonomy":"product_brand","embeddable":true,"href":"https:\/\/lekarzpodroznik.pl\/store\/wp-json\/wp\/v2\/product_brand?post=1294"},{"taxonomy":"product_cat","embeddable":true,"href":"https:\/\/lekarzpodroznik.pl\/store\/wp-json\/wp\/v2\/product_cat?post=1294"},{"taxonomy":"product_tag","embeddable":true,"href":"https:\/\/lekarzpodroznik.pl\/store\/wp-json\/wp\/v2\/product_tag?post=1294"}],"curies":[{"name":"wp","href":"https:\/\/api.w.org\/{rel}","templated":true}]}}