{"id":1298,"date":"2025-05-29T10:45:01","date_gmt":"2025-05-29T10:45:01","guid":{"rendered":"https:\/\/lekarzpodroznik.pl\/store\/?post_type=product&#038;p=1298"},"modified":"2025-05-29T11:17:05","modified_gmt":"2025-05-29T11:17:05","slug":"my-sugar","status":"publish","type":"product","link":"https:\/\/lekarzpodroznik.pl\/store\/product\/my-sugar\/","title":{"rendered":"My Sugar"},"content":{"rendered":"<p data-start=\"315\" data-end=\"668\">Coraz wi\u0119cej os\u00f3b szuka skutecznych i bezpiecznych sposob\u00f3w na regulacj\u0119 poziomu cukru we krwi. Jednym z ciekawszych i innowacyjnych produkt\u00f3w dost\u0119pnych na rynku jest suplement <strong data-start=\"493\" data-end=\"505\">My Sugar<\/strong> w formie wygodnych kapsu\u0142ek. W tym artykule przedstawiamy kompleksowy przegl\u0105d tego preparatu, analizuj\u0105c jego sk\u0142ad, dzia\u0142anie, wskazania oraz efekty stosowania.<\/p>\n<hr data-start=\"670\" data-end=\"673\" \/>\n<h2 data-start=\"675\" data-end=\"719\">Co to jest My Sugar: forma wydania, grupa<\/h2>\n<p data-start=\"721\" data-end=\"894\"><strong data-start=\"721\" data-end=\"733\">My Sugar<\/strong> to nowoczesny suplement diety w postaci kapsu\u0142ek, przeznaczony do wspomagania prawid\u0142owego poziomu glukozy we krwi. Produkt skierowany jest do os\u00f3b, kt\u00f3re chc\u0105:<\/p>\n<ul data-start=\"896\" data-end=\"1014\">\n<li data-start=\"896\" data-end=\"938\">\n<p data-start=\"898\" data-end=\"938\">wspiera\u0107 zdrowy metabolizm w\u0119glowodan\u00f3w,<\/p>\n<\/li>\n<li data-start=\"939\" data-end=\"974\">\n<p data-start=\"941\" data-end=\"974\">zapobiega\u0107 nag\u0142ym wzrostom cukru,<\/p>\n<\/li>\n<li data-start=\"975\" data-end=\"1014\">\n<p data-start=\"977\" data-end=\"1014\">zadba\u0107 o og\u00f3lne zdrowie metaboliczne.<\/p>\n<\/li>\n<\/ul>\n<p data-start=\"1016\" data-end=\"1317\"><strong data-start=\"1016\" data-end=\"1034\">Forma wydania:<\/strong><\/p>\n<p data-start=\"1016\" data-end=\"1317\">My Sugar dost\u0119pny jest w opakowaniach zawieraj\u0105cych kapsu\u0142ki, co zapewnia \u0142atwo\u015b\u0107 stosowania oraz wysok\u0105 biodost\u0119pno\u015b\u0107 substancji czynnych. Produkt przeznaczony jest zar\u00f3wno dla os\u00f3b doros\u0142ych zmagaj\u0105cych si\u0119 z insulinooporno\u015bci\u0105, stanem przedcukrzycowym, jak i diabetyk\u00f3w typu 2.<\/p>\n<p data-start=\"1319\" data-end=\"1340\"><strong data-start=\"1319\" data-end=\"1338\">Grupa docelowa:<\/strong><\/p>\n<ul data-start=\"1341\" data-end=\"1496\">\n<li data-start=\"1341\" data-end=\"1357\">\n<p data-start=\"1343\" data-end=\"1357\">Osoby doros\u0142e,<\/p>\n<\/li>\n<li data-start=\"1358\" data-end=\"1386\">\n<p data-start=\"1360\" data-end=\"1386\">Osoby z ryzykiem cukrzycy,<\/p>\n<\/li>\n<li data-start=\"1387\" data-end=\"1436\">\n<p data-start=\"1389\" data-end=\"1436\">Osoby z zaburzeniami gospodarki w\u0119glowodanowej,<\/p>\n<\/li>\n<li data-start=\"1437\" data-end=\"1496\">\n<p data-start=\"1439\" data-end=\"1496\">Ka\u017cdy, kto chce wesprze\u0107 zdrow\u0105 prac\u0119 trzustki i w\u0105troby.<\/p>\n<\/li>\n<\/ul>\n<hr data-start=\"1498\" data-end=\"1501\" \/>\n<h2 data-start=\"1503\" data-end=\"1543\">Wskazania i przeciwwskazania My Sugar<\/h2>\n<p data-start=\"1545\" data-end=\"1582\"><strong data-start=\"1545\" data-end=\"1582\">Wskazania do stosowania My Sugar:<\/strong><\/p>\n<ol data-start=\"1584\" data-end=\"1819\">\n<li data-start=\"1584\" data-end=\"1628\">\n<p data-start=\"1587\" data-end=\"1628\">Wsparcie regulacji poziomu cukru we krwi,<\/p>\n<\/li>\n<li data-start=\"1629\" data-end=\"1679\">\n<p data-start=\"1632\" data-end=\"1679\">Wspomaganie metabolizmu lipid\u00f3w i w\u0119glowodan\u00f3w,<\/p>\n<\/li>\n<li data-start=\"1680\" data-end=\"1732\">\n<p data-start=\"1683\" data-end=\"1732\">Prewencja powik\u0142a\u0144 cukrzycowych (np. neuropatii),<\/p>\n<\/li>\n<li data-start=\"1733\" data-end=\"1772\">\n<p data-start=\"1736\" data-end=\"1772\">Zwi\u0119kszenie wra\u017cliwo\u015bci na insulin\u0119,<\/p>\n<\/li>\n<li data-start=\"1773\" data-end=\"1819\">\n<p data-start=\"1776\" data-end=\"1819\">Ochrona kom\u00f3rek przed stresem oksydacyjnym.<\/p>\n<\/li>\n<\/ol>\n<p data-start=\"1821\" data-end=\"1842\"><strong data-start=\"1821\" data-end=\"1842\">Przeciwwskazania:<\/strong><\/p>\n<ul data-start=\"1844\" data-end=\"2020\">\n<li data-start=\"1844\" data-end=\"1895\">\n<p data-start=\"1846\" data-end=\"1895\">Nadwra\u017cliwo\u015b\u0107 na kt\u00f3rykolwiek sk\u0142adnik preparatu,<\/p>\n<\/li>\n<li data-start=\"1896\" data-end=\"1959\">\n<p data-start=\"1898\" data-end=\"1959\">Okres ci\u0105\u017cy i karmienia piersi\u0105 (bez konsultacji z lekarzem),<\/p>\n<\/li>\n<li data-start=\"1960\" data-end=\"2020\">\n<p data-start=\"1962\" data-end=\"2020\">Nie zaleca si\u0119 dzieciom i m\u0142odzie\u017cy poni\u017cej 18 roku \u017cycia.<\/p>\n<\/li>\n<\/ul>\n<p data-start=\"2022\" data-end=\"2162\">Przed rozpocz\u0119ciem suplementacji, szczeg\u00f3lnie w przypadku przewlek\u0142ych chor\u00f3b, nale\u017cy skonsultowa\u0107 si\u0119 z lekarzem lub farmaceut\u0105.<\/p>\n<p style=\"text-align: center;\" data-start=\"2022\" data-end=\"2162\"><a class=\"border-button\" href=\"https:\/\/keonv.com\/DnpS?sub1=sub1&amp;sub2=sub2&amp;sub3=sub3&amp;sub4=sub4&amp;sub5=sub5\">www.my-sugar.pl<\/a><\/p>\n<hr data-start=\"2164\" data-end=\"2167\" \/>\n<h2 data-start=\"2169\" data-end=\"2208\">Sk\u0142ad My Sugar \u2013 skuteczne sk\u0142adniki<\/h2>\n<p data-start=\"2210\" data-end=\"2394\">Si\u0142a dzia\u0142ania My Sugar wynika z synergii starannie dobranych sk\u0142adnik\u00f3w aktywnych. Ka\u017cdy z nich pe\u0142ni okre\u015blon\u0105 rol\u0119 w wspieraniu regulacji glikemii i og\u00f3lnego zdrowia metabolicznego.<\/p>\n<p data-start=\"2396\" data-end=\"2471\"><strong data-start=\"2396\" data-end=\"2471\">Poni\u017cej prezentujemy kluczowe sk\u0142adniki preparatu oraz ich w\u0142a\u015bciwo\u015bci:<\/strong><\/p>\n<div class=\"_tableContainer_16hzy_1\">\n<div class=\"_tableWrapper_16hzy_14 group flex w-fit flex-col-reverse\" tabindex=\"-1\">\n<table class=\"w-fit min-w-(--thread-content-width)\" style=\"height: 158px;\" width=\"1086\" data-start=\"2473\" data-end=\"3138\">\n<thead data-start=\"2473\" data-end=\"2579\">\n<tr data-start=\"2473\" data-end=\"2579\">\n<th data-start=\"2473\" data-end=\"2490\" data-col-size=\"sm\">Sk\u0142adnik<\/th>\n<th data-start=\"2490\" data-end=\"2579\" data-col-size=\"lg\">Dzia\u0142anie<\/th>\n<\/tr>\n<\/thead>\n<tbody data-start=\"2687\" data-end=\"3138\">\n<tr data-start=\"2687\" data-end=\"2811\">\n<td data-start=\"2687\" data-end=\"2704\" data-col-size=\"sm\"><strong data-start=\"2689\" data-end=\"2700\">Inulina<\/strong><\/td>\n<td data-start=\"2704\" data-end=\"2811\" data-col-size=\"lg\">Polisacharyd ro\u015blinny \u2013 wspomaga metabolizm w\u0119glowodan\u00f3w i lipid\u00f3w, korzystny dla mikroflory jelitowej.<\/td>\n<\/tr>\n<tr data-start=\"2812\" data-end=\"2919\">\n<td data-start=\"2812\" data-end=\"2829\" data-col-size=\"sm\"><strong data-start=\"2814\" data-end=\"2822\">Alfa<\/strong><\/td>\n<td data-start=\"2829\" data-end=\"2919\" data-col-size=\"lg\">Zwi\u0119ksza wra\u017cliwo\u015b\u0107 na insulin\u0119, wspomaga walk\u0119 z neuropati\u0105 u os\u00f3b z cukrzyc\u0105.<\/td>\n<\/tr>\n<tr data-start=\"2920\" data-end=\"3027\">\n<td data-start=\"2920\" data-end=\"2937\" data-col-size=\"sm\"><strong data-start=\"2922\" data-end=\"2931\">Chrom<\/strong><\/td>\n<td data-start=\"2937\" data-end=\"3027\" data-col-size=\"lg\">Stabilizuje poziom glukozy we krwi, zmniejsza ryzyko gwa\u0142townych skok\u00f3w cukru.<\/td>\n<\/tr>\n<tr data-start=\"3028\" data-end=\"3138\">\n<td data-start=\"3028\" data-end=\"3045\" data-col-size=\"sm\"><strong data-start=\"3030\" data-end=\"3045\">Koenzym Q10<\/strong><\/td>\n<td data-start=\"3045\" data-end=\"3138\" data-col-size=\"lg\">Silny antyoksydant, chroni mitochondria przed uszkodzeniem, wspiera energetyk\u0119 kom\u00f3rkow\u0105.<\/td>\n<\/tr>\n<\/tbody>\n<\/table>\n<div class=\"sticky end-(--thread-content-margin) h-0 self-end select-none\">\n<div class=\"absolute end-0 flex items-end\"><\/div>\n<\/div>\n<\/div>\n<\/div>\n<hr data-start=\"3650\" data-end=\"3653\" \/>\n<h2 data-start=\"3655\" data-end=\"3705\">Efekty stosowania \u2013 dzia\u0142anie kapsu\u0142ek My Sugar<\/h2>\n<p data-start=\"3707\" data-end=\"3873\">Regularne stosowanie kapsu\u0142ek <strong data-start=\"3737\" data-end=\"3749\">My Sugar<\/strong> przynosi szereg korzy\u015bci, zar\u00f3wno kr\u00f3tkoterminowych, jak i d\u0142ugofalowych. Oto najwa\u017cniejsze efekty, na kt\u00f3re mo\u017cesz liczy\u0107:<\/p>\n<h3 data-start=\"3875\" data-end=\"3915\">Skuteczna regulacja poziomu cukru<\/h3>\n<p data-start=\"3917\" data-end=\"4077\">Substancje aktywne pomagaj\u0105 stabilizowa\u0107 poziom glukozy i zapobiegaj\u0105 gwa\u0142townym wzrostom, co jest szczeg\u00f3lnie wa\u017cne dla diabetyk\u00f3w i os\u00f3b z insulinooporno\u015bci\u0105.<\/p>\n<h3 data-start=\"4079\" data-end=\"4128\">Poprawa metabolizmu w\u0119glowodan\u00f3w i lipid\u00f3w<\/h3>\n<p data-start=\"4130\" data-end=\"4255\">Inulina oraz chrom wspieraj\u0105 prawid\u0142owe przemiany metaboliczne, ograniczaj\u0105c ryzyko rozwoju powik\u0142a\u0144 cukrzycowych i oty\u0142o\u015bci.<\/p>\n<h3 data-start=\"4257\" data-end=\"4299\">Zwi\u0119kszenie wra\u017cliwo\u015bci na insulin\u0119<\/h3>\n<p data-start=\"4301\" data-end=\"4425\">Dzi\u0119ki dzia\u0142aniu Alfa oraz chromu, kom\u00f3rki lepiej reaguj\u0105 na insulin\u0119, co przek\u0142ada si\u0119 na efektywniejsz\u0105 kontrol\u0119 glikemii.<\/p>\n<h3 data-start=\"4427\" data-end=\"4476\">Ochrona kom\u00f3rek przed stresem oksydacyjnym<\/h3>\n<p data-start=\"4478\" data-end=\"4607\">Koenzym Q10 pomaga neutralizowa\u0107 wolne rodniki i chroni mitochondria, wspieraj\u0105c zdrowie uk\u0142adu nerwowego i sercowo-naczyniowego.<\/p>\n<p style=\"text-align: center;\" data-start=\"4478\" data-end=\"4607\"><a class=\"border-button\" href=\"https:\/\/keonv.com\/DnpS?sub1=sub1&amp;sub2=sub2&amp;sub3=sub3&amp;sub4=sub4&amp;sub5=sub5\">KUPI\u0106 PO CENIE PRODUCENTA (-50%)<\/a><\/p>\n<p data-start=\"5712\" data-end=\"6015\"><strong data-start=\"5712\" data-end=\"5724\">My Sugar<\/strong> to innowacyjny suplement w kapsu\u0142kach, kt\u00f3ry skutecznie wspiera walk\u0119 z zaburzeniami poziomu cukru we krwi i powik\u0142aniami metabolicznymi. Synergia inuliny, chromu, Alfa i koenzymu Q10 czyni go atrakcyjnym wyborem zar\u00f3wno dla diabetyk\u00f3w, jak i os\u00f3b profilaktycznie dbaj\u0105cych o swoje zdrowie.<\/p>\n<p data-start=\"6017\" data-end=\"6182\" data-is-last-node=\"\" data-is-only-node=\"\">Warto wypr\u00f3bowa\u0107 <strong data-start=\"6034\" data-end=\"6046\">My Sugar<\/strong>, by przekona\u0107 si\u0119, jak naturalne sk\u0142adniki mog\u0105 wspomaga\u0107 codzienn\u0105 walk\u0119 o stabilny poziom glukozy i lepsze samopoczucie ka\u017cdego dnia!<\/p>\n","protected":false},"excerpt":{"rendered":"<p>Nr kat.: 000874036<\/p>\n<p style=\"text-align: center;\"><a class=\"border-button\" href=\"https:\/\/keonv.com\/DnpS?sub1=sub1&amp;sub2=sub2&amp;sub3=sub3&amp;sub4=sub4&amp;sub5=sub5\">KUP TERAZ<\/a><\/p>\n","protected":false},"featured_media":1299,"comment_status":"open","ping_status":"closed","template":"","meta":[],"product_brand":[],"product_cat":[18],"product_tag":[],"class_list":{"0":"post-1298","1":"product","2":"type-product","3":"status-publish","4":"has-post-thumbnail","6":"product_cat-suplementy","8":"first","9":"instock","10":"sale","11":"shipping-taxable","12":"purchasable","13":"product-type-simple"},"aioseo_notices":[],"_links":{"self":[{"href":"https:\/\/lekarzpodroznik.pl\/store\/wp-json\/wp\/v2\/product\/1298","targetHints":{"allow":["GET"]}}],"collection":[{"href":"https:\/\/lekarzpodroznik.pl\/store\/wp-json\/wp\/v2\/product"}],"about":[{"href":"https:\/\/lekarzpodroznik.pl\/store\/wp-json\/wp\/v2\/types\/product"}],"replies":[{"embeddable":true,"href":"https:\/\/lekarzpodroznik.pl\/store\/wp-json\/wp\/v2\/comments?post=1298"}],"wp:featuredmedia":[{"embeddable":true,"href":"https:\/\/lekarzpodroznik.pl\/store\/wp-json\/wp\/v2\/media\/1299"}],"wp:attachment":[{"href":"https:\/\/lekarzpodroznik.pl\/store\/wp-json\/wp\/v2\/media?parent=1298"}],"wp:term":[{"taxonomy":"product_brand","embeddable":true,"href":"https:\/\/lekarzpodroznik.pl\/store\/wp-json\/wp\/v2\/product_brand?post=1298"},{"taxonomy":"product_cat","embeddable":true,"href":"https:\/\/lekarzpodroznik.pl\/store\/wp-json\/wp\/v2\/product_cat?post=1298"},{"taxonomy":"product_tag","embeddable":true,"href":"https:\/\/lekarzpodroznik.pl\/store\/wp-json\/wp\/v2\/product_tag?post=1298"}],"curies":[{"name":"wp","href":"https:\/\/api.w.org\/{rel}","templated":true}]}}