{"id":1305,"date":"2025-05-29T11:06:22","date_gmt":"2025-05-29T11:06:22","guid":{"rendered":"https:\/\/lekarzpodroznik.pl\/store\/?post_type=product&#038;p=1305"},"modified":"2025-05-29T11:06:23","modified_gmt":"2025-05-29T11:06:23","slug":"my-cardio","status":"publish","type":"product","link":"https:\/\/lekarzpodroznik.pl\/store\/product\/my-cardio\/","title":{"rendered":"My Cardio"},"content":{"rendered":"<p data-start=\"319\" data-end=\"781\">Problemy z uk\u0142adem sercowo-naczyniowym dotykaj\u0105 coraz wi\u0119ksz\u0105 liczb\u0119 os\u00f3b \u2013 zar\u00f3wno w Polsce, jak i na ca\u0142ym \u015bwiecie. W poszukiwaniu skutecznych i bezpiecznych sposob\u00f3w wsparcia pracy serca, wiele os\u00f3b si\u0119ga po naturalne suplementy diety. Jednym z ciekawszych rozwi\u0105za\u0144 dost\u0119pnych na rynku s\u0105 kapsu\u0142y <strong data-start=\"620\" data-end=\"633\">My Cardio<\/strong>. W poni\u017cszym artykule przeprowadzamy szczeg\u00f3\u0142owy przegl\u0105d tego preparatu, omawiaj\u0105c jego sk\u0142ad, wskazania, przeciwwskazania oraz efekty stosowania.<\/p>\n<h2 data-start=\"783\" data-end=\"828\">Co to jest My Cardio: forma wydania, grupa<\/h2>\n<p data-start=\"830\" data-end=\"1152\"><strong data-start=\"830\" data-end=\"843\">My Cardio<\/strong> to nowoczesny suplement diety w postaci kapsu\u0142ek, przeznaczony do wspomagania prawid\u0142owego funkcjonowania uk\u0142adu sercowo-naczyniowego. Kapsu\u0142y wyr\u00f3\u017cniaj\u0105 si\u0119 naturalnym sk\u0142adem, dobranym w taki spos\u00f3b, aby skutecznie wspiera\u0107 serce, poprawia\u0107 elastyczno\u015b\u0107 naczy\u0144 krwiono\u015bnych i regulowa\u0107 poziom cholesterolu.<\/p>\n<p data-start=\"1154\" data-end=\"1188\"><strong>Najwa\u017cniejsze cechy My Cardio:<\/strong><\/p>\n<ul data-start=\"1190\" data-end=\"1565\">\n<li data-start=\"1190\" data-end=\"1306\">\n<p data-start=\"1192\" data-end=\"1306\"><strong data-start=\"1192\" data-end=\"1209\">Forma wydania<\/strong>: kapsu\u0142ki powlekane, \u0142atwe do po\u0142kni\u0119cia, zapewniaj\u0105ce szybkie wch\u0142anianie aktywnych sk\u0142adnik\u00f3w.<\/p>\n<\/li>\n<li data-start=\"1307\" data-end=\"1441\">\n<p data-start=\"1309\" data-end=\"1441\"><strong data-start=\"1309\" data-end=\"1327\">Grupa docelowa<\/strong>: osoby doros\u0142e, zar\u00f3wno z istniej\u0105cymi problemami sercowo-naczyniowymi, jak i chc\u0105ce zadba\u0107 o profilaktyk\u0119 serca.<\/p>\n<\/li>\n<li data-start=\"1442\" data-end=\"1565\">\n<p data-start=\"1444\" data-end=\"1565\"><strong data-start=\"1444\" data-end=\"1459\">Dystrybucja<\/strong>: suplement dost\u0119pny jest g\u0142\u00f3wnie w sprzeda\u017cy internetowej oraz wybranych aptekach i sklepach zielarskich.<\/p>\n<\/li>\n<\/ul>\n<p data-start=\"1567\" data-end=\"1715\"><strong data-start=\"1567\" data-end=\"1580\">My Cardio<\/strong> jest odpowiedni dla os\u00f3b szukaj\u0105cych naturalnych rozwi\u0105za\u0144 wspieraj\u0105cych serce bez skutk\u00f3w ubocznych typowych dla lek\u00f3w syntetycznych.<\/p>\n<p style=\"text-align: center;\" data-start=\"1567\" data-end=\"1715\"><a class=\"border-button\" href=\"https:\/\/keonv.com\/FcpS?sub1=sub1&amp;sub2=sub2&amp;sub3=sub3&amp;sub4=sub4&amp;sub5=sub5\">www.my-cardio.pl<\/a><\/p>\n<hr data-start=\"1717\" data-end=\"1720\" \/>\n<h2 data-start=\"1722\" data-end=\"1763\">Wskazania i przeciwwskazania My Cardio<\/h2>\n<p data-start=\"1765\" data-end=\"1968\">Suplement diety <strong data-start=\"1781\" data-end=\"1794\">My Cardio<\/strong> zosta\u0142 opracowany z my\u015bl\u0105 o osobach, kt\u00f3re chc\u0105 zadba\u0107 o zdrowie serca i uk\u0142adu kr\u0105\u017cenia. Poni\u017cej prezentujemy najwa\u017cniejsze wskazania i przeciwwskazania do jego stosowania.<\/p>\n<p data-start=\"1970\" data-end=\"2008\"><strong>Wskazania do stosowania My Cardio:<\/strong><\/p>\n<ol data-start=\"2010\" data-end=\"2375\">\n<li data-start=\"2010\" data-end=\"2103\">\n<p data-start=\"2013\" data-end=\"2103\">Profilaktyka chor\u00f3b sercowo-naczyniowych (mia\u017cd\u017cyca, nadci\u015bnienie, zaburzenia rytmu serca)<\/p>\n<\/li>\n<li data-start=\"2104\" data-end=\"2162\">\n<p data-start=\"2107\" data-end=\"2162\">Podwy\u017cszony poziom cholesterolu LDL (\u201ez\u0142y\u201d cholesterol)<\/p>\n<\/li>\n<li data-start=\"2163\" data-end=\"2244\">\n<p data-start=\"2166\" data-end=\"2244\">Problemy z ci\u015bnieniem krwi \u2013 zar\u00f3wno zbyt wysokie, jak i zbyt niskie ci\u015bnienie<\/p>\n<\/li>\n<li data-start=\"2245\" data-end=\"2282\">\n<p data-start=\"2248\" data-end=\"2282\">Sk\u0142onno\u015b\u0107 do powstawania zakrzep\u00f3w<\/p>\n<\/li>\n<li data-start=\"2283\" data-end=\"2375\">\n<p data-start=\"2286\" data-end=\"2375\">Wsparcie dla os\u00f3b prowadz\u0105cych siedz\u0105cy tryb \u017cycia, palaczy oraz os\u00f3b nara\u017conych na stres<\/p>\n<\/li>\n<\/ol>\n<p data-start=\"2377\" data-end=\"2398\"><strong>Przeciwwskazania:<\/strong><\/p>\n<ul data-start=\"2400\" data-end=\"2666\">\n<li data-start=\"2400\" data-end=\"2451\">\n<p data-start=\"2402\" data-end=\"2451\">Uczulenie na kt\u00f3rykolwiek ze sk\u0142adnik\u00f3w preparatu<\/p>\n<\/li>\n<li data-start=\"2452\" data-end=\"2521\">\n<p data-start=\"2454\" data-end=\"2521\">Ci\u0105\u017ca i okres karmienia piersi\u0105 (zaleca si\u0119 konsultacj\u0119 z lekarzem)<\/p>\n<\/li>\n<li data-start=\"2522\" data-end=\"2666\">\n<p data-start=\"2524\" data-end=\"2666\">Osoby przyjmuj\u0105ce leki przeciwzakrzepowe lub inne preparaty wp\u0142ywaj\u0105ce na krzepliwo\u015b\u0107 krwi \u2013 przed u\u017cyciem powinny skonsultowa\u0107 si\u0119 z lekarzem<\/p>\n<\/li>\n<\/ul>\n<p data-start=\"2668\" data-end=\"2790\"><strong data-start=\"2668\" data-end=\"2681\">My Cardio<\/strong> nie jest lekiem, a suplementem diety, dlatego nie zast\u0119puje tradycyjnej terapii przepisywanej przez lekarza.<\/p>\n<hr data-start=\"2792\" data-end=\"2795\" \/>\n<h2 data-start=\"2797\" data-end=\"2837\">Sk\u0142ad My Cardio \u2013 skuteczne sk\u0142adniki<\/h2>\n<p data-start=\"2839\" data-end=\"3084\">Formu\u0142a <strong data-start=\"2847\" data-end=\"2860\">My Cardio<\/strong> oparta jest na synergicznym dzia\u0142aniu naturalnych sk\u0142adnik\u00f3w, kt\u00f3re od lat s\u0105 doceniane w profilaktyce chor\u00f3b uk\u0142adu sercowo-naczyniowego. Poni\u017cej przedstawiamy tabel\u0119 ze szczeg\u00f3\u0142owym opisem kluczowych substancji aktywnych:<\/p>\n<div class=\"_tableContainer_16hzy_1\">\n<div class=\"_tableWrapper_16hzy_14 group flex w-fit flex-col-reverse\" tabindex=\"-1\">\n<table class=\"w-fit min-w-(--thread-content-width)\" style=\"height: 205px;\" width=\"1090\" data-start=\"3086\" data-end=\"3972\">\n<thead data-start=\"3086\" data-end=\"3195\">\n<tr data-start=\"3086\" data-end=\"3195\">\n<th data-start=\"3086\" data-end=\"3113\" data-col-size=\"sm\">Sk\u0142adnik<\/th>\n<th data-start=\"3113\" data-end=\"3163\" data-col-size=\"md\">Dzia\u0142anie na uk\u0142ad sercowo-naczyniowy<\/th>\n<th data-start=\"3163\" data-end=\"3195\" data-col-size=\"sm\">Dodatkowe korzy\u015bci<\/th>\n<\/tr>\n<\/thead>\n<tbody data-start=\"3306\" data-end=\"3972\">\n<tr data-start=\"3306\" data-end=\"3422\">\n<td data-start=\"3306\" data-end=\"3333\" data-col-size=\"sm\">Ekstrakt z g\u0142ogu<\/td>\n<td data-start=\"3333\" data-end=\"3383\" data-col-size=\"md\">Poprawia kr\u0105\u017cenie, wzmacnia mi\u0119sie\u0144 sercowy<\/td>\n<td data-start=\"3383\" data-end=\"3422\" data-col-size=\"sm\">Dzia\u0142a uspokajaj\u0105co, redukuje stres<\/td>\n<\/tr>\n<tr data-start=\"3423\" data-end=\"3532\">\n<td data-start=\"3423\" data-end=\"3450\" data-col-size=\"sm\">Koenzym Q10<\/td>\n<td data-start=\"3450\" data-end=\"3500\" data-col-size=\"md\">Wspiera produkcj\u0119 energii w kom\u00f3rkach serca<\/td>\n<td data-start=\"3500\" data-end=\"3532\" data-col-size=\"sm\">Op\u00f3\u017ania procesy starzenia<\/td>\n<\/tr>\n<tr data-start=\"3533\" data-end=\"3642\">\n<td data-start=\"3533\" data-end=\"3560\" data-col-size=\"sm\">Ekstrakt z czosnku<\/td>\n<td data-start=\"3560\" data-end=\"3610\" data-col-size=\"md\">Obni\u017ca ci\u015bnienie, dzia\u0142a przeciwmia\u017cd\u017cycowo<\/td>\n<td data-start=\"3610\" data-end=\"3642\" data-col-size=\"sm\">Wzmacnia odporno\u015b\u0107<\/td>\n<\/tr>\n<tr data-start=\"3643\" data-end=\"3752\">\n<td data-start=\"3643\" data-end=\"3670\" data-col-size=\"sm\">Witamina B6 i B12<\/td>\n<td data-start=\"3670\" data-end=\"3720\" data-col-size=\"md\">Reguluje poziom homocysteiny, wspiera nerwy<\/td>\n<td data-start=\"3720\" data-end=\"3752\" data-col-size=\"sm\">Zwi\u0119ksza wydolno\u015b\u0107 fizyczn\u0105<\/td>\n<\/tr>\n<tr data-start=\"3753\" data-end=\"3862\">\n<td data-start=\"3753\" data-end=\"3780\" data-col-size=\"sm\">Kwas foliowy<\/td>\n<td data-start=\"3780\" data-end=\"3830\" data-col-size=\"md\">Zapobiega powstawaniu zakrzep\u00f3w<\/td>\n<td data-start=\"3830\" data-end=\"3862\" data-col-size=\"sm\">Chroni przed anemi\u0105<\/td>\n<\/tr>\n<tr data-start=\"3863\" data-end=\"3972\">\n<td data-start=\"3863\" data-end=\"3890\" data-col-size=\"sm\">Magnez<\/td>\n<td data-start=\"3890\" data-end=\"3940\" data-col-size=\"md\">Reguluje rytm serca, zmniejsza skurcze<\/td>\n<td data-start=\"3940\" data-end=\"3972\" data-col-size=\"sm\">Poprawia koncentracj\u0119<\/td>\n<\/tr>\n<\/tbody>\n<\/table>\n<div class=\"sticky end-(--thread-content-margin) h-0 self-end select-none\">\n<div class=\"absolute end-0 flex items-end\"><\/div>\n<\/div>\n<\/div>\n<\/div>\n<p data-start=\"3974\" data-end=\"4096\">Dzi\u0119ki przemy\u015blanej kompozycji, <strong data-start=\"4006\" data-end=\"4019\">My Cardio<\/strong> dzia\u0142a wielopoziomowo, wspomagaj\u0105c zar\u00f3wno serce, jak i ca\u0142y uk\u0142ad kr\u0105\u017cenia.<\/p>\n<hr data-start=\"4098\" data-end=\"4101\" \/>\n<h2 data-start=\"4103\" data-end=\"4154\">Efekty stosowania \u2013 dzia\u0142anie kapsu\u0142ek My Cardio<\/h2>\n<p data-start=\"4156\" data-end=\"4327\">Regularne przyjmowanie kapsu\u0142ek <strong data-start=\"4188\" data-end=\"4201\">My Cardio<\/strong> przynosi szereg korzy\u015bci dla zdrowia serca. Efekty potwierdzaj\u0105 zar\u00f3wno u\u017cytkownicy, jak i specjali\u015bci z zakresu kardiologii.<\/p>\n<p data-start=\"4329\" data-end=\"4365\"><strong>Najwa\u017cniejsze efekty stosowania:<\/strong><\/p>\n<ol data-start=\"4367\" data-end=\"4900\">\n<li data-start=\"4367\" data-end=\"4486\">\n<p data-start=\"4370\" data-end=\"4486\"><strong data-start=\"4370\" data-end=\"4401\">Normalizacja ci\u015bnienia krwi<\/strong> \u2013 kapsu\u0142ki pomagaj\u0105 zar\u00f3wno w przypadku nadci\u015bnienia, jak i zbyt niskiego ci\u015bnienia.<\/p>\n<\/li>\n<li data-start=\"4487\" data-end=\"4581\">\n<p data-start=\"4490\" data-end=\"4581\"><strong data-start=\"4490\" data-end=\"4530\">Obni\u017cenie poziomu z\u0142ego cholesterolu<\/strong> \u2013 sk\u0142adniki My Cardio wspieraj\u0105 regulacj\u0119 lipid\u00f3w.<\/p>\n<\/li>\n<li data-start=\"4582\" data-end=\"4680\">\n<p data-start=\"4585\" data-end=\"4680\"><strong data-start=\"4585\" data-end=\"4630\">Poprawa elastyczno\u015bci naczy\u0144 krwiono\u015bnych<\/strong> \u2013 dzi\u0119ki czemu maleje ryzyko zator\u00f3w i mia\u017cd\u017cycy.<\/p>\n<\/li>\n<li data-start=\"4681\" data-end=\"4784\">\n<p data-start=\"4684\" data-end=\"4784\"><strong data-start=\"4684\" data-end=\"4717\">Wzmocnienie mi\u0119\u015bnia sercowego<\/strong> \u2013 regularne stosowanie preparatu wp\u0142ywa na lepsz\u0105 wydolno\u015b\u0107 serca.<\/p>\n<\/li>\n<li data-start=\"4785\" data-end=\"4900\">\n<p data-start=\"4788\" data-end=\"4900\"><strong data-start=\"4788\" data-end=\"4834\">Zmniejszenie uczucia zm\u0119czenia i duszno\u015bci<\/strong> \u2013 suplementacja wspiera dotlenienie organizmu i og\u00f3ln\u0105 wydolno\u015b\u0107.<\/p>\n<\/li>\n<\/ol>\n<p data-start=\"4902\" data-end=\"4926\"><strong>Dodatkowe korzy\u015bci:<\/strong><\/p>\n<ul data-start=\"4928\" data-end=\"5101\">\n<li data-start=\"4928\" data-end=\"4981\">\n<p data-start=\"4930\" data-end=\"4981\">Poprawa samopoczucia psychicznego i redukcja stresu<\/p>\n<\/li>\n<li data-start=\"4982\" data-end=\"5044\">\n<p data-start=\"4984\" data-end=\"5044\">Wsparcie odporno\u015bci (zw\u0142aszcza dzi\u0119ki ekstraktowi z czosnku)<\/p>\n<\/li>\n<li data-start=\"5045\" data-end=\"5101\">\n<p data-start=\"5047\" data-end=\"5101\">Ochrona przed powik\u0142aniami sercowymi w wieku dojrza\u0142ym<\/p>\n<\/li>\n<\/ul>\n<p style=\"text-align: center;\"><a class=\"border-button\" href=\"https:\/\/keonv.com\/FcpS?sub1=sub1&amp;sub2=sub2&amp;sub3=sub3&amp;sub4=sub4&amp;sub5=sub5\">KUPI\u0106 PO CENIE PRODUCENTA (-50%)<\/a><\/p>\n<p data-start=\"5155\" data-end=\"5553\"><strong data-start=\"5155\" data-end=\"5168\">My Cardio<\/strong> to innowacyjny suplement diety w kapsu\u0142kach, kt\u00f3ry mo\u017ce realnie wesprze\u0107 zdrowie serca i naczy\u0144 krwiono\u015bnych. Dzi\u0119ki naturalnemu sk\u0142adowi, wysokiej biodost\u0119pno\u015bci i bezpiecze\u0144stwu stosowania, preparat cieszy si\u0119 rosn\u0105c\u0105 popularno\u015bci\u0105 w\u015br\u00f3d os\u00f3b dbaj\u0105cych o zdrowie. Je\u015bli zale\u017cy Ci na skutecznej profilaktyce serca bez ryzyka skutk\u00f3w ubocznych \u2013 <strong data-start=\"5515\" data-end=\"5528\">My Cardio<\/strong> mo\u017ce by\u0107 dobrym wyborem.<\/p>\n","protected":false},"excerpt":{"rendered":"<p>Nr kat.: 000874039<\/p>\n<p style=\"text-align: center;\"><a class=\"border-button\" href=\"https:\/\/keonv.com\/FcpS?sub1=sub1&amp;sub2=sub2&amp;sub3=sub3&amp;sub4=sub4&amp;sub5=sub5\">KUP TERAZ<\/a><\/p>\n","protected":false},"featured_media":1306,"comment_status":"open","ping_status":"closed","template":"","meta":[],"product_brand":[],"product_cat":[18],"product_tag":[],"class_list":{"0":"post-1305","1":"product","2":"type-product","3":"status-publish","4":"has-post-thumbnail","6":"product_cat-suplementy","8":"first","9":"instock","10":"sale","11":"shipping-taxable","12":"purchasable","13":"product-type-simple"},"aioseo_notices":[],"_links":{"self":[{"href":"https:\/\/lekarzpodroznik.pl\/store\/wp-json\/wp\/v2\/product\/1305","targetHints":{"allow":["GET"]}}],"collection":[{"href":"https:\/\/lekarzpodroznik.pl\/store\/wp-json\/wp\/v2\/product"}],"about":[{"href":"https:\/\/lekarzpodroznik.pl\/store\/wp-json\/wp\/v2\/types\/product"}],"replies":[{"embeddable":true,"href":"https:\/\/lekarzpodroznik.pl\/store\/wp-json\/wp\/v2\/comments?post=1305"}],"wp:featuredmedia":[{"embeddable":true,"href":"https:\/\/lekarzpodroznik.pl\/store\/wp-json\/wp\/v2\/media\/1306"}],"wp:attachment":[{"href":"https:\/\/lekarzpodroznik.pl\/store\/wp-json\/wp\/v2\/media?parent=1305"}],"wp:term":[{"taxonomy":"product_brand","embeddable":true,"href":"https:\/\/lekarzpodroznik.pl\/store\/wp-json\/wp\/v2\/product_brand?post=1305"},{"taxonomy":"product_cat","embeddable":true,"href":"https:\/\/lekarzpodroznik.pl\/store\/wp-json\/wp\/v2\/product_cat?post=1305"},{"taxonomy":"product_tag","embeddable":true,"href":"https:\/\/lekarzpodroznik.pl\/store\/wp-json\/wp\/v2\/product_tag?post=1305"}],"curies":[{"name":"wp","href":"https:\/\/api.w.org\/{rel}","templated":true}]}}