{"id":131,"date":"2024-08-27T16:25:10","date_gmt":"2024-08-27T16:25:10","guid":{"rendered":"https:\/\/lekarzpodroznik.pl\/store\/?post_type=product&#038;p=131"},"modified":"2025-02-05T17:12:04","modified_gmt":"2025-02-05T17:12:04","slug":"vitasimil","status":"publish","type":"product","link":"https:\/\/lekarzpodroznik.pl\/store\/product\/vitasimil\/","title":{"rendered":"Vitasimil"},"content":{"rendered":"<p><strong>Vitasimil<\/strong> to nowoczesny suplement diety, kt\u00f3ry wyst\u0119puje w formie wygodnych sashay przeznaczonych do rozpuszczania w wodzie. Produkt zosta\u0142 opracowany z my\u015bl\u0105 o osobach d\u0105\u017c\u0105cych do redukcji wagi oraz poprawy og\u00f3lnego zdrowia. Dzi\u0119ki starannie dobranym sk\u0142adnikom aktywnym, Vitasimil wspiera proces odchudzania, pomagaj\u0105c kontrolowa\u0107 mas\u0119 cia\u0142a oraz metabolizm lipid\u00f3w. Suplement jest cz\u0119\u015bci\u0105 szerokiej gamy produkt\u00f3w zdrowotnych, kt\u00f3re zyskuj\u0105 popularno\u015b\u0107 w\u015br\u00f3d os\u00f3b poszukuj\u0105cych skutecznych i naturalnych sposob\u00f3w na utrzymanie zdrowia i dobrej kondycji.<\/p>\n<p style=\"text-align: center;\"><a class=\"border-button\" href=\"https:\/\/tl-track.com\/tracker\/uY7w\">www.vitasimil.pl<\/a><\/p>\n<h2>Wskazania i przeciwwskazania Vitasimil<\/h2>\n<p>Vitasimil jest rekomendowany dla os\u00f3b doros\u0142ych, kt\u00f3re chc\u0105 wspom\u00f3c sw\u00f3j organizm w procesie odchudzania. Produkt dzia\u0142a wielokierunkowo, co czyni go idealnym wsparciem dla tych, kt\u00f3rzy maj\u0105 trudno\u015bci z utrzymaniem prawid\u0142owej masy cia\u0142a lub chc\u0105 poprawi\u0107 kontrol\u0119 glikemii. Suplement mo\u017ce by\u0107 r\u00f3wnie\u017c korzystny dla os\u00f3b szukaj\u0105cych naturalnych sposob\u00f3w na popraw\u0119 metabolizmu i regulacj\u0119 poziomu cukru we krwi.<\/p>\n<h3>Przeciwwskazania:<\/h3>\n<ul>\n<li>Nadwra\u017cliwo\u015b\u0107 na kt\u00f3rykolwiek ze sk\u0142adnik\u00f3w preparatu.<\/li>\n<li>Ci\u0105\u017ca i okres karmienia piersi\u0105.<\/li>\n<li>Osoby z chorobami przewlek\u0142ymi powinny skonsultowa\u0107 si\u0119 z lekarzem przed rozpocz\u0119ciem suplementacji.<\/li>\n<\/ul>\n<h2>Sk\u0142ad Vitasimil &#8211; skuteczne sk\u0142adniki<\/h2>\n<p>Vitasimil zawiera unikaln\u0105 mieszank\u0119 sk\u0142adnik\u00f3w aktywnych, kt\u00f3re dzia\u0142aj\u0105 synergicznie, wspomagaj\u0105c odchudzanie i utrzymanie zdrowia. Ka\u017cdy sk\u0142adnik zosta\u0142 starannie dobrany, aby maksymalizowa\u0107 korzy\u015bci zdrowotne.<\/p>\n<table>\n<thead>\n<tr>\n<th>Sk\u0142adnik<\/th>\n<th>Dzia\u0142anie<\/th>\n<\/tr>\n<\/thead>\n<tbody>\n<tr>\n<td><strong>Ekstrakt z li\u015bci j\u0119czmienia<\/strong> (Hordeum vulgare L.)<\/td>\n<td>Wspomaga trawienie i metabolizm lipid\u00f3w<\/td>\n<\/tr>\n<tr>\n<td><strong>Koncentrat z ananasa<\/strong><\/td>\n<td>Zawiera bromelain\u0119, wspiera trawienie i redukcj\u0119 obrz\u0119k\u00f3w<\/td>\n<\/tr>\n<tr>\n<td><strong>Jab\u0142kowa b\u0142onnik<\/strong><\/td>\n<td>Zwi\u0119ksza uczucie syto\u015bci, wspiera zdrowie jelit<\/td>\n<\/tr>\n<tr>\n<td><strong>Fruktooligosacharydy<\/strong><\/td>\n<td>Naturalny prebiotyk, poprawia mikroflor\u0119 jelitow\u0105<\/td>\n<\/tr>\n<tr>\n<td><strong>Ekstrakt z gorzkiego pomara\u0144cza<\/strong> (Citrus aurantium)<\/td>\n<td>Wspiera metabolizm lipid\u00f3w, kontrola masy cia\u0142a<\/td>\n<\/tr>\n<tr>\n<td><strong>Ekstrakt z li\u015bci morwy bia\u0142ej<\/strong> (Morus alba L.)<\/td>\n<td>Pomaga kontrolowa\u0107 poziom cukru we krwi<\/td>\n<\/tr>\n<tr>\n<td><strong>Pikolinian chromu<\/strong><\/td>\n<td>Wspomaga utrzymanie prawid\u0142owego poziomu glukozy<\/td>\n<\/tr>\n<tr>\n<td><strong>Dwutlenek krzemu<\/strong><\/td>\n<td>Dzia\u0142a jako \u015brodek przeciwzbrylaj\u0105cy<\/td>\n<\/tr>\n<\/tbody>\n<\/table>\n<h2>Efekty stosowania &#8211; dzia\u0142anie Vitasimil<\/h2>\n<p>Regularne stosowanie Vitasimil mo\u017ce przynie\u015b\u0107 szereg korzy\u015bci zdrowotnych:<\/p>\n<ol>\n<li><strong>Wsparcie w kontroli masy cia\u0142a<\/strong>: Ekstrakt z gorzkiego pomara\u0144cza wspiera metabolizm t\u0142uszcz\u00f3w, co u\u0142atwia redukcj\u0119 wagi.<\/li>\n<li><strong>Poprawa trawienia<\/strong>: Jab\u0142kowa b\u0142onnik oraz ekstrakt z ananasa wspomagaj\u0105 procesy trawienne, co mo\u017ce zmniejszy\u0107 uczucie wzd\u0119cia i poprawi\u0107 komfort jelitowy.<\/li>\n<li><strong>Regulacja poziomu cukru we krwi<\/strong>: Ekstrakt z li\u015bci morwy bia\u0142ej oraz pikolinian chromu wspomagaj\u0105 utrzymanie prawid\u0142owego poziomu glukozy, co jest szczeg\u00f3lnie wa\u017cne dla os\u00f3b z problemami metabolicznymi.<\/li>\n<li><strong>Zwi\u0119kszenie uczucia syto\u015bci<\/strong>: Zawarto\u015b\u0107 b\u0142onnika jab\u0142kowego pomaga zredukowa\u0107 uczucie g\u0142odu, co u\u0142atwia kontrol\u0119 ilo\u015bci spo\u017cywanych kalorii.<\/li>\n<\/ol>\n<h2>Gdzie kupi\u0107 Vitasimil?<\/h2>\n<p>Kupno Vitasimil mo\u017ce by\u0107 nieco wyzwaniem, poniewa\u017c suplement nie jest dost\u0119pny w stacjonarnych aptekach. Jest to jednak produkt wysokiej jako\u015bci, dlatego warto poszuka\u0107 go na oficjalnej stronie producenta. W przypadku zakupu online mo\u017cna by\u0107 pewnym oryginalno\u015bci produktu oraz korzysta\u0107 z licznych promocji i zni\u017cek, kt\u00f3re s\u0105 regularnie oferowane przez producenta.<\/p>\n<p>Aby unikn\u0105\u0107 podr\u00f3bek i nieautoryzowanych dystrybutor\u00f3w, najlepszym rozwi\u0105zaniem jest <strong>zakup bezpo\u015brednio od producenta<\/strong>. Oficjalna strona internetowa gwarantuje szybk\u0105 dostaw\u0119 oraz pe\u0142ne bezpiecze\u0144stwo transakcji. Dodatkowo, na stronie producenta cz\u0119sto pojawiaj\u0105 si\u0119 atrakcyjne oferty, dzi\u0119ki kt\u00f3rym mo\u017cna zaoszcz\u0119dzi\u0107 znaczn\u0105 sum\u0119.<\/p>\n<p style=\"text-align: center;\"><a class=\"border-button\" href=\"https:\/\/tl-track.com\/tracker\/uY7w\">KUPI\u0106 PO CENIE PRODUCENTA (-50%)<\/a><\/p>\n","protected":false},"excerpt":{"rendered":"<p>Nr kat.: 870874<\/p>\n<p style=\"text-align: center;\"><a class=\"border-button\" href=\"https:\/\/tl-track.com\/tracker\/uY7w\">KUP TERAZ<\/a><\/p>\n","protected":false},"featured_media":132,"comment_status":"open","ping_status":"closed","template":"","meta":[],"product_brand":[],"product_cat":[18],"product_tag":[],"class_list":{"0":"post-131","1":"product","2":"type-product","3":"status-publish","4":"has-post-thumbnail","6":"product_cat-suplementy","8":"first","9":"instock","10":"sale","11":"shipping-taxable","12":"purchasable","13":"product-type-simple"},"aioseo_notices":[],"_links":{"self":[{"href":"https:\/\/lekarzpodroznik.pl\/store\/wp-json\/wp\/v2\/product\/131","targetHints":{"allow":["GET"]}}],"collection":[{"href":"https:\/\/lekarzpodroznik.pl\/store\/wp-json\/wp\/v2\/product"}],"about":[{"href":"https:\/\/lekarzpodroznik.pl\/store\/wp-json\/wp\/v2\/types\/product"}],"replies":[{"embeddable":true,"href":"https:\/\/lekarzpodroznik.pl\/store\/wp-json\/wp\/v2\/comments?post=131"}],"wp:featuredmedia":[{"embeddable":true,"href":"https:\/\/lekarzpodroznik.pl\/store\/wp-json\/wp\/v2\/media\/132"}],"wp:attachment":[{"href":"https:\/\/lekarzpodroznik.pl\/store\/wp-json\/wp\/v2\/media?parent=131"}],"wp:term":[{"taxonomy":"product_brand","embeddable":true,"href":"https:\/\/lekarzpodroznik.pl\/store\/wp-json\/wp\/v2\/product_brand?post=131"},{"taxonomy":"product_cat","embeddable":true,"href":"https:\/\/lekarzpodroznik.pl\/store\/wp-json\/wp\/v2\/product_cat?post=131"},{"taxonomy":"product_tag","embeddable":true,"href":"https:\/\/lekarzpodroznik.pl\/store\/wp-json\/wp\/v2\/product_tag?post=131"}],"curies":[{"name":"wp","href":"https:\/\/api.w.org\/{rel}","templated":true}]}}