{"id":1313,"date":"2025-05-29T11:40:30","date_gmt":"2025-05-29T11:40:30","guid":{"rendered":"https:\/\/lekarzpodroznik.pl\/store\/?post_type=product&#038;p=1313"},"modified":"2025-12-26T16:17:50","modified_gmt":"2025-12-26T16:17:50","slug":"bullrun-ero","status":"publish","type":"product","link":"https:\/\/lekarzpodroznik.pl\/store\/product\/bullrun-ero\/","title":{"rendered":"Bullrun Ero"},"content":{"rendered":"<p data-start=\"519\" data-end=\"1057\">Wsp\u00f3\u0142czesny styl \u017cycia, stres i r\u00f3\u017cne czynniki zdrowotne cz\u0119sto prowadz\u0105 do problem\u00f3w z potencj\u0105. Na rynku pojawia si\u0119 wiele suplement\u00f3w, kt\u00f3re maj\u0105 wspomaga\u0107 m\u0119sk\u0105 sprawno\u015b\u0107 seksualn\u0105, ale nie ka\u017cdy z nich jest skuteczny i bezpieczny. Jednym z wyr\u00f3\u017cniaj\u0105cych si\u0119 produkt\u00f3w jest <strong data-start=\"798\" data-end=\"813\">Bullrun Ero<\/strong> \u2013 kapsu\u0142y, kt\u00f3re zdobywaj\u0105 coraz wi\u0119ksz\u0105 popularno\u015b\u0107 w\u015br\u00f3d m\u0119\u017cczyzn szukaj\u0105cych naturalnego wsparcia dla swojej potencji. Poni\u017cej prezentujemy szczeg\u00f3\u0142owy przegl\u0105d tego preparatu, jego sk\u0142ad, wskazania, przeciwwskazania oraz efekty stosowania.<\/p>\n<hr data-start=\"1059\" data-end=\"1062\" \/>\n<h2 data-start=\"1064\" data-end=\"1111\">Co to jest Bullrun Ero: forma wydania, grupa<\/h2>\n<p data-start=\"1113\" data-end=\"1313\"><strong data-start=\"1113\" data-end=\"1128\">Bullrun Ero<\/strong> to innowacyjny suplement diety w postaci wygodnych do stosowania kapsu\u0142ek, przeznaczony dla m\u0119\u017cczyzn, kt\u00f3rzy chc\u0105 poprawi\u0107 jako\u015b\u0107 \u017cycia seksualnego i zwi\u0119kszy\u0107 pewno\u015b\u0107 siebie w \u0142\u00f3\u017cku.<\/p>\n<p data-start=\"1315\" data-end=\"1333\"><strong>Forma wydania:<\/strong><\/p>\n<ul data-start=\"1334\" data-end=\"1447\">\n<li data-start=\"1334\" data-end=\"1365\">\n<p data-start=\"1336\" data-end=\"1365\">Kapsu\u0142ki o szybkim uwalnianiu<\/p>\n<\/li>\n<li data-start=\"1366\" data-end=\"1447\">\n<p data-start=\"1368\" data-end=\"1447\">Opakowanie zawiera zazwyczaj 30 kapsu\u0142ek (dawkowanie uzale\u017cnione od producenta)<\/p>\n<\/li>\n<\/ul>\n<p data-start=\"1449\" data-end=\"1468\"><strong>Grupa docelowa:<\/strong><\/p>\n<ul data-start=\"1469\" data-end=\"1676\">\n<li data-start=\"1469\" data-end=\"1503\">\n<p data-start=\"1471\" data-end=\"1503\">Doro\u015bli m\u0119\u017cczy\u017ani w ka\u017cdym wieku<\/p>\n<\/li>\n<li data-start=\"1504\" data-end=\"1587\">\n<p data-start=\"1506\" data-end=\"1587\">Osoby do\u015bwiadczaj\u0105ce problem\u00f3w z erekcj\u0105, obni\u017conym libido, zm\u0119czeniem seksualnym<\/p>\n<\/li>\n<li data-start=\"1588\" data-end=\"1676\">\n<p data-start=\"1590\" data-end=\"1676\">M\u0119\u017cczy\u017ani chc\u0105cy profilaktycznie wspiera\u0107 potencj\u0119 i utrzyma\u0107 dobr\u0105 kondycj\u0119 seksualn\u0105<\/p>\n<\/li>\n<\/ul>\n<p data-start=\"1678\" data-end=\"1819\"><strong data-start=\"1678\" data-end=\"1693\">Bullrun Ero<\/strong> jest polecany szczeg\u00f3lnie osobom, kt\u00f3re preferuj\u0105 naturalne preparaty wspomagaj\u0105ce potencj\u0119 bez u\u017cycia silnych farmaceutyk\u00f3w.<\/p>\n<p style=\"text-align: center;\" data-start=\"1678\" data-end=\"1819\"><a class=\"border-button\" href=\"https:\/\/tl-track.com\/tracker\/uhA6\">www.bullrun-ero.pl<\/a><\/p>\n<hr data-start=\"1821\" data-end=\"1824\" \/>\n<h2 data-start=\"1826\" data-end=\"1869\">Wskazania i przeciwwskazania Bullrun Ero<\/h2>\n<p data-start=\"1871\" data-end=\"1985\">Zanim zdecydujesz si\u0119 na suplementacj\u0119, warto pozna\u0107 dok\u0142adne wskazania i przeciwwskazania stosowania Bullrun Ero.<\/p>\n<p data-start=\"1987\" data-end=\"2015\"><strong>Wskazania do stosowania:<\/strong><\/p>\n<ol data-start=\"2016\" data-end=\"2248\">\n<li data-start=\"2016\" data-end=\"2066\">\n<p data-start=\"2019\" data-end=\"2066\">Problemy z osi\u0105gni\u0119ciem lub utrzymaniem erekcji<\/p>\n<\/li>\n<li data-start=\"2067\" data-end=\"2124\">\n<p data-start=\"2070\" data-end=\"2124\">Obni\u017cone libido i brak satysfakcji z \u017cycia seksualnego<\/p>\n<\/li>\n<li data-start=\"2125\" data-end=\"2148\">\n<p data-start=\"2128\" data-end=\"2148\">Przedwczesny wytrysk<\/p>\n<\/li>\n<li data-start=\"2149\" data-end=\"2198\">\n<p data-start=\"2152\" data-end=\"2198\">Zm\u0119czenie i obni\u017cony poziom energii seksualnej<\/p>\n<\/li>\n<li data-start=\"2199\" data-end=\"2248\">\n<p data-start=\"2202\" data-end=\"2248\">Ch\u0119\u0107 wzmocnienia og\u00f3lnej sprawno\u015bci seksualnej<\/p>\n<\/li>\n<\/ol>\n<p data-start=\"2250\" data-end=\"2271\"><strong>Przeciwwskazania:<\/strong><\/p>\n<ul data-start=\"2272\" data-end=\"2528\">\n<li data-start=\"2272\" data-end=\"2327\">\n<p data-start=\"2274\" data-end=\"2327\">Nadwra\u017cliwo\u015b\u0107 na kt\u00f3rykolwiek ze sk\u0142adnik\u00f3w preparatu<\/p>\n<\/li>\n<li data-start=\"2328\" data-end=\"2423\">\n<p data-start=\"2330\" data-end=\"2423\">Choroby uk\u0142adu sercowo-naczyniowego (w przypadku powa\u017cnych schorze\u0144 \u2013 konsultacja z lekarzem)<\/p>\n<\/li>\n<li data-start=\"2424\" data-end=\"2457\">\n<p data-start=\"2426\" data-end=\"2457\">M\u0119\u017cczy\u017ani poni\u017cej 18 roku \u017cycia<\/p>\n<\/li>\n<li data-start=\"2458\" data-end=\"2528\">\n<p data-start=\"2460\" data-end=\"2528\">Stosowanie innych lek\u00f3w na potencj\u0119 (tylko po konsultacji medycznej)<\/p>\n<\/li>\n<\/ul>\n<p data-start=\"2530\" data-end=\"2640\"><strong data-start=\"2530\" data-end=\"2540\">Wa\u017cne:<\/strong> Bullrun Ero to suplement diety, nie lek \u2013 nie zast\u0119puje zr\u00f3\u017cnicowanej diety i zdrowego stylu \u017cycia.<\/p>\n<hr data-start=\"2642\" data-end=\"2645\" \/>\n<h2 data-start=\"2647\" data-end=\"2689\">Sk\u0142ad Bullrun Ero \u2013 skuteczne sk\u0142adniki<\/h2>\n<p data-start=\"2691\" data-end=\"2852\">Jedn\u0105 z najwi\u0119kszych zalet Bullrun Ero jest jego <strong data-start=\"2740\" data-end=\"2759\">naturalny sk\u0142ad<\/strong>, oparty na wyci\u0105gach ro\u015blinnych i witaminach, kt\u00f3re maj\u0105 potwierdzone dzia\u0142anie na potencj\u0119.<\/p>\n<p data-start=\"2854\" data-end=\"2910\"><strong>Najwa\u017cniejsze sk\u0142adniki Bullrun Ero i ich dzia\u0142anie:<\/strong><\/p>\n<div class=\"_tableContainer_16hzy_1\">\n<div class=\"_tableWrapper_16hzy_14 group flex w-fit flex-col-reverse\" tabindex=\"-1\">\n<table class=\"w-fit min-w-(--thread-content-width)\" style=\"height: 182px;\" width=\"1094\" data-start=\"2912\" data-end=\"3689\">\n<thead data-start=\"2912\" data-end=\"3002\">\n<tr data-start=\"2912\" data-end=\"3002\">\n<th data-start=\"2912\" data-end=\"2938\" data-col-size=\"sm\">Sk\u0142adnik<\/th>\n<th data-start=\"2938\" data-end=\"3002\" data-col-size=\"md\">Dzia\u0142anie na potencj\u0119<\/th>\n<\/tr>\n<\/thead>\n<tbody data-start=\"3093\" data-end=\"3689\">\n<tr data-start=\"3093\" data-end=\"3192\">\n<td data-start=\"3093\" data-end=\"3128\" data-col-size=\"sm\"><strong data-start=\"3095\" data-end=\"3123\">Ekstrakt z korzenia Maca<\/strong><\/td>\n<td data-start=\"3128\" data-end=\"3192\" data-col-size=\"md\">Zwi\u0119ksza libido, poprawia wydolno\u015b\u0107 seksualn\u0105<\/td>\n<\/tr>\n<tr data-start=\"3193\" data-end=\"3291\">\n<td data-start=\"3193\" data-end=\"3228\" data-col-size=\"sm\"><strong data-start=\"3195\" data-end=\"3209\">L-arginina<\/strong><\/td>\n<td data-start=\"3228\" data-end=\"3291\" data-col-size=\"md\">Wspomaga produkcj\u0119 tlenku azotu, poprawia ukrwienie cz\u0142onka<\/td>\n<\/tr>\n<tr data-start=\"3292\" data-end=\"3390\">\n<td data-start=\"3292\" data-end=\"3327\" data-col-size=\"sm\"><strong data-start=\"3294\" data-end=\"3324\">Ekstrakt z palmy saba\u0142owej<\/strong><\/td>\n<td data-start=\"3327\" data-end=\"3390\" data-col-size=\"md\">Stabilizuje poziom hormon\u00f3w p\u0142ciowych<\/td>\n<\/tr>\n<tr data-start=\"3391\" data-end=\"3489\">\n<td data-start=\"3391\" data-end=\"3426\" data-col-size=\"sm\"><strong data-start=\"3393\" data-end=\"3418\">Ekstrakt z \u017ce\u0144-szenia<\/strong><\/td>\n<td data-start=\"3426\" data-end=\"3489\" data-col-size=\"md\">Wzmacnia erekcj\u0119, redukuje zm\u0119czenie<\/td>\n<\/tr>\n<tr data-start=\"3490\" data-end=\"3589\">\n<td data-start=\"3490\" data-end=\"3525\" data-col-size=\"sm\"><strong data-start=\"3492\" data-end=\"3500\">Cynk<\/strong><\/td>\n<td data-start=\"3525\" data-end=\"3589\" data-col-size=\"md\">Kluczowy dla produkcji testosteronu<\/td>\n<\/tr>\n<tr data-start=\"3590\" data-end=\"3689\">\n<td data-start=\"3590\" data-end=\"3625\" data-col-size=\"sm\"><strong data-start=\"3592\" data-end=\"3613\">Witamina B6 i B12<\/strong><\/td>\n<td data-start=\"3625\" data-end=\"3689\" data-col-size=\"md\">Wspieraj\u0105 funkcjonowanie uk\u0142adu nerwowego i energetycznego<\/td>\n<\/tr>\n<\/tbody>\n<\/table>\n<div class=\"sticky end-(--thread-content-margin) h-0 self-end select-none\">\n<div class=\"absolute end-0 flex items-end\"><\/div>\n<\/div>\n<\/div>\n<\/div>\n<hr data-start=\"3940\" data-end=\"3943\" \/>\n<h2 data-start=\"3945\" data-end=\"3998\">Efekty stosowania \u2013 dzia\u0142anie kapsu\u0142ek Bullrun Ero<\/h2>\n<p data-start=\"4000\" data-end=\"4112\">Regularne stosowanie kapsu\u0142ek <strong data-start=\"4030\" data-end=\"4045\">Bullrun Ero<\/strong> przynosi wielowymiarowe korzy\u015bci dla m\u0119skiego zdrowia seksualnego.<\/p>\n<p data-start=\"4114\" data-end=\"4170\"><strong>Najcz\u0119\u015bciej zg\u0142aszane efekty po kuracji Bullrun Ero:<\/strong><\/p>\n<ol data-start=\"4172\" data-end=\"4694\">\n<li data-start=\"4172\" data-end=\"4267\">\n<p data-start=\"4175\" data-end=\"4267\"><strong data-start=\"4175\" data-end=\"4194\">Poprawa erekcji<\/strong> \u2013 szybkie i trwa\u0142e wzwody, kt\u00f3re utrzymuj\u0105 si\u0119 przez ca\u0142y akt seksualny.<\/p>\n<\/li>\n<li data-start=\"4268\" data-end=\"4346\">\n<p data-start=\"4271\" data-end=\"4346\"><strong data-start=\"4271\" data-end=\"4292\">Zwi\u0119kszone libido<\/strong> \u2013 silniejsza ochota na seks i wi\u0119ksza pewno\u015b\u0107 siebie.<\/p>\n<\/li>\n<li data-start=\"4347\" data-end=\"4426\">\n<p data-start=\"4350\" data-end=\"4426\"><strong data-start=\"4350\" data-end=\"4373\">Op\u00f3\u017anienie wytrysku<\/strong> \u2013 lepsza kontrola nad wytryskiem i d\u0142u\u017cszy stosunek.<\/p>\n<\/li>\n<li data-start=\"4427\" data-end=\"4514\">\n<p data-start=\"4430\" data-end=\"4514\"><strong data-start=\"4430\" data-end=\"4448\">Wzrost energii<\/strong> \u2013 wi\u0119ksza wytrzyma\u0142o\u015b\u0107 seksualna, mniejsze zm\u0119czenie po stosunku.<\/p>\n<\/li>\n<li data-start=\"4515\" data-end=\"4613\">\n<p data-start=\"4518\" data-end=\"4613\"><strong data-start=\"4518\" data-end=\"4557\">Lepsze ukrwienie narz\u0105d\u00f3w p\u0142ciowych<\/strong> \u2013 dzi\u0119ki obecno\u015bci L-argininy i ekstraktu z \u017ce\u0144-szenia.<\/p>\n<\/li>\n<li data-start=\"4614\" data-end=\"4694\">\n<p data-start=\"4617\" data-end=\"4694\"><strong data-start=\"4617\" data-end=\"4658\">Naturalny wzrost poziomu testosteronu<\/strong> \u2013 dzi\u0119ki cynkowi i palmy saba\u0142owej.<\/p>\n<\/li>\n<\/ol>\n<p style=\"text-align: center;\"><a class=\"border-button\" href=\"https:\/\/tl-track.com\/tracker\/uhA6\">KUPI\u0106 PO CENIE PRODUCENTA (-50%)<\/a><\/p>\n<p data-start=\"6201\" data-end=\"6593\">Bullrun Ero to kapsu\u0142y na potencj\u0119 o wyj\u0105tkowym, naturalnym sk\u0142adzie i skutecznym dzia\u0142aniu, potwierdzonym przez wielu zadowolonych u\u017cytkownik\u00f3w. Produkt ten wyr\u00f3\u017cnia si\u0119 brakiem efekt\u00f3w ubocznych i \u0142atwo\u015bci\u0105 stosowania. Je\u015bli zale\u017cy Ci na poprawie jako\u015bci \u017cycia seksualnego, odzyskaniu pewno\u015bci siebie i naturalnym wsparciu m\u0119skiej potencji, <strong data-start=\"6544\" data-end=\"6559\">Bullrun Ero<\/strong> mo\u017ce okaza\u0107 si\u0119 idealnym wyborem.<\/p>\n","protected":false},"excerpt":{"rendered":"<p>Nr kat.: 000874041<\/p>\n<p style=\"text-align: center;\"><a class=\"border-button\" href=\"https:\/\/tl-track.com\/tracker\/uhA6\">KUP TERAZ<\/a><\/p>\n","protected":false},"featured_media":1314,"comment_status":"open","ping_status":"closed","template":"","meta":[],"product_brand":[],"product_cat":[18],"product_tag":[],"class_list":{"0":"post-1313","1":"product","2":"type-product","3":"status-publish","4":"has-post-thumbnail","6":"product_cat-suplementy","8":"first","9":"instock","10":"sale","11":"shipping-taxable","12":"purchasable","13":"product-type-simple"},"aioseo_notices":[],"_links":{"self":[{"href":"https:\/\/lekarzpodroznik.pl\/store\/wp-json\/wp\/v2\/product\/1313","targetHints":{"allow":["GET"]}}],"collection":[{"href":"https:\/\/lekarzpodroznik.pl\/store\/wp-json\/wp\/v2\/product"}],"about":[{"href":"https:\/\/lekarzpodroznik.pl\/store\/wp-json\/wp\/v2\/types\/product"}],"replies":[{"embeddable":true,"href":"https:\/\/lekarzpodroznik.pl\/store\/wp-json\/wp\/v2\/comments?post=1313"}],"wp:featuredmedia":[{"embeddable":true,"href":"https:\/\/lekarzpodroznik.pl\/store\/wp-json\/wp\/v2\/media\/1314"}],"wp:attachment":[{"href":"https:\/\/lekarzpodroznik.pl\/store\/wp-json\/wp\/v2\/media?parent=1313"}],"wp:term":[{"taxonomy":"product_brand","embeddable":true,"href":"https:\/\/lekarzpodroznik.pl\/store\/wp-json\/wp\/v2\/product_brand?post=1313"},{"taxonomy":"product_cat","embeddable":true,"href":"https:\/\/lekarzpodroznik.pl\/store\/wp-json\/wp\/v2\/product_cat?post=1313"},{"taxonomy":"product_tag","embeddable":true,"href":"https:\/\/lekarzpodroznik.pl\/store\/wp-json\/wp\/v2\/product_tag?post=1313"}],"curies":[{"name":"wp","href":"https:\/\/api.w.org\/{rel}","templated":true}]}}