{"id":142,"date":"2024-08-27T16:39:53","date_gmt":"2024-08-27T16:39:53","guid":{"rendered":"https:\/\/lekarzpodroznik.pl\/store\/?post_type=product&#038;p=142"},"modified":"2024-10-31T09:47:31","modified_gmt":"2024-10-31T09:47:31","slug":"alfazone","status":"publish","type":"product","link":"https:\/\/lekarzpodroznik.pl\/store\/product\/alfazone\/","title":{"rendered":"AlfaZone"},"content":{"rendered":"<p>AlfaZone to preparat dost\u0119pny w formie kapsu\u0142ek, kt\u00f3ry zosta\u0142 stworzony z my\u015bl\u0105 o m\u0119\u017cczyznach borykaj\u0105cych si\u0119 z problemami z erekcj\u0105 oraz obni\u017con\u0105 potencj\u0105. Preparat ten zalicza si\u0119 do grupy suplement\u00f3w diety, kt\u00f3re wspieraj\u0105 zdrowie seksualne, wspomagaj\u0105c naturalne mechanizmy organizmu odpowiedzialne za utrzymanie erekcji i zwi\u0119kszenie libido.<\/p>\n<p>Kapsu\u0142ki AlfaZone charakteryzuj\u0105 si\u0119 starannie dobranym sk\u0142adem, kt\u00f3ry \u0142\u0105czy w sobie tradycyjne sk\u0142adniki z nowoczesn\u0105 technologi\u0105 produkcji. Dzi\u0119ki temu AlfaZone cieszy si\u0119 du\u017c\u0105 popularno\u015bci\u0105 w\u015br\u00f3d m\u0119\u017cczyzn, kt\u00f3rzy poszukuj\u0105 naturalnych i bezpiecznych rozwi\u0105za\u0144 na popraw\u0119 swojej potencji.<\/p>\n<p style=\"text-align: center;\"><a class=\"border-button\" href=\"https:\/\/mandarv.com\/o3FS?sub1=sub1&amp;sub2=sub2&amp;sub3=sub3&amp;sub4=sub4&amp;sub5=sub5\">www.alfazone.pl<\/a><\/p>\n<h2>Wskazania i przeciwwskazania AlfaZone<\/h2>\n<p>AlfaZone jest zalecany dla m\u0119\u017cczyzn, kt\u00f3rzy zmagaj\u0105 si\u0119 z:<\/p>\n<ul>\n<li>Problemami z erekcj\u0105.<\/li>\n<li>Spadkiem libido.<\/li>\n<li>Obni\u017con\u0105 wydolno\u015bci\u0105 seksualn\u0105.<\/li>\n<li>Og\u00f3lnym zm\u0119czeniem i brakiem energii.<\/li>\n<\/ul>\n<p>Jednak jak ka\u017cdy suplement diety, AlfaZone nie jest przeznaczony dla wszystkich. Przed rozpocz\u0119ciem kuracji nale\u017cy zapozna\u0107 si\u0119 z ulotk\u0105, kt\u00f3ra zawiera wa\u017cne informacje dotycz\u0105ce przeciwwskaza\u0144. AlfaZone nie powinien by\u0107 stosowany przez osoby, kt\u00f3re:<\/p>\n<ul>\n<li>S\u0105 uczulone na kt\u00f3rykolwiek ze sk\u0142adnik\u00f3w preparatu.<\/li>\n<li>Cierpi\u0105 na ci\u0119\u017ckie choroby uk\u0142adu kr\u0105\u017cenia.<\/li>\n<li>S\u0105 pod sta\u0142\u0105 opiek\u0105 lekarsk\u0105 i przyjmuj\u0105 leki, kt\u00f3re mog\u0105 wchodzi\u0107 w interakcje z suplementem.<\/li>\n<\/ul>\n<p>Warto r\u00f3wnie\u017c skonsultowa\u0107 si\u0119 z lekarzem przed rozpocz\u0119ciem stosowania AlfaZone, zw\u0142aszcza je\u015bli wyst\u0119puj\u0105 jakiekolwiek w\u0105tpliwo\u015bci co do bezpiecze\u0144stwa u\u017cycia tego produktu.<\/p>\n<h2>Sk\u0142ad AlfaZone &#8211; skuteczne sk\u0142adniki<\/h2>\n<p>Jednym z kluczowych aspekt\u00f3w skuteczno\u015bci AlfaZone jest jego unikalny sk\u0142ad, kt\u00f3ry zosta\u0142 opracowany na podstawie naturalnych substancji aktywnych. Ka\u017cdy sk\u0142adnik preparatu pe\u0142ni okre\u015blon\u0105 rol\u0119 w poprawie m\u0119skiej potencji i og\u00f3lnej kondycji seksualnej.<\/p>\n<h3>G\u0142\u00f3wne sk\u0142adniki AlfaZone:<\/h3>\n<ol>\n<li><strong>Ekstrakt z Damiany<\/strong><br \/>\nEkstrakt z li\u015bci Damiany jest znany ze swojego pozytywnego wp\u0142ywu na zdrowie seksualne. Pomaga w utrzymaniu dobrych relacji seksualnych, wspieraj\u0105c naturalne mechanizmy organizmu.<\/li>\n<li><strong>\u017be\u0144-sze\u0144<\/strong><br \/>\n\u017be\u0144-sze\u0144 to jeden z najstarszych i najbardziej cenionych sk\u0142adnik\u00f3w w medycynie naturalnej. Przyczynia si\u0119 do normalnych erekcji, wspiera zdrowie seksualne i og\u00f3ln\u0105 witalno\u015b\u0107. Dzia\u0142a r\u00f3wnie\u017c jako naturalny adaptogen, pomagaj\u0105c organizmowi radzi\u0107 sobie ze stresem i zm\u0119czeniem.<\/li>\n<li><strong>Cynk<\/strong><br \/>\nCynk jest pierwiastkiem niezb\u0119dnym dla m\u0119\u017cczyzn, szczeg\u00f3lnie ze wzgl\u0119du na jego rol\u0119 w utrzymaniu prawid\u0142owego poziomu testosteronu we krwi. Wspiera p\u0142odno\u015b\u0107 i pomaga w utrzymaniu zdrowia seksualnego na wysokim poziomie.<\/li>\n<\/ol>\n<table style=\"height: 196px;\" width=\"1297\">\n<thead>\n<tr>\n<th>Sk\u0142adnik<\/th>\n<th>Dzia\u0142anie<\/th>\n<\/tr>\n<\/thead>\n<tbody>\n<tr>\n<td>Ekstrakt z Damiany<\/td>\n<td>Wspiera zdrowie seksualne i dobre relacje seksualne<\/td>\n<\/tr>\n<tr>\n<td>\u017be\u0144-sze\u0144<\/td>\n<td>Wspiera erekcj\u0119, zdrowie seksualne i witalno\u015b\u0107<\/td>\n<\/tr>\n<tr>\n<td>Cynk<\/td>\n<td>Wspiera p\u0142odno\u015b\u0107, utrzymuje poziom testosteronu<\/td>\n<\/tr>\n<\/tbody>\n<\/table>\n<h2>Efekty stosowania &#8211; dzia\u0142anie tabletek AlfaZone<\/h2>\n<p>Regularne stosowanie AlfaZone przynosi szereg korzy\u015bci, kt\u00f3re mog\u0105 pozytywnie wp\u0142yn\u0105\u0107 na \u017cycie seksualne m\u0119\u017cczyzn. W\u015br\u00f3d najwa\u017cniejszych efekt\u00f3w dzia\u0142ania kapsu\u0142ek AlfaZone mo\u017cna wymieni\u0107:<\/p>\n<ul>\n<li><strong>Poprawa erekcji<\/strong>: AlfaZone wspiera naturalne mechanizmy odpowiedzialne za uzyskanie i utrzymanie erekcji, co przek\u0142ada si\u0119 na lepsze \u017cycie seksualne.<\/li>\n<li><strong>Zwi\u0119kszenie libido<\/strong>: Sk\u0142adniki preparatu pomagaj\u0105 w zwi\u0119kszeniu pop\u0119du seksualnego, co jest kluczowe dla satysfakcjonuj\u0105cego \u017cycia intymnego.<\/li>\n<li><strong>Zwi\u0119kszenie energii i witalno\u015bci<\/strong>: Dzi\u0119ki zawarto\u015bci \u017ce\u0144-szenia, AlfaZone pomaga w zwi\u0119kszeniu og\u00f3lnej energii i witalno\u015bci, co mo\u017ce mie\u0107 pozytywny wp\u0142yw na aktywno\u015b\u0107 seksualn\u0105.<\/li>\n<li><strong>Wzrost pewno\u015bci siebie<\/strong>: Lepsza kondycja seksualna cz\u0119sto idzie w parze z wi\u0119ksz\u0105 pewno\u015bci\u0105 siebie, co mo\u017ce przek\u0142ada\u0107 si\u0119 na inne aspekty \u017cycia.<\/li>\n<\/ul>\n<h2>Gdzie kupi\u0107 AlfaZone?<\/h2>\n<p>Je\u015bli zastanawiasz si\u0119, gdzie kupi\u0107 AlfaZone, warto zwr\u00f3ci\u0107 uwag\u0119 na kilka aspekt\u00f3w. Preparat ten nie jest dost\u0119pny w stacjonarnych aptekach, co oznacza, \u017ce nie znajdziesz go na p\u00f3\u0142kach w popularnych sieciach aptek. Najlepszym miejscem, aby naby\u0107 AlfaZone, jest bezpo\u015brednio od producenta, co gwarantuje oryginalno\u015b\u0107 produktu i najlepsz\u0105 cen\u0119.<\/p>\n<p>Wielu m\u0119\u017cczyzn szuka informacji o tym, gdzie kupi\u0107 AlfaZone w aptece, jednak warto pami\u0119ta\u0107, \u017ce producent nie prowadzi sprzeda\u017cy hurtowej, co wyklucza mo\u017cliwo\u015b\u0107 zakupu w tradycyjnych punktach sprzeda\u017cy. Dlatego najlepszym rozwi\u0105zaniem jest zakup AlfaZone na oficjalnej stronie producenta, gdzie cz\u0119sto mo\u017cna trafi\u0107 na atrakcyjne promocje i rabaty. Dzi\u0119ki temu zyskujesz pewno\u015b\u0107, \u017ce kupujesz oryginalny produkt o najwy\u017cszej jako\u015bci.<\/p>\n<p style=\"text-align: center;\"><a class=\"border-button\" href=\"https:\/\/mandarv.com\/o3FS?sub1=sub1&amp;sub2=sub2&amp;sub3=sub3&amp;sub4=sub4&amp;sub5=sub5\">KUPI\u0106 PO CENIE PRODUCENTA (-50%)<\/a><\/p>\n","protected":false},"excerpt":{"rendered":"<p>Nr kat.: 8708713<\/p>\n<p style=\"text-align: center;\"><a class=\"border-button\" href=\"https:\/\/mandarv.com\/o3FS?sub1=sub1&amp;sub2=sub2&amp;sub3=sub3&amp;sub4=sub4&amp;sub5=sub5\">KUP TERAZ<\/a><\/p>\n","protected":false},"featured_media":143,"comment_status":"open","ping_status":"closed","template":"","meta":[],"product_brand":[],"product_cat":[18],"product_tag":[],"class_list":{"0":"post-142","1":"product","2":"type-product","3":"status-publish","4":"has-post-thumbnail","6":"product_cat-suplementy","8":"first","9":"instock","10":"sale","11":"shipping-taxable","12":"purchasable","13":"product-type-simple"},"aioseo_notices":[],"_links":{"self":[{"href":"https:\/\/lekarzpodroznik.pl\/store\/wp-json\/wp\/v2\/product\/142","targetHints":{"allow":["GET"]}}],"collection":[{"href":"https:\/\/lekarzpodroznik.pl\/store\/wp-json\/wp\/v2\/product"}],"about":[{"href":"https:\/\/lekarzpodroznik.pl\/store\/wp-json\/wp\/v2\/types\/product"}],"replies":[{"embeddable":true,"href":"https:\/\/lekarzpodroznik.pl\/store\/wp-json\/wp\/v2\/comments?post=142"}],"wp:featuredmedia":[{"embeddable":true,"href":"https:\/\/lekarzpodroznik.pl\/store\/wp-json\/wp\/v2\/media\/143"}],"wp:attachment":[{"href":"https:\/\/lekarzpodroznik.pl\/store\/wp-json\/wp\/v2\/media?parent=142"}],"wp:term":[{"taxonomy":"product_brand","embeddable":true,"href":"https:\/\/lekarzpodroznik.pl\/store\/wp-json\/wp\/v2\/product_brand?post=142"},{"taxonomy":"product_cat","embeddable":true,"href":"https:\/\/lekarzpodroznik.pl\/store\/wp-json\/wp\/v2\/product_cat?post=142"},{"taxonomy":"product_tag","embeddable":true,"href":"https:\/\/lekarzpodroznik.pl\/store\/wp-json\/wp\/v2\/product_tag?post=142"}],"curies":[{"name":"wp","href":"https:\/\/api.w.org\/{rel}","templated":true}]}}