{"id":148,"date":"2024-08-27T16:58:42","date_gmt":"2024-08-27T16:58:42","guid":{"rendered":"https:\/\/lekarzpodroznik.pl\/store\/?post_type=product&#038;p=148"},"modified":"2024-10-31T09:53:36","modified_gmt":"2024-10-31T09:53:36","slug":"nicozero","status":"publish","type":"product","link":"https:\/\/lekarzpodroznik.pl\/store\/product\/nicozero\/","title":{"rendered":"NicoZero"},"content":{"rendered":"<p>NicoZero to spray o dzia\u0142aniu przeciwnikotynowym, kt\u00f3ry zosta\u0142 stworzony z my\u015bl\u0105 o osobach pragn\u0105cych trwale zerwa\u0107 z na\u0142ogiem palenia. Preparat ten nale\u017cy do grupy produkt\u00f3w wspomagaj\u0105cych walk\u0119 z uzale\u017cnieniem od nikotyny, oferuj\u0105c naturalne i bezpieczne sk\u0142adniki aktywne, kt\u00f3re pomagaj\u0105 z\u0142agodzi\u0107 objawy odstawienia oraz stopniowo zmniejsza\u0107 pragnienie si\u0119gni\u0119cia po papierosa.<\/p>\n<p>Spray NicoZero jest dost\u0119pny w formie wygodnego aerozolu, kt\u00f3ry mo\u017cna \u0142atwo aplikowa\u0107 w dowolnym miejscu i czasie. Jego kompaktowa forma sprawia, \u017ce mo\u017cna go mie\u0107 zawsze przy sobie, co jest szczeg\u00f3lnie przydatne w momentach, gdy pojawia si\u0119 silne pragnienie zapalenia papierosa.<\/p>\n<p style=\"text-align: center;\"><a class=\"border-button\" href=\"https:\/\/mandarv.com\/mXdS?sub1=sub1&amp;sub2=sub2&amp;sub3=sub3&amp;sub4=sub4&amp;sub5=sub5\">www.nicozero.pl<\/a><\/p>\n<h2>Wskazania i przeciwwskazania NicoZero<\/h2>\n<p>NicoZero jest przeznaczony dla os\u00f3b, kt\u00f3re zmagaj\u0105 si\u0119 z uzale\u017cnieniem od nikotyny i poszukuj\u0105 skutecznej metody na rzucenie palenia. Produkt ten mo\u017ce by\u0107 stosowany przez doros\u0142ych, zar\u00f3wno m\u0119\u017cczyzn, jak i kobiety, kt\u00f3rzy pragn\u0105 poprawi\u0107 swoje zdrowie i jako\u015b\u0107 \u017cycia, eliminuj\u0105c na\u0142\u00f3g nikotynowy.<\/p>\n<h3>Wskazania do stosowania NicoZero:<\/h3>\n<ul>\n<li>Ch\u0119\u0107 rzucenia palenia.<\/li>\n<li>Potrzeba z\u0142agodzenia objaw\u00f3w odstawienia nikotyny, takich jak dra\u017cliwo\u015b\u0107, niepok\u00f3j, czy problemy z koncentracj\u0105.<\/li>\n<li>Pragnienie zmniejszenia pragnienia si\u0119gni\u0119cia po papierosa.<\/li>\n<\/ul>\n<h3>Przeciwwskazania:<\/h3>\n<ul>\n<li>Nadwra\u017cliwo\u015b\u0107 na kt\u00f3rykolwiek ze sk\u0142adnik\u00f3w preparatu.<\/li>\n<li>Ci\u0105\u017ca i karmienie piersi\u0105.<\/li>\n<li>Osoby z chorobami serca powinny skonsultowa\u0107 si\u0119 z lekarzem przed rozpocz\u0119ciem kuracji.<\/li>\n<\/ul>\n<p>NicoZero jest produktem bezpiecznym, jednak jak ka\u017cdy preparat, mo\u017ce powodowa\u0107 reakcje alergiczne u os\u00f3b wra\u017cliwych na jego sk\u0142adniki. Dlatego przed pierwszym u\u017cyciem zaleca si\u0119 zapoznanie z pe\u0142n\u0105 ulotk\u0105 oraz skonsultowanie si\u0119 z lekarzem w przypadku jakichkolwiek w\u0105tpliwo\u015bci.<\/p>\n<h2>Sk\u0142ad NicoZero &#8211; Skuteczne Sk\u0142adniki<\/h2>\n<p>Jednym z najwa\u017cniejszych aspekt\u00f3w NicoZero, kt\u00f3ry wyr\u00f3\u017cnia go na tle innych preparat\u00f3w, jest jego naturalny sk\u0142ad. Ka\u017cdy z zawartych w nim sk\u0142adnik\u00f3w odgrywa kluczow\u0105 rol\u0119 w procesie walki z uzale\u017cnieniem od nikotyny oraz regeneracji organizmu po odstawieniu papieros\u00f3w.<\/p>\n<h3>Kluczowe sk\u0142adniki NicoZero:<\/h3>\n<ul>\n<li><strong>Ekstrakt z owsa<\/strong> &#8211; Wzmacnia uk\u0142ad nerwowy, naczynia krwiono\u015bne oraz mi\u0119sie\u0144 sercowy. Ekstrakt z owsa ma r\u00f3wnie\u017c pozytywny wp\u0142yw na sk\u0142ad krwi, co jest szczeg\u00f3lnie wa\u017cne dla os\u00f3b, kt\u00f3re przez lata by\u0142y nara\u017cone na dzia\u0142anie toksyn zawartych w dymie papierosowym.<\/li>\n<li><strong>Dziurawiec<\/strong> &#8211; Sk\u0142adnik ten wywo\u0142uje stopniow\u0105 i trwa\u0142\u0105 awersj\u0119 do zapachu tytoniu, co u\u0142atwia zerwanie z na\u0142ogiem. Ponadto, dziurawiec pomaga oczy\u015bci\u0107 drogi oddechowe z nagromadzonych osad\u00f3w, co przyczynia si\u0119 do poprawy wydolno\u015bci oddechowej.<\/li>\n<li><strong>Imbir<\/strong> &#8211; Dzia\u0142a rozrzedzaj\u0105co na krew, zmniejszaj\u0105c zlepianie si\u0119 p\u0142ytek krwi i powstawanie zakrzep\u00f3w. Imbir pomaga r\u00f3wnie\u017c neutralizowa\u0107 toksyczne substancje w organizmie, co jest kluczowe dla os\u00f3b, kt\u00f3re przez d\u0142ugi czas by\u0142y nara\u017cone na dzia\u0142anie nikotyny.<\/li>\n<li><strong>G\u0142\u00f3g<\/strong> &#8211; Odpowiada za usuwanie z organizmu substancji powsta\u0142ych w wyniku rozpadu nikotyny. G\u0142\u00f3g r\u00f3wnie\u017c skutecznie oczyszcza p\u0142uca, co jest istotne dla os\u00f3b, kt\u00f3re chc\u0105 poprawi\u0107 swoj\u0105 kondycj\u0119 po latach palenia.<\/li>\n<\/ul>\n<h2>Efekty Stosowania &#8211; Dzia\u0142anie NicoZero<\/h2>\n<p>NicoZero dzia\u0142a wielokierunkowo, pomagaj\u0105c nie tylko w zredukowaniu potrzeby palenia, ale r\u00f3wnie\u017c w regeneracji organizmu po odstawieniu nikotyny. Regularne stosowanie sprayu prowadzi do zmniejszenia pragnienia si\u0119gni\u0119cia po papierosa, co jest kluczowe w procesie rzucania palenia.<\/p>\n<h3>G\u0142\u00f3wne efekty stosowania NicoZero:<\/h3>\n<ol>\n<li><strong>Zmniejszenie pragnienia nikotyny<\/strong> &#8211; NicoZero pomaga stopniowo zmniejsza\u0107 potrzeb\u0119 si\u0119gni\u0119cia po papierosa, co u\u0142atwia zerwanie z na\u0142ogiem.<\/li>\n<li><strong>\u0141agodzenie objaw\u00f3w odstawienia<\/strong> &#8211; Dzi\u0119ki sk\u0142adnikom takim jak dziurawiec i imbir, preparat pomaga z\u0142agodzi\u0107 objawy odstawienia, takie jak dra\u017cliwo\u015b\u0107, niepok\u00f3j czy problemy z koncentracj\u0105.<\/li>\n<li><strong>Oczyszczenie organizmu<\/strong> &#8211; G\u0142\u00f3g i imbir wspomagaj\u0105 proces oczyszczania organizmu z toksyn oraz resztek nikotyny, co przyczynia si\u0119 do poprawy og\u00f3lnego samopoczucia.<\/li>\n<li><strong>Poprawa kondycji fizycznej<\/strong> &#8211; Regularne stosowanie NicoZero prowadzi do poprawy wydolno\u015bci oddechowej oraz og\u00f3lnej kondycji fizycznej, co jest szczeg\u00f3lnie wa\u017cne dla os\u00f3b, kt\u00f3re przez lata by\u0142y na\u0142ogowymi palaczami.<\/li>\n<\/ol>\n<h2>Gdzie kupi\u0107 NicoZero?<\/h2>\n<p>Zakup NicoZero mo\u017ce by\u0107 wyzwaniem, poniewa\u017c produkt ten nie jest dost\u0119pny w stacjonarnych aptekach ani w popularnych sklepach internetowych. Jednym z najlepszych sposob\u00f3w na zakup tego preparatu jest skorzystanie z oficjalnej strony producenta.<\/p>\n<h3>Mo\u017cliwo\u015b\u0107 zakupu w aptece, na Allegro lub na oficjalnej stronie producenta<\/h3>\n<p>NicoZero nie jest dost\u0119pny w stacjonarnych aptekach, co mo\u017ce by\u0107 dla niekt\u00f3rych os\u00f3b pewnym utrudnieniem. Warto jednak zauwa\u017cy\u0107, \u017ce producent zdecydowa\u0142 si\u0119 na sprzeda\u017c bezpo\u015bredni\u0105, aby zapewni\u0107 klientom najlepsz\u0105 mo\u017cliw\u0105 cen\u0119 oraz oryginalno\u015b\u0107 produktu.<\/p>\n<p>Kupowanie NicoZero na portalach aukcyjnych, takich jak Allegro, r\u00f3wnie\u017c mo\u017ce by\u0107 ryzykowne, poniewa\u017c nie zawsze mo\u017cna mie\u0107 pewno\u015b\u0107 co do oryginalno\u015bci produktu. Dlatego najbezpieczniejszym i najpewniejszym sposobem na zakup jest zam\u00f3wienie NicoZero bezpo\u015brednio na oficjalnej stronie producenta.<\/p>\n<p>Oficjalna strona producenta oferuje nie tylko gwarancj\u0119 oryginalno\u015bci, ale tak\u017ce liczne promocje i zni\u017cki, co czyni zakup jeszcze bardziej op\u0142acalnym.<\/p>\n<p style=\"text-align: center;\"><a class=\"border-button\" href=\"https:\/\/mandarv.com\/mXdS?sub1=sub1&amp;sub2=sub2&amp;sub3=sub3&amp;sub4=sub4&amp;sub5=sub5\">KUPI\u0106 PO CENIE PRODUCENTA (-50%)<\/a><\/p>\n","protected":false},"excerpt":{"rendered":"<p>Nr kat.: 8708771<\/p>\n<p style=\"text-align: center;\"><a class=\"border-button\" href=\"https:\/\/mandarv.com\/mXdS?sub1=sub1&amp;sub2=sub2&amp;sub3=sub3&amp;sub4=sub4&amp;sub5=sub5\">KUP TERAZ<\/a><\/p>\n","protected":false},"featured_media":149,"comment_status":"open","ping_status":"closed","template":"","meta":[],"product_brand":[],"product_cat":[18],"product_tag":[],"class_list":{"0":"post-148","1":"product","2":"type-product","3":"status-publish","4":"has-post-thumbnail","6":"product_cat-suplementy","8":"first","9":"instock","10":"shipping-taxable","11":"purchasable","12":"product-type-simple"},"aioseo_notices":[],"_links":{"self":[{"href":"https:\/\/lekarzpodroznik.pl\/store\/wp-json\/wp\/v2\/product\/148","targetHints":{"allow":["GET"]}}],"collection":[{"href":"https:\/\/lekarzpodroznik.pl\/store\/wp-json\/wp\/v2\/product"}],"about":[{"href":"https:\/\/lekarzpodroznik.pl\/store\/wp-json\/wp\/v2\/types\/product"}],"replies":[{"embeddable":true,"href":"https:\/\/lekarzpodroznik.pl\/store\/wp-json\/wp\/v2\/comments?post=148"}],"wp:featuredmedia":[{"embeddable":true,"href":"https:\/\/lekarzpodroznik.pl\/store\/wp-json\/wp\/v2\/media\/149"}],"wp:attachment":[{"href":"https:\/\/lekarzpodroznik.pl\/store\/wp-json\/wp\/v2\/media?parent=148"}],"wp:term":[{"taxonomy":"product_brand","embeddable":true,"href":"https:\/\/lekarzpodroznik.pl\/store\/wp-json\/wp\/v2\/product_brand?post=148"},{"taxonomy":"product_cat","embeddable":true,"href":"https:\/\/lekarzpodroznik.pl\/store\/wp-json\/wp\/v2\/product_cat?post=148"},{"taxonomy":"product_tag","embeddable":true,"href":"https:\/\/lekarzpodroznik.pl\/store\/wp-json\/wp\/v2\/product_tag?post=148"}],"curies":[{"name":"wp","href":"https:\/\/api.w.org\/{rel}","templated":true}]}}