{"id":150,"date":"2024-08-27T17:01:43","date_gmt":"2024-08-27T17:01:43","guid":{"rendered":"https:\/\/lekarzpodroznik.pl\/store\/?post_type=product&#038;p=150"},"modified":"2024-10-31T09:54:24","modified_gmt":"2024-10-31T09:54:24","slug":"ocuvit","status":"publish","type":"product","link":"https:\/\/lekarzpodroznik.pl\/store\/product\/ocuvit\/","title":{"rendered":"Ocuvit"},"content":{"rendered":"<p>Ocuvit to nowoczesny suplement diety w formie kapsu\u0142, przeznaczony do wspomagania zdrowia oczu. Produkt nale\u017cy do grupy suplement\u00f3w diety, kt\u00f3re zosta\u0142y zaprojektowane z my\u015bl\u0105 o osobach dbaj\u0105cych o zdrowie swoich oczu, zw\u0142aszcza tych, kt\u00f3re codziennie nara\u017cone s\u0105 na intensywne korzystanie z urz\u0105dze\u0144 cyfrowych.<\/p>\n<p>Ocuvit dost\u0119pny jest w postaci kapsu\u0142, co sprawia, \u017ce jego stosowanie jest wygodne i \u0142atwe. Ka\u017cda kapsu\u0142ka zawiera starannie dobran\u0105 mieszank\u0119 sk\u0142adnik\u00f3w, kt\u00f3re wspomagaj\u0105 funkcje wzroku oraz chroni\u0105 oczy przed szkodliwym dzia\u0142aniem czynnik\u00f3w zewn\u0119trznych.<\/p>\n<p style=\"text-align: center;\"><a class=\"border-button\" href=\"https:\/\/mandarv.com\/CFnS?sub1=sub1&amp;sub2=sub2&amp;sub3=sub3&amp;sub4=sub4&amp;sub5=sub5\">www.ocuvit.pl<\/a><\/p>\n<h2>Wskazania i przeciwwskazania Ocuvit<\/h2>\n<p><strong>Wskazania do stosowania Ocuvit:<\/strong><\/p>\n<ul>\n<li>Zm\u0119czenie oczu spowodowane d\u0142ugotrwa\u0142\u0105 prac\u0105 przed komputerem.<\/li>\n<li>Zaburzenia ostro\u015bci widzenia, zw\u0142aszcza w warunkach s\u0142abego o\u015bwietlenia.<\/li>\n<li>Nara\u017cenie na dzia\u0142anie promieni UV i niebieskiego \u015bwiat\u0142a.<\/li>\n<li>Zmniejszona ostro\u015b\u0107 widzenia zwi\u0105zana z wiekiem.<\/li>\n<li>Profilaktyka chor\u00f3b oczu, takich jak za\u0107ma czy zwyrodnienie plamki \u017c\u00f3\u0142tej.<\/li>\n<\/ul>\n<p><strong>Przeciwwskazania:<\/strong><\/p>\n<ul>\n<li>Nadwra\u017cliwo\u015b\u0107 na kt\u00f3rykolwiek ze sk\u0142adnik\u00f3w preparatu.<\/li>\n<li>Ci\u0105\u017ca i okres karmienia piersi\u0105 (zalecana jest konsultacja z lekarzem).<\/li>\n<li>Osoby poni\u017cej 18. roku \u017cycia powinny stosowa\u0107 Ocuvit wy\u0142\u0105cznie po konsultacji z lekarzem.<\/li>\n<\/ul>\n<p>Ocuvit jest generalnie dobrze tolerowany, jednak jak ka\u017cdy suplement, mo\u017ce powodowa\u0107 reakcje alergiczne u os\u00f3b wra\u017cliwych na kt\u00f3rykolwiek ze sk\u0142adnik\u00f3w. W przypadku wyst\u0105pienia jakichkolwiek niepo\u017c\u0105danych efekt\u00f3w, nale\u017cy przerwa\u0107 stosowanie i skonsultowa\u0107 si\u0119 z lekarzem.<\/p>\n<h2>Sk\u0142ad Ocuvit &#8211; skuteczne sk\u0142adniki<\/h2>\n<p>Sk\u0142ad Ocuvit zosta\u0142 starannie opracowany, aby dostarcza\u0107 wszystkich niezb\u0119dnych sk\u0142adnik\u00f3w od\u017cywczych, kt\u00f3re wspomagaj\u0105 zdrowie oczu.<\/p>\n<table style=\"height: 225px;\" width=\"1246\">\n<thead>\n<tr>\n<th><strong>Sk\u0142adnik<\/strong><\/th>\n<th><strong>Dzia\u0142anie<\/strong><\/th>\n<\/tr>\n<\/thead>\n<tbody>\n<tr>\n<td><strong>Luteina<\/strong><\/td>\n<td>Chroni siatk\u00f3wk\u0119 oka przed szkodliwym dzia\u0142aniem promieniowania UV.<\/td>\n<\/tr>\n<tr>\n<td><strong>Zeaksantyna<\/strong><\/td>\n<td>Wspomaga widzenie w ciemno\u015bci i chroni przed zwyrodnieniem plamki \u017c\u00f3\u0142tej.<\/td>\n<\/tr>\n<tr>\n<td><strong>Witamina C<\/strong><\/td>\n<td>Dzia\u0142a jako antyoksydant, neutralizuj\u0105c wolne rodniki, chroni\u0105c tkanki oka.<\/td>\n<\/tr>\n<tr>\n<td><strong>Witamina E<\/strong><\/td>\n<td>Wzmacnia b\u0142ony kom\u00f3rkowe, chroni\u0105c oczy przed stresem oksydacyjnym.<\/td>\n<\/tr>\n<tr>\n<td><strong>Cynk<\/strong><\/td>\n<td>Wspomaga przyswajanie witaminy A, kt\u00f3ra jest kluczowa dla zdrowia oczu.<\/td>\n<\/tr>\n<tr>\n<td><strong>Omega-3<\/strong><\/td>\n<td>Redukuje ryzyko rozwoju zwyrodnienia plamki \u017c\u00f3\u0142tej i suchego oka.<\/td>\n<\/tr>\n<\/tbody>\n<\/table>\n<p>Ka\u017cdy z tych sk\u0142adnik\u00f3w odgrywa istotn\u0105 rol\u0119 w utrzymaniu dobrego stanu zdrowia oczu, a razem tworz\u0105 synergicznie dzia\u0142aj\u0105c\u0105 formu\u0142\u0119, kt\u00f3ra skutecznie wspiera wzrok.<\/p>\n<h2>Efekty stosowania &#8211; dzia\u0142anie tabletek Ocuvit<\/h2>\n<p>Regularne stosowanie Ocuvit przynosi szereg korzy\u015bci dla zdrowia oczu. U\u017cytkownicy tego suplementu zauwa\u017caj\u0105 popraw\u0119 ostro\u015bci widzenia, szczeg\u00f3lnie w warunkach s\u0142abego o\u015bwietlenia, co jest szczeg\u00f3lnie istotne dla os\u00f3b sp\u0119dzaj\u0105cych du\u017co czasu przed komputerem. Ponadto, Ocuvit pomaga redukowa\u0107 uczucie zm\u0119czenia oczu, kt\u00f3re cz\u0119sto towarzyszy d\u0142ugotrwa\u0142emu korzystaniu z urz\u0105dze\u0144 cyfrowych.<\/p>\n<p>Dzi\u0119ki zawarto\u015bci luteiny i zeaksantyny, Ocuvit skutecznie chroni siatk\u00f3wk\u0119 oka przed szkodliwym dzia\u0142aniem promieniowania UV oraz niebieskiego \u015bwiat\u0142a, co jest szczeg\u00f3lnie wa\u017cne w kontek\u015bcie profilaktyki chor\u00f3b oczu, takich jak za\u0107ma czy zwyrodnienie plamki \u017c\u00f3\u0142tej.<\/p>\n<p>Witamina C i E, jako silne antyoksydanty, chroni\u0105 oczy przed stresem oksydacyjnym, co przyczynia si\u0119 do zachowania zdrowia tkanek oka na d\u0142u\u017cej. Dodatkowo, obecno\u015b\u0107 kwas\u00f3w Omega-3 pomaga w utrzymaniu odpowiedniego nawil\u017cenia oka, co zapobiega zespo\u0142owi suchego oka.<\/p>\n<h2>Gdzie kupi\u0107 Ocuvit?<\/h2>\n<p>Ocuvit nie jest dost\u0119pny w tradycyjnych aptekach stacjonarnych, co mo\u017ce stanowi\u0107 pewne utrudnienie dla os\u00f3b preferuj\u0105cych zakupy na miejscu. Jednak, dzi\u0119ki rozwojowi technologii i e-commerce, produkt ten mo\u017cna bez problemu zakupi\u0107 przez internet.<\/p>\n<p>Najlepszym miejscem na zakup Ocuvit jest oficjalna strona producenta. Kupuj\u0105c bezpo\u015brednio u producenta, masz pewno\u015b\u0107, \u017ce otrzymujesz oryginalny produkt, a tak\u017ce mo\u017cesz skorzysta\u0107 z atrakcyjnych ofert, takich jak promocje czy rabaty. Warto r\u00f3wnie\u017c unika\u0107 podejrzanie tanich ofert na r\u00f3\u017cnych platformach aukcyjnych, poniewa\u017c istnieje ryzyko zakupu podr\u00f3bek, kt\u00f3re mog\u0105 by\u0107 nie tylko nieskuteczne, ale wr\u0119cz szkodliwe.<\/p>\n<p><strong>Podsumowuj\u0105c:<\/strong><\/p>\n<ul>\n<li><strong>Kupowanie na stronie producenta<\/strong> daje gwarancj\u0119 oryginalno\u015bci produktu oraz dost\u0119p do promocji.<\/li>\n<li><strong>Unikaj zakup\u00f3w na niesprawdzonych portalach<\/strong> \u2013 ryzyko podr\u00f3bek.<\/li>\n<li><strong>Ocuvit nie jest dost\u0119pny w aptekach stacjonarnych<\/strong> \u2013 jedyn\u0105 pewn\u0105 opcj\u0105 jest zakup online.<\/li>\n<\/ul>\n<p style=\"text-align: center;\"><a class=\"border-button\" href=\"https:\/\/mandarv.com\/CFnS?sub1=sub1&amp;sub2=sub2&amp;sub3=sub3&amp;sub4=sub4&amp;sub5=sub5\">KUPI\u0106 PO CENIE PRODUCENTA (-50%)<\/a><\/p>\n","protected":false},"excerpt":{"rendered":"<p>Nr kat.: 8708714<\/p>\n<p style=\"text-align: center;\"><a class=\"border-button\" href=\"https:\/\/mandarv.com\/CFnS?sub1=sub1&amp;sub2=sub2&amp;sub3=sub3&amp;sub4=sub4&amp;sub5=sub5\">KUP TERAZ<\/a><\/p>\n","protected":false},"featured_media":151,"comment_status":"open","ping_status":"closed","template":"","meta":[],"product_brand":[],"product_cat":[18],"product_tag":[],"class_list":{"0":"post-150","1":"product","2":"type-product","3":"status-publish","4":"has-post-thumbnail","6":"product_cat-suplementy","8":"first","9":"instock","10":"sale","11":"shipping-taxable","12":"purchasable","13":"product-type-simple"},"aioseo_notices":[],"_links":{"self":[{"href":"https:\/\/lekarzpodroznik.pl\/store\/wp-json\/wp\/v2\/product\/150","targetHints":{"allow":["GET"]}}],"collection":[{"href":"https:\/\/lekarzpodroznik.pl\/store\/wp-json\/wp\/v2\/product"}],"about":[{"href":"https:\/\/lekarzpodroznik.pl\/store\/wp-json\/wp\/v2\/types\/product"}],"replies":[{"embeddable":true,"href":"https:\/\/lekarzpodroznik.pl\/store\/wp-json\/wp\/v2\/comments?post=150"}],"wp:featuredmedia":[{"embeddable":true,"href":"https:\/\/lekarzpodroznik.pl\/store\/wp-json\/wp\/v2\/media\/151"}],"wp:attachment":[{"href":"https:\/\/lekarzpodroznik.pl\/store\/wp-json\/wp\/v2\/media?parent=150"}],"wp:term":[{"taxonomy":"product_brand","embeddable":true,"href":"https:\/\/lekarzpodroznik.pl\/store\/wp-json\/wp\/v2\/product_brand?post=150"},{"taxonomy":"product_cat","embeddable":true,"href":"https:\/\/lekarzpodroznik.pl\/store\/wp-json\/wp\/v2\/product_cat?post=150"},{"taxonomy":"product_tag","embeddable":true,"href":"https:\/\/lekarzpodroznik.pl\/store\/wp-json\/wp\/v2\/product_tag?post=150"}],"curies":[{"name":"wp","href":"https:\/\/api.w.org\/{rel}","templated":true}]}}