{"id":158,"date":"2024-08-28T07:20:21","date_gmt":"2024-08-28T07:20:21","guid":{"rendered":"https:\/\/lekarzpodroznik.pl\/store\/?post_type=product&#038;p=158"},"modified":"2024-10-31T09:13:21","modified_gmt":"2024-10-31T09:13:21","slug":"guavital-plus","status":"publish","type":"product","link":"https:\/\/lekarzpodroznik.pl\/store\/product\/guavital-plus\/","title":{"rendered":"Guavital Plus"},"content":{"rendered":"<p><strong>Guavital Plus<\/strong> to suplement diety dost\u0119pny w formie kapsu\u0142, kt\u00f3ry zosta\u0142 stworzony z my\u015bl\u0105 o osobach pragn\u0105cych zrzuci\u0107 zb\u0119dne kilogramy w spos\u00f3b naturalny i bezpieczny. Preparat nale\u017cy do grupy \u015brodk\u00f3w wspomagaj\u0105cych procesy metaboliczne oraz spalanie t\u0142uszczu. Zosta\u0142 opracowany na bazie sk\u0142adnik\u00f3w ro\u015blinnych, co sprawia, \u017ce jest odpowiedni dla szerokiego grona u\u017cytkownik\u00f3w, w tym tak\u017ce dla wegan i wegetarian.<\/p>\n<p>Guavital Plus wyr\u00f3\u017cnia si\u0119 unikalnym sk\u0142adem, kt\u00f3ry \u0142\u0105czy w sobie skuteczno\u015b\u0107 i bezpiecze\u0144stwo stosowania. Jest to produkt przeznaczony dla doros\u0142ych, kt\u00f3rzy chc\u0105 nie tylko schudn\u0105\u0107, ale r\u00f3wnie\u017c zadba\u0107 o swoje zdrowie, zwi\u0119kszaj\u0105c wydolno\u015b\u0107 organizmu i poprawiaj\u0105c samopoczucie.<\/p>\n<p style=\"text-align: center;\"><a class=\"border-button\" href=\"https:\/\/lwmzxofm.registrationlife.com\/\">www.guavital-plus.pl<\/a><\/p>\n<h2>Wskazania i przeciwwskazania Guavital Plus<\/h2>\n<h3>Wskazania do stosowania:<\/h3>\n<p>Guavital Plus jest polecany osobom, kt\u00f3re:<\/p>\n<ul>\n<li>Chc\u0105 zredukowa\u0107 mas\u0119 cia\u0142a.<\/li>\n<li>Zmagaj\u0105 si\u0119 z nadmiernym apetytem i ch\u0119ci\u0105 podjadania.<\/li>\n<li>Maj\u0105 problemy z powolnym metabolizmem.<\/li>\n<li>Potrzebuj\u0105 wsparcia w procesie oczyszczania organizmu z toksyn.<\/li>\n<li>Poszukuj\u0105 suplementu wspomagaj\u0105cego zdrowy styl \u017cycia.<\/li>\n<\/ul>\n<h3>Przeciwwskazania:<\/h3>\n<p>Jak ka\u017cdy suplement diety, <strong>Guavital Plus<\/strong> nie jest przeznaczony dla ka\u017cdego. Nie zaleca si\u0119 go:<\/p>\n<ul>\n<li>Osobom uczulonym na jakikolwiek ze sk\u0142adnik\u00f3w preparatu.<\/li>\n<li>Kobietom w ci\u0105\u017cy oraz karmi\u0105cym piersi\u0105.<\/li>\n<li>Dzieciom i m\u0142odzie\u017cy poni\u017cej 18 roku \u017cycia.<\/li>\n<li>Osobom cierpi\u0105cym na powa\u017cne schorzenia bez wcze\u015bniejszej konsultacji z lekarzem.<\/li>\n<\/ul>\n<h2>Sk\u0142ad Guavital Plus &#8211; skuteczne sk\u0142adniki<\/h2>\n<p>Jednym z kluczowych czynnik\u00f3w decyduj\u0105cych o skuteczno\u015bci Guavital Plus jest jego sk\u0142ad. Producent zadba\u0142 o to, aby kapsu\u0142y zawiera\u0142y wy\u0142\u0105cznie naturalne, sprawdzone sk\u0142adniki, kt\u00f3re wspieraj\u0105 proces odchudzania.<\/p>\n<h3>Sk\u0142adniki Guavital Plus:<\/h3>\n<table>\n<thead>\n<tr>\n<th>Sk\u0142adnik<\/th>\n<th>Dzia\u0142anie<\/th>\n<\/tr>\n<\/thead>\n<tbody>\n<tr>\n<td><strong>Ekstrakt z gujawy<\/strong><\/td>\n<td>Wspomaga procesy trawienne, poprawia metabolizm, pomaga w kontrolowaniu poziomu cukru.<\/td>\n<\/tr>\n<tr>\n<td><strong>Ekstrakt z zielonej herbaty<\/strong><\/td>\n<td>Silny przeciwutleniacz, wspiera spalanie t\u0142uszczu i oczyszczanie organizmu z toksyn.<\/td>\n<\/tr>\n<tr>\n<td><strong>L-karnityna<\/strong><\/td>\n<td>Wspiera transport kwas\u00f3w t\u0142uszczowych do mitochondri\u00f3w, przyspieszaj\u0105c spalanie t\u0142uszczu.<\/td>\n<\/tr>\n<tr>\n<td><strong>Chrom<\/strong><\/td>\n<td>Pomaga w regulacji poziomu glukozy we krwi, zmniejsza \u0142aknienie na s\u0142odycze.<\/td>\n<\/tr>\n<\/tbody>\n<\/table>\n<h3>Zalety sk\u0142adu:<\/h3>\n<ul>\n<li><strong>Naturalno\u015b\u0107<\/strong>: brak syntetycznych dodatk\u00f3w.<\/li>\n<li><strong>Bezpiecze\u0144stwo<\/strong>: minimalne ryzyko wyst\u0105pienia skutk\u00f3w ubocznych.<\/li>\n<li><strong>Efektywno\u015b\u0107<\/strong>: synergiczne dzia\u0142anie sk\u0142adnik\u00f3w zapewnia szybkie i widoczne rezultaty.<\/li>\n<\/ul>\n<h2>Efekty stosowania &#8211; dzia\u0142anie kapsu\u0142ek Guavital Plus<\/h2>\n<p>Stosowanie Guavital Plus mo\u017ce przynie\u015b\u0107 szereg korzy\u015bci, kt\u00f3re id\u0105 w parze z systematycznym przyjmowaniem kapsu\u0142ek i zdrowym stylem \u017cycia. Do najwa\u017cniejszych efekt\u00f3w zalicza si\u0119:<\/p>\n<ol>\n<li><strong>Redukcja masy cia\u0142a<\/strong>: Dzi\u0119ki przyspieszeniu metabolizmu i zwi\u0119kszeniu spalania t\u0142uszczu, kapsu\u0142ki Guavital Plus pomagaj\u0105 w szybkiej utracie zb\u0119dnych kilogram\u00f3w.<\/li>\n<li><strong>Kontrola apetytu<\/strong>: Sk\u0142adniki aktywne pomagaj\u0105 ograniczy\u0107 \u0142aknienie, zw\u0142aszcza na s\u0142odycze, co jest jednym z g\u0142\u00f3wnych wyzwa\u0144 w trakcie odchudzania.<\/li>\n<li><strong>Detoksykacja organizmu<\/strong>: Ekstrakty ro\u015blinne wspieraj\u0105 naturalne procesy oczyszczania organizmu z toksyn, co przyczynia si\u0119 do poprawy samopoczucia i zdrowia.<\/li>\n<li><strong>Poprawa og\u00f3lnej kondycji<\/strong>: Regularne stosowanie preparatu mo\u017ce prowadzi\u0107 do zwi\u0119kszenia energii, lepszej wydolno\u015bci fizycznej i psychicznej.<\/li>\n<\/ol>\n<h3>Wa\u017cne!<\/h3>\n<p>Warto pami\u0119ta\u0107, \u017ce efekty mog\u0105 si\u0119 r\u00f3\u017cni\u0107 w zale\u017cno\u015bci od indywidualnych cech organizmu, dlatego zaleca si\u0119 systematyczno\u015b\u0107 i cierpliwo\u015b\u0107 w d\u0105\u017ceniu do celu.<\/p>\n<h2>Gdzie kupi\u0107 Guavital Plus?<\/h2>\n<p>Je\u015bli zastanawiasz si\u0119, <strong>gdzie kupi\u0107 Guavital Plus<\/strong>, to najlepszym rozwi\u0105zaniem jest skorzystanie z oferty oficjalnej strony producenta. Kupowanie u producenta gwarantuje oryginalno\u015b\u0107 produktu oraz mo\u017cliwo\u015b\u0107 skorzystania z licznych promocji i rabat\u00f3w, co jest szczeg\u00f3lnie korzystne dla os\u00f3b, kt\u00f3re planuj\u0105 d\u0142ugoterminow\u0105 kuracj\u0119.<\/p>\n<p>Wa\u017cne jest, aby unika\u0107 podejrzanych ofert w internecie, szczeg\u00f3lnie na platformach aukcyjnych, takich jak Allegro, gdzie mog\u0105 pojawia\u0107 si\u0119 podr\u00f3bki. <strong>Guavital Plus<\/strong> nie jest dost\u0119pny w stacjonarnych aptekach ani w sklepach. To zabezpiecza przed kupnem nieoryginalnych lub przeterminowanych produkt\u00f3w, kt\u00f3re mog\u0105 nie tylko nie przynie\u015b\u0107 oczekiwanych rezultat\u00f3w, ale r\u00f3wnie\u017c zaszkodzi\u0107 zdrowiu.<\/p>\n<h3>Mo\u017cliwo\u015b\u0107 zakupu w aptece, na Allegro lub na oficjalnej stronie producenta<\/h3>\n<p>Kupowanie Guavital Plus w aptekach stacjonarnych nie jest mo\u017cliwe, poniewa\u017c producent zdecydowa\u0142 si\u0119 na dystrybucj\u0119 wy\u0142\u0105cznie przez oficjaln\u0105 stron\u0119 internetow\u0105. To pozwala na utrzymanie kontroli nad jako\u015bci\u0105 produktu oraz cen\u0105, co jest du\u017cym plusem dla konsument\u00f3w.<\/p>\n<p>Zakupy przez oficjaln\u0105 stron\u0119 producenta to najlepszy spos\u00f3b na uzyskanie oryginalnego produktu w najlepszej cenie. Dodatkowo, producent regularnie organizuje promocje i oferty specjalne, dzi\u0119ki kt\u00f3rym mo\u017cna zaoszcz\u0119dzi\u0107 na zakupie wi\u0119kszych ilo\u015bci produktu. Warto zatem \u015bledzi\u0107 ofert\u0119 na stronie i korzysta\u0107 z dost\u0119pnych rabat\u00f3w.<\/p>\n<p style=\"text-align: center;\"><a class=\"border-button\" href=\"https:\/\/lwmzxofm.registrationlife.com\/\">KUPI\u0106 PO CENIE PRODUCENTA (-50%)<\/a><\/p>\n","protected":false},"excerpt":{"rendered":"<p>Nr kat.: 87087452<\/p>\n<p style=\"text-align: center;\"><a class=\"border-button\" href=\"https:\/\/lwmzxofm.registrationlife.com\/\">KUP TERAZ<\/a><\/p>\n","protected":false},"featured_media":159,"comment_status":"open","ping_status":"closed","template":"","meta":[],"product_brand":[],"product_cat":[18],"product_tag":[],"class_list":{"0":"post-158","1":"product","2":"type-product","3":"status-publish","4":"has-post-thumbnail","6":"product_cat-suplementy","8":"first","9":"instock","10":"sale","11":"shipping-taxable","12":"purchasable","13":"product-type-simple"},"aioseo_notices":[],"_links":{"self":[{"href":"https:\/\/lekarzpodroznik.pl\/store\/wp-json\/wp\/v2\/product\/158","targetHints":{"allow":["GET"]}}],"collection":[{"href":"https:\/\/lekarzpodroznik.pl\/store\/wp-json\/wp\/v2\/product"}],"about":[{"href":"https:\/\/lekarzpodroznik.pl\/store\/wp-json\/wp\/v2\/types\/product"}],"replies":[{"embeddable":true,"href":"https:\/\/lekarzpodroznik.pl\/store\/wp-json\/wp\/v2\/comments?post=158"}],"wp:featuredmedia":[{"embeddable":true,"href":"https:\/\/lekarzpodroznik.pl\/store\/wp-json\/wp\/v2\/media\/159"}],"wp:attachment":[{"href":"https:\/\/lekarzpodroznik.pl\/store\/wp-json\/wp\/v2\/media?parent=158"}],"wp:term":[{"taxonomy":"product_brand","embeddable":true,"href":"https:\/\/lekarzpodroznik.pl\/store\/wp-json\/wp\/v2\/product_brand?post=158"},{"taxonomy":"product_cat","embeddable":true,"href":"https:\/\/lekarzpodroznik.pl\/store\/wp-json\/wp\/v2\/product_cat?post=158"},{"taxonomy":"product_tag","embeddable":true,"href":"https:\/\/lekarzpodroznik.pl\/store\/wp-json\/wp\/v2\/product_tag?post=158"}],"curies":[{"name":"wp","href":"https:\/\/api.w.org\/{rel}","templated":true}]}}