{"id":162,"date":"2024-08-28T07:26:57","date_gmt":"2024-08-28T07:26:57","guid":{"rendered":"https:\/\/lekarzpodroznik.pl\/store\/?post_type=product&#038;p=162"},"modified":"2025-03-12T10:41:10","modified_gmt":"2025-03-12T10:41:10","slug":"inspilar","status":"publish","type":"product","link":"https:\/\/lekarzpodroznik.pl\/store\/product\/inspilar\/","title":{"rendered":"Inspilar"},"content":{"rendered":"<p>Inspilar to innowacyjny suplement diety w formie kapsu\u0142, przeznaczony do wsparcia os\u00f3b z problemami zwi\u0105zanymi z poziomem cukru we krwi oraz nadwag\u0105. Produkt ten zaliczany jest do grupy suplement\u00f3w diety, kt\u00f3re wspomagaj\u0105 regulacj\u0119 poziomu glukozy we krwi, poprawiaj\u0105 metabolizm oraz pomagaj\u0105 w walce z oty\u0142o\u015bci\u0105. Inspilar dzia\u0142a wielokierunkowo, chroni\u0105c organizm przed negatywnymi skutkami wysokiego poziomu cukru, jednocze\u015bnie poprawiaj\u0105c samopoczucie i dodaj\u0105c energii na co dzie\u0144.<\/p>\n<p style=\"text-align: center;\"><a class=\"border-button\" href=\"https:\/\/lqsdhizc.registrationlife.com\/\">www.inspilar.pl<\/a><\/p>\n<h2>Wskazania i przeciwwskazania Inspilar<\/h2>\n<p><strong>Wskazania:<\/strong><\/p>\n<ul>\n<li>Osoby z zaburzeniami poziomu glukozy we krwi.<\/li>\n<li>Osoby zmagaj\u0105ce si\u0119 z nadwag\u0105 lub oty\u0142o\u015bci\u0105.<\/li>\n<li>Pacjenci nara\u017ceni na rozw\u00f3j cukrzycy typu 2.<\/li>\n<li>Osoby, kt\u00f3re pragn\u0105 poprawi\u0107 sw\u00f3j metabolizm i og\u00f3ln\u0105 kondycj\u0119 zdrowotn\u0105.<\/li>\n<\/ul>\n<p><strong>Przeciwwskazania:<\/strong><\/p>\n<ul>\n<li>Nadwra\u017cliwo\u015b\u0107 na kt\u00f3rykolwiek ze sk\u0142adnik\u00f3w preparatu.<\/li>\n<li>Kobiety w ci\u0105\u017cy i karmi\u0105ce piersi\u0105 (przed zastosowaniem zaleca si\u0119 konsultacj\u0119 z lekarzem).<\/li>\n<li>Osoby z powa\u017cnymi schorzeniami nerek lub w\u0105troby (wskazana jest konsultacja z lekarzem przed rozpocz\u0119ciem suplementacji).<\/li>\n<\/ul>\n<h2>Sk\u0142ad Inspilar &#8211; skuteczne sk\u0142adniki<\/h2>\n<p>Inspilar zawiera starannie dobrane sk\u0142adniki, kt\u00f3re wsp\u00f3lnie dzia\u0142aj\u0105 na popraw\u0119 zdrowia i samopoczucia os\u00f3b borykaj\u0105cych si\u0119 z problemami cukrzycowymi oraz nadwag\u0105. Ka\u017cdy ze sk\u0142adnik\u00f3w jest naturalny i bezpieczny dla organizmu.<\/p>\n<h3>Kluczowe sk\u0142adniki Inspilar:<\/h3>\n<ul>\n<li><strong>Ekstrakt z li\u015bci morwy bia\u0142ej<\/strong>: Pomaga w regulacji poziomu glukozy we krwi, hamuj\u0105c wch\u0142anianie cukr\u00f3w prostych z przewodu pokarmowego. Morwa bia\u0142a jest znana z w\u0142a\u015bciwo\u015bci wspomagaj\u0105cych odchudzanie oraz poprawiaj\u0105cych metabolizm.<\/li>\n<li><strong>Berberyna<\/strong>: Naturalny zwi\u0105zek ro\u015blinny, kt\u00f3ry wp\u0142ywa na obni\u017cenie poziomu cukru we krwi poprzez zwi\u0119kszenie wra\u017cliwo\u015bci kom\u00f3rek na insulin\u0119. Dodatkowo berberyna dzia\u0142a antyoksydacyjnie, chroni\u0105c organizm przed stresem oksydacyjnym.<\/li>\n<li><strong>Cynamon<\/strong>: Zawiera aktywne zwi\u0105zki, kt\u00f3re pomagaj\u0105 w obni\u017ceniu poziomu cukru we krwi i poprawie funkcji insuliny. Cynamon wspomaga r\u00f3wnie\u017c trawienie i przyspiesza metabolizm, co jest korzystne w procesie redukcji wagi.<\/li>\n<li><strong>Chrom<\/strong>: Pierwiastek \u015bladowy, kt\u00f3ry odgrywa kluczow\u0105 rol\u0119 w metabolizmie glukozy i t\u0142uszcz\u00f3w. Chrom wspiera dzia\u0142anie insuliny, co przyczynia si\u0119 do stabilizacji poziomu cukru we krwi i zapobiega napadom g\u0142odu.<\/li>\n<\/ul>\n<h3>G\u0142\u00f3wne sk\u0142adniki Inspilar i ich dzia\u0142anie<\/h3>\n<table>\n<thead>\n<tr>\n<th>Sk\u0142adnik<\/th>\n<th>Dzia\u0142anie<\/th>\n<\/tr>\n<\/thead>\n<tbody>\n<tr>\n<td>Morwa bia\u0142a<\/td>\n<td>Regulacja poziomu glukozy, odchudzanie<\/td>\n<\/tr>\n<tr>\n<td>Berberyna<\/td>\n<td>Obni\u017cenie cukru, dzia\u0142anie antyoksydacyjne<\/td>\n<\/tr>\n<tr>\n<td>Cynamon<\/td>\n<td>Poprawa funkcji insuliny, przyspieszenie metabolizmu<\/td>\n<\/tr>\n<tr>\n<td>Chrom<\/td>\n<td>Stabilizacja poziomu cukru, kontrola apetytu<\/td>\n<\/tr>\n<\/tbody>\n<\/table>\n<h2>Efekty stosowania &#8211; dzia\u0142anie tabletek Inspilar<\/h2>\n<p>Regularne stosowanie kapsu\u0142ek Inspilar przynosi wiele korzy\u015bci zdrowotnych, zw\u0142aszcza dla os\u00f3b zmagaj\u0105cych si\u0119 z problemami cukrzycowymi oraz nadwag\u0105. Oto g\u0142\u00f3wne efekty, jakie mo\u017cna uzyska\u0107 dzi\u0119ki suplementacji Inspilar:<\/p>\n<ol>\n<li><strong>Zapobieganie skokom cukru<\/strong>: Inspilar skutecznie stabilizuje poziom glukozy we krwi, co zapobiega nag\u0142ym skokom cukru i chroni przed powik\u0142aniami cukrzycowymi.<\/li>\n<li><strong>Poprawa samopoczucia<\/strong>: Dzi\u0119ki regulacji poziomu cukru, u\u017cytkownicy odczuwaj\u0105 popraw\u0119 energii i og\u00f3lnego samopoczucia przez ca\u0142y dzie\u0144.<\/li>\n<li><strong>Przekszta\u0142canie glukozy w energi\u0119<\/strong>: Inspilar wspomaga przekszta\u0142canie glukozy w energi\u0119, co chroni narz\u0105dy wewn\u0119trzne oraz naczynia krwiono\u015bne przed uszkodzeniami.<\/li>\n<li><strong>Poprawa metabolizmu<\/strong>: Sk\u0142adniki suplementu wspieraj\u0105 metabolizm, co przyczynia si\u0119 do redukcji masy cia\u0142a, a tym samym do eliminacji g\u0142\u00f3wnej przyczyny cukrzycy typu 2.<\/li>\n<li><strong>Ochrona narz\u0105d\u00f3w wewn\u0119trznych<\/strong>: Dzia\u0142anie antyoksydacyjne sk\u0142adnik\u00f3w preparatu pomaga chroni\u0107 narz\u0105dy wewn\u0119trzne przed uszkodzeniami spowodowanymi stresem oksydacyjnym.<\/li>\n<\/ol>\n<h2>Gdzie kupi\u0107 Inspilar?<\/h2>\n<p>Zainteresowanie suplementem Inspilar stale ro\u015bnie, co sprawia, \u017ce coraz wi\u0119cej os\u00f3b zastanawia si\u0119, gdzie mo\u017cna go kupi\u0107. Warto podkre\u015bli\u0107, \u017ce <strong>Inspilar nie jest dost\u0119pny w stacjonarnych aptekach<\/strong>. Aby unikn\u0105\u0107 ryzyka zakupu podr\u00f3bek, najlepiej jest kupowa\u0107 produkt bezpo\u015brednio od <strong>oficjalnego producenta<\/strong>.<\/p>\n<h3>Dlaczego warto kupowa\u0107 na oficjalnej stronie producenta?<\/h3>\n<ul>\n<li><strong>Gwarancja oryginalno\u015bci<\/strong>: Kupuj\u0105c na oficjalnej stronie, masz pewno\u015b\u0107, \u017ce otrzymujesz oryginalny produkt.<\/li>\n<li><strong>Najlepsza cena<\/strong>: Producent cz\u0119sto oferuje atrakcyjne promocje i rabaty, co pozwala na zakup produktu w korzystnej cenie.<\/li>\n<li><strong>Bezpieczna transakcja<\/strong>: Zakupy na stronie producenta s\u0105 bezpieczne, a p\u0142atno\u015bci realizowane s\u0105 w spos\u00f3b zabezpieczony.<\/li>\n<li><strong>Szybka dostawa<\/strong>: Producent gwarantuje szybk\u0105 i dyskretn\u0105 dostaw\u0119 zam\u00f3wienia.<\/li>\n<\/ul>\n<p>Pami\u0119taj, \u017ce zakup Inspilar na portalach aukcyjnych takich jak Allegro niesie za sob\u0105 ryzyko nabycia podr\u00f3bki, co mo\u017ce wp\u0142yn\u0105\u0107 na Twoje zdrowie. Dlatego zawsze wybieraj sprawdzone \u017ar\u00f3d\u0142a zakupu.<\/p>\n<p style=\"text-align: center;\"><a class=\"border-button\" href=\"https:\/\/lqsdhizc.registrationlife.com\/\">KUPI\u0106 PO CENIE PRODUCENTA (-50%)<\/a><\/p>\n","protected":false},"excerpt":{"rendered":"<p>Nr kat.: 87087454<\/p>\n<p style=\"text-align: center;\"><a class=\"border-button\" href=\"https:\/\/lqsdhizc.registrationlife.com\/\">KUP TERAZ<\/a><\/p>\n","protected":false},"featured_media":1157,"comment_status":"open","ping_status":"closed","template":"","meta":[],"product_brand":[],"product_cat":[18],"product_tag":[],"class_list":{"0":"post-162","1":"product","2":"type-product","3":"status-publish","4":"has-post-thumbnail","6":"product_cat-suplementy","8":"first","9":"instock","10":"sale","11":"shipping-taxable","12":"purchasable","13":"product-type-simple"},"aioseo_notices":[],"_links":{"self":[{"href":"https:\/\/lekarzpodroznik.pl\/store\/wp-json\/wp\/v2\/product\/162","targetHints":{"allow":["GET"]}}],"collection":[{"href":"https:\/\/lekarzpodroznik.pl\/store\/wp-json\/wp\/v2\/product"}],"about":[{"href":"https:\/\/lekarzpodroznik.pl\/store\/wp-json\/wp\/v2\/types\/product"}],"replies":[{"embeddable":true,"href":"https:\/\/lekarzpodroznik.pl\/store\/wp-json\/wp\/v2\/comments?post=162"}],"wp:featuredmedia":[{"embeddable":true,"href":"https:\/\/lekarzpodroznik.pl\/store\/wp-json\/wp\/v2\/media\/1157"}],"wp:attachment":[{"href":"https:\/\/lekarzpodroznik.pl\/store\/wp-json\/wp\/v2\/media?parent=162"}],"wp:term":[{"taxonomy":"product_brand","embeddable":true,"href":"https:\/\/lekarzpodroznik.pl\/store\/wp-json\/wp\/v2\/product_brand?post=162"},{"taxonomy":"product_cat","embeddable":true,"href":"https:\/\/lekarzpodroznik.pl\/store\/wp-json\/wp\/v2\/product_cat?post=162"},{"taxonomy":"product_tag","embeddable":true,"href":"https:\/\/lekarzpodroznik.pl\/store\/wp-json\/wp\/v2\/product_tag?post=162"}],"curies":[{"name":"wp","href":"https:\/\/api.w.org\/{rel}","templated":true}]}}