{"id":168,"date":"2024-08-28T07:38:46","date_gmt":"2024-08-28T07:38:46","guid":{"rendered":"https:\/\/lekarzpodroznik.pl\/store\/?post_type=product&#038;p=168"},"modified":"2026-01-05T14:12:49","modified_gmt":"2026-01-05T14:12:49","slug":"relaton","status":"publish","type":"product","link":"https:\/\/lekarzpodroznik.pl\/store\/product\/relaton\/","title":{"rendered":"Relaton"},"content":{"rendered":"<p>Relaton to suplement diety dost\u0119pny w formie kapsu\u0142, stworzony z my\u015bl\u0105 o poprawie s\u0142uchu oraz ochronie zdrowia uszu. Preparat ten nale\u017cy do grupy naturalnych suplement\u00f3w, kt\u00f3re wspomagaj\u0105 zdrowie s\u0142uchu dzi\u0119ki zastosowaniu sk\u0142adnik\u00f3w o udowodnionym dzia\u0142aniu. Kapsu\u0142y s\u0105 \u0142atwe do przyjmowania i mog\u0105 by\u0107 stosowane przez osoby w ka\u017cdym wieku, kt\u00f3re odczuwaj\u0105 pogorszenie s\u0142uchu lub chc\u0105 chroni\u0107 swoje uszy przed dalszymi uszkodzeniami.<\/p>\n<p style=\"text-align: center;\"><a class=\"border-button\" href=\"https:\/\/tl-track.com\/tracker\/ujut\">www.relaton.pl<\/a><\/p>\n<h2>Wskazania i przeciwwskazania Relaton<\/h2>\n<p><strong>Wskazania:<\/strong> Relaton jest polecany osobom, kt\u00f3re:<\/p>\n<ul>\n<li>Odczuwaj\u0105 problemy ze s\u0142uchem, takie jak szumy uszne, trudno\u015bci w rozumieniu mowy czy inne dolegliwo\u015bci zwi\u0105zane ze s\u0142uchem.<\/li>\n<li>Pracuj\u0105 w ha\u0142a\u015bliwym \u015brodowisku i chc\u0105 chroni\u0107 sw\u00f3j s\u0142uch przed uszkodzeniami.<\/li>\n<li>Chc\u0105 wspom\u00f3c regeneracj\u0119 s\u0142uchu po operacjach lub infekcjach ucha.<\/li>\n<li>Szukaj\u0105 naturalnych metod na popraw\u0119 zdrowia uszu na poziomie kom\u00f3rkowym.<\/li>\n<\/ul>\n<p><strong>Przeciwwskazania:<\/strong> Chocia\u017c Relaton jest produktem naturalnym, jak ka\u017cdy suplement diety, mo\u017ce nie by\u0107 odpowiedni dla ka\u017cdego. Przeciwwskazania do stosowania kapsu\u0142 Relaton obejmuj\u0105:<\/p>\n<ul>\n<li>Alergi\u0119 na kt\u00f3rykolwiek ze sk\u0142adnik\u00f3w preparatu.<\/li>\n<li>Ci\u0105\u017ca i karmienie piersi\u0105 (zawsze zaleca si\u0119 konsultacj\u0119 z lekarzem przed rozpocz\u0119ciem stosowania).<\/li>\n<li>Dzieci poni\u017cej 18 roku \u017cycia, chyba \u017ce zalecenie takie wyda lekarz.<\/li>\n<\/ul>\n<h2>Sk\u0142ad Relaton &#8211; skuteczne sk\u0142adniki<\/h2>\n<p>Relaton wyr\u00f3\u017cnia si\u0119 unikalnym sk\u0142adem, kt\u00f3ry \u0142\u0105czy w sobie naturalne sk\u0142adniki o udowodnionym dzia\u0142aniu na zdrowie uszu i s\u0142uchu. G\u0142\u00f3wne sk\u0142adniki kapsu\u0142 Relaton to:<\/p>\n<table>\n<thead>\n<tr>\n<th>Sk\u0142adnik<\/th>\n<th>Dzia\u0142anie<\/th>\n<\/tr>\n<\/thead>\n<tbody>\n<tr>\n<td><strong>Melatonina<\/strong><\/td>\n<td>Pomaga w regeneracji kom\u00f3rek s\u0142uchowych, wspiera zdrowy sen, co ma kluczowe znaczenie dla regeneracji organizmu.<\/td>\n<\/tr>\n<tr>\n<td><strong>Ekstrakt z mi\u0142orz\u0119bu japo\u0144skiego<\/strong><\/td>\n<td>Poprawia kr\u0105\u017cenie krwi w uszach, co mo\u017ce wspiera\u0107 naturaln\u0105 regeneracj\u0119 s\u0142uchu.<\/td>\n<\/tr>\n<tr>\n<td><strong>Ekstrakt z winogron<\/strong><\/td>\n<td>Dzia\u0142a jako silny antyoksydant, chroni\u0105c kom\u00f3rki s\u0142uchowe przed uszkodzeniami oksydacyjnymi.<\/td>\n<\/tr>\n<tr>\n<td><strong>Witamina B6<\/strong><\/td>\n<td>Wspomaga zdrowie uk\u0142adu nerwowego, w tym nerwu s\u0142uchowego.<\/td>\n<\/tr>\n<tr>\n<td><strong>Cynk<\/strong><\/td>\n<td>Wspiera og\u00f3ln\u0105 odporno\u015b\u0107 organizmu i zdrowie kom\u00f3rek s\u0142uchowych.<\/td>\n<\/tr>\n<\/tbody>\n<\/table>\n<p>Sk\u0142adniki te zosta\u0142y starannie dobrane, aby dzia\u0142a\u0142y synergistycznie, zapewniaj\u0105c maksymaln\u0105 skuteczno\u015b\u0107 preparatu Relaton.<\/p>\n<h2>Efekty stosowania &#8211; dzia\u0142anie tabletek Relaton<\/h2>\n<p>Stosowanie Relatonu mo\u017ce przynie\u015b\u0107 szereg korzy\u015bci dla zdrowia uszu i poprawy s\u0142uchu. Regularne przyjmowanie kapsu\u0142 mo\u017ce prowadzi\u0107 do:<\/p>\n<ul>\n<li><strong>Zwi\u0119kszenia ostro\u015bci s\u0142uchu:<\/strong> Relaton wspomaga regeneracj\u0119 kom\u00f3rek s\u0142uchowych, co mo\u017ce skutkowa\u0107 lepszym odbieraniem d\u017awi\u0119k\u00f3w.<\/li>\n<li><strong>Zmniejszenia szum\u00f3w usznych:<\/strong> Dzi\u0119ki poprawie kr\u0105\u017cenia krwi w uszach i dzia\u0142aniu przeciwzapalnemu, szumy uszne mog\u0105 sta\u0107 si\u0119 mniej uci\u0105\u017cliwe.<\/li>\n<li><strong>Zmniejszenia b\u00f3l\u00f3w g\u0142owy i zapale\u0144 ucha:<\/strong> Naturalne sk\u0142adniki Relatonu pomagaj\u0105 w \u0142agodzeniu stan\u00f3w zapalnych, co mo\u017ce przynie\u015b\u0107 ulg\u0119 w dolegliwo\u015bciach b\u00f3lowych.<\/li>\n<li><strong>Poprawy og\u00f3lnego samopoczucia:<\/strong> Wspomagaj\u0105c zdrowie uszu, Relaton wp\u0142ywa r\u00f3wnie\u017c na popraw\u0119 jako\u015bci \u017cycia, szczeg\u00f3lnie u os\u00f3b starszych.<\/li>\n<\/ul>\n<h2>Gdzie kupi\u0107 Relaton?<\/h2>\n<p>Je\u015bli zastanawiasz si\u0119, gdzie kupi\u0107 Relaton, odpowied\u017a jest prosta: najlepszym miejscem na zakup tego suplementu jest oficjalna strona producenta. Relaton nie jest dost\u0119pny w stacjonarnych aptekach, co sprawia, \u017ce zakup przez internet jest najbardziej wygodnym i bezpiecznym rozwi\u0105zaniem. Kupuj\u0105c bezpo\u015brednio u producenta, masz pewno\u015b\u0107, \u017ce otrzymujesz oryginalny produkt, a nie podr\u00f3bk\u0119. Dodatkowo, producent cz\u0119sto oferuje atrakcyjne promocje i rabaty, co sprawia, \u017ce cena Relatonu na oficjalnej stronie jest najkorzystniejsza.<\/p>\n<p>Jak ju\u017c wspomniano, Relaton nie jest dost\u0119pny w stacjonarnych aptekach. Odradzamy r\u00f3wnie\u017c zakupy na platformach aukcyjnych, takich jak Allegro, gdzie ryzyko nabycia podr\u00f3bek jest wysokie. Najlepszym wyborem jest zawsze zakup na oficjalnej stronie producenta. Tylko tam masz gwarancj\u0119, \u017ce otrzymasz produkt najwy\u017cszej jako\u015bci, kt\u00f3ry spe\u0142nia wszystkie standardy bezpiecze\u0144stwa. Producent nie prowadzi sprzeda\u017cy hurtowej, co dodatkowo zmniejsza ryzyko trafienia na nieoryginalne kapsu\u0142y.<\/p>\n<p style=\"text-align: center;\"><a class=\"border-button\" href=\"https:\/\/tl-track.com\/tracker\/ujut\">KUPI\u0106 PO CENIE PRODUCENTA (-50%)<\/a><\/p>\n","protected":false},"excerpt":{"rendered":"<p>Nr kat.: 87087456<\/p>\n<p style=\"text-align: center;\"><a class=\"border-button\" href=\"https:\/\/tl-track.com\/tracker\/ujut\">KUP TERAZ<\/a><\/p>\n","protected":false},"featured_media":169,"comment_status":"open","ping_status":"closed","template":"","meta":[],"product_brand":[],"product_cat":[18],"product_tag":[],"class_list":{"0":"post-168","1":"product","2":"type-product","3":"status-publish","4":"has-post-thumbnail","6":"product_cat-suplementy","8":"first","9":"instock","10":"sale","11":"shipping-taxable","12":"purchasable","13":"product-type-simple"},"aioseo_notices":[],"_links":{"self":[{"href":"https:\/\/lekarzpodroznik.pl\/store\/wp-json\/wp\/v2\/product\/168","targetHints":{"allow":["GET"]}}],"collection":[{"href":"https:\/\/lekarzpodroznik.pl\/store\/wp-json\/wp\/v2\/product"}],"about":[{"href":"https:\/\/lekarzpodroznik.pl\/store\/wp-json\/wp\/v2\/types\/product"}],"replies":[{"embeddable":true,"href":"https:\/\/lekarzpodroznik.pl\/store\/wp-json\/wp\/v2\/comments?post=168"}],"wp:featuredmedia":[{"embeddable":true,"href":"https:\/\/lekarzpodroznik.pl\/store\/wp-json\/wp\/v2\/media\/169"}],"wp:attachment":[{"href":"https:\/\/lekarzpodroznik.pl\/store\/wp-json\/wp\/v2\/media?parent=168"}],"wp:term":[{"taxonomy":"product_brand","embeddable":true,"href":"https:\/\/lekarzpodroznik.pl\/store\/wp-json\/wp\/v2\/product_brand?post=168"},{"taxonomy":"product_cat","embeddable":true,"href":"https:\/\/lekarzpodroznik.pl\/store\/wp-json\/wp\/v2\/product_cat?post=168"},{"taxonomy":"product_tag","embeddable":true,"href":"https:\/\/lekarzpodroznik.pl\/store\/wp-json\/wp\/v2\/product_tag?post=168"}],"curies":[{"name":"wp","href":"https:\/\/api.w.org\/{rel}","templated":true}]}}