{"id":181,"date":"2024-09-02T20:19:26","date_gmt":"2024-09-02T20:19:26","guid":{"rendered":"https:\/\/lekarzpodroznik.pl\/store\/?post_type=product&#038;p=181"},"modified":"2024-10-31T09:21:35","modified_gmt":"2024-10-31T09:21:35","slug":"germivir-premium","status":"publish","type":"product","link":"https:\/\/lekarzpodroznik.pl\/store\/product\/germivir-premium\/","title":{"rendered":"Germivir Premium"},"content":{"rendered":"<article class=\"w-full text-token-text-primary focus-visible:outline-2 focus-visible:outline-offset-[-4px]\" dir=\"auto\" data-testid=\"conversation-turn-3\" data-scroll-anchor=\"false\">\n<div class=\"text-base py-[18px] m-auto md:px-5 w-full px-3 lg:px-0\">\n<div class=\"mx-auto flex flex-1 gap-4 text-base md:gap-5 lg:gap-6 md:max-w-3xl lg:max-w-[40rem] xl:max-w-[48rem]\">\n<div class=\"group\/conversation-turn relative flex w-full min-w-0 flex-col agent-turn\">\n<div class=\"flex-col gap-1 md:gap-3\">\n<div class=\"flex max-w-full flex-col flex-grow\">\n<div class=\"min-h-[20px] text-message flex w-full flex-col items-end gap-2 break-words [.text-message+&amp;]:mt-5 overflow-x-auto whitespace-normal\" dir=\"auto\" data-message-author-role=\"assistant\" data-message-id=\"6623dee4-ae2a-49ba-ab05-d03262cfe903\">\n<div class=\"flex w-full flex-col gap-1 empty:hidden first:pt-[3px]\">\n<div class=\"markdown prose w-full break-words dark:prose-invert light\">\n<p>Germivir Premium to nowoczesny suplement diety w formie kapsu\u0142ek, stworzony z my\u015bl\u0105 o skutecznej walce z paso\u017cytami i ich produktami przemiany materii. Preparat ten nale\u017cy do grupy produkt\u00f3w ro\u015blinnych, co oznacza, \u017ce jego sk\u0142ad opiera si\u0119 wy\u0142\u0105cznie na naturalnych ekstraktach ro\u015blinnych. Dzi\u0119ki temu Germivir Premium jest nie tylko skuteczny, ale tak\u017ce bezpieczny dla zdrowia, nie powoduj\u0105c uzale\u017cnienia ani reakcji alergicznych.<\/p>\n<p style=\"text-align: center;\"><a class=\"border-button\" href=\"http:\/\/tl-track.com\/tracker\/uRTJ\">www.germivir-premium.pl<\/a><\/p>\n<h2>Wskazania i przeciwwskazania Germivir Premium<\/h2>\n<p>Germivir Premium jest zalecany dla os\u00f3b, kt\u00f3re chc\u0105 oczy\u015bci\u0107 organizm z paso\u017cyt\u00f3w, wirus\u00f3w, grzyb\u00f3w i bakterii. Preparat dzia\u0142a delikatnie, nie obci\u0105\u017caj\u0105c organizmu, co czyni go odpowiednim zar\u00f3wno dla doros\u0142ych, jak i m\u0142odzie\u017cy. Jego g\u0142\u00f3wne wskazania obejmuj\u0105:<\/p>\n<ul>\n<li>Profilaktyk\u0119 i leczenie infekcji paso\u017cytniczych<\/li>\n<li>Popraw\u0119 funkcji przewodu pokarmowego<\/li>\n<li>Zmniejszenie proces\u00f3w fermentacyjnych w jelitach<\/li>\n<li>Redukcj\u0119 stan\u00f3w zapalnych i odbudow\u0119 mikroflory jelitowej<\/li>\n<\/ul>\n<p>Mimo \u017ce Germivir Premium jest produktem ro\u015blinnym, istniej\u0105 pewne przeciwwskazania do jego stosowania. Nie zaleca si\u0119 go osobom z alergi\u0105 na kt\u00f3rykolwiek z jego sk\u0142adnik\u00f3w, a tak\u017ce kobietom w ci\u0105\u017cy i karmi\u0105cym piersi\u0105 bez wcze\u015bniejszej konsultacji z lekarzem.<\/p>\n<h2>Sk\u0142ad Germivir Premium &#8211; skuteczne sk\u0142adniki<\/h2>\n<p>Skuteczno\u015b\u0107 Germivir Premium wynika z unikalnego sk\u0142adu, kt\u00f3ry zawiera naturalne ekstrakty ro\u015blinne o szerokim spektrum dzia\u0142ania. Ka\u017cdy z tych sk\u0142adnik\u00f3w pe\u0142ni istotn\u0105 rol\u0119 w oczyszczaniu organizmu i poprawie og\u00f3lnego stanu zdrowia. Oto g\u0142\u00f3wne sk\u0142adniki Germivir Premium:<\/p>\n<table style=\"height: 302px;\" width=\"929\">\n<thead>\n<tr>\n<th>Sk\u0142adnik<\/th>\n<th>Dzia\u0142anie<\/th>\n<\/tr>\n<\/thead>\n<tbody>\n<tr>\n<td>Ekstrakt z pestek dyni<\/td>\n<td>Wspiera usuwanie paso\u017cyt\u00f3w i ich jaj z organizmu, dzia\u0142a przeciwzapalnie.<\/td>\n<\/tr>\n<tr>\n<td>Ekstrakt z tymianku<\/td>\n<td>Ma w\u0142a\u015bciwo\u015bci antyseptyczne, przeciwwirusowe i przeciwbakteryjne.<\/td>\n<\/tr>\n<tr>\n<td>Ekstrakt z go\u017adzik\u00f3w<\/td>\n<td>Dzia\u0142a przeciwgrzybiczo, pomaga w walce z drobnoustrojami.<\/td>\n<\/tr>\n<tr>\n<td>Ekstrakt z jab\u0142ek<\/td>\n<td>Wspiera uk\u0142ad trawienny, dzia\u0142a jako naturalny antyoksydant.<\/td>\n<\/tr>\n<tr>\n<td>Ekstrakt z buraka<\/td>\n<td>Wspomaga proces detoksykacji, chroni przed stresem oksydacyjnym.<\/td>\n<\/tr>\n<tr>\n<td>Ekstrakt z czosnku<\/td>\n<td>Silne dzia\u0142anie przeciwbakteryjne i przeciwwirusowe.<\/td>\n<\/tr>\n<tr>\n<td>Ekstrakt z li\u015bci orzecha w\u0142oskiego<\/td>\n<td>Pomaga w usuwaniu paso\u017cyt\u00f3w, wspiera uk\u0142ad immunologiczny.<\/td>\n<\/tr>\n<tr>\n<td>Ekstrakt z wrotyczu<\/td>\n<td>Dzia\u0142a przeciwpaso\u017cytniczo i przeciwzapalnie.<\/td>\n<\/tr>\n<tr>\n<td>Ekstrakt z korzenia lukrecji<\/td>\n<td>Wzmacnia odporno\u015b\u0107, dzia\u0142a przeciwwirusowo i przeciwbakteryjnie.<\/td>\n<\/tr>\n<tr>\n<td>Ekstrakt z pio\u0142unu<\/td>\n<td>Pomaga w eliminacji paso\u017cyt\u00f3w i wspiera zdrowie uk\u0142adu pokarmowego.<\/td>\n<\/tr>\n<\/tbody>\n<\/table>\n<h2>Efekty stosowania &#8211; dzia\u0142anie kapsu\u0142ek Germivir Premium<\/h2>\n<p>Stosowanie Germivir Premium przynosi szereg korzy\u015bci zdrowotnych, kt\u00f3re wynikaj\u0105 z jego skomponowanego sk\u0142adu. Regularne przyjmowanie kapsu\u0142ek pozwala na:<\/p>\n<ul>\n<li>Skuteczne oczyszczenie organizmu z paso\u017cyt\u00f3w i ich produkt\u00f3w przemiany materii<\/li>\n<li>Popraw\u0119 funkcji przewodu pokarmowego poprzez redukcj\u0119 stan\u00f3w zapalnych i odbudow\u0119 mikroflory jelitowej<\/li>\n<li>Zmniejszenie proces\u00f3w fermentacyjnych w jelitach, co prowadzi do poprawy trawienia<\/li>\n<li>Wzmocnienie odporno\u015bci i og\u00f3lnej kondycji organizmu<\/li>\n<li>Zmniejszenie poziomu stresu, l\u0119ku i og\u00f3lne poprawienie samopoczucia<\/li>\n<\/ul>\n<p>Dzi\u0119ki swojemu naturalnemu sk\u0142adowi Germivir Premium nie powoduje uzale\u017cnienia ani reakcji alergicznych, co sprawia, \u017ce jest bezpieczny w d\u0142ugotrwa\u0142ym stosowaniu.<\/p>\n<h2>Gdzie kupi\u0107 Germivir Premium?<\/h2>\n<p>Je\u015bli zastanawiasz si\u0119, gdzie kupi\u0107 Germivir Premium, warto wiedzie\u0107, \u017ce najlepszym rozwi\u0105zaniem jest zakup bezpo\u015brednio od producenta. W ten spos\u00f3b masz pewno\u015b\u0107, \u017ce otrzymujesz oryginalny produkt, kt\u00f3ry spe\u0142nia wszystkie standardy jako\u015bci. Germivir Premium nie jest dost\u0119pny w stacjonarnych aptekach, co dodatkowo podkre\u015bla jego ekskluzywno\u015b\u0107 i skuteczno\u015b\u0107. Szukaj\u0105c preparatu w aptece lub na Allegro, mo\u017cesz natkn\u0105\u0107 si\u0119 na podr\u00f3bki lub produkty niespe\u0142niaj\u0105ce norm jako\u015bciowych, co mo\u017ce wp\u0142ywa\u0107 na skuteczno\u015b\u0107 suplementu.<\/p>\n<p>Zalecamy unikanie niepewnych \u017ar\u00f3de\u0142 i wyb\u00f3r zakupu bezpo\u015brednio na oficjalnej stronie producenta. Producent nie prowadzi sprzeda\u017cy hurtowej, dlatego najlepsz\u0105 cen\u0119 i gwarancj\u0119 jako\u015bci otrzymasz w\u0142a\u015bnie na oficjalnej stronie. Dodatkowo, regularnie organizowane s\u0105 tam promocje i zni\u017cki, co czyni zakup jeszcze bardziej op\u0142acalnym.<\/p>\n<p style=\"text-align: center;\"><a class=\"border-button\" href=\"http:\/\/tl-track.com\/tracker\/uRTJ\">KUPI\u0106 PO CENIE PRODUCENTA (-50%)<\/a><\/p>\n<\/div>\n<\/div>\n<\/div>\n<\/div>\n<\/div>\n<\/div>\n<\/div>\n<\/div>\n<\/article>\n","protected":false},"excerpt":{"rendered":"<p>Nr kat.: 870874513<\/p>\n<p style=\"text-align: center;\"><a class=\"border-button\" href=\"http:\/\/tl-track.com\/tracker\/uRTJ\">KUP TERAZ<\/a><\/p>\n","protected":false},"featured_media":182,"comment_status":"open","ping_status":"closed","template":"","meta":[],"product_brand":[],"product_cat":[18],"product_tag":[],"class_list":{"0":"post-181","1":"product","2":"type-product","3":"status-publish","4":"has-post-thumbnail","6":"product_cat-suplementy","8":"first","9":"instock","10":"sale","11":"shipping-taxable","12":"purchasable","13":"product-type-simple"},"aioseo_notices":[],"_links":{"self":[{"href":"https:\/\/lekarzpodroznik.pl\/store\/wp-json\/wp\/v2\/product\/181","targetHints":{"allow":["GET"]}}],"collection":[{"href":"https:\/\/lekarzpodroznik.pl\/store\/wp-json\/wp\/v2\/product"}],"about":[{"href":"https:\/\/lekarzpodroznik.pl\/store\/wp-json\/wp\/v2\/types\/product"}],"replies":[{"embeddable":true,"href":"https:\/\/lekarzpodroznik.pl\/store\/wp-json\/wp\/v2\/comments?post=181"}],"wp:featuredmedia":[{"embeddable":true,"href":"https:\/\/lekarzpodroznik.pl\/store\/wp-json\/wp\/v2\/media\/182"}],"wp:attachment":[{"href":"https:\/\/lekarzpodroznik.pl\/store\/wp-json\/wp\/v2\/media?parent=181"}],"wp:term":[{"taxonomy":"product_brand","embeddable":true,"href":"https:\/\/lekarzpodroznik.pl\/store\/wp-json\/wp\/v2\/product_brand?post=181"},{"taxonomy":"product_cat","embeddable":true,"href":"https:\/\/lekarzpodroznik.pl\/store\/wp-json\/wp\/v2\/product_cat?post=181"},{"taxonomy":"product_tag","embeddable":true,"href":"https:\/\/lekarzpodroznik.pl\/store\/wp-json\/wp\/v2\/product_tag?post=181"}],"curies":[{"name":"wp","href":"https:\/\/api.w.org\/{rel}","templated":true}]}}