{"id":186,"date":"2024-09-03T08:06:00","date_gmt":"2024-09-03T08:06:00","guid":{"rendered":"https:\/\/lekarzpodroznik.pl\/store\/?post_type=product&#038;p=186"},"modified":"2024-10-31T09:24:55","modified_gmt":"2024-10-31T09:24:55","slug":"glukofin","status":"publish","type":"product","link":"https:\/\/lekarzpodroznik.pl\/store\/product\/glukofin\/","title":{"rendered":"Glukofin"},"content":{"rendered":"<article class=\"w-full text-token-text-primary focus-visible:outline-2 focus-visible:outline-offset-[-4px]\" dir=\"auto\" data-testid=\"conversation-turn-3\" data-scroll-anchor=\"false\">\n<div class=\"text-base py-[18px] m-auto md:px-5 w-full px-3 lg:px-0\">\n<div class=\"mx-auto flex flex-1 gap-4 text-base md:gap-5 lg:gap-6 md:max-w-3xl lg:max-w-[40rem] xl:max-w-[48rem]\">\n<div class=\"group\/conversation-turn relative flex w-full min-w-0 flex-col agent-turn\">\n<div class=\"flex-col gap-1 md:gap-3\">\n<div class=\"flex max-w-full flex-col flex-grow\">\n<div class=\"text-message flex w-full flex-col items-end gap-2 break-words [.text-message+&amp;]:mt-5 overflow-x-auto whitespace-normal\" dir=\"auto\" data-message-author-role=\"assistant\" data-message-id=\"07d3bd09-9483-49a4-a2c5-d9b2c87499f6\">\n<div class=\"flex w-full flex-col gap-1 empty:hidden first:pt-[3px]\">\n<div class=\"markdown prose w-full break-words dark:prose-invert light\">\n<p><strong>Glukofin<\/strong> to nowoczesny suplement diety w postaci kapsu\u0142ek, przeznaczony do wspomagania utrzymania prawid\u0142owego poziomu cukru we krwi. Produkt ten jest szczeg\u00f3lnie polecany osobom, kt\u00f3re maj\u0105 trudno\u015bci z kontrol\u0105 glikemii, a tak\u017ce tym, kt\u00f3rzy chc\u0105 zadba\u0107 o swoje zdrowie w kontek\u015bcie profilaktyki cukrzycy. Glukofin jest dost\u0119pny w formie kapsu\u0142ek, co u\u0142atwia jego codzienne stosowanie. Ka\u017cde opakowanie zawiera 30 kapsu\u0142ek, co pozwala na miesi\u0119czn\u0105 kuracj\u0119.<\/p>\n<p>Suplement diety Glukofin nale\u017cy do grupy produkt\u00f3w, kt\u00f3re wspieraj\u0105 metabolizm w\u0119glowodan\u00f3w oraz pomagaj\u0105 w utrzymaniu prawid\u0142owego poziomu glukozy we krwi. Dzi\u0119ki zawarto\u015bci naturalnych sk\u0142adnik\u00f3w, takich jak morwa bia\u0142a, chrom i cynk, Glukofin jest skutecznym wsparciem w codziennej walce z wysokim poziomem cukru. Produkt ten jest szczeg\u00f3lnie cenny dla os\u00f3b, kt\u00f3re prowadz\u0105 nieregularny tryb \u017cycia, maj\u0105 problemy z wag\u0105 lub s\u0105 nara\u017cone na ryzyko wyst\u0105pienia cukrzycy typu 2.<\/p>\n<p style=\"text-align: center;\"><a class=\"border-button\" href=\"https:\/\/tl-track.com\/tracker\/uUC9\">www.glukofin.pl<\/a><\/p>\n<h2>Wskazania i przeciwwskazania Glukofin<\/h2>\n<p>Glukofin jest polecany przede wszystkim osobom doros\u0142ym, kt\u00f3re zmagaj\u0105 si\u0119 z problemami zwi\u0105zanymi z podwy\u017cszonym poziomem cukru we krwi. Suplement ten mo\u017ce by\u0107 stosowany zar\u00f3wno w celach profilaktycznych, jak i wspomagaj\u0105co w terapii cukrzycy typu 2. Dzi\u0119ki swojej formule, Glukofin pomaga w regulacji poziomu glukozy, wspiera prawid\u0142owe funkcjonowanie uk\u0142adu metabolicznego oraz wspomaga procesy odchudzania.<\/p>\n<p><strong>Przeciwwskazania:<\/strong><\/p>\n<ul>\n<li>Glukofin nie jest przeznaczony dla dzieci, kobiet w ci\u0105\u017cy oraz karmi\u0105cych matek.<\/li>\n<li>Nie powinny go stosowa\u0107 osoby uczulone na kt\u00f3rykolwiek ze sk\u0142adnik\u00f3w produktu.<\/li>\n<li>Zaleca si\u0119 zachowanie ostro\u017cno\u015bci przy jednoczesnym stosowaniu innych suplement\u00f3w diety, kt\u00f3re mog\u0105 wp\u0142ywa\u0107 na poziom cukru we krwi.<\/li>\n<li>Przed rozpocz\u0119ciem suplementacji warto skonsultowa\u0107 si\u0119 z lekarzem, zw\u0142aszcza je\u015bli przyjmujesz inne leki lub masz problemy zdrowotne.<\/li>\n<\/ul>\n<h2>Sk\u0142ad Glukofin &#8211; skuteczne sk\u0142adniki<\/h2>\n<p>Sk\u0142ad Glukofin oparty jest na naturalnych i sprawdzonych sk\u0142adnikach, kt\u00f3re od lat s\u0105 znane ze swojego pozytywnego wp\u0142ywu na zdrowie metaboliczne.<\/p>\n<table style=\"height: 129px;\" width=\"928\">\n<thead>\n<tr>\n<th>Sk\u0142adnik<\/th>\n<th>Ilo\u015b\u0107 w 1 kapsu\u0142ce<\/th>\n<th>Dzienna referencyjna warto\u015b\u0107 spo\u017cycia<\/th>\n<\/tr>\n<\/thead>\n<tbody>\n<tr>\n<td>Ekstrakt z morwy bia\u0142ej 4:1<\/td>\n<td>150 mg<\/td>\n<td>Nie ustalono<\/td>\n<\/tr>\n<tr>\n<td>Cynk<\/td>\n<td>10 mg<\/td>\n<td>100%<\/td>\n<\/tr>\n<tr>\n<td>Chrom<\/td>\n<td>20 \u00b5g<\/td>\n<td>50%<\/td>\n<\/tr>\n<\/tbody>\n<\/table>\n<p><strong>Morwa bia\u0142a<\/strong> jest ro\u015blin\u0105 znan\u0105 ze swoich w\u0142a\u015bciwo\u015bci obni\u017caj\u0105cych poziom cukru we krwi. Ekstrakt z jej li\u015bci pomaga w zmniejszeniu wch\u0142aniania cukr\u00f3w prostych w jelitach, co przyczynia si\u0119 do stabilizacji poziomu glukozy we krwi.<\/p>\n<p><strong>Cynk<\/strong> jest mikroelementem, kt\u00f3ry odgrywa kluczow\u0105 rol\u0119 w metabolizmie w\u0119glowodan\u00f3w. Wspiera prawid\u0142owe funkcjonowanie uk\u0142adu immunologicznego, a tak\u017ce uczestniczy w syntezie insuliny.<\/p>\n<p><strong>Chrom<\/strong> to pierwiastek \u015bladowy, kt\u00f3ry pomaga w utrzymaniu prawid\u0142owego poziomu cukru we krwi poprzez zwi\u0119kszenie wra\u017cliwo\u015bci kom\u00f3rek na insulin\u0119. Dzi\u0119ki temu organizm efektywniej wykorzystuje glukoz\u0119, co jest szczeg\u00f3lnie wa\u017cne dla os\u00f3b z insulinooporno\u015bci\u0105.<\/p>\n<h2>Efekty stosowania &#8211; dzia\u0142anie kapsu\u0142ek Glukofin<\/h2>\n<p>Regularne stosowanie kapsu\u0142ek Glukofin przynosi szereg korzy\u015bci zdrowotnych. Dzi\u0119ki zawarto\u015bci morwy bia\u0142ej, cynku i chromu, suplement ten wspiera organizm w utrzymaniu prawid\u0142owego poziomu cukru we krwi. Poni\u017cej przedstawiamy najwa\u017cniejsze efekty stosowania Glukofin:<\/p>\n<ol>\n<li><strong>Regulacja poziomu glukozy we krwi:<\/strong> Dzi\u0119ki sk\u0142adnikom takim jak morwa bia\u0142a i chrom, Glukofin pomaga w stabilizacji poziomu cukru we krwi, co jest kluczowe dla os\u00f3b z ryzykiem cukrzycy.<\/li>\n<li><strong>Poprawa wra\u017cliwo\u015bci na insulin\u0119:<\/strong> Chrom zawarty w kapsu\u0142kach zwi\u0119ksza wra\u017cliwo\u015b\u0107 kom\u00f3rek na insulin\u0119, co przyczynia si\u0119 do lepszego wykorzystania glukozy przez organizm.<\/li>\n<li><strong>Wspomaganie odchudzania:<\/strong> Morwa bia\u0142a redukuje wch\u0142anianie cukr\u00f3w prostych, co mo\u017ce wspomaga\u0107 proces odchudzania poprzez zmniejszenie ilo\u015bci spo\u017cywanych kalorii.<\/li>\n<li><strong>Wsparcie dla uk\u0142adu odporno\u015bciowego:<\/strong> Cynk, obecny w Glukofin, wspiera funkcjonowanie uk\u0142adu odporno\u015bciowego, co jest wa\u017cne dla og\u00f3lnego zdrowia i dobrego samopoczucia.<\/li>\n<li><strong>Redukcja ryzyka powik\u0142a\u0144 zwi\u0105zanych z cukrzyc\u0105:<\/strong> Dzi\u0119ki utrzymaniu prawid\u0142owego poziomu glukozy, Glukofin mo\u017ce zmniejszy\u0107 ryzyko powik\u0142a\u0144, takich jak uszkodzenie naczy\u0144 krwiono\u015bnych czy nerw\u00f3w.<\/li>\n<\/ol>\n<h2>Gdzie kupi\u0107 Glukofin?<\/h2>\n<p>Zakup suplementu diety Glukofin to decyzja, kt\u00f3ra wymaga odpowiedniego rozwa\u017cenia, zw\u0142aszcza je\u015bli zale\u017cy nam na zakupie oryginalnego produktu w atrakcyjnej cenie. Najlepszym i najbezpieczniejszym miejscem zakupu Glukofin jest <strong>oficjalna strona producenta<\/strong>. Producent nie prowadzi sprzeda\u017cy hurtowej, co oznacza, \u017ce suplement ten nie jest dost\u0119pny w stacjonarnych aptekach ani na platformach takich jak Allegro. Warto r\u00f3wnie\u017c unika\u0107 zakupu na nieznanych stronach internetowych, gdzie mo\u017cna natkn\u0105\u0107 si\u0119 na podr\u00f3bki.<\/p>\n<p>Kupuj\u0105c Glukofin bezpo\u015brednio od producenta, mamy pewno\u015b\u0107, \u017ce otrzymujemy oryginalny produkt o najwy\u017cszej jako\u015bci. Dodatkowo, na oficjalnej stronie cz\u0119sto organizowane s\u0105 promocje i rabaty, kt\u00f3re pozwalaj\u0105 na zakup suplementu w korzystniejszej cenie. Warto wi\u0119c regularnie sprawdza\u0107 stron\u0119 producenta, aby nie przegapi\u0107 okazji.<\/p>\n<p style=\"text-align: center;\"><a class=\"border-button\" href=\"https:\/\/tl-track.com\/tracker\/uUC9\">KUPI\u0106 PO CENIE PRODUCENTA (-50%)<\/a><\/p>\n<\/div>\n<\/div>\n<\/div>\n<\/div>\n<\/div>\n<\/div>\n<\/div>\n<\/div>\n<\/article>\n","protected":false},"excerpt":{"rendered":"<p>Nr kat.: 870874515<\/p>\n<p style=\"text-align: center;\"><a class=\"border-button\" href=\"https:\/\/tl-track.com\/tracker\/uUC9\">KUP TERAZ<\/a><\/p>\n","protected":false},"featured_media":187,"comment_status":"open","ping_status":"closed","template":"","meta":[],"product_brand":[],"product_cat":[18],"product_tag":[],"class_list":{"0":"post-186","1":"product","2":"type-product","3":"status-publish","4":"has-post-thumbnail","6":"product_cat-suplementy","8":"first","9":"instock","10":"sale","11":"shipping-taxable","12":"purchasable","13":"product-type-simple"},"aioseo_notices":[],"_links":{"self":[{"href":"https:\/\/lekarzpodroznik.pl\/store\/wp-json\/wp\/v2\/product\/186","targetHints":{"allow":["GET"]}}],"collection":[{"href":"https:\/\/lekarzpodroznik.pl\/store\/wp-json\/wp\/v2\/product"}],"about":[{"href":"https:\/\/lekarzpodroznik.pl\/store\/wp-json\/wp\/v2\/types\/product"}],"replies":[{"embeddable":true,"href":"https:\/\/lekarzpodroznik.pl\/store\/wp-json\/wp\/v2\/comments?post=186"}],"wp:featuredmedia":[{"embeddable":true,"href":"https:\/\/lekarzpodroznik.pl\/store\/wp-json\/wp\/v2\/media\/187"}],"wp:attachment":[{"href":"https:\/\/lekarzpodroznik.pl\/store\/wp-json\/wp\/v2\/media?parent=186"}],"wp:term":[{"taxonomy":"product_brand","embeddable":true,"href":"https:\/\/lekarzpodroznik.pl\/store\/wp-json\/wp\/v2\/product_brand?post=186"},{"taxonomy":"product_cat","embeddable":true,"href":"https:\/\/lekarzpodroznik.pl\/store\/wp-json\/wp\/v2\/product_cat?post=186"},{"taxonomy":"product_tag","embeddable":true,"href":"https:\/\/lekarzpodroznik.pl\/store\/wp-json\/wp\/v2\/product_tag?post=186"}],"curies":[{"name":"wp","href":"https:\/\/api.w.org\/{rel}","templated":true}]}}