{"id":188,"date":"2024-09-03T08:13:51","date_gmt":"2024-09-03T08:13:51","guid":{"rendered":"https:\/\/lekarzpodroznik.pl\/store\/?post_type=product&#038;p=188"},"modified":"2024-10-31T09:25:45","modified_gmt":"2024-10-31T09:25:45","slug":"hemorrodin","status":"publish","type":"product","link":"https:\/\/lekarzpodroznik.pl\/store\/product\/hemorrodin\/","title":{"rendered":"Hemorrodin"},"content":{"rendered":"<article class=\"w-full text-token-text-primary focus-visible:outline-2 focus-visible:outline-offset-[-4px]\" dir=\"auto\" data-testid=\"conversation-turn-3\" data-scroll-anchor=\"false\">\n<div class=\"text-base py-[18px] m-auto md:px-5 w-full px-3 lg:px-0\">\n<div class=\"mx-auto flex flex-1 gap-4 text-base md:gap-5 lg:gap-6 md:max-w-3xl lg:max-w-[40rem] xl:max-w-[48rem]\">\n<div class=\"group\/conversation-turn relative flex w-full min-w-0 flex-col agent-turn\">\n<div class=\"flex-col gap-1 md:gap-3\">\n<div class=\"flex max-w-full flex-col flex-grow\">\n<div class=\"text-message flex w-full flex-col items-end gap-2 break-words [.text-message+&amp;]:mt-5 overflow-x-auto whitespace-normal\" dir=\"auto\" data-message-author-role=\"assistant\" data-message-id=\"96819609-169d-43da-a9ba-9cc4ddd84197\">\n<div class=\"flex w-full flex-col gap-1 empty:hidden first:pt-[3px]\">\n<div class=\"markdown prose w-full break-words dark:prose-invert light\">\n<p>Hemorrodin to innowacyjny preparat w formie kapsu\u0142ek, zaprojektowany w celu walki z problemem hemoroid\u00f3w. Hemoroidy s\u0105 dolegliwo\u015bci\u0105, kt\u00f3ra dotyka miliony ludzi na ca\u0142ym \u015bwiecie, a Hemorrodin oferuje kompleksowe podej\u015bcie do ich leczenia. Preparat ten nale\u017cy do grupy suplement\u00f3w diety, kt\u00f3re dzia\u0142aj\u0105 wielokierunkowo, eliminuj\u0105c zar\u00f3wno objawy, jak i przyczyny problemu. Kapsu\u0142ki Hemorrodin stanowi\u0105 odpowied\u017a na potrzeb\u0119 skutecznego i szybkiego leczenia, przy jednoczesnym zachowaniu naturalno\u015bci i bezpiecze\u0144stwa stosowania.<\/p>\n<p style=\"text-align: center;\"><a class=\"border-button\" href=\"https:\/\/tl-track.com\/tracker\/uTFg\">www.hemorrodin.pl<\/a><\/p>\n<h2>Wskazania i przeciwwskazania Hemorrodin<\/h2>\n<p>Kapsu\u0142ki Hemorrodin s\u0105 zalecane do stosowania w przypadku:<\/p>\n<ul>\n<li>Objaw\u00f3w hemoroid\u00f3w, takich jak b\u00f3l, \u015bwi\u0105d, pieczenie, krwawienie i dyskomfort.<\/li>\n<li>Przewlek\u0142ych problem\u00f3w z uk\u0142adem \u017cylnym, kt\u00f3re mog\u0105 prowadzi\u0107 do nawrot\u00f3w hemoroid\u00f3w.<\/li>\n<li>Os\u00f3b, kt\u00f3re chc\u0105 zapobiec powstawaniu hemoroid\u00f3w, szczeg\u00f3lnie w trakcie ci\u0105\u017cy lub przy siedz\u0105cym trybie \u017cycia.<\/li>\n<li>Profilaktyki dla os\u00f3b z predyspozycjami genetycznymi do problem\u00f3w z uk\u0142adem krwiono\u015bnym.<\/li>\n<\/ul>\n<p>Przeciwwskazania do stosowania Hemorrodin obejmuj\u0105:<\/p>\n<ul>\n<li>Nadwra\u017cliwo\u015b\u0107 na kt\u00f3rykolwiek ze sk\u0142adnik\u00f3w preparatu.<\/li>\n<li>Ci\u0105\u017ca i karmienie piersi\u0105 (zalecana jest konsultacja z lekarzem przed rozpocz\u0119ciem kuracji).<\/li>\n<li>Choroby przewlek\u0142e, w przypadku kt\u00f3rych stosowanie suplement\u00f3w diety powinno by\u0107 skonsultowane z lekarzem.<\/li>\n<\/ul>\n<h2>Sk\u0142ad Hemorrodin &#8211; skuteczne sk\u0142adniki<\/h2>\n<p>Hemorrodin zawiera unikaln\u0105 kombinacj\u0119 naturalnych ekstrakt\u00f3w ro\u015blinnych, kt\u00f3re dzia\u0142aj\u0105 synergicznie, aby zapewni\u0107 maksymaln\u0105 skuteczno\u015b\u0107 w leczeniu hemoroid\u00f3w. Oto g\u0142\u00f3wne sk\u0142adniki i ich w\u0142a\u015bciwo\u015bci:<\/p>\n<table style=\"height: 269px;\" width=\"922\">\n<thead>\n<tr>\n<th>Sk\u0142adnik<\/th>\n<th>Dzia\u0142anie<\/th>\n<\/tr>\n<\/thead>\n<tbody>\n<tr>\n<td><strong>Ekstrakt z rozmarynu<\/strong><\/td>\n<td>Szybko zatrzymuje krwawienie, dzia\u0142a przeciwzapalnie.<\/td>\n<\/tr>\n<tr>\n<td><strong>Ekstrakt z chmielu<\/strong><\/td>\n<td>Redukuje \u015bwi\u0105d i \u0142agodzi b\u00f3l.<\/td>\n<\/tr>\n<tr>\n<td><strong>Ekstrakt z aloesu<\/strong><\/td>\n<td>Przyspiesza gojenie ran, regeneruje tkanki.<\/td>\n<\/tr>\n<tr>\n<td><strong>Ekstrakt z p\u0119czk\u00f3w pszenicy<\/strong><\/td>\n<td>Zapobiega problemom \u017cylnym, szczeg\u00f3lnie w czasie ci\u0105\u017cy.<\/td>\n<\/tr>\n<tr>\n<td><strong>Ekstrakt z kwiat\u00f3w purpurowej brzozy<\/strong><\/td>\n<td>Poprawia tonus i elastyczno\u015b\u0107 naczy\u0144 krwiono\u015bnych.<\/td>\n<\/tr>\n<tr>\n<td><strong>Ekstrakt z rumianku<\/strong><\/td>\n<td>Wspomaga regeneracj\u0119 tkanek, dzia\u0142a \u0142agodz\u0105co.<\/td>\n<\/tr>\n<tr>\n<td><strong>Ekstrakt z sza\u0142wii<\/strong><\/td>\n<td>Eliminuje infekcje i procesy ropne.<\/td>\n<\/tr>\n<tr>\n<td><strong>Ekstrakt z czosnku<\/strong><\/td>\n<td>Zapobiega nawrotom hemoroid\u00f3w, wzmacnia odporno\u015b\u0107.<\/td>\n<\/tr>\n<\/tbody>\n<\/table>\n<p>Dzi\u0119ki starannie dobranym sk\u0142adnikom, Hemorrodin skutecznie zwalcza objawy hemoroid\u00f3w, jednocze\u015bnie wspieraj\u0105c og\u00f3ln\u0105 kondycj\u0119 uk\u0142adu krwiono\u015bnego.<\/p>\n<h2>Efekty stosowania &#8211; dzia\u0142anie kapsu\u0142ek Hemorrodin<\/h2>\n<p>Hemorrodin dzia\u0142a w dw\u00f3ch g\u0142\u00f3wnych kierunkach: miejscowo oraz og\u00f3lnoustrojowo. Dzi\u0119ki temu preparat ten nie tylko \u0142agodzi bezpo\u015brednie objawy hemoroid\u00f3w, ale r\u00f3wnie\u017c wp\u0142ywa na przyczyny ich powstawania. Oto g\u0142\u00f3wne efekty stosowania kapsu\u0142ek Hemorrodin:<\/p>\n<ol>\n<li><strong>Szybkie z\u0142agodzenie objaw\u00f3w<\/strong>: Kapsu\u0142ki Hemorrodin szybko redukuj\u0105 b\u00f3l, \u015bwi\u0105d oraz pieczenie, co przynosi ulg\u0119 ju\u017c po kilku dniach stosowania.<\/li>\n<li><strong>Zatrzymanie krwawienia<\/strong>: Dzi\u0119ki ekstraktowi z rozmarynu, preparat skutecznie hamuje krwawienie z hemoroid\u00f3w, zapobiegaj\u0105c dalszym komplikacjom.<\/li>\n<li><strong>Regeneracja tkanek<\/strong>: Ekstrakty z aloesu i rumianku przyspieszaj\u0105 gojenie ran oraz regeneracj\u0119 uszkodzonych tkanek, co sprzyja szybszemu powrotowi do zdrowia.<\/li>\n<li><strong>Poprawa kondycji naczy\u0144 krwiono\u015bnych<\/strong>: Sk\u0142adniki takie jak ekstrakt z purpurowej brzozy wzmacniaj\u0105 \u015bciany naczy\u0144 krwiono\u015bnych, co zmniejsza ryzyko nawrot\u00f3w hemoroid\u00f3w.<\/li>\n<li><strong>Profilaktyka i ochrona<\/strong>: Regularne stosowanie Hemorrodin dzia\u0142a profilaktycznie, chroni\u0105c przed nawrotami choroby oraz wspomagaj\u0105c zdrowie uk\u0142adu krwiono\u015bnego.<\/li>\n<\/ol>\n<p>Dzi\u0119ki kompleksowemu dzia\u0142aniu, Hemorrodin jest idealnym rozwi\u0105zaniem zar\u00f3wno dla os\u00f3b zmagaj\u0105cych si\u0119 z problemem hemoroid\u00f3w, jak i dla tych, kt\u00f3rzy chc\u0105 zapobiec ich powstawaniu.<\/p>\n<h2>Gdzie kupi\u0107 Hemorrodin?<\/h2>\n<p>Je\u015bli zastanawiasz si\u0119, gdzie kupi\u0107 Hemorrodin, warto zwr\u00f3ci\u0107 uwag\u0119 na kilka istotnych kwestii. Przede wszystkim, preparat ten nie jest dost\u0119pny w stacjonarnych aptekach. Hemorrodin mo\u017cna naby\u0107 jedynie online, co gwarantuje, \u017ce kupujesz oryginalny produkt bezpo\u015brednio od producenta.<\/p>\n<p>Najlepszym miejscem do zakupu Hemorrodin jest oficjalna strona producenta. Dzi\u0119ki temu masz pewno\u015b\u0107, \u017ce kupujesz produkt najwy\u017cszej jako\u015bci, kt\u00f3ry spe\u0142nia wszystkie normy i standardy. Producent nie prowadzi sprzeda\u017cy hurtowej, dlatego nie znajdziesz tego preparatu na p\u00f3\u0142kach aptecznych ani w popularnych serwisach aukcyjnych, takich jak Allegro.<\/p>\n<p>Kupuj\u0105c Hemorrodin bezpo\u015brednio od producenta, mo\u017cesz r\u00f3wnie\u017c liczy\u0107 na atrakcyjne promocje i rabaty, kt\u00f3re cz\u0119sto s\u0105 dost\u0119pne tylko na oficjalnej stronie. Warto wi\u0119c regularnie sprawdza\u0107 ofert\u0119, aby skorzysta\u0107 z najlepszych warunk\u00f3w zakupu.<\/p>\n<p style=\"text-align: center;\"><a class=\"border-button\" href=\"https:\/\/tl-track.com\/tracker\/uTFg\">KUPI\u0106 PO CENIE PRODUCENTA (-50%)<\/a><\/p>\n<\/div>\n<\/div>\n<\/div>\n<\/div>\n<\/div>\n<\/div>\n<\/div>\n<\/div>\n<\/article>\n","protected":false},"excerpt":{"rendered":"<p>Nr kat.: 870874516<\/p>\n<p style=\"text-align: center;\"><a class=\"border-button\" href=\"https:\/\/tl-track.com\/tracker\/uTFg\">KUP TERAZ<\/a><\/p>\n","protected":false},"featured_media":189,"comment_status":"open","ping_status":"closed","template":"","meta":[],"product_brand":[],"product_cat":[18],"product_tag":[],"class_list":{"0":"post-188","1":"product","2":"type-product","3":"status-publish","4":"has-post-thumbnail","6":"product_cat-suplementy","8":"first","9":"instock","10":"sale","11":"shipping-taxable","12":"purchasable","13":"product-type-simple"},"aioseo_notices":[],"_links":{"self":[{"href":"https:\/\/lekarzpodroznik.pl\/store\/wp-json\/wp\/v2\/product\/188","targetHints":{"allow":["GET"]}}],"collection":[{"href":"https:\/\/lekarzpodroznik.pl\/store\/wp-json\/wp\/v2\/product"}],"about":[{"href":"https:\/\/lekarzpodroznik.pl\/store\/wp-json\/wp\/v2\/types\/product"}],"replies":[{"embeddable":true,"href":"https:\/\/lekarzpodroznik.pl\/store\/wp-json\/wp\/v2\/comments?post=188"}],"wp:featuredmedia":[{"embeddable":true,"href":"https:\/\/lekarzpodroznik.pl\/store\/wp-json\/wp\/v2\/media\/189"}],"wp:attachment":[{"href":"https:\/\/lekarzpodroznik.pl\/store\/wp-json\/wp\/v2\/media?parent=188"}],"wp:term":[{"taxonomy":"product_brand","embeddable":true,"href":"https:\/\/lekarzpodroznik.pl\/store\/wp-json\/wp\/v2\/product_brand?post=188"},{"taxonomy":"product_cat","embeddable":true,"href":"https:\/\/lekarzpodroznik.pl\/store\/wp-json\/wp\/v2\/product_cat?post=188"},{"taxonomy":"product_tag","embeddable":true,"href":"https:\/\/lekarzpodroznik.pl\/store\/wp-json\/wp\/v2\/product_tag?post=188"}],"curies":[{"name":"wp","href":"https:\/\/api.w.org\/{rel}","templated":true}]}}