{"id":190,"date":"2024-09-03T08:19:45","date_gmt":"2024-09-03T08:19:45","guid":{"rendered":"https:\/\/lekarzpodroznik.pl\/store\/?post_type=product&#038;p=190"},"modified":"2025-03-12T10:29:26","modified_gmt":"2025-03-12T10:29:26","slug":"gastromin","status":"publish","type":"product","link":"https:\/\/lekarzpodroznik.pl\/store\/product\/gastromin\/","title":{"rendered":"Gastromin"},"content":{"rendered":"<article class=\"w-full text-token-text-primary focus-visible:outline-2 focus-visible:outline-offset-[-4px]\" dir=\"auto\" data-testid=\"conversation-turn-3\" data-scroll-anchor=\"false\">\n<div class=\"text-base py-[18px] m-auto md:px-5 w-full px-3 lg:px-0\">\n<div class=\"mx-auto flex flex-1 gap-4 text-base md:gap-5 lg:gap-6 md:max-w-3xl lg:max-w-[40rem] xl:max-w-[48rem]\">\n<div class=\"group\/conversation-turn relative flex w-full min-w-0 flex-col agent-turn\">\n<div class=\"flex-col gap-1 md:gap-3\">\n<div class=\"flex max-w-full flex-col flex-grow\">\n<div class=\"text-message flex w-full flex-col items-end gap-2 break-words [.text-message+&amp;]:mt-5 overflow-x-auto whitespace-normal\" dir=\"auto\" data-message-author-role=\"assistant\" data-message-id=\"e47627a0-3fad-4d45-8cff-1d2b4d4edd83\">\n<div class=\"flex w-full flex-col gap-1 empty:hidden first:pt-[3px]\">\n<div class=\"markdown prose w-full break-words dark:prose-invert light\">\n<p>Gastromin to nowoczesny suplement diety w formie kapsu\u0142ek, kt\u00f3ry zosta\u0142 opracowany z my\u015bl\u0105 o wsparciu zdrowia uk\u0142adu pokarmowego. Produkt nale\u017cy do grupy preparat\u00f3w wspomagaj\u0105cych trawienie, kt\u00f3re dzi\u0119ki starannie dobranym sk\u0142adnikom naturalnym pomagaj\u0105 w normalizacji pracy jelit, \u0142agodzeniu dyskomfortu trawiennego oraz poprawie og\u00f3lnej kondycji uk\u0142adu pokarmowego.<\/p>\n<p>Kapsu\u0142ki Gastromin s\u0105 wygodnym rozwi\u0105zaniem dla os\u00f3b poszukuj\u0105cych naturalnych metod wsparcia trawienia. Dzi\u0119ki specjalnej formule, preparat dzia\u0142a kompleksowo, wspomagaj\u0105c zar\u00f3wno trawienie, jak i eliminacj\u0119 dolegliwo\u015bci takich jak wzd\u0119cia, b\u00f3le brzucha czy uczucie ci\u0119\u017cko\u015bci po posi\u0142kach. Warto zaznaczy\u0107, \u017ce Gastromin jest produktem bez recepty, dost\u0119pnym wy\u0142\u0105cznie w sprzeda\u017cy internetowej, co czyni go \u0142atwo dost\u0119pnym dla ka\u017cdego.<\/p>\n<p style=\"text-align: center;\"><a class=\"border-button\" href=\"https:\/\/tl-track.com\/tracker\/uU9E\">www.gastromin.pl<\/a><\/p>\n<h2><strong>Wskazania i przeciwwskazania Gastromin<\/strong><\/h2>\n<p>Gastromin jest zalecany dla os\u00f3b, kt\u00f3re borykaj\u0105 si\u0119 z r\u00f3\u017cnymi problemami trawiennymi, takimi jak:<\/p>\n<ul>\n<li>Wzd\u0119cia<\/li>\n<li>Zaparcia<\/li>\n<li>Uczucie ci\u0119\u017cko\u015bci po posi\u0142kach<\/li>\n<li>B\u00f3le brzucha<\/li>\n<li>Niestrawno\u015b\u0107<\/li>\n<\/ul>\n<p>Preparat jest r\u00f3wnie\u017c polecany osobom, kt\u00f3re chc\u0105 poprawi\u0107 og\u00f3ln\u0105 kondycj\u0119 uk\u0142adu pokarmowego oraz wspiera\u0107 zdrow\u0105 perystaltyk\u0119 jelit. Gastromin mo\u017ce by\u0107 stosowany jako \u015brodek wspomagaj\u0105cy w procesie odchudzania, gdy\u017c zawarte w nim sk\u0142adniki mog\u0105 przyczyni\u0107 si\u0119 do lepszego metabolizmu.<\/p>\n<p>Przeciwwskazania do stosowania Gastromin obejmuj\u0105 uczulenie na kt\u00f3rykolwiek ze sk\u0142adnik\u00f3w preparatu. Ponadto, nie jest zalecany dla kobiet w ci\u0105\u017cy i karmi\u0105cych piersi\u0105 bez konsultacji z lekarzem. W przypadku jakichkolwiek w\u0105tpliwo\u015bci co do stosowania tego suplementu, warto skonsultowa\u0107 si\u0119 z lekarzem lub farmaceut\u0105.<\/p>\n<h2><strong>Sk\u0142ad Gastromin &#8211; skuteczne sk\u0142adniki<\/strong><\/h2>\n<p>Gastromin zawiera starannie dobrane sk\u0142adniki, kt\u00f3re razem tworz\u0105 skuteczn\u0105 formu\u0142\u0119 wspomagaj\u0105c\u0105 trawienie. Oto najwa\u017cniejsze sk\u0142adniki zawarte w jednej kapsu\u0142ce:<\/p>\n<table style=\"height: 333px;\" width=\"926\">\n<thead>\n<tr>\n<th>Sk\u0142adnik<\/th>\n<th>Dzia\u0142anie<\/th>\n<\/tr>\n<\/thead>\n<tbody>\n<tr>\n<td>Mikrokryszta\u0142owa celuloza<\/td>\n<td>Naturalny b\u0142onnik wspomagaj\u0105cy prac\u0119 jelit.<\/td>\n<\/tr>\n<tr>\n<td>Puder z \u0142upin nasion babki jajowatej<\/td>\n<td>\u0141agodzi podra\u017cnienia jelit, poprawia trawienie.<\/td>\n<\/tr>\n<tr>\n<td>\u017belatyna<\/td>\n<td>Naturalna otoczka kapsu\u0142ki.<\/td>\n<\/tr>\n<tr>\n<td>Ekstrakt z nasion lnu (4:1)<\/td>\n<td>\u0179r\u00f3d\u0142o kwas\u00f3w omega-3, wspiera trawienie i zdrowie jelit.<\/td>\n<\/tr>\n<tr>\n<td>Witamina C<\/td>\n<td>Silny antyoksydant, wspiera odporno\u015b\u0107 i zdrowie jelit.<\/td>\n<\/tr>\n<tr>\n<td>Bromelaina (80 GDU)<\/td>\n<td>Enzym u\u0142atwiaj\u0105cy trawienie bia\u0142ek.<\/td>\n<\/tr>\n<tr>\n<td>Ekstrakt z owoc\u00f3w kopru w\u0142oskiego (4:1)<\/td>\n<td>\u0141agodzi wzd\u0119cia, wspomaga trawienie.<\/td>\n<\/tr>\n<tr>\n<td>Ekstrakt z ziela krwawnika (4:1)<\/td>\n<td>Dzia\u0142a przeciwzapalnie, wspiera prac\u0119 uk\u0142adu pokarmowego.<\/td>\n<\/tr>\n<tr>\n<td>Ekstrakt z kwiat\u00f3w nagietka (4:1)<\/td>\n<td>Dzia\u0142a koj\u0105co na uk\u0142ad pokarmowy, wspiera gojenie.<\/td>\n<\/tr>\n<tr>\n<td>Witamina B3<\/td>\n<td>Wspiera metabolizm energetyczny, zdrowie sk\u00f3ry i b\u0142on \u015bluzowych.<\/td>\n<\/tr>\n<tr>\n<td>Sole magnezowe kwas\u00f3w t\u0142uszczowych<\/td>\n<td>Naturalny emulgator, wspomaga przyswajalno\u015b\u0107 sk\u0142adnik\u00f3w.<\/td>\n<\/tr>\n<\/tbody>\n<\/table>\n<p>Ka\u017cdy z tych sk\u0142adnik\u00f3w odgrywa kluczow\u0105 rol\u0119 w dzia\u0142aniu preparatu, wspieraj\u0105c trawienie i poprawiaj\u0105c og\u00f3ln\u0105 kondycj\u0119 uk\u0142adu pokarmowego.<\/p>\n<h2><strong>Efekty stosowania &#8211; dzia\u0142anie kapsu\u0142ek Gastromin<\/strong><\/h2>\n<p>Stosowanie Gastromin mo\u017ce przynie\u015b\u0107 wiele korzy\u015bci dla zdrowia uk\u0142adu pokarmowego. Regularne przyjmowanie kapsu\u0142ek pozwala na:<\/p>\n<ol>\n<li><strong>Popraw\u0119 trawienia<\/strong> &#8211; Dzi\u0119ki zawarto\u015bci bromelainy i ekstrakt\u00f3w ro\u015blinnych, Gastromin u\u0142atwia trawienie bia\u0142ek i wspiera naturalne procesy trawienne.<\/li>\n<li><strong>Redukcj\u0119 wzd\u0119\u0107 i dyskomfortu<\/strong> &#8211; Sk\u0142adniki takie jak koper w\u0142oski i babka jajowata pomagaj\u0105 w redukcji wzd\u0119\u0107, zapewniaj\u0105c uczucie lekko\u015bci po posi\u0142kach.<\/li>\n<li><strong>Normalizacj\u0119 pracy jelit<\/strong> &#8211; B\u0142onnik zawarty w celulozie i \u0142upinach nasion babki jajowatej wspiera zdrow\u0105 perystaltyk\u0119 jelit, zapobiegaj\u0105c zaparciom.<\/li>\n<li><strong>Wspomaganie zdrowia jelit<\/strong> &#8211; Ekstrakty z lnu i nagietka dzia\u0142aj\u0105 koj\u0105co na b\u0142on\u0119 \u015bluzow\u0105 jelit, wspieraj\u0105c jej regeneracj\u0119 i zapobiegaj\u0105c podra\u017cnieniom.<\/li>\n<li><strong>Wzmacnianie odporno\u015bci<\/strong> &#8211; Witamina C w sk\u0142adzie Gastromin wspiera uk\u0142ad odporno\u015bciowy, co jest szczeg\u00f3lnie wa\u017cne w utrzymaniu zdrowia jelit.<\/li>\n<\/ol>\n<p>Dzi\u0119ki tym w\u0142a\u015bciwo\u015bciom, Gastromin jest skutecznym wsparciem dla os\u00f3b zmagaj\u0105cych si\u0119 z problemami trawiennymi, a tak\u017ce dla tych, kt\u00f3rzy chc\u0105 zadba\u0107 o zdrowie swojego uk\u0142adu pokarmowego w spos\u00f3b naturalny i bezpieczny.<\/p>\n<h2><strong>Gdzie kupi\u0107 Gastromin?<\/strong><\/h2>\n<p>Zakup Gastromin mo\u017ce by\u0107 pewnym wyzwaniem, gdy\u017c produkt ten nie jest dost\u0119pny w tradycyjnych aptekach stacjonarnych. Dla os\u00f3b zastanawiaj\u0105cych si\u0119, gdzie kupi\u0107 Gastromin, najlepszym rozwi\u0105zaniem jest oficjalna strona internetowa producenta. Warto unika\u0107 podejrzanych ofert na platformach aukcyjnych jak Allegro, gdzie mo\u017cna natkn\u0105\u0107 si\u0119 na podr\u00f3bki lub produkty o niejasnym pochodzeniu.<\/p>\n<p>Kupuj\u0105c bezpo\u015brednio u producenta, mamy pewno\u015b\u0107, \u017ce otrzymujemy oryginalny produkt o najwy\u017cszej jako\u015bci, zgodny z opisem i w pe\u0142ni bezpieczny. Co wi\u0119cej, producent regularnie oferuje atrakcyjne promocje i rabaty, dzi\u0119ki czemu mo\u017cemy zaoszcz\u0119dzi\u0107 na zakupie. Z tego powodu, zakup Gastromin na oficjalnej stronie internetowej jest najlepszym wyborem dla os\u00f3b szukaj\u0105cych bezpiecznego i skutecznego wsparcia dla swojego uk\u0142adu pokarmowego.<\/p>\n<p style=\"text-align: center;\"><a class=\"border-button\" href=\"https:\/\/tl-track.com\/tracker\/uU9E\">KUPI\u0106 PO CENIE PRODUCENTA (-50%)<\/a><\/p>\n<\/div>\n<\/div>\n<\/div>\n<\/div>\n<\/div>\n<\/div>\n<\/div>\n<\/div>\n<\/article>\n","protected":false},"excerpt":{"rendered":"<p>Nr kat.: 870874517<\/p>\n<p style=\"text-align: center;\"><a class=\"border-button\" href=\"https:\/\/tl-track.com\/tracker\/uU9E\">KUP TERAZ<\/a><\/p>\n","protected":false},"featured_media":1142,"comment_status":"open","ping_status":"closed","template":"","meta":[],"product_brand":[],"product_cat":[18],"product_tag":[],"class_list":{"0":"post-190","1":"product","2":"type-product","3":"status-publish","4":"has-post-thumbnail","6":"product_cat-suplementy","8":"first","9":"instock","10":"sale","11":"shipping-taxable","12":"purchasable","13":"product-type-simple"},"aioseo_notices":[],"_links":{"self":[{"href":"https:\/\/lekarzpodroznik.pl\/store\/wp-json\/wp\/v2\/product\/190","targetHints":{"allow":["GET"]}}],"collection":[{"href":"https:\/\/lekarzpodroznik.pl\/store\/wp-json\/wp\/v2\/product"}],"about":[{"href":"https:\/\/lekarzpodroznik.pl\/store\/wp-json\/wp\/v2\/types\/product"}],"replies":[{"embeddable":true,"href":"https:\/\/lekarzpodroznik.pl\/store\/wp-json\/wp\/v2\/comments?post=190"}],"wp:featuredmedia":[{"embeddable":true,"href":"https:\/\/lekarzpodroznik.pl\/store\/wp-json\/wp\/v2\/media\/1142"}],"wp:attachment":[{"href":"https:\/\/lekarzpodroznik.pl\/store\/wp-json\/wp\/v2\/media?parent=190"}],"wp:term":[{"taxonomy":"product_brand","embeddable":true,"href":"https:\/\/lekarzpodroznik.pl\/store\/wp-json\/wp\/v2\/product_brand?post=190"},{"taxonomy":"product_cat","embeddable":true,"href":"https:\/\/lekarzpodroznik.pl\/store\/wp-json\/wp\/v2\/product_cat?post=190"},{"taxonomy":"product_tag","embeddable":true,"href":"https:\/\/lekarzpodroznik.pl\/store\/wp-json\/wp\/v2\/product_tag?post=190"}],"curies":[{"name":"wp","href":"https:\/\/api.w.org\/{rel}","templated":true}]}}