{"id":230,"date":"2024-09-03T10:22:30","date_gmt":"2024-09-03T10:22:30","guid":{"rendered":"https:\/\/lekarzpodroznik.pl\/store\/?post_type=product&#038;p=230"},"modified":"2025-03-12T09:58:36","modified_gmt":"2025-03-12T09:58:36","slug":"cardivil","status":"publish","type":"product","link":"https:\/\/lekarzpodroznik.pl\/store\/product\/cardivil\/","title":{"rendered":"Cardivil"},"content":{"rendered":"<article class=\"w-full text-token-text-primary focus-visible:outline-2 focus-visible:outline-offset-[-4px]\" dir=\"auto\" data-testid=\"conversation-turn-3\" data-scroll-anchor=\"false\">\n<div class=\"text-base py-[18px] m-auto md:px-5 w-full px-3 lg:px-0\">\n<div class=\"mx-auto flex flex-1 gap-4 text-base md:gap-5 lg:gap-6 md:max-w-3xl lg:max-w-[40rem] xl:max-w-[48rem]\">\n<div class=\"group\/conversation-turn relative flex w-full min-w-0 flex-col agent-turn\">\n<div class=\"flex-col gap-1 md:gap-3\">\n<div class=\"flex max-w-full flex-col flex-grow\">\n<div class=\"text-message flex w-full flex-col items-end gap-2 break-words [.text-message+&amp;]:mt-5 overflow-x-auto whitespace-normal\" dir=\"auto\" data-message-author-role=\"assistant\" data-message-id=\"e063b992-c999-4539-aeb9-6c79f9d3d8f3\">\n<div class=\"flex w-full flex-col gap-1 empty:hidden first:pt-[3px]\">\n<div class=\"markdown prose w-full break-words dark:prose-invert light\">\n<p>W dzisiejszych czasach problem wysokiego poziomu cholesterolu oraz nadci\u015bnienia dotyczy coraz wi\u0119kszej liczby os\u00f3b. Stosowanie naturalnych suplement\u00f3w diety staje si\u0119 popularnym rozwi\u0105zaniem, kt\u00f3re pozwala na skuteczne wsparcie organizmu. Jednym z takich produkt\u00f3w jest Cardivil \u2013 innowacyjne kapsu\u0142y, kt\u00f3re zdobywaj\u0105 coraz wi\u0119ksz\u0105 popularno\u015b\u0107 w Polsce. W niniejszym artykule przedstawimy kompleksowy przegl\u0105d tego produktu, w tym jego sk\u0142ad, spos\u00f3b dzia\u0142ania, wskazania, przeciwwskazania, a tak\u017ce mo\u017cliwo\u015bci zakupu. Zadbali\u015bmy o to, aby artyku\u0142 by\u0142 ciekawy, a tak\u017ce pomocny w podj\u0119ciu decyzji o ewentualnym zakupie.<\/p>\n<p style=\"text-align: center;\"><a class=\"border-button\" href=\"https:\/\/kshop5.com\/u11nm8\/\">www.cardivil.pl<\/a><\/p>\n<h2>Co to jest Cardivil: forma wydania, grupa<\/h2>\n<p>Cardivil to suplement diety w formie kapsu\u0142ek, kt\u00f3ry zosta\u0142 opracowany z my\u015bl\u0105 o osobach zmagaj\u0105cych si\u0119 z wysokim poziomem cholesterolu oraz nadci\u015bnieniem. Produkt ten nale\u017cy do grupy suplement\u00f3w wspieraj\u0105cych zdrowie uk\u0142adu kr\u0105\u017cenia, co czyni go doskona\u0142ym wyborem dla os\u00f3b dbaj\u0105cych o swoje serce oraz naczynia krwiono\u015bne. Opakowanie zawiera 30 kapsu\u0142ek, co pozwala na stosowanie przez okres 15 dni (przy zalecanym dawkowaniu dw\u00f3ch kapsu\u0142ek dziennie).<\/p>\n<h2>Wskazania i przeciwwskazania Cardivil<\/h2>\n<p>Cardivil zaleca si\u0119 stosowa\u0107 w nast\u0119puj\u0105cych przypadkach:<\/p>\n<ul>\n<li>Podwy\u017cszony poziom cholesterolu w krwi.<\/li>\n<li>Nadci\u015bnienie t\u0119tnicze.<\/li>\n<li>Profilaktyka mia\u017cd\u017cycy.<\/li>\n<li>Wsparcie zdrowia uk\u0142adu sercowo-naczyniowego.<\/li>\n<\/ul>\n<p>Pomimo naturalnego sk\u0142adu, istniej\u0105 pewne przeciwwskazania do stosowania tego suplementu. Nale\u017cy zachowa\u0107 ostro\u017cno\u015b\u0107 w przypadku:<\/p>\n<ul>\n<li>Nadwra\u017cliwo\u015bci na kt\u00f3rykolwiek ze sk\u0142adnik\u00f3w produktu.<\/li>\n<li>Ci\u0105\u017cy i karmienia piersi\u0105 (przed zastosowaniem nale\u017cy skonsultowa\u0107 si\u0119 z lekarzem).<\/li>\n<li>Os\u00f3b przyjmuj\u0105cych leki na recept\u0119 (ze wzgl\u0119du na mo\u017cliwo\u015b\u0107 interakcji).<\/li>\n<\/ul>\n<h2>Sk\u0142ad Cardivil &#8211; skuteczne sk\u0142adniki<\/h2>\n<p>Jednym z kluczowych atut\u00f3w Cardivil jest jego starannie dobrany sk\u0142ad, kt\u00f3ry opiera si\u0119 na naturalnych substancjach o udowodnionej skuteczno\u015bci. Poni\u017cej przedstawiamy najwa\u017cniejsze sk\u0142adniki oraz ich dzia\u0142anie:<\/p>\n<table>\n<thead>\n<tr>\n<th><strong>Sk\u0142adnik<\/strong><\/th>\n<th><strong>Dzia\u0142anie<\/strong><\/th>\n<\/tr>\n<\/thead>\n<tbody>\n<tr>\n<td><strong>Olej s\u0142onecznikowy<\/strong><\/td>\n<td>\u0179r\u00f3d\u0142o nienasyconych kwas\u00f3w t\u0142uszczowych, wspomaga obni\u017cenie poziomu cholesterolu.<\/td>\n<\/tr>\n<tr>\n<td><strong>Olej z wiesio\u0142ka<\/strong><\/td>\n<td>Wp\u0142ywa korzystnie na ci\u015bnienie krwi oraz zdrowie serca.<\/td>\n<\/tr>\n<tr>\n<td><strong>Olej lniany<\/strong><\/td>\n<td>Zawiera kwasy omega-3, wspiera funkcjonowanie uk\u0142adu kr\u0105\u017cenia.<\/td>\n<\/tr>\n<tr>\n<td><strong>Ekstrakt z sopl\u00f3wki je\u017cowatej<\/strong><\/td>\n<td>Wzmacnia uk\u0142ad nerwowy, wspomaga regeneracj\u0119 tkanek.<\/td>\n<\/tr>\n<tr>\n<td><strong>Ekstrakt z karczocha<\/strong><\/td>\n<td>Przyspiesza metabolizm lipid\u00f3w, obni\u017ca poziom cholesterolu LDL.<\/td>\n<\/tr>\n<tr>\n<td><strong>Koenzym Q10<\/strong><\/td>\n<td>Wspiera produkcj\u0119 energii w kom\u00f3rkach, poprawia wydolno\u015b\u0107 serca.<\/td>\n<\/tr>\n<tr>\n<td><strong>\u017belatyna, gliceryna ro\u015blinna<\/strong><\/td>\n<td>S\u0142u\u017c\u0105 jako substancje pomocnicze, u\u0142atwiaj\u0105 przyswajanie aktywnych sk\u0142adnik\u00f3w.<\/td>\n<\/tr>\n<\/tbody>\n<\/table>\n<h2>Efekty stosowania &#8211; dzia\u0142anie kapsu\u0142ek Cardivil<\/h2>\n<p>Regularne stosowanie Cardivil mo\u017ce przynie\u015b\u0107 szereg pozytywnych efekt\u00f3w zdrowotnych. Dzi\u0119ki po\u0142\u0105czeniu r\u00f3\u017cnych naturalnych sk\u0142adnik\u00f3w, kapsu\u0142ki dzia\u0142aj\u0105 wieloaspektowo:<\/p>\n<ul>\n<li><strong>Obni\u017cenie poziomu cholesterolu<\/strong>: Dzi\u0119ki zawarto\u015bci olej\u00f3w bogatych w nienasycone kwasy t\u0142uszczowe, Cardivil skutecznie redukuje poziom \u201ez\u0142ego\u201d cholesterolu LDL, co zmniejsza ryzyko mia\u017cd\u017cycy.<\/li>\n<li><strong>Normalizacja ci\u015bnienia krwi<\/strong>: Kapsu\u0142ki pomagaj\u0105 w utrzymaniu prawid\u0142owego ci\u015bnienia krwi, co jest kluczowe w profilaktyce nadci\u015bnienia.<\/li>\n<li><strong>Wzmocnienie uk\u0142adu sercowo-naczyniowego<\/strong>: Koenzym Q10 oraz olej lniany wspieraj\u0105 funkcjonowanie serca, poprawiaj\u0105c wydolno\u015b\u0107 i przeciwdzia\u0142aj\u0105c zm\u0119czeniu.<\/li>\n<li><strong>Wsparcie dla uk\u0142adu nerwowego<\/strong>: Ekstrakt z sopl\u00f3wki je\u017cowatej wykazuje dzia\u0142anie neuroprotekcyjne, wspieraj\u0105c regeneracj\u0119 tkanek nerwowych.<\/li>\n<\/ul>\n<\/div>\n<\/div>\n<\/div>\n<\/div>\n<\/div>\n<\/div>\n<\/div>\n<\/div>\n<\/article>\n<article class=\"w-full text-token-text-primary focus-visible:outline-2 focus-visible:outline-offset-[-4px]\" dir=\"auto\" data-testid=\"conversation-turn-5\" data-scroll-anchor=\"true\">\n<div class=\"text-base py-[18px] m-auto md:px-5 w-full px-3 lg:px-0\">\n<div class=\"mx-auto flex flex-1 gap-4 text-base md:gap-5 lg:gap-6 md:max-w-3xl lg:max-w-[40rem] xl:max-w-[48rem]\">\n<div class=\"group\/conversation-turn relative flex w-full min-w-0 flex-col agent-turn\">\n<div class=\"flex-col gap-1 md:gap-3\">\n<div class=\"flex max-w-full flex-col flex-grow\">\n<div class=\"min-h-[20px] text-message flex w-full flex-col items-end gap-2 break-words [.text-message+&amp;]:mt-5 overflow-x-auto whitespace-normal\" dir=\"auto\" data-message-author-role=\"assistant\" data-message-id=\"2e1dba45-b692-4bd7-902b-51fea6747e20\">\n<div class=\"flex w-full flex-col gap-1 empty:hidden first:pt-[3px]\" style=\"text-align: center;\"><a class=\"border-button\" href=\"https:\/\/kshop5.com\/u11nm8\/\">KUPI\u0106 PO CENIE PRODUCENTA (-50%)<\/a><\/div>\n<\/div>\n<\/div>\n<\/div>\n<\/div>\n<\/div>\n<\/div>\n<\/article>\n","protected":false},"excerpt":{"rendered":"<p>Nr kat.: 870874534<\/p>\n<p style=\"text-align: center;\"><a class=\"border-button\" href=\"https:\/\/kshop5.com\/u11nm8\/\">KUP TERAZ<\/a><\/p>\n","protected":false},"featured_media":1108,"comment_status":"open","ping_status":"closed","template":"","meta":[],"product_brand":[],"product_cat":[18],"product_tag":[],"class_list":{"0":"post-230","1":"product","2":"type-product","3":"status-publish","4":"has-post-thumbnail","6":"product_cat-suplementy","8":"first","9":"instock","10":"sale","11":"shipping-taxable","12":"purchasable","13":"product-type-simple"},"aioseo_notices":[],"_links":{"self":[{"href":"https:\/\/lekarzpodroznik.pl\/store\/wp-json\/wp\/v2\/product\/230","targetHints":{"allow":["GET"]}}],"collection":[{"href":"https:\/\/lekarzpodroznik.pl\/store\/wp-json\/wp\/v2\/product"}],"about":[{"href":"https:\/\/lekarzpodroznik.pl\/store\/wp-json\/wp\/v2\/types\/product"}],"replies":[{"embeddable":true,"href":"https:\/\/lekarzpodroznik.pl\/store\/wp-json\/wp\/v2\/comments?post=230"}],"wp:featuredmedia":[{"embeddable":true,"href":"https:\/\/lekarzpodroznik.pl\/store\/wp-json\/wp\/v2\/media\/1108"}],"wp:attachment":[{"href":"https:\/\/lekarzpodroznik.pl\/store\/wp-json\/wp\/v2\/media?parent=230"}],"wp:term":[{"taxonomy":"product_brand","embeddable":true,"href":"https:\/\/lekarzpodroznik.pl\/store\/wp-json\/wp\/v2\/product_brand?post=230"},{"taxonomy":"product_cat","embeddable":true,"href":"https:\/\/lekarzpodroznik.pl\/store\/wp-json\/wp\/v2\/product_cat?post=230"},{"taxonomy":"product_tag","embeddable":true,"href":"https:\/\/lekarzpodroznik.pl\/store\/wp-json\/wp\/v2\/product_tag?post=230"}],"curies":[{"name":"wp","href":"https:\/\/api.w.org\/{rel}","templated":true}]}}