{"id":245,"date":"2024-09-03T10:57:49","date_gmt":"2024-09-03T10:57:49","guid":{"rendered":"https:\/\/lekarzpodroznik.pl\/store\/?post_type=product&#038;p=245"},"modified":"2025-03-12T11:08:54","modified_gmt":"2025-03-12T11:08:54","slug":"nuvialab-vitality","status":"publish","type":"product","link":"https:\/\/lekarzpodroznik.pl\/store\/product\/nuvialab-vitality\/","title":{"rendered":"NuviaLab Vitality"},"content":{"rendered":"<article class=\"w-full text-token-text-primary focus-visible:outline-2 focus-visible:outline-offset-[-4px]\" dir=\"auto\" data-testid=\"conversation-turn-3\" data-scroll-anchor=\"false\">\n<div class=\"text-base py-[18px] m-auto md:px-5 w-full px-3 lg:px-0\">\n<div class=\"mx-auto flex flex-1 gap-4 text-base md:gap-5 lg:gap-6 md:max-w-3xl lg:max-w-[40rem] xl:max-w-[48rem]\">\n<div class=\"group\/conversation-turn relative flex w-full min-w-0 flex-col agent-turn\">\n<div class=\"flex-col gap-1 md:gap-3\">\n<div class=\"flex max-w-full flex-col flex-grow\">\n<div class=\"text-message flex w-full flex-col items-end gap-2 break-words [.text-message+&amp;]:mt-5 overflow-x-auto whitespace-normal\" dir=\"auto\" data-message-author-role=\"assistant\" data-message-id=\"346fae8b-273a-4888-ad3f-2002c1209195\">\n<div class=\"flex w-full flex-col gap-1 empty:hidden first:pt-[3px]\">\n<div class=\"markdown prose w-full break-words dark:prose-invert light\">\n<p>NuviaLab Vitality to zaawansowany suplement diety stworzony z my\u015bl\u0105 o aktywnych m\u0119\u017cczyznach, kt\u00f3rzy chc\u0105 kompleksowo zadba\u0107 o swoje zdrowie i witalno\u015b\u0107. Produkt dost\u0119pny jest w formie kapsu\u0142ek, co sprawia, \u017ce jego stosowanie jest niezwykle wygodne i \u0142atwe. Ka\u017cde opakowanie zawiera odpowiedni\u0105 ilo\u015b\u0107 kapsu\u0142ek, kt\u00f3re wystarczaj\u0105 na miesi\u0119czn\u0105 kuracj\u0119, co pozwala na osi\u0105gni\u0119cie optymalnych rezultat\u00f3w przy regularnym stosowaniu.<\/p>\n<p>Grupa docelowa NuviaLab Vitality to przede wszystkim m\u0119\u017cczy\u017ani prowadz\u0105cy aktywny tryb \u017cycia, niezale\u017cnie od wieku, kt\u00f3rzy pragn\u0105 wspiera\u0107 swoje zdrowie fizyczne i psychiczne. Produkt jest r\u00f3wnie\u017c polecany dla os\u00f3b, kt\u00f3re chc\u0105 zwi\u0119kszy\u0107 swoj\u0105 energi\u0119, poprawi\u0107 funkcje seksualne oraz wspom\u00f3c prawid\u0142owe funkcjonowanie mi\u0119\u015bni. Dzi\u0119ki starannie dobranym sk\u0142adnikom, NuviaLab Vitality staje si\u0119 idealnym rozwi\u0105zaniem dla tych, kt\u00f3rzy szukaj\u0105 naturalnego wsparcia dla swojego organizmu.<\/p>\n<p style=\"text-align: center;\"><a class=\"border-button\" href=\"https:\/\/nplink.net\/6meswc7c\">www.nuvialab-vitality.pl<\/a><\/p>\n<h2>Wskazania i przeciwwskazania NuviaLab Vitality<\/h2>\n<p>NuviaLab Vitality jest rekomendowany dla m\u0119\u017cczyzn, kt\u00f3rzy pragn\u0105:<\/p>\n<ul>\n<li>Zwi\u0119kszy\u0107 poziom energii i witalno\u015bci,<\/li>\n<li>Wspom\u00f3c p\u0142odno\u015b\u0107 i libido,<\/li>\n<li>Utrzyma\u0107 prawid\u0142owy poziom testosteronu,<\/li>\n<li>Wspiera\u0107 funkcje mi\u0119\u015bniowe i regeneracj\u0119 po wysi\u0142ku fizycznym.<\/li>\n<\/ul>\n<p>Suplement ten mo\u017ce by\u0107 r\u00f3wnie\u017c pomocny w walce ze stresem oraz wspomaganiu odporno\u015bci organizmu, co jest szczeg\u00f3lnie wa\u017cne dla os\u00f3b nara\u017conych na intensywny wysi\u0142ek fizyczny i psychiczny.<\/p>\n<p>Niemniej jednak, jak ka\u017cdy suplement diety, NuviaLab Vitality nie jest pozbawiony przeciwwskaza\u0144. Preparat nie jest zalecany dla os\u00f3b poni\u017cej 18. roku \u017cycia, kobiet w ci\u0105\u017cy oraz karmi\u0105cych piersi\u0105. Osoby uczulone na kt\u00f3rykolwiek ze sk\u0142adnik\u00f3w produktu powinny unika\u0107 jego stosowania. Przed rozpocz\u0119ciem suplementacji warto skonsultowa\u0107 si\u0119 z lekarzem, zw\u0142aszcza je\u015bli stosujemy inne leki lub cierpimy na przewlek\u0142e schorzenia.<\/p>\n<h2>Sk\u0142ad NuviaLab Vitality &#8211; skuteczne sk\u0142adniki<\/h2>\n<p>NuviaLab Vitality to kompleksowa formu\u0142a oparta na najwy\u017cszej jako\u015bci naturalnych ekstraktach ro\u015blinnych, witaminach i minera\u0142ach. Oto g\u0142\u00f3wne sk\u0142adniki, kt\u00f3re czyni\u0105 ten produkt wyj\u0105tkowym:<\/p>\n<table style=\"height: 196px;\" width=\"925\">\n<thead>\n<tr>\n<th>Sk\u0142adnik<\/th>\n<th>Dzia\u0142anie<\/th>\n<\/tr>\n<\/thead>\n<tbody>\n<tr>\n<td><strong>Ekstrakt z korzenia maca<\/strong><\/td>\n<td>Wspiera p\u0142odno\u015b\u0107, zwi\u0119ksza libido, poprawia wytrzyma\u0142o\u015b\u0107 fizyczn\u0105 i psychiczn\u0105.<\/td>\n<\/tr>\n<tr>\n<td><strong>Ekstrakt z kozieradki<\/strong><\/td>\n<td>Wspomaga utrzymanie prawid\u0142owego poziomu testosteronu, wspiera funkcje seksualne.<\/td>\n<\/tr>\n<tr>\n<td><strong>Ekstrakt z \u017ce\u0144-szenia<\/strong><\/td>\n<td>Zwi\u0119ksza poziom energii, redukuje zm\u0119czenie, wspiera funkcje poznawcze.<\/td>\n<\/tr>\n<tr>\n<td><strong>Ekstrakt z pokrzywy<\/strong><\/td>\n<td>Wspomaga zdrowie prostaty, wspiera funkcje uk\u0142adu moczowego.<\/td>\n<\/tr>\n<tr>\n<td><strong>Magnez<\/strong><\/td>\n<td>Wspiera funkcjonowanie mi\u0119\u015bni, redukuje zm\u0119czenie i znu\u017cenie.<\/td>\n<\/tr>\n<tr>\n<td><strong>Witamina B6<\/strong><\/td>\n<td>Wspomaga metabolizm energetyczny, przyczynia si\u0119 do regulacji aktywno\u015bci hormonalnej.<\/td>\n<\/tr>\n<\/tbody>\n<\/table>\n<p>Wszystkie te sk\u0142adniki wsp\u00f3\u0142dzia\u0142aj\u0105 ze sob\u0105, zapewniaj\u0105c kompleksowe wsparcie dla m\u0119skiego organizmu. Regularne stosowanie NuviaLab Vitality pozwala cieszy\u0107 si\u0119 lepszym zdrowiem, wi\u0119ksz\u0105 energi\u0105 oraz popraw\u0105 og\u00f3lnej kondycji fizycznej i psychicznej.<\/p>\n<h2>Efekty stosowania &#8211; dzia\u0142anie kapsu\u0142ek NuviaLab Vitality<\/h2>\n<p>Stosowanie NuviaLab Vitality przynosi liczne korzy\u015bci dla m\u0119skiego organizmu. Oto niekt\u00f3re z najwa\u017cniejszych efekt\u00f3w, jakie mo\u017cna osi\u0105gn\u0105\u0107 dzi\u0119ki regularnej suplementacji:<\/p>\n<ol>\n<li><strong>Zwi\u0119kszenie energii i witalno\u015bci<\/strong>: Dzi\u0119ki ekstraktowi z \u017ce\u0144-szenia i magnezu, u\u017cytkownicy mog\u0105 odczu\u0107 znaczn\u0105 popraw\u0119 w poziomie energii, co przek\u0142ada si\u0119 na wi\u0119ksz\u0105 wytrzyma\u0142o\u015b\u0107 i efektywno\u015b\u0107 zar\u00f3wno w pracy, jak i podczas aktywno\u015bci fizycznej.<\/li>\n<li><strong>Poprawa funkcji seksualnych<\/strong>: Ekstrakt z korzenia maca i kozieradki wspomagaj\u0105 libido oraz p\u0142odno\u015b\u0107, co jest szczeg\u00f3lnie istotne dla m\u0119\u017cczyzn borykaj\u0105cych si\u0119 z problemami w sferze intymnej.<\/li>\n<li><strong>Wsparcie dla mi\u0119\u015bni<\/strong>: Magnez, kt\u00f3ry jest kluczowym sk\u0142adnikiem NuviaLab Vitality, wspomaga prawid\u0142owe funkcjonowanie mi\u0119\u015bni oraz przyspiesza ich regeneracj\u0119 po intensywnym wysi\u0142ku fizycznym.<\/li>\n<li><strong>Utrzymanie prawid\u0142owego poziomu testosteronu<\/strong>: Dzi\u0119ki obecno\u015bci kozieradki, suplementacja NuviaLab Vitality przyczynia si\u0119 do stabilizacji poziomu testosteronu, co ma kluczowe znaczenie dla zdrowia m\u0119\u017cczyzn.<\/li>\n<li><strong>Redukcja stresu i zm\u0119czenia<\/strong>: Witamina B6 oraz ekstrakt z \u017ce\u0144-szenia wspomagaj\u0105 funkcje uk\u0142adu nerwowego, co przyczynia si\u0119 do lepszego radzenia sobie ze stresem i zmniejszenia uczucia zm\u0119czenia.<\/li>\n<\/ol>\n<h2>Gdzie kupi\u0107 NuviaLab Vitality?<\/h2>\n<p>Zakup NuviaLab Vitality to decyzja, kt\u00f3r\u0105 warto dok\u0142adnie przemy\u015ble\u0107, aby unikn\u0105\u0107 podr\u00f3bek i zapewni\u0107 sobie najwy\u017csz\u0105 jako\u015b\u0107 produktu. Najlepszym miejscem na zakup tego suplementu jest <strong>oficjalna strona producenta<\/strong>, gdzie mamy pewno\u015b\u0107 co do oryginalno\u015bci produktu oraz dost\u0119p do atrakcyjnych ofert promocyjnych. Co wa\u017cne, NuviaLab Vitality nie jest dost\u0119pny w stacjonarnych aptekach ani na popularnych platformach sprzeda\u017cowych, takich jak Allegro. Producent nie prowadzi sprzeda\u017cy hurtowej, co dodatkowo zabezpiecza produkt przed fa\u0142szerstwami.<\/p>\n<p>Je\u015bli zastanawiasz si\u0119, gdzie kupi\u0107 NuviaLab Vitality, odpowied\u017a jest prosta &#8211; wybierz sprawdzone \u017ar\u00f3d\u0142o, jakim jest strona producenta. W ten spos\u00f3b masz pewno\u015b\u0107, \u017ce otrzymasz oryginalny produkt, a dodatkowo mo\u017cesz skorzysta\u0107 z okresowych promocji i rabat\u00f3w, kt\u00f3re cz\u0119sto s\u0105 oferowane wy\u0142\u0105cznie na oficjalnej stronie.<\/p>\n<p style=\"text-align: center;\"><a class=\"border-button\" href=\"https:\/\/nplink.net\/6meswc7c\">KUPI\u0106 PO CENIE PRODUCENTA (-50%)<\/a><\/p>\n<\/div>\n<\/div>\n<\/div>\n<\/div>\n<\/div>\n<\/div>\n<\/div>\n<\/div>\n<\/article>\n","protected":false},"excerpt":{"rendered":"<p>Nr kat.: 870874540<\/p>\n<p style=\"text-align: center;\"><a class=\"border-button\" href=\"https:\/\/nplink.net\/6meswc7c\">KUP TERAZ<\/a><\/p>\n","protected":false},"featured_media":1182,"comment_status":"open","ping_status":"closed","template":"","meta":[],"product_brand":[],"product_cat":[18],"product_tag":[],"class_list":{"0":"post-245","1":"product","2":"type-product","3":"status-publish","4":"has-post-thumbnail","6":"product_cat-suplementy","8":"first","9":"instock","10":"shipping-taxable","11":"purchasable","12":"product-type-simple"},"aioseo_notices":[],"_links":{"self":[{"href":"https:\/\/lekarzpodroznik.pl\/store\/wp-json\/wp\/v2\/product\/245","targetHints":{"allow":["GET"]}}],"collection":[{"href":"https:\/\/lekarzpodroznik.pl\/store\/wp-json\/wp\/v2\/product"}],"about":[{"href":"https:\/\/lekarzpodroznik.pl\/store\/wp-json\/wp\/v2\/types\/product"}],"replies":[{"embeddable":true,"href":"https:\/\/lekarzpodroznik.pl\/store\/wp-json\/wp\/v2\/comments?post=245"}],"wp:featuredmedia":[{"embeddable":true,"href":"https:\/\/lekarzpodroznik.pl\/store\/wp-json\/wp\/v2\/media\/1182"}],"wp:attachment":[{"href":"https:\/\/lekarzpodroznik.pl\/store\/wp-json\/wp\/v2\/media?parent=245"}],"wp:term":[{"taxonomy":"product_brand","embeddable":true,"href":"https:\/\/lekarzpodroznik.pl\/store\/wp-json\/wp\/v2\/product_brand?post=245"},{"taxonomy":"product_cat","embeddable":true,"href":"https:\/\/lekarzpodroznik.pl\/store\/wp-json\/wp\/v2\/product_cat?post=245"},{"taxonomy":"product_tag","embeddable":true,"href":"https:\/\/lekarzpodroznik.pl\/store\/wp-json\/wp\/v2\/product_tag?post=245"}],"curies":[{"name":"wp","href":"https:\/\/api.w.org\/{rel}","templated":true}]}}