{"id":252,"date":"2024-09-03T11:21:25","date_gmt":"2024-09-03T11:21:25","guid":{"rendered":"https:\/\/lekarzpodroznik.pl\/store\/?post_type=product&#038;p=252"},"modified":"2024-10-31T09:10:05","modified_gmt":"2024-10-31T09:10:05","slug":"zinamax","status":"publish","type":"product","link":"https:\/\/lekarzpodroznik.pl\/store\/product\/zinamax\/","title":{"rendered":"Zinamax"},"content":{"rendered":"<article class=\"w-full text-token-text-primary focus-visible:outline-2 focus-visible:outline-offset-[-4px]\" dir=\"auto\" data-testid=\"conversation-turn-3\" data-scroll-anchor=\"false\">\n<div class=\"text-base py-[18px] px-3 md:px-4 m-auto w-full md:px-5 lg:px-4 xl:px-5\">\n<div class=\"mx-auto flex flex-1 gap-4 text-base md:gap-5 lg:gap-6 md:max-w-3xl lg:max-w-[40rem] xl:max-w-[48rem]\">\n<div class=\"group\/conversation-turn relative flex w-full min-w-0 flex-col agent-turn\">\n<div class=\"flex-col gap-1 md:gap-3\">\n<div class=\"flex max-w-full flex-col flex-grow\">\n<div class=\"min-h-8 text-message flex w-full flex-col items-end gap-2 whitespace-normal break-words [.text-message+&amp;]:mt-5\" dir=\"auto\" data-message-author-role=\"assistant\" data-message-id=\"89efae68-247b-4d1e-b139-9587f107ee7a\">\n<div class=\"flex w-full flex-col gap-1 empty:hidden first:pt-[3px]\">\n<div class=\"markdown prose w-full break-words dark:prose-invert light\">\n<p>Zinamax to suplement diety, kt\u00f3ry zyskuje coraz wi\u0119ksz\u0105 popularno\u015b\u0107 w\u015br\u00f3d os\u00f3b zmagaj\u0105cych si\u0119 z tr\u0105dzikiem oraz problemami sk\u00f3rnymi. Jego formu\u0142a bazuje na starannie dobranych sk\u0142adnikach, kt\u00f3re maj\u0105 na celu eliminacj\u0119 wyprysk\u00f3w, zmniejszenie stan\u00f3w zapalnych i popraw\u0119 og\u00f3lnej kondycji sk\u00f3ry. W niniejszym artykule dokonamy szczeg\u00f3\u0142owego przegl\u0105du preparatu Zinamax, om\u00f3wimy jego dzia\u0142anie, sk\u0142ad oraz wskazania do stosowania.<\/p>\n<p style=\"text-align: center;\"><a class=\"border-button\" href=\"https:\/\/nplink.net\/crc24p06\">www.zinamax.pl<\/a><\/p>\n<h2>Co to jest Zinamax: forma wydania, grupa<\/h2>\n<p>Zinamax jest dost\u0119pny w postaci kapsu\u0142ek, co czyni go wygodnym w codziennym stosowaniu suplementem diety. Produkt zosta\u0142 stworzony z my\u015bl\u0105 o osobach, kt\u00f3re zmagaj\u0105 si\u0119 z problemami sk\u00f3rnymi, w szczeg\u00f3lno\u015bci tr\u0105dzikiem. Przeznaczony jest zar\u00f3wno dla m\u0142odzie\u017cy, jak i doros\u0142ych, kt\u00f3rzy chc\u0105 poprawi\u0107 stan swojej cery, zmniejszy\u0107 produkcj\u0119 sebum oraz przyspieszy\u0107 gojenie si\u0119 ran.<\/p>\n<h2>Wskazania i przeciwwskazania Zinamax<\/h2>\n<p>Zinamax jest wskazany dla os\u00f3b zmagaj\u0105cych si\u0119 z:<\/p>\n<ul>\n<li>Tr\u0105dzikiem r\u00f3\u017cowatym oraz m\u0142odzie\u0144czym,<\/li>\n<li>Nadmiernym wydzielaniem sebum,<\/li>\n<li>Przewlek\u0142ymi stanami zapalnymi sk\u00f3ry,<\/li>\n<li>Wypryskami oraz bliznami potr\u0105dzikowymi.<\/li>\n<\/ul>\n<p><strong>Przeciwwskazania:<\/strong> Zinamax, jak ka\u017cdy suplement diety, posiada pewne przeciwwskazania. Produkt nie jest zalecany dla:<\/p>\n<ul>\n<li>Kobiet w ci\u0105\u017cy oraz karmi\u0105cych piersi\u0105,<\/li>\n<li>Os\u00f3b uczulonych na kt\u00f3rykolwiek ze sk\u0142adnik\u00f3w preparatu,<\/li>\n<li>Dzieci poni\u017cej 12. roku \u017cycia.<\/li>\n<\/ul>\n<p>W przypadku jakichkolwiek w\u0105tpliwo\u015bci przed rozpocz\u0119ciem stosowania, warto skonsultowa\u0107 si\u0119 z lekarzem.<\/p>\n<h2>Sk\u0142ad Zinamax &#8211; skuteczne sk\u0142adniki<\/h2>\n<p>Sk\u0142ad Zinamax oparty jest na naturalnych sk\u0142adnikach, kt\u00f3re wykazuj\u0105 dzia\u0142anie przeciwtr\u0105dzikowe, przeciwzapalne oraz antybakteryjne. Oto najwa\u017cniejsze z nich:<\/p>\n<table>\n<thead>\n<tr>\n<th>Sk\u0142adnik<\/th>\n<th>Dzia\u0142anie<\/th>\n<\/tr>\n<\/thead>\n<tbody>\n<tr>\n<td><strong>Lactoferryna<\/strong><\/td>\n<td>Bia\u0142ko o dzia\u0142aniu przeciwbakteryjnym, przeciwwirusowym, przeciwgrzybicznym i przeciwpaso\u017cytniczym. Pomaga w regulacji produkcji sebum oraz redukcji stan\u00f3w zapalnych.<\/td>\n<\/tr>\n<tr>\n<td><strong>Ekstrakt z fio\u0142ka tr\u00f3jbarwnego<\/strong><\/td>\n<td>Wspiera oczyszczanie organizmu z toksyn, poprawia wygl\u0105d cery, dzia\u0142a przeciwzapalnie.<\/td>\n<\/tr>\n<tr>\n<td><strong>Ekstrakt z owoc\u00f3w dzikiej r\u00f3\u017cy<\/strong><\/td>\n<td>Bogaty w witamin\u0119 C, przyspiesza regeneracj\u0119 sk\u00f3ry, poprawia jej elastyczno\u015b\u0107.<\/td>\n<\/tr>\n<tr>\n<td><strong>Cynk<\/strong><\/td>\n<td>Wspiera prawid\u0142owe funkcjonowanie sk\u00f3ry, pomaga w regulacji wydzielania sebum.<\/td>\n<\/tr>\n<tr>\n<td><strong>Witamina A<\/strong><\/td>\n<td>Dzia\u0142a regeneruj\u0105co na sk\u00f3r\u0119, zmniejsza liczb\u0119 wyprysk\u00f3w, wspomaga gojenie si\u0119 ran.<\/td>\n<\/tr>\n<\/tbody>\n<\/table>\n<p>Naturalny sk\u0142ad Zinamax gwarantuje bezpiecze\u0144stwo stosowania oraz minimalizuje ryzyko wyst\u0105pienia skutk\u00f3w ubocznych.<\/p>\n<h2>Efekty stosowania &#8211; dzia\u0142anie kapsu\u0142ek Zinamax<\/h2>\n<p>Regularne stosowanie Zinamax mo\u017ce przynie\u015b\u0107 widoczne efekty ju\u017c po pierwszym miesi\u0105cu kuracji. Najcz\u0119\u015bciej obserwowane korzy\u015bci to:<\/p>\n<ol>\n<li><strong>Redukcja tr\u0105dziku<\/strong> \u2013 Zinamax pomaga w eliminacji wyprysk\u00f3w oraz zmniejszeniu liczby nowych zmian sk\u00f3rnych.<\/li>\n<li><strong>Zmniejszenie stan\u00f3w zapalnych<\/strong> \u2013 Produkt dzia\u0142a przeciwzapalnie, co pomaga w \u0142agodzeniu podra\u017cnie\u0144 sk\u00f3ry.<\/li>\n<li><strong>Regulacja wydzielania sebum<\/strong> \u2013 Zinamax ogranicza nadmierne wydzielanie sebum, co skutkuje mniejszym przet\u0142uszczaniem si\u0119 sk\u00f3ry.<\/li>\n<li><strong>Nawil\u017cenie sk\u00f3ry<\/strong> \u2013 Kapsu\u0142ki g\u0142\u0119boko nawil\u017caj\u0105 sk\u00f3r\u0119, co poprawia jej og\u00f3ln\u0105 kondycj\u0119.<\/li>\n<li><strong>Szybsze gojenie ran<\/strong> \u2013 Zinamax wspomaga regeneracj\u0119 sk\u00f3ry oraz przyspiesza gojenie si\u0119 blizn potr\u0105dzikowych.<\/li>\n<\/ol>\n<p>Zinamax nie jest dost\u0119pny w stacjonarnych aptekach ani popularnych serwisach sprzeda\u017cowych takich jak Allegro. <strong>Najlepszym miejscem na zakup Zinamax jest oficjalna strona producenta<\/strong>, gdzie mamy pewno\u015b\u0107, \u017ce produkt jest oryginalny oraz spe\u0142nia wszystkie normy jako\u015bci.<\/p>\n<p>Kupowanie Zinamax od producenta daje tak\u017ce gwarancj\u0119 najlepszej ceny oraz cz\u0119sto mo\u017cliwo\u015b\u0107 skorzystania z promocji i rabat\u00f3w. <strong>Unikaj zakupu w nieautoryzowanych miejscach<\/strong>, aby unikn\u0105\u0107 ryzyka nabycia podr\u00f3bek, kt\u00f3re mog\u0105 nie by\u0107 skuteczne, a nawet zaszkodzi\u0107 zdrowiu.<\/p>\n<p style=\"text-align: center;\"><a class=\"border-button\" href=\"https:\/\/nplink.net\/crc24p06\">KUPI\u0106 PO CENIE PRODUCENTA (-50%)<\/a><\/p>\n<\/div>\n<\/div>\n<\/div>\n<\/div>\n<\/div>\n<\/div>\n<\/div>\n<\/div>\n<\/article>\n","protected":false},"excerpt":{"rendered":"<p>Nr kat.: 870874543<\/p>\n<p style=\"text-align: center;\"><a class=\"border-button\" href=\"https:\/\/nplink.net\/crc24p06\">KUP TERAZ<\/a><\/p>\n","protected":false},"featured_media":253,"comment_status":"open","ping_status":"closed","template":"","meta":[],"product_brand":[],"product_cat":[18],"product_tag":[],"class_list":{"0":"post-252","1":"product","2":"type-product","3":"status-publish","4":"has-post-thumbnail","6":"product_cat-suplementy","8":"first","9":"instock","10":"shipping-taxable","11":"purchasable","12":"product-type-simple"},"aioseo_notices":[],"_links":{"self":[{"href":"https:\/\/lekarzpodroznik.pl\/store\/wp-json\/wp\/v2\/product\/252","targetHints":{"allow":["GET"]}}],"collection":[{"href":"https:\/\/lekarzpodroznik.pl\/store\/wp-json\/wp\/v2\/product"}],"about":[{"href":"https:\/\/lekarzpodroznik.pl\/store\/wp-json\/wp\/v2\/types\/product"}],"replies":[{"embeddable":true,"href":"https:\/\/lekarzpodroznik.pl\/store\/wp-json\/wp\/v2\/comments?post=252"}],"wp:featuredmedia":[{"embeddable":true,"href":"https:\/\/lekarzpodroznik.pl\/store\/wp-json\/wp\/v2\/media\/253"}],"wp:attachment":[{"href":"https:\/\/lekarzpodroznik.pl\/store\/wp-json\/wp\/v2\/media?parent=252"}],"wp:term":[{"taxonomy":"product_brand","embeddable":true,"href":"https:\/\/lekarzpodroznik.pl\/store\/wp-json\/wp\/v2\/product_brand?post=252"},{"taxonomy":"product_cat","embeddable":true,"href":"https:\/\/lekarzpodroznik.pl\/store\/wp-json\/wp\/v2\/product_cat?post=252"},{"taxonomy":"product_tag","embeddable":true,"href":"https:\/\/lekarzpodroznik.pl\/store\/wp-json\/wp\/v2\/product_tag?post=252"}],"curies":[{"name":"wp","href":"https:\/\/api.w.org\/{rel}","templated":true}]}}