{"id":285,"date":"2024-10-08T10:14:30","date_gmt":"2024-10-08T10:14:30","guid":{"rendered":"https:\/\/lekarzpodroznik.pl\/store\/?post_type=product&#038;p=285"},"modified":"2025-03-12T10:06:07","modified_gmt":"2025-03-12T10:06:07","slug":"desparazil","status":"publish","type":"product","link":"https:\/\/lekarzpodroznik.pl\/store\/product\/desparazil\/","title":{"rendered":"Desparazil"},"content":{"rendered":"<p><strong>Desparazil<\/strong> to suplement diety w formie kapsu\u0142, zaprojektowany specjalnie w celu eliminacji paso\u017cyt\u00f3w, takich jak glisty, tasiemce, pierwotniaki i inne mikroorganizmy paso\u017cytnicze, kt\u00f3re mog\u0105 zagnie\u017adzi\u0107 si\u0119 w organizmie cz\u0142owieka. Kapsu\u0142ki s\u0105 wygodne w u\u017cyciu, poniewa\u017c mo\u017cna je \u0142atwo przyjmowa\u0107 doustnie, a ich sk\u0142ad oparty jest na naturalnych, ro\u015blinnych ekstraktach, kt\u00f3re wspomagaj\u0105 organizm w walce z paso\u017cytami.<\/p>\n<p>Desparazil nale\u017cy do grupy \u015brodk\u00f3w antypaso\u017cytniczych o szerokim spektrum dzia\u0142ania, co oznacza, \u017ce mo\u017ce by\u0107 stosowany w walce z r\u00f3\u017cnymi rodzajami infekcji paso\u017cytniczych. Jest szczeg\u00f3lnie polecany osobom nara\u017conym na paso\u017cyty, np. w\u0142a\u015bcicielom zwierz\u0105t, osobom cz\u0119sto podr\u00f3\u017cuj\u0105cym czy pracuj\u0105cym w bran\u017cach zwi\u0105zanych z opiek\u0105 nad zwierz\u0119tami.<\/p>\n<p style=\"text-align: center;\"><a class=\"border-button\" href=\"https:\/\/tl-track.com\/tracker\/uAYp\">www.desparazil.pl<\/a><\/p>\n<h2>Wskazania i przeciwwskazania Desparazil<\/h2>\n<p><strong>Wskazania do stosowania:<\/strong><\/p>\n<p>Desparazil mo\u017ce by\u0107 stosowany w przypadku podejrzenia lub stwierdzenia infekcji paso\u017cytniczej. Preparat jest zalecany w takich przypadkach, jak:<\/p>\n<ul>\n<li>Zaka\u017cenie glist\u0105 ludzk\u0105 (Ascaris lumbricoides),<\/li>\n<li>Zaka\u017cenie owsikami (Enterobius vermicularis),<\/li>\n<li>Lamblioza (Giardia lamblia),<\/li>\n<li>Tasiemczyca,<\/li>\n<li>Inne choroby paso\u017cytnicze wywo\u0142ane przez pierwotniaki i robaki jelitowe.<\/li>\n<\/ul>\n<p><strong>Przeciwwskazania:<\/strong><\/p>\n<p>Desparazil, mimo \u017ce oparty na naturalnych sk\u0142adnikach, mo\u017ce nie by\u0107 odpowiedni dla wszystkich. G\u0142\u00f3wne przeciwwskazania obejmuj\u0105:<\/p>\n<ul>\n<li>Nadwra\u017cliwo\u015b\u0107 na kt\u00f3rykolwiek ze sk\u0142adnik\u00f3w preparatu,<\/li>\n<li>Ci\u0105\u017ca i karmienie piersi\u0105 (stosowanie tylko po konsultacji z lekarzem),<\/li>\n<li>Dzieci poni\u017cej 12 roku \u017cycia bez konsultacji medycznej.<\/li>\n<\/ul>\n<h2>Sk\u0142ad Desparazil \u2013 skuteczne sk\u0142adniki<\/h2>\n<p>Kluczow\u0105 cech\u0105 Desparazil s\u0105 jego naturalne sk\u0142adniki, kt\u00f3re wykazuj\u0105 dzia\u0142anie antypaso\u017cytnicze, wspieraj\u0105 uk\u0142ad odporno\u015bciowy i oczyszczaj\u0105 organizm z toksyn. Ka\u017cdy ze sk\u0142adnik\u00f3w zosta\u0142 starannie dobrany, aby skutecznie eliminowa\u0107 paso\u017cyty i zapobiega\u0107 ich ponownemu wyst\u0119powaniu.<\/p>\n<p><strong>G\u0142\u00f3wne sk\u0142adniki Desparazil:<\/strong><\/p>\n<ol>\n<li><strong>Babka jajowata (Plantago ovata)<\/strong> \u2013 posiada w\u0142a\u015bciwo\u015bci oczyszczaj\u0105ce, dzia\u0142a jak naturalny \u015brodek przeczyszczaj\u0105cy, wspomagaj\u0105c usuwanie paso\u017cyt\u00f3w z organizmu. Dzia\u0142a tak\u017ce \u0142agodz\u0105co na podra\u017cnione jelita.<\/li>\n<li><strong>Babka p\u0142esznika (Plantago psyllium)<\/strong> \u2013 bogata w b\u0142onnik, pomaga w regulacji pracy jelit, wspiera detoksykacj\u0119 organizmu i poprawia perystaltyk\u0119 jelit, co u\u0142atwia usuwanie paso\u017cyt\u00f3w.<\/li>\n<li><strong>Czystek szary (Cistus incanus)<\/strong> \u2013 znany z silnych w\u0142a\u015bciwo\u015bci antybakteryjnych, przeciwgrzybiczych i przeciwwirusowych. Wzmacnia odporno\u015b\u0107, wspomaga organizm w zwalczaniu paso\u017cyt\u00f3w oraz eliminuje toksyny.<\/li>\n<li><strong>Rzepik pospolity (Agrimonia eupatoria)<\/strong> \u2013 ma w\u0142a\u015bciwo\u015bci przeciwzapalne i \u015bci\u0105gaj\u0105ce, wspiera regeneracj\u0119 b\u0142on \u015bluzowych przewodu pokarmowego oraz dzia\u0142a ochronnie na w\u0105trob\u0119, pomagaj\u0105c usuwa\u0107 szkodliwe substancje powsta\u0142e w wyniku dzia\u0142ania paso\u017cyt\u00f3w.<\/li>\n<\/ol>\n<h2>Efekty stosowania \u2013 dzia\u0142anie Desparazil<\/h2>\n<p>Regularne stosowanie kapsu\u0142ek Desparazil pozwala na osi\u0105gni\u0119cie nast\u0119puj\u0105cych efekt\u00f3w:<\/p>\n<ol>\n<li><strong>Eliminacja paso\u017cyt\u00f3w<\/strong> \u2013 aktywne sk\u0142adniki preparatu skutecznie zabijaj\u0105 paso\u017cyty, w tym zar\u00f3wno robaki, jak i pierwotniaki. Dzi\u0119ki temu organizm jest oczyszczony z paso\u017cytniczych organizm\u00f3w.<\/li>\n<li><strong>Poprawa stanu zdrowia jelit<\/strong> \u2013 babka jajowata i p\u0142esznika wspieraj\u0105 zdrowie jelit, poprawiaj\u0105 perystaltyk\u0119, a tak\u017ce pomagaj\u0105 przywr\u00f3ci\u0107 r\u00f3wnowag\u0119 flory bakteryjnej.<\/li>\n<li><strong>Oczyszczenie organizmu z toksyn<\/strong> \u2013 paso\u017cyty wytwarzaj\u0105 toksyny, kt\u00f3re mog\u0105 szkodzi\u0107 zdrowiu cz\u0142owieka. Desparazil wspomaga proces detoksykacji, usuwaj\u0105c szkodliwe substancje z organizmu.<\/li>\n<li><strong>Poprawa odporno\u015bci<\/strong> \u2013 czystek szary wspomaga uk\u0142ad odporno\u015bciowy, co sprawia, \u017ce organizm jest bardziej odporny na infekcje i nawroty paso\u017cyt\u00f3w.<\/li>\n<li><strong>Regeneracja przewodu pokarmowego<\/strong> \u2013 sk\u0142adniki wspieraj\u0105ce regeneracj\u0119 b\u0142on \u015bluzowych pomagaj\u0105 w leczeniu podra\u017cnie\u0144 i stan\u00f3w zapalnych wywo\u0142anych przez paso\u017cyty.<\/li>\n<\/ol>\n<p>Dzi\u0119ki naturalnemu sk\u0142adowi Desparazil jest dobrze tolerowany przez organizm i nie powoduje niepo\u017c\u0105danych skutk\u00f3w ubocznych, takich jak podra\u017cnienia \u017co\u0142\u0105dka czy biegunka, kt\u00f3re mog\u0105 wyst\u0119powa\u0107 przy stosowaniu chemicznych \u015brodk\u00f3w farmakologicznych.<\/p>\n<h2>Gdzie kupi\u0107 Desparazil?<\/h2>\n<p>Kupno oryginalnego Desparazil mo\u017ce by\u0107 nieco wyzwaniem, poniewa\u017c ten suplement nie jest dost\u0119pny w tradycyjnych aptekach stacjonarnych. W zwi\u0105zku z tym osoby zainteresowane tym preparatem musz\u0105 szuka\u0107 innych \u017ar\u00f3de\u0142. Gdzie wi\u0119c kupi\u0107 Desparazil?<\/p>\n<p>Najbezpieczniejsz\u0105 opcj\u0105 jest <strong>zakup bezpo\u015brednio od producenta<\/strong>. Strona internetowa producenta oferuje gwarancj\u0119 oryginalno\u015bci produktu, co jest niezwykle wa\u017cne w obliczu pojawiania si\u0119 podr\u00f3bek na rynku suplement\u00f3w. Dzi\u0119ki temu kupuj\u0105cy maj\u0105 pewno\u015b\u0107, \u017ce otrzymaj\u0105 preparat o sk\u0142adzie zgodnym z deklaracjami oraz o pe\u0142nej skuteczno\u015bci.<\/p>\n<p>Dodatkow\u0105 korzy\u015bci\u0105 zakupu u producenta jest mo\u017cliwo\u015b\u0107 skorzystania z r\u00f3\u017cnorodnych promocji i rabat\u00f3w, kt\u00f3re cz\u0119sto s\u0105 niedost\u0119pne w innych miejscach. Cz\u0119sto oferowane s\u0105 tak\u017ce darmowe przesy\u0142ki oraz doradztwo w zakresie dawkowania preparatu.<\/p>\n<p>Chocia\u017c niekt\u00f3rzy mog\u0105 pr\u00f3bowa\u0107 znale\u017a\u0107 Desparazil w aptekach internetowych lub innych serwisach, warto pami\u0119ta\u0107, \u017ce <strong>zakup w autoryzowanym \u017ar\u00f3dle<\/strong> to najlepszy spos\u00f3b na unikni\u0119cie podr\u00f3bek i oszustw. Wybieraj\u0105c t\u0119 opcj\u0119, nie tylko kupuj\u0105cy zyskuje pewno\u015b\u0107 co do jako\u015bci, ale tak\u017ce wsparcie w przypadku jakichkolwiek pyta\u0144 dotycz\u0105cych produktu.<\/p>\n<p>Desparazil to nowoczesny preparat antypaso\u017cytniczy, kt\u00f3ry dzi\u0119ki swojemu naturalnemu sk\u0142adowi skutecznie eliminuje paso\u017cyty z organizmu, jednocze\u015bnie wspieraj\u0105c jego detoksykacj\u0119 i regeneracj\u0119. Sk\u0142adniki, takie jak babka jajowata, czystek szary czy rzepik pospolity, dzia\u0142aj\u0105 wszechstronnie, pomagaj\u0105c nie tylko w usuwaniu paso\u017cyt\u00f3w, ale r\u00f3wnie\u017c poprawiaj\u0105c og\u00f3lny stan zdrowia jelit i wzmacniaj\u0105c odporno\u015b\u0107.<\/p>\n<p style=\"text-align: center;\"><a class=\"border-button\" href=\"https:\/\/tl-track.com\/tracker\/uAYp\">KUPI\u0106 PO CENIE PRODUCENTA (-50%)<\/a><\/p>\n","protected":false},"excerpt":{"rendered":"<p>Nr kat.: 870874552<\/p>\n<p style=\"text-align: center;\"><a class=\"border-button\" href=\"https:\/\/tl-track.com\/tracker\/uAYp\">KUP TERAZ<\/a><\/p>\n","protected":false},"featured_media":1118,"comment_status":"open","ping_status":"closed","template":"","meta":[],"product_brand":[],"product_cat":[18],"product_tag":[],"class_list":{"0":"post-285","1":"product","2":"type-product","3":"status-publish","4":"has-post-thumbnail","6":"product_cat-suplementy","8":"first","9":"instock","10":"shipping-taxable","11":"purchasable","12":"product-type-simple"},"aioseo_notices":[],"_links":{"self":[{"href":"https:\/\/lekarzpodroznik.pl\/store\/wp-json\/wp\/v2\/product\/285","targetHints":{"allow":["GET"]}}],"collection":[{"href":"https:\/\/lekarzpodroznik.pl\/store\/wp-json\/wp\/v2\/product"}],"about":[{"href":"https:\/\/lekarzpodroznik.pl\/store\/wp-json\/wp\/v2\/types\/product"}],"replies":[{"embeddable":true,"href":"https:\/\/lekarzpodroznik.pl\/store\/wp-json\/wp\/v2\/comments?post=285"}],"wp:featuredmedia":[{"embeddable":true,"href":"https:\/\/lekarzpodroznik.pl\/store\/wp-json\/wp\/v2\/media\/1118"}],"wp:attachment":[{"href":"https:\/\/lekarzpodroznik.pl\/store\/wp-json\/wp\/v2\/media?parent=285"}],"wp:term":[{"taxonomy":"product_brand","embeddable":true,"href":"https:\/\/lekarzpodroznik.pl\/store\/wp-json\/wp\/v2\/product_brand?post=285"},{"taxonomy":"product_cat","embeddable":true,"href":"https:\/\/lekarzpodroznik.pl\/store\/wp-json\/wp\/v2\/product_cat?post=285"},{"taxonomy":"product_tag","embeddable":true,"href":"https:\/\/lekarzpodroznik.pl\/store\/wp-json\/wp\/v2\/product_tag?post=285"}],"curies":[{"name":"wp","href":"https:\/\/api.w.org\/{rel}","templated":true}]}}