{"id":287,"date":"2024-10-08T10:19:07","date_gmt":"2024-10-08T10:19:07","guid":{"rendered":"https:\/\/lekarzpodroznik.pl\/store\/?post_type=product&#038;p=287"},"modified":"2025-02-05T10:29:58","modified_gmt":"2025-02-05T10:29:58","slug":"diabetins-max","status":"publish","type":"product","link":"https:\/\/lekarzpodroznik.pl\/store\/product\/diabetins-max\/","title":{"rendered":"Diabetins Max"},"content":{"rendered":"<p>Diabetins Max to naturalny suplement diety, dost\u0119pny w formie wygodnych do przyjmowania kapsu\u0142ek. Jest skierowany przede wszystkim do os\u00f3b zmagaj\u0105cych si\u0119 z cukrzyc\u0105 typu 2, czyli niezale\u017cn\u0105 od insuliny, ale mo\u017ce by\u0107 r\u00f3wnie\u017c pomocny w zapobieganiu powik\u0142aniom cukrzycowym i wspieraniu zdrowego metabolizmu cukr\u00f3w u os\u00f3b nara\u017conych na rozw\u00f3j tej choroby.<\/p>\n<p>Grup\u0105 docelow\u0105 Diabetins Max s\u0105 osoby w r\u00f3\u017cnym wieku, kt\u00f3re chc\u0105 kontrolowa\u0107 poziom cukru we krwi, zar\u00f3wno na co dzie\u0144, jak i po posi\u0142kach. Suplement ten jest zalecany r\u00f3wnie\u017c dla os\u00f3b, kt\u00f3re maj\u0105 trudno\u015bci z kontrol\u0105 apetytu oraz borykaj\u0105 si\u0119 z problemem gwa\u0142townych wyrzut\u00f3w insuliny.<\/p>\n<p>Diabetins Max dzia\u0142a jako stabilizator cukru i wspomaga prawid\u0142ow\u0105 prac\u0119 trzustki, stymuluj\u0105c wydzielanie endogennej insuliny. W przeciwie\u0144stwie do niekt\u00f3rych lek\u00f3w dost\u0119pnych na recept\u0119, Diabetins Max zawiera naturalne sk\u0142adniki, co sprawia, \u017ce jest bezpieczny do d\u0142ugotrwa\u0142ego stosowania.<\/p>\n<p style=\"text-align: center;\"><a class=\"border-button\" href=\"http:\/\/tl-track.com\/tracker\/uGfP\">www.diabetins-max.pl<\/a><\/p>\n<h2>Wskazania i przeciwwskazania Diabetins Max<\/h2>\n<p><strong>Wskazania:<\/strong><\/p>\n<ol>\n<li>Osoby z cukrzyc\u0105 typu 2.<\/li>\n<li>Osoby z podwy\u017cszonym poziomem glukozy we krwi.<\/li>\n<li>Osoby pragn\u0105ce zapobiega\u0107 powik\u0142aniom cukrzycowym, takim jak mia\u017cd\u017cyca, choroby serca czy problemy z nerkami.<\/li>\n<li>Osoby zmagaj\u0105ce si\u0119 z nadmiernym apetytem oraz problemami z kontrol\u0105 wagi.<\/li>\n<li>Osoby z wysokim poziomem cholesterolu.<\/li>\n<\/ol>\n<p><strong>Przeciwwskazania:<\/strong><\/p>\n<ol>\n<li>Diabetins Max nie jest przeznaczony dla os\u00f3b poni\u017cej 18. roku \u017cycia.<\/li>\n<li>Kobiety w ci\u0105\u017cy i karmi\u0105ce piersi\u0105 powinny skonsultowa\u0107 si\u0119 z lekarzem przed rozpocz\u0119ciem kuracji.<\/li>\n<li>Osoby z alergi\u0105 na kt\u00f3rykolwiek sk\u0142adnik preparatu powinny unika\u0107 jego stosowania.<\/li>\n<\/ol>\n<p>Suplement diety Diabetins Max jest bezpieczny w stosowaniu, jednak zawsze warto skonsultowa\u0107 si\u0119 z lekarzem przed rozpocz\u0119ciem kuracji, zw\u0142aszcza je\u015bli osoba stosuje inne leki na cukrzyc\u0119.<\/p>\n<h2>Sk\u0142ad Diabetins Max &#8211; skuteczne sk\u0142adniki<\/h2>\n<p>Sekret skuteczno\u015bci Diabetins Max tkwi w jego naturalnym sk\u0142adzie. Ka\u017cdy sk\u0142adnik zosta\u0142 starannie dobrany, aby wspomaga\u0107 organizm w stabilizacji poziomu cukru we krwi i zapobieganiu powik\u0142aniom cukrzycowym.<\/p>\n<p><strong>Kluczowe sk\u0142adniki:<\/strong><\/p>\n<ol>\n<li><strong>DNJ (1-deoksynojirimycyna)<\/strong> &#8211; Jest to zwi\u0105zek naturalnie wyst\u0119puj\u0105cy w morwie bia\u0142ej. DNJ hamuje enzymy rozk\u0142adaj\u0105ce cukry, co prowadzi do zmniejszenia ich wch\u0142aniania w jelitach i tym samym do obni\u017cenia poziomu glukozy po posi\u0142kach.<\/li>\n<li><strong>Kwercetyna<\/strong> &#8211; Silny antyoksydant, kt\u00f3ry wspiera organizm w walce z wolnymi rodnikami, chroni\u0105c kom\u00f3rki przed uszkodzeniami. Kwercetyna r\u00f3wnie\u017c pomaga w obni\u017ceniu poziomu cholesterolu i dzia\u0142a przeciwzapalnie.<\/li>\n<li><strong>Cynk<\/strong> &#8211; Pierwiastek, kt\u00f3ry bierze udzia\u0142 w metabolizmie w\u0119glowodan\u00f3w i wspomaga produkcj\u0119 insuliny. Cynk pomaga tak\u017ce w regulacji apetytu, co jest istotne dla os\u00f3b z cukrzyc\u0105, kt\u00f3re cz\u0119sto borykaj\u0105 si\u0119 z nag\u0142ymi napadami g\u0142odu.<\/li>\n<li><strong>Chrom<\/strong> &#8211; Chrom wspomaga metabolizm glukozy i pomaga w utrzymaniu prawid\u0142owego poziomu cukru we krwi. Zwi\u0119ksza r\u00f3wnie\u017c wra\u017cliwo\u015b\u0107 tkanek na insulin\u0119.<\/li>\n<li><strong>Ekstrakt z morwy bia\u0142ej<\/strong> &#8211; Morwa bia\u0142a jest znana ze swoich w\u0142a\u015bciwo\u015bci reguluj\u0105cych poziom cukru we krwi. Pomaga hamowa\u0107 wch\u0142anianie w\u0119glowodan\u00f3w, co jest szczeg\u00f3lnie korzystne dla os\u00f3b z cukrzyc\u0105.<\/li>\n<\/ol>\n<p>Diabetins Max zawiera r\u00f3wnie\u017c inne sk\u0142adniki wspomagaj\u0105ce, takie jak witaminy i minera\u0142y, kt\u00f3re poprawiaj\u0105 og\u00f3lne zdrowie i samopoczucie.<\/p>\n<h2>Efekty stosowania &#8211; dzia\u0142anie Diabetins Max<\/h2>\n<p>Diabetins Max to produkt, kt\u00f3ry dzia\u0142a wieloaspektowo, przynosz\u0105c szereg korzy\u015bci dla os\u00f3b zmagaj\u0105cych si\u0119 z cukrzyc\u0105. Oto niekt\u00f3re z najwa\u017cniejszych efekt\u00f3w stosowania kapsu\u0142ek:<\/p>\n<ol>\n<li><strong>Unormowanie poziomu cukru we krwi<\/strong> &#8211; Dzi\u0119ki obecno\u015bci sk\u0142adnik\u00f3w takich jak DNJ i chrom, Diabetins Max pomaga w utrzymaniu stabilnego poziomu glukozy zar\u00f3wno na czczo, jak i po posi\u0142kach.<\/li>\n<li><strong>Zapobieganie powik\u0142aniom cukrzycowym<\/strong> &#8211; Regularne stosowanie preparatu mo\u017ce pom\u00f3c w zapobieganiu mia\u017cd\u017cycy, chorobom serca i innym powik\u0142aniom zwi\u0105zanym z cukrzyc\u0105.<\/li>\n<li><strong>Poprawa metabolizmu cukr\u00f3w<\/strong> &#8211; Sk\u0142adniki Diabetins Max wspieraj\u0105 prac\u0119 trzustki i poprawiaj\u0105 metabolizm w\u0119glowodan\u00f3w, co mo\u017ce pom\u00f3c w lepszej kontroli poziomu cukru.<\/li>\n<li><strong>Regulacja apetytu<\/strong> &#8211; Dzi\u0119ki obecno\u015bci cynku, Diabetins Max pomaga kontrolowa\u0107 nadmierny apetyt, co jest cz\u0119stym problemem u os\u00f3b z cukrzyc\u0105.<\/li>\n<li><strong>Zwi\u0119kszenie poziomu energii<\/strong> &#8211; Preparat wspomaga og\u00f3ln\u0105 kondycj\u0119 organizmu, dodaj\u0105c energii i poprawiaj\u0105c samopoczucie.<\/li>\n<li><strong>Obni\u017cenie poziomu cholesterolu<\/strong> &#8211; Kwercetyna zawarta w sk\u0142adzie pomaga w obni\u017ceniu poziomu cholesterolu, co jest istotne dla os\u00f3b z cukrzyc\u0105, kt\u00f3re cz\u0119sto borykaj\u0105 si\u0119 z problemami sercowymi.<\/li>\n<\/ol>\n<h2>Gdzie kupi\u0107 Diabetins Max?<\/h2>\n<p>Dla os\u00f3b zainteresowanych zakupem Diabetins Max istnieje kilka mo\u017cliwo\u015bci, jednak najwa\u017cniejsze jest, aby wybiera\u0107 sprawdzone \u017ar\u00f3d\u0142a. Preparat nie jest dost\u0119pny w stacjonarnych aptekach, co oznacza, \u017ce osoby poszukuj\u0105ce go w aptekach mog\u0105 mie\u0107 trudno\u015bci z jego znalezieniem. R\u00f3wnie\u017c zakup na platformach takich jak Allegro nie jest zalecany, gdy\u017c producent nie prowadzi sprzeda\u017cy hurtowej, co oznacza, \u017ce produkty tam dost\u0119pne mog\u0105 pochodzi\u0107 z niepewnych \u017ar\u00f3de\u0142.<\/p>\n<p>Diabetins Max to innowacyjny suplement diety, kt\u00f3ry mo\u017ce okaza\u0107 si\u0119 niezast\u0105piony dla os\u00f3b z cukrzyc\u0105 typu 2 oraz tych, kt\u00f3re pragn\u0105 kontrolowa\u0107 poziom cukru we krwi. Dzi\u0119ki starannie dobranym, naturalnym sk\u0142adnikom, preparat wspomaga metabolizm cukr\u00f3w, poprawia prac\u0119 trzustki oraz pomaga zapobiega\u0107 powik\u0142aniom cukrzycowym.<\/p>\n<p style=\"text-align: center;\"><a class=\"border-button\" href=\"http:\/\/tl-track.com\/tracker\/uGfP\">KUPI\u0106 PO CENIE PRODUCENTA (-50%)<\/a><\/p>\n","protected":false},"excerpt":{"rendered":"<p>Nr kat.: 870874553<\/p>\n<p style=\"text-align: center;\"><a class=\"border-button\" href=\"http:\/\/tl-track.com\/tracker\/uGfP\">KUP TERAZ<\/a><\/p>\n<p><em>*Przy zakupie kursu<\/em><\/p>\n","protected":false},"featured_media":288,"comment_status":"open","ping_status":"closed","template":"","meta":[],"product_brand":[],"product_cat":[18],"product_tag":[],"class_list":{"0":"post-287","1":"product","2":"type-product","3":"status-publish","4":"has-post-thumbnail","6":"product_cat-suplementy","8":"first","9":"instock","10":"shipping-taxable","11":"purchasable","12":"product-type-simple"},"aioseo_notices":[],"_links":{"self":[{"href":"https:\/\/lekarzpodroznik.pl\/store\/wp-json\/wp\/v2\/product\/287","targetHints":{"allow":["GET"]}}],"collection":[{"href":"https:\/\/lekarzpodroznik.pl\/store\/wp-json\/wp\/v2\/product"}],"about":[{"href":"https:\/\/lekarzpodroznik.pl\/store\/wp-json\/wp\/v2\/types\/product"}],"replies":[{"embeddable":true,"href":"https:\/\/lekarzpodroznik.pl\/store\/wp-json\/wp\/v2\/comments?post=287"}],"wp:featuredmedia":[{"embeddable":true,"href":"https:\/\/lekarzpodroznik.pl\/store\/wp-json\/wp\/v2\/media\/288"}],"wp:attachment":[{"href":"https:\/\/lekarzpodroznik.pl\/store\/wp-json\/wp\/v2\/media?parent=287"}],"wp:term":[{"taxonomy":"product_brand","embeddable":true,"href":"https:\/\/lekarzpodroznik.pl\/store\/wp-json\/wp\/v2\/product_brand?post=287"},{"taxonomy":"product_cat","embeddable":true,"href":"https:\/\/lekarzpodroznik.pl\/store\/wp-json\/wp\/v2\/product_cat?post=287"},{"taxonomy":"product_tag","embeddable":true,"href":"https:\/\/lekarzpodroznik.pl\/store\/wp-json\/wp\/v2\/product_tag?post=287"}],"curies":[{"name":"wp","href":"https:\/\/api.w.org\/{rel}","templated":true}]}}