{"id":295,"date":"2024-10-08T10:41:35","date_gmt":"2024-10-08T10:41:35","guid":{"rendered":"https:\/\/lekarzpodroznik.pl\/store\/?post_type=product&#038;p=295"},"modified":"2024-10-31T07:34:38","modified_gmt":"2024-10-31T07:34:38","slug":"eroxent","status":"publish","type":"product","link":"https:\/\/lekarzpodroznik.pl\/store\/product\/eroxent\/","title":{"rendered":"Eroxent"},"content":{"rendered":"<p>Eroxent to proszek na potencj\u0119, kt\u00f3ry wyr\u00f3\u017cnia si\u0119 na rynku dzi\u0119ki swojej innowacyjnej formie. Preparat ten jest sprzedawany w postaci proszku, kt\u00f3ry nale\u017cy rozpu\u015bci\u0107 w wodzie przed spo\u017cyciem. To rozwi\u0105zanie gwarantuje szybsze wch\u0142anianie substancji czynnych, co przyczynia si\u0119 do szybszego i bardziej intensywnego dzia\u0142ania. Produkt ten jest suplementem diety, co oznacza, \u017ce mo\u017cna go stosowa\u0107 jako uzupe\u0142nienie codziennej diety w celu poprawy funkcji seksualnych.<\/p>\n<p><strong>Grupa docelowa<\/strong> Eroxent to m\u0119\u017cczy\u017ani, kt\u00f3rzy maj\u0105 trudno\u015bci z utrzymaniem erekcji, obni\u017cone libido, a tak\u017ce ci, kt\u00f3rzy chc\u0105 zwi\u0119kszy\u0107 swoj\u0105 wydolno\u015b\u0107 fizyczn\u0105 i seksualn\u0105. Preparat jest r\u00f3wnie\u017c rekomendowany dla m\u0119\u017cczyzn dbaj\u0105cych o swoj\u0105 p\u0142odno\u015b\u0107, gdy\u017c jego sk\u0142adniki maj\u0105 pozytywny wp\u0142yw na jako\u015b\u0107 nasienia oraz og\u00f3ln\u0105 zdolno\u015b\u0107 reprodukcyjn\u0105.<\/p>\n<p style=\"text-align: center;\"><a class=\"border-button\" href=\"https:\/\/tl-track.com\/tracker\/uUC8\">www.eroxent.pl<\/a><\/p>\n<h2>Wskazania i Przeciwwskazania Stosowania Eroxent<\/h2>\n<p>Stosowanie Eroxent zaleca si\u0119 w przypadku:<\/p>\n<ol>\n<li>Problemy z potencj\u0105, takie jak trudno\u015bci z utrzymaniem erekcji.<\/li>\n<li>Obni\u017cone libido, zmniejszona ochota na seks.<\/li>\n<li>Obni\u017cona jako\u015b\u0107 \u017cycia seksualnego z powodu zm\u0119czenia, stresu lub innych czynnik\u00f3w zewn\u0119trznych.<\/li>\n<li>Ch\u0119\u0107 poprawy wydolno\u015bci fizycznej, zar\u00f3wno w sferze seksualnej, jak i og\u00f3lnej.<\/li>\n<\/ol>\n<h3>Przeciwwskazania<\/h3>\n<p>Cho\u0107 Eroxent bazuje na naturalnych sk\u0142adnikach, jak ka\u017cdy suplement, nie jest przeznaczony dla ka\u017cdego. Do przeciwwskaza\u0144 nale\u017c\u0105:<\/p>\n<ul>\n<li>Alergia na kt\u00f3rykolwiek ze sk\u0142adnik\u00f3w produktu.<\/li>\n<li>Ci\u0119\u017ckie choroby serca lub uk\u0142adu kr\u0105\u017cenia.<\/li>\n<li>Problemy z w\u0105trob\u0105 lub nerkami.<\/li>\n<li>Stosowanie innych lek\u00f3w na potencj\u0119 (nale\u017cy skonsultowa\u0107 to z lekarzem).<\/li>\n<\/ul>\n<h2>Sk\u0142ad Eroxent \u2013 Skuteczne Sk\u0142adniki<\/h2>\n<p>Skuteczno\u015b\u0107 Eroxent wynika z unikalnej formu\u0142y opartej na naturalnych, starannie dobranych sk\u0142adnikach. Ka\u017cdy z nich odgrywa istotn\u0105 rol\u0119 w poprawie zdrowia seksualnego i og\u00f3lnego samopoczucia m\u0119\u017cczyzny.<\/p>\n<table>\n<thead>\n<tr>\n<th><strong>Sk\u0142adnik<\/strong><\/th>\n<th><strong>Dzia\u0142anie<\/strong><\/th>\n<\/tr>\n<\/thead>\n<tbody>\n<tr>\n<td><strong>Sojowe w\u0142\u00f3kno<\/strong><\/td>\n<td>Wspiera trawienie i reguluje poziom cholesterolu, co ma pozytywny wp\u0142yw na zdrowie serca.<\/td>\n<\/tr>\n<tr>\n<td><strong>Izolowany bia\u0142ko sojowe<\/strong><\/td>\n<td>Dzia\u0142a jako \u017ar\u00f3d\u0142o bia\u0142ka, wspomaga budow\u0119 mi\u0119\u015bni i regeneracj\u0119.<\/td>\n<\/tr>\n<tr>\n<td><strong>Tauryna<\/strong><\/td>\n<td>Wspiera uk\u0142ad nerwowy i poprawia wydolno\u015b\u0107 fizyczn\u0105.<\/td>\n<\/tr>\n<tr>\n<td><strong>L-arginina<\/strong><\/td>\n<td>Zwi\u0119ksza przep\u0142yw krwi, wspomagaj\u0105c erekcj\u0119.<\/td>\n<\/tr>\n<tr>\n<td><strong>Magnez<\/strong><\/td>\n<td>Poprawia funkcjonowanie mi\u0119\u015bni i uk\u0142adu nerwowego.<\/td>\n<\/tr>\n<tr>\n<td><strong>L-cytrulina<\/strong><\/td>\n<td>Wspomaga produkcj\u0119 tlenku azotu, co przek\u0142ada si\u0119 na lepsze ukrwienie cz\u0142onka.<\/td>\n<\/tr>\n<tr>\n<td><strong>Tribulus terrestris<\/strong><\/td>\n<td>Zwi\u0119ksza poziom testosteronu, co pozytywnie wp\u0142ywa na libido.<\/td>\n<\/tr>\n<tr>\n<td><strong>Witamina C<\/strong><\/td>\n<td>Chroni przed stresem oksydacyjnym, wspiera odporno\u015b\u0107 i og\u00f3ln\u0105 witalno\u015b\u0107.<\/td>\n<\/tr>\n<tr>\n<td><strong>Selen<\/strong><\/td>\n<td>Poprawia jako\u015b\u0107 nasienia i wspiera zdrowie prostaty.<\/td>\n<\/tr>\n<tr>\n<td><strong>Ekstrakt z korzenia maki<\/strong><\/td>\n<td>Naturalny afrodyzjak, poprawiaj\u0105cy libido i wydolno\u015b\u0107 fizyczn\u0105.<\/td>\n<\/tr>\n<tr>\n<td><strong>Ekstrakt z korzenia \u017ce\u0144-szenia<\/strong><\/td>\n<td>Zwi\u0119ksza energi\u0119 i poprawia og\u00f3lne funkcje seksualne.<\/td>\n<\/tr>\n<tr>\n<td><strong>Cynk<\/strong><\/td>\n<td>Wspiera produkcj\u0119 testosteronu, kt\u00f3ry jest kluczowy dla zdrowia seksualnego.<\/td>\n<\/tr>\n<tr>\n<td><strong>Witamina B6<\/strong><\/td>\n<td>Wspiera zdrowie uk\u0142adu nerwowego i poprawia nastr\u00f3j.<\/td>\n<\/tr>\n<\/tbody>\n<\/table>\n<h2>Efekty Stosowania \u2013 Dzia\u0142anie Eroxent<\/h2>\n<p>Stosowanie Eroxent przynosi szereg korzy\u015bci dla zdrowia seksualnego oraz og\u00f3lnej kondycji fizycznej m\u0119\u017cczyzn. Regularne za\u017cywanie tego suplementu mo\u017ce skutkowa\u0107:<\/p>\n<ol>\n<li><strong>Popraw\u0105 jako\u015bci erekcji<\/strong> \u2013 Dzi\u0119ki zawarto\u015bci L-argininy i L-cytruliny, kt\u00f3re poprawiaj\u0105 przep\u0142yw krwi, m\u0119\u017cczy\u017ani do\u015bwiadczaj\u0105 silniejszych i d\u0142u\u017cej trwaj\u0105cych erekcji.<\/li>\n<li><strong>Zwi\u0119kszeniem libido<\/strong> \u2013 Naturalne afrodyzjaki, takie jak ekstrakt z maki i \u017ce\u0144-szenia, skutecznie podnosz\u0105 poziom libido i poprawiaj\u0105 og\u00f3ln\u0105 satysfakcj\u0119 z \u017cycia seksualnego.<\/li>\n<li><strong>Podwy\u017cszeniem poziomu energii<\/strong> \u2013 Zawarto\u015b\u0107 tauryny i \u017ce\u0144-szenia przyczynia si\u0119 do zwi\u0119kszenia wydolno\u015bci fizycznej, co jest wa\u017cne nie tylko w sferze seksualnej, ale i codziennym funkcjonowaniu.<\/li>\n<li><strong>Popraw\u0105 p\u0142odno\u015bci<\/strong> \u2013 Zawarte w preparacie cynk i selen wspieraj\u0105 produkcj\u0119 zdrowych plemnik\u00f3w, co mo\u017ce by\u0107 korzystne dla m\u0119\u017cczyzn planuj\u0105cych powi\u0119kszenie rodziny.<\/li>\n<li><strong>Og\u00f3ln\u0105 popraw\u0105 zdrowia<\/strong> \u2013 Witamina C, magnez i inne sk\u0142adniki od\u017cywcze wspieraj\u0105 og\u00f3ln\u0105 witalno\u015b\u0107, odporno\u015b\u0107 oraz zdrowie serca.<\/li>\n<\/ol>\n<h2>Gdzie Kupi\u0107 Eroxent?<\/h2>\n<p>Je\u015bli zastanawiasz si\u0119, gdzie kupi\u0107 Eroxent, warto zwr\u00f3ci\u0107 uwag\u0119, \u017ce suplement ten nie jest dost\u0119pny w stacjonarnych aptekach. Wynika to z polityki producenta, kt\u00f3ry postawi\u0142 na sprzeda\u017c bezpo\u015bredni\u0105 przez internet, co zapewnia autentyczno\u015b\u0107 produktu oraz najlepsz\u0105 cen\u0119 dla klient\u00f3w.<\/p>\n<p>Najlepszym miejscem, aby <strong>kupi\u0107 Eroxent<\/strong>, jest strona internetowa producenta. Zakup u \u017ar\u00f3d\u0142a to gwarancja oryginalno\u015bci oraz mo\u017cliwo\u015b\u0107 skorzystania z r\u00f3\u017cnych promocji i rabat\u00f3w. Warto r\u00f3wnie\u017c pami\u0119ta\u0107, \u017ce wiele nieautoryzowanych sklep\u00f3w mo\u017ce oferowa\u0107 podr\u00f3bki tego produktu, kt\u00f3re nie zapewniaj\u0105 takiej samej skuteczno\u015bci.<\/p>\n<p>Je\u015bli zale\u017cy Ci na szybkim i skutecznym rozwi\u0105zaniu problem\u00f3w z potencj\u0105, <strong>kupno Eroxent u producenta<\/strong> to najbardziej pewna i bezpieczna opcja. Suplement ten jest tak\u017ce cz\u0119sto dost\u0119pny w formie pakiet\u00f3w, co pozwala na d\u0142ugoterminowe oszcz\u0119dno\u015bci. W przypadku wi\u0119kszych zam\u00f3wie\u0144 cz\u0119sto mo\u017cna liczy\u0107 na darmow\u0105 dostaw\u0119.<\/p>\n<p style=\"text-align: center;\"><a class=\"border-button\" href=\"https:\/\/tl-track.com\/tracker\/uUC8\">KUPI\u0106 PO CENIE PRODUCENTA (-50%)<\/a><\/p>\n","protected":false},"excerpt":{"rendered":"<p>Nr kat.: 870874557<\/p>\n<p style=\"text-align: center;\"><a class=\"border-button\" href=\"https:\/\/tl-track.com\/tracker\/uUC8\">KUP TERAZ<\/a><\/p>\n","protected":false},"featured_media":296,"comment_status":"open","ping_status":"closed","template":"","meta":[],"product_brand":[],"product_cat":[18],"product_tag":[],"class_list":{"0":"post-295","1":"product","2":"type-product","3":"status-publish","4":"has-post-thumbnail","6":"product_cat-suplementy","8":"first","9":"instock","10":"sale","11":"shipping-taxable","12":"purchasable","13":"product-type-simple"},"aioseo_notices":[],"_links":{"self":[{"href":"https:\/\/lekarzpodroznik.pl\/store\/wp-json\/wp\/v2\/product\/295","targetHints":{"allow":["GET"]}}],"collection":[{"href":"https:\/\/lekarzpodroznik.pl\/store\/wp-json\/wp\/v2\/product"}],"about":[{"href":"https:\/\/lekarzpodroznik.pl\/store\/wp-json\/wp\/v2\/types\/product"}],"replies":[{"embeddable":true,"href":"https:\/\/lekarzpodroznik.pl\/store\/wp-json\/wp\/v2\/comments?post=295"}],"wp:featuredmedia":[{"embeddable":true,"href":"https:\/\/lekarzpodroznik.pl\/store\/wp-json\/wp\/v2\/media\/296"}],"wp:attachment":[{"href":"https:\/\/lekarzpodroznik.pl\/store\/wp-json\/wp\/v2\/media?parent=295"}],"wp:term":[{"taxonomy":"product_brand","embeddable":true,"href":"https:\/\/lekarzpodroznik.pl\/store\/wp-json\/wp\/v2\/product_brand?post=295"},{"taxonomy":"product_cat","embeddable":true,"href":"https:\/\/lekarzpodroznik.pl\/store\/wp-json\/wp\/v2\/product_cat?post=295"},{"taxonomy":"product_tag","embeddable":true,"href":"https:\/\/lekarzpodroznik.pl\/store\/wp-json\/wp\/v2\/product_tag?post=295"}],"curies":[{"name":"wp","href":"https:\/\/api.w.org\/{rel}","templated":true}]}}