{"id":299,"date":"2024-10-08T10:49:00","date_gmt":"2024-10-08T10:49:00","guid":{"rendered":"https:\/\/lekarzpodroznik.pl\/store\/?post_type=product&#038;p=299"},"modified":"2025-03-12T10:27:14","modified_gmt":"2025-03-12T10:27:14","slug":"fungent","status":"publish","type":"product","link":"https:\/\/lekarzpodroznik.pl\/store\/product\/fungent\/","title":{"rendered":"Fungent"},"content":{"rendered":"<p>Fungent to krem przeznaczony do miejscowego stosowania na sk\u00f3r\u0119, kt\u00f3ry pomaga w leczeniu grzybicy st\u00f3p oraz paznokci. Jest to produkt o naturalnym sk\u0142adzie, oparty na ekstraktach ro\u015blinnych, kt\u00f3re wnikaj\u0105 w g\u0142\u0119bsze warstwy sk\u00f3ry, eliminuj\u0105c nie tylko objawy grzybicy, ale r\u00f3wnie\u017c przyczyn\u0119 infekcji.<\/p>\n<p>Krem Fungent dost\u0119pny jest w por\u0119cznej tubie, co u\u0142atwia jego aplikacj\u0119 i precyzyjne na\u0142o\u017cenie na zainfekowane miejsca. Dzi\u0119ki swojej konsystencji \u0142atwo si\u0119 rozprowadza i szybko wch\u0142ania, co sprawia, \u017ce nie pozostawia t\u0142ustych \u015blad\u00f3w i nie powoduje dyskomfortu podczas noszenia obuwia.<\/p>\n<p>Fungent przeznaczony jest dla os\u00f3b cierpi\u0105cych na r\u00f3\u017cne formy grzybicy, zar\u00f3wno sk\u00f3ry, jak i paznokci. Preparat ten jest odpowiedni dla wszystkich grup wiekowych, a dzi\u0119ki swojemu naturalnemu sk\u0142adowi jest bezpieczny nawet dla os\u00f3b z wra\u017cliw\u0105 sk\u00f3r\u0105, nie wywo\u0142uj\u0105c przy tym reakcji alergicznych ani uzale\u017cnienia.<\/p>\n<p style=\"text-align: center;\"><a class=\"border-button\" href=\"http:\/\/tl-track.com\/tracker\/uRTH\">www.fungent.pl<\/a><\/p>\n<h2>Wskazania i przeciwwskazania Fungent<\/h2>\n<h3>Wskazania<\/h3>\n<p>Fungent jest wskazany do stosowania w przypadku:<\/p>\n<ul>\n<li>Grzybicy st\u00f3p i paznokci<\/li>\n<li>Nadmiernego pocenia si\u0119 st\u00f3p<\/li>\n<li>Sw\u0119dzenia i pieczenia sk\u00f3ry<\/li>\n<li>Z\u0142uszczania nask\u00f3rka<\/li>\n<li>Nieprzyjemnego zapachu st\u00f3p<\/li>\n<li>Krucho\u015bci i rozwarstwienia paznokci spowodowanego infekcj\u0105 grzybicz\u0105<\/li>\n<\/ul>\n<p>Krem jest skuteczny w przypadku wszystkich typ\u00f3w grzybicy, dzi\u0119ki szerokiemu spektrum dzia\u0142ania sk\u0142adnik\u00f3w aktywnych.<\/p>\n<h3>Przeciwwskazania<\/h3>\n<p>Chocia\u017c Fungent jest produktem o naturalnym sk\u0142adzie, istniej\u0105 pewne przeciwwskazania do jego stosowania. Kremu nie powinny u\u017cywa\u0107 osoby uczulone na kt\u00f3rykolwiek ze sk\u0142adnik\u00f3w preparatu. Przed pierwszym zastosowaniem zaleca si\u0119 przeprowadzenie pr\u00f3by uczuleniowej, nak\u0142adaj\u0105c niewielk\u0105 ilo\u015b\u0107 kremu na ma\u0142y obszar sk\u00f3ry i obserwuj\u0105c reakcj\u0119.<\/p>\n<h2>Sk\u0142ad Fungent \u2013 skuteczne sk\u0142adniki<\/h2>\n<p>Jednym z kluczowych aspekt\u00f3w, kt\u00f3ry wyr\u00f3\u017cnia Fungent, jest jego naturalny sk\u0142ad. W kremie znajdziemy szereg ekstrakt\u00f3w ro\u015blinnych, kt\u00f3re wsp\u00f3lnie dzia\u0142aj\u0105 na r\u00f3\u017cne objawy grzybicy i pomagaj\u0105 w jej skutecznym leczeniu.<\/p>\n<p><strong>Sk\u0142adniki aktywne:<\/strong><\/p>\n<ol>\n<li><strong>Ekstrakt z cebuli (Allium Cepa)<\/strong> \u2013 ma silne w\u0142a\u015bciwo\u015bci przeciwgrzybicze i przeciwbakteryjne, co pomaga w eliminacji infekcji i zapobiega jej nawrotom.<\/li>\n<li><strong>Ekstrakt z gotu kola (Centella Asiatica)<\/strong> \u2013 wspiera procesy regeneracyjne sk\u00f3ry, przyspieszaj\u0105c gojenie si\u0119 zmian sk\u00f3rnych i poprawiaj\u0105c elastyczno\u015b\u0107 nask\u00f3rka.<\/li>\n<li><strong>Ekstrakt z nostrzyka lekarskiego (Melilotus Officinalis)<\/strong> \u2013 dzia\u0142a przeciwzapalnie, zmniejsza obrz\u0119ki oraz pomaga \u0142agodzi\u0107 podra\u017cnienia sk\u00f3ry.<\/li>\n<li><strong>Ekstrakt z kasztanowca zwyczajnego (Aesculus Hippocastanum)<\/strong> \u2013 wzmacnia \u015bciany naczy\u0144 krwiono\u015bnych, co poprawia kr\u0105\u017cenie krwi w obszarach dotkni\u0119tych grzybic\u0105, przyspieszaj\u0105c proces leczenia.<\/li>\n<li><strong>Ekstrakt z macierzanki piaskowej (Thymus Serpyllum)<\/strong> \u2013 dzia\u0142a antyseptycznie, wspieraj\u0105c naturaln\u0105 ochron\u0119 sk\u00f3ry przed infekcjami.<\/li>\n<li><strong>Ekstrakt z korzenia \u0142opianu (Arctium Lappa)<\/strong> \u2013 ma w\u0142a\u015bciwo\u015bci antybakteryjne i przeciwgrzybicze, skutecznie zwalczaj\u0105c drobnoustroje odpowiedzialne za rozw\u00f3j grzybicy.<\/li>\n<li><strong>Ekstrakt z rozmarynu lekarskiego (Rosmarinus Officinalis)<\/strong> \u2013 pomaga w regeneracji nask\u00f3rka i dzia\u0142a przeciwzapalnie.<\/li>\n<li><strong>Ekstrakt ze skrzypu polnego (Equisetum Arvense)<\/strong> \u2013 wzmacnia p\u0142ytk\u0119 paznokcia i wspiera jej odbudow\u0119 po infekcji.<\/li>\n<li><strong>Ekstrakt z nagietka lekarskiego (Calendula Officinalis)<\/strong> \u2013 przyspiesza gojenie si\u0119 ran i dzia\u0142a koj\u0105co na podra\u017cnion\u0105 sk\u00f3r\u0119.<\/li>\n<li><strong>Ekstrakt z kwiat\u00f3w rumianku (Chamomilla Recutita)<\/strong> \u2013 \u0142agodzi podra\u017cnienia, zmniejsza stany zapalne oraz dzia\u0142a antybakteryjnie.<\/li>\n<\/ol>\n<h2>Efekty stosowania \u2013 dzia\u0142anie kremu Fungent<\/h2>\n<p>Stosowanie kremu Fungent regularnie przynosi szereg korzy\u015bci dla zdrowia sk\u00f3ry i paznokci. Poni\u017cej przedstawiamy g\u0142\u00f3wne efekty, jakie mo\u017cna osi\u0105gn\u0105\u0107 dzi\u0119ki temu preparatowi:<\/p>\n<h3>Eliminacja objaw\u00f3w grzybicy<\/h3>\n<p>Fungent skutecznie \u0142agodzi takie objawy jak sw\u0119dzenie, pieczenie, z\u0142uszczanie si\u0119 sk\u00f3ry oraz nieprzyjemny zapach st\u00f3p. Dzi\u0119ki sk\u0142adnikom antyseptycznym krem eliminuje infekcj\u0119 grzybicz\u0105 ju\u017c na poziomie nask\u00f3rka.<\/p>\n<h3>Zapobieganie nawrotom<\/h3>\n<p>Naturalne sk\u0142adniki kremu wnikaj\u0105 w g\u0142\u0119bsze warstwy sk\u00f3ry, co pomaga zapobiega\u0107 nawrotom grzybicy. Regularne stosowanie preparatu wzmacnia naturalne mechanizmy obronne sk\u00f3ry, co sprawia, \u017ce infekcja nie powraca.<\/p>\n<h3>Poprawa kondycji paznokci<\/h3>\n<p>Fungent dzia\u0142a nie tylko na sk\u00f3r\u0119, ale r\u00f3wnie\u017c na paznokcie. Pomaga w odbudowie zniszczonej p\u0142ytki paznokcia, eliminuj\u0105c \u0142amliwo\u015b\u0107, rozwarstwianie oraz przyspieszaj\u0105c wzrost zdrowych paznokci.<\/p>\n<h3>Zmniejszenie nadmiernej potliwo\u015bci<\/h3>\n<p>Krem ma dzia\u0142anie reguluj\u0105ce prac\u0119 gruczo\u0142\u00f3w potowych, co pomaga zmniejszy\u0107 nadmiern\u0105 potliwo\u015b\u0107 st\u00f3p \u2013 cz\u0119sty problem towarzysz\u0105cy grzybicy. Zmniejszenie pocenia si\u0119 wp\u0142ywa r\u00f3wnie\u017c na redukcj\u0119 nieprzyjemnego zapachu.<\/p>\n<h3>Brak efekt\u00f3w ubocznych<\/h3>\n<p>Fungent, dzi\u0119ki swojemu naturalnemu sk\u0142adowi, jest bezpieczny w stosowaniu. Nie wywo\u0142uje reakcji alergicznych ani efektu uzale\u017cnienia, co sprawia, \u017ce mo\u017cna go stosowa\u0107 przez d\u0142u\u017cszy okres bez obaw o skutki uboczne.<\/p>\n<h2>Gdzie kupi\u0107 Fungent?<\/h2>\n<p>Jednym z najcz\u0119\u015bciej zadawanych pyta\u0144 jest: <strong>Gdzie kupi\u0107 Fungent?<\/strong> Odpowied\u017a jest prosta \u2013 krem nie jest dost\u0119pny w stacjonarnych aptekach. Mo\u017cna go naby\u0107 wy\u0142\u0105cznie poprzez stron\u0119 internetow\u0105 producenta. Decyzja o sprzeda\u017cy online wynika z ch\u0119ci zapewnienia klientom oryginalnego produktu w najkorzystniejszej cenie oraz ochrony przed podr\u00f3bkami.<\/p>\n<p>Zaleca si\u0119, aby <strong>kupowa\u0107 Fungent u producenta<\/strong>, poniewa\u017c to gwarantuje otrzymanie autentycznego produktu o najwy\u017cszej jako\u015bci. Na oficjalnej stronie internetowej cz\u0119sto mo\u017cna znale\u017a\u0107 promocyjne oferty oraz darmow\u0105 dostaw\u0119, co dodatkowo u\u0142atwia zakup. Nale\u017cy unika\u0107 podejrzanie tanich ofert w serwisach aukcyjnych, poniewa\u017c mog\u0105 one dotyczy\u0107 podrobionych produkt\u00f3w, kt\u00f3re nie b\u0119d\u0105 tak skuteczne jak orygina\u0142.<\/p>\n<p><strong>Dlaczego nie kupimy Fungent w aptece?<\/strong> Producent zdecydowa\u0142 si\u0119 na sprzeda\u017c bezpo\u015bredni\u0105, aby zminimalizowa\u0107 koszty po\u015brednik\u00f3w i aptek, co sprawia, \u017ce krem jest bardziej dost\u0119pny cenowo dla klient\u00f3w. To r\u00f3wnie\u017c spos\u00f3b na kontrol\u0119 jako\u015bci oraz zapewnienie, \u017ce ka\u017cdy klient otrzyma dok\u0142adnie ten sam, skuteczny produkt.<\/p>\n<p style=\"text-align: center;\"><a class=\"border-button\" href=\"http:\/\/tl-track.com\/tracker\/uRTH\">KUPI\u0106 PO CENIE PRODUCENTA (-50%)<\/a><\/p>\n","protected":false},"excerpt":{"rendered":"<p>Nr kat.: 870874559<\/p>\n<p style=\"text-align: center;\"><a class=\"border-button\" href=\"http:\/\/tl-track.com\/tracker\/uRTH\">KUP TERAZ<\/a><\/p>\n","protected":false},"featured_media":1140,"comment_status":"open","ping_status":"closed","template":"","meta":[],"product_brand":[],"product_cat":[18],"product_tag":[],"class_list":{"0":"post-299","1":"product","2":"type-product","3":"status-publish","4":"has-post-thumbnail","6":"product_cat-suplementy","8":"first","9":"instock","10":"sale","11":"shipping-taxable","12":"purchasable","13":"product-type-simple"},"aioseo_notices":[],"_links":{"self":[{"href":"https:\/\/lekarzpodroznik.pl\/store\/wp-json\/wp\/v2\/product\/299","targetHints":{"allow":["GET"]}}],"collection":[{"href":"https:\/\/lekarzpodroznik.pl\/store\/wp-json\/wp\/v2\/product"}],"about":[{"href":"https:\/\/lekarzpodroznik.pl\/store\/wp-json\/wp\/v2\/types\/product"}],"replies":[{"embeddable":true,"href":"https:\/\/lekarzpodroznik.pl\/store\/wp-json\/wp\/v2\/comments?post=299"}],"wp:featuredmedia":[{"embeddable":true,"href":"https:\/\/lekarzpodroznik.pl\/store\/wp-json\/wp\/v2\/media\/1140"}],"wp:attachment":[{"href":"https:\/\/lekarzpodroznik.pl\/store\/wp-json\/wp\/v2\/media?parent=299"}],"wp:term":[{"taxonomy":"product_brand","embeddable":true,"href":"https:\/\/lekarzpodroznik.pl\/store\/wp-json\/wp\/v2\/product_brand?post=299"},{"taxonomy":"product_cat","embeddable":true,"href":"https:\/\/lekarzpodroznik.pl\/store\/wp-json\/wp\/v2\/product_cat?post=299"},{"taxonomy":"product_tag","embeddable":true,"href":"https:\/\/lekarzpodroznik.pl\/store\/wp-json\/wp\/v2\/product_tag?post=299"}],"curies":[{"name":"wp","href":"https:\/\/api.w.org\/{rel}","templated":true}]}}