{"id":301,"date":"2024-10-08T10:52:14","date_gmt":"2024-10-08T10:52:14","guid":{"rendered":"https:\/\/lekarzpodroznik.pl\/store\/?post_type=product&#038;p=301"},"modified":"2024-10-31T07:39:14","modified_gmt":"2024-10-31T07:39:14","slug":"germivir-w-proszku","status":"publish","type":"product","link":"https:\/\/lekarzpodroznik.pl\/store\/product\/germivir-w-proszku\/","title":{"rendered":"Germivir 120g"},"content":{"rendered":"<p><strong>Germivir<\/strong> to preparat dost\u0119pny w formie proszku, przeznaczony do walki z paso\u017cytami. Jego zadaniem jest nie tylko eliminacja paso\u017cyt\u00f3w, ale tak\u017ce regeneracja przewodu pokarmowego i poprawa og\u00f3lnej kondycji organizmu. Dzia\u0142a na wiele r\u00f3\u017cnych patogen\u00f3w \u2014 od paso\u017cyt\u00f3w po wirusy, bakterie i grzyby, tworz\u0105c w organizmie \u015brodowisko, kt\u00f3re uniemo\u017cliwia ich rozmna\u017canie.<\/p>\n<p>Germivir nale\u017cy do grupy naturalnych \u015brodk\u00f3w przeciwpaso\u017cytniczych, kt\u00f3re dzi\u0119ki ro\u015blinnym ekstraktom delikatnie, ale skutecznie oczyszczaj\u0105 organizm. Wa\u017cne jest to, \u017ce preparat ten nie wywo\u0142uje uzale\u017cnie\u0144 ani reakcji alergicznych, co czyni go bezpiecznym nawet dla os\u00f3b z wra\u017cliwym organizmem. Produkt ten mo\u017ce by\u0107 stosowany przez ca\u0142\u0105 rodzin\u0119, co jest dodatkowym atutem w walce z paso\u017cytami.<\/p>\n<p style=\"text-align: center;\"><a class=\"border-button\" href=\"http:\/\/tl-track.com\/tracker\/u4hb\">www.germivir-w-proszku.pl<\/a><\/p>\n<h2>Wskazania i przeciwwskazania Germivir<\/h2>\n<p><strong>Germivir<\/strong> jest rekomendowany w przypadku podejrzenia zaka\u017cenia paso\u017cytami, problem\u00f3w z przewodem pokarmowym, takich jak b\u00f3le brzucha, biegunka, zaparcia, uczucie zm\u0119czenia, zmniejszona odporno\u015b\u0107 oraz inne objawy, kt\u00f3re mog\u0105 sugerowa\u0107 obecno\u015b\u0107 patogen\u00f3w w organizmie. Oczyszczanie organizmu z paso\u017cyt\u00f3w ma istotne znaczenie dla poprawy zdrowia i funkcjonowania organizmu, a Germivir skutecznie wspomaga ten proces.<\/p>\n<p>Jednak jak ka\u017cdy preparat, r\u00f3wnie\u017c Germivir posiada pewne przeciwwskazania. Produkt nie powinien by\u0107 stosowany przez osoby uczulone na kt\u00f3rykolwiek ze sk\u0142adnik\u00f3w preparatu. Warto przed rozpocz\u0119ciem kuracji skonsultowa\u0107 si\u0119 z lekarzem, szczeg\u00f3lnie je\u015bli mamy w\u0105tpliwo\u015bci co do stanu zdrowia. Ponadto, preparat nie jest zalecany dla kobiet w ci\u0105\u017cy oraz karmi\u0105cych piersi\u0105, chyba \u017ce lekarz zaleci inaczej.<\/p>\n<h2>Sk\u0142ad Germivir \u2013 skuteczne sk\u0142adniki<\/h2>\n<p>Jednym z najwa\u017cniejszych atut\u00f3w <strong>Germiviru<\/strong> jest jego naturalny, ro\u015blinny sk\u0142ad. Ka\u017cdy sk\u0142adnik zosta\u0142 starannie dobrany, aby wspiera\u0107 walk\u0119 z paso\u017cytami oraz regeneracj\u0119 organizmu. Poni\u017cej znajduje si\u0119 lista najwa\u017cniejszych sk\u0142adnik\u00f3w Germiviru oraz ich w\u0142a\u015bciwo\u015bci:<\/p>\n<ol>\n<li><strong>Ekstrakt z pestek dyni<\/strong> \u2013 dzia\u0142a przeciwpaso\u017cytniczo, szczeg\u00f3lnie skuteczny w zwalczaniu tasiemc\u00f3w. Pobudza wydzielanie sok\u00f3w trawiennych i wspomaga oczyszczanie jelit.<\/li>\n<li><strong>Ekstrakt z tymianku<\/strong> \u2013 posiada w\u0142a\u015bciwo\u015bci antybakteryjne i przeciwzapalne, wspomaga walk\u0119 z infekcjami bakteryjnymi.<\/li>\n<li><strong>Ekstrakt z p\u0105k\u00f3w go\u017adzika<\/strong> \u2013 znany ze swoich w\u0142a\u015bciwo\u015bci przeciwgrzybiczych i przeciwpaso\u017cytniczych. Pomaga eliminowa\u0107 paso\u017cyty oraz chroni organizm przed ich nawrotem.<\/li>\n<li><strong>Ekstrakt z jab\u0142ka<\/strong> \u2013 wspomaga proces detoksykacji organizmu, bogaty w pektyny, kt\u00f3re pomagaj\u0105 usuwa\u0107 toksyny z przewodu pokarmowego.<\/li>\n<li><strong>Ekstrakt z buraka<\/strong> \u2013 dzia\u0142a oczyszczaj\u0105co, wspomaga usuwanie metali ci\u0119\u017ckich i toksyn z organizmu.<\/li>\n<li><strong>Ekstrakt z czosnku<\/strong> \u2013 naturalny antybiotyk, posiada w\u0142a\u015bciwo\u015bci przeciwbakteryjne i przeciwwirusowe, wspomaga uk\u0142ad odporno\u015bciowy.<\/li>\n<li><strong>Ekstrakt z li\u015bci orzecha w\u0142oskiego<\/strong> \u2013 dzia\u0142a przeciwpaso\u017cytniczo i antyseptycznie, pomaga w usuwaniu toksyn z organizmu.<\/li>\n<li><strong>Ekstrakt z wrotyczu<\/strong> \u2013 znany ze swoich w\u0142a\u015bciwo\u015bci przeciwpaso\u017cytniczych, szczeg\u00f3lnie skuteczny w zwalczaniu owsik\u00f3w.<\/li>\n<li><strong>Ekstrakt z korzenia lukrecji<\/strong> \u2013 dzia\u0142a \u0142agodz\u0105co na uk\u0142ad trawienny, pomaga w leczeniu stan\u00f3w zapalnych oraz wzmacnia odporno\u015b\u0107.<\/li>\n<li><strong>Ekstrakt z pio\u0142unu<\/strong> \u2013 silne dzia\u0142anie przeciwpaso\u017cytnicze, szczeg\u00f3lnie skuteczny w walce z robakami ob\u0142ymi i tasiemcami.<\/li>\n<\/ol>\n<h2>Efekty stosowania \u2013 dzia\u0142anie Germivir<\/h2>\n<p>Stosowanie <strong>Germiviru<\/strong> przynosi szereg pozytywnych efekt\u00f3w dla organizmu. Oto najwa\u017cniejsze korzy\u015bci wynikaj\u0105ce z regularnej kuracji tym preparatem:<\/p>\n<ul>\n<li><strong>Eliminacja paso\u017cyt\u00f3w<\/strong> \u2013 g\u0142\u00f3wnym celem Germiviru jest usuni\u0119cie paso\u017cyt\u00f3w z organizmu. Preparat skutecznie niszczy r\u00f3\u017cne rodzaje paso\u017cyt\u00f3w, zar\u00f3wno doros\u0142e osobniki, jak i ich jaja.<\/li>\n<li><strong>Oczyszczenie organizmu<\/strong> \u2013 sk\u0142adniki preparatu wspomagaj\u0105 detoksykacj\u0119 organizmu, pomagaj\u0105 usun\u0105\u0107 toksyny, resztki paso\u017cyt\u00f3w oraz produkty ich metabolizmu.<\/li>\n<li><strong>Regeneracja mikroflory jelitowej<\/strong> \u2013 Germivir wspomaga odbudow\u0119 naturalnej mikroflory jelitowej, co jest kluczowe dla prawid\u0142owego funkcjonowania uk\u0142adu pokarmowego.<\/li>\n<li><strong>Wzmocnienie odporno\u015bci<\/strong> \u2013 dzi\u0119ki sk\u0142adnikom takim jak czosnek czy lukrecja, preparat wzmacnia naturaln\u0105 odporno\u015b\u0107 organizmu, co pomaga w ochronie przed kolejnymi infekcjami.<\/li>\n<li><strong>Redukcja proces\u00f3w zapalnych<\/strong> \u2013 Germivir wspomaga walk\u0119 z procesami zapalnymi w przewodzie pokarmowym, co przyczynia si\u0119 do poprawy og\u00f3lnego samopoczucia.<\/li>\n<li><strong>Poprawa trawienia<\/strong> \u2013 dzi\u0119ki ekstraktom ro\u015blinnym, preparat wspomaga wydzielanie sok\u00f3w trawiennych i poprawia og\u00f3lne funkcjonowanie uk\u0142adu pokarmowego.<\/li>\n<\/ul>\n<h2>Gdzie kupi\u0107 Germivir?<\/h2>\n<p>Zakup <strong>Germiviru<\/strong> mo\u017ce okaza\u0107 si\u0119 nieco trudniejszy, poniewa\u017c preparat ten nie jest dost\u0119pny w tradycyjnych aptekach stacjonarnych. Warto jednak zwr\u00f3ci\u0107 uwag\u0119 na to, \u017ce jego oryginalno\u015b\u0107 i skuteczno\u015b\u0107 s\u0105 gwarantowane tylko przez zakup bezpo\u015brednio u producenta. Dlatego, je\u015bli zastanawiasz si\u0119, gdzie kupi\u0107 Germivir, najlepszym rozwi\u0105zaniem b\u0119dzie z\u0142o\u017cenie zam\u00f3wienia na oficjalnej stronie internetowej producenta.<\/p>\n<p>Nale\u017cy unika\u0107 ofert z niepewnych \u017ar\u00f3de\u0142, kt\u00f3re mog\u0105 oferowa\u0107 podr\u00f3bki tego preparatu. Zakup u autoryzowanego dystrybutora zapewnia nie tylko wysok\u0105 jako\u015b\u0107 produktu, ale r\u00f3wnie\u017c bezpiecze\u0144stwo stosowania. Poszukuj\u0105c frazy &#8222;kup Germivir&#8221; w internecie, warto zwr\u00f3ci\u0107 uwag\u0119 na strony, kt\u00f3re oferuj\u0105 bezpieczne formy p\u0142atno\u015bci oraz szybki czas realizacji zam\u00f3wienia.<\/p>\n<p><strong>Germivir<\/strong> to produkt, kt\u00f3ry wyr\u00f3\u017cnia si\u0119 na tle innych preparat\u00f3w przeciwpaso\u017cytniczych dzi\u0119ki swojemu naturalnemu sk\u0142adowi i szerokiemu spektrum dzia\u0142ania. Sk\u0142adniki ro\u015blinne, takie jak ekstrakt z pestek dyni, wrotycz, pio\u0142un czy czosnek, skutecznie wspomagaj\u0105 walk\u0119 z paso\u017cytami, a jednocze\u015bnie wspieraj\u0105 og\u00f3ln\u0105 kondycj\u0119 organizmu, poprawiaj\u0105 trawienie i wzmacniaj\u0105 odporno\u015b\u0107. Brak skutk\u00f3w ubocznych, takich jak uzale\u017cnienia czy reakcje alergiczne, czyni Germivir idealnym wyborem dla os\u00f3b, kt\u00f3re szukaj\u0105 bezpiecznego i skutecznego sposobu na walk\u0119 z paso\u017cytami.<\/p>\n<p style=\"text-align: center;\"><a class=\"border-button\" href=\"http:\/\/tl-track.com\/tracker\/u4hb\">KUPI\u0106 PO CENIE PRODUCENTA (-50%)<\/a><\/p>\n","protected":false},"excerpt":{"rendered":"<p>Nr kat.: 870874560<\/p>\n<p style=\"text-align: center;\"><a class=\"border-button\" href=\"http:\/\/tl-track.com\/tracker\/u4hb\">KUP TERAZ<\/a><\/p>\n","protected":false},"featured_media":302,"comment_status":"open","ping_status":"closed","template":"","meta":[],"product_brand":[],"product_cat":[18],"product_tag":[],"class_list":{"0":"post-301","1":"product","2":"type-product","3":"status-publish","4":"has-post-thumbnail","6":"product_cat-suplementy","8":"first","9":"instock","10":"sale","11":"shipping-taxable","12":"purchasable","13":"product-type-simple"},"aioseo_notices":[],"_links":{"self":[{"href":"https:\/\/lekarzpodroznik.pl\/store\/wp-json\/wp\/v2\/product\/301","targetHints":{"allow":["GET"]}}],"collection":[{"href":"https:\/\/lekarzpodroznik.pl\/store\/wp-json\/wp\/v2\/product"}],"about":[{"href":"https:\/\/lekarzpodroznik.pl\/store\/wp-json\/wp\/v2\/types\/product"}],"replies":[{"embeddable":true,"href":"https:\/\/lekarzpodroznik.pl\/store\/wp-json\/wp\/v2\/comments?post=301"}],"wp:featuredmedia":[{"embeddable":true,"href":"https:\/\/lekarzpodroznik.pl\/store\/wp-json\/wp\/v2\/media\/302"}],"wp:attachment":[{"href":"https:\/\/lekarzpodroznik.pl\/store\/wp-json\/wp\/v2\/media?parent=301"}],"wp:term":[{"taxonomy":"product_brand","embeddable":true,"href":"https:\/\/lekarzpodroznik.pl\/store\/wp-json\/wp\/v2\/product_brand?post=301"},{"taxonomy":"product_cat","embeddable":true,"href":"https:\/\/lekarzpodroznik.pl\/store\/wp-json\/wp\/v2\/product_cat?post=301"},{"taxonomy":"product_tag","embeddable":true,"href":"https:\/\/lekarzpodroznik.pl\/store\/wp-json\/wp\/v2\/product_tag?post=301"}],"curies":[{"name":"wp","href":"https:\/\/api.w.org\/{rel}","templated":true}]}}