{"id":305,"date":"2024-10-08T11:01:40","date_gmt":"2024-10-08T11:01:40","guid":{"rendered":"https:\/\/lekarzpodroznik.pl\/store\/?post_type=product&#038;p=305"},"modified":"2025-12-26T16:31:25","modified_gmt":"2025-12-26T16:31:25","slug":"hairstim","status":"publish","type":"product","link":"https:\/\/lekarzpodroznik.pl\/store\/product\/hairstim\/","title":{"rendered":"Hairstim"},"content":{"rendered":"<p>Hairstim to nowoczesny preparat w formie sprayu, stworzony specjalnie do zwalczania problemu wypadania w\u0142os\u00f3w oraz stymulacji ich wzrostu. Jest to produkt biotechnologiczny, kt\u00f3ry dzia\u0142a na poziomie mieszk\u00f3w w\u0142osowych, aktywuj\u0105c macierz zarodkow\u0105 (Matrice germinativa), czyli miejsce, gdzie powstaj\u0105 nowe kom\u00f3rki w\u0142os\u00f3w. Dzi\u0119ki temu, spray nie tylko zapobiega dalszemu wypadaniu w\u0142os\u00f3w, ale tak\u017ce przyspiesza ich regeneracj\u0119 i wzrost.<\/p>\n<p>Hairstim dost\u0119pny jest w postaci sprayu, co czyni go wygodnym i \u0142atwym w u\u017cyciu. Aplikacja jest szybka, nie wymaga specjalnych umiej\u0119tno\u015bci, a preparat nie pozostawia t\u0142ustych \u015blad\u00f3w na sk\u00f3rze czy w\u0142osach.<\/p>\n<p>Hairstim nale\u017cy do grupy preparat\u00f3w mezoterapeutycznych, kt\u00f3re dzia\u0142aj\u0105 bezpo\u015brednio na sk\u00f3r\u0119 g\u0142owy, od\u017cywiaj\u0105c j\u0105 i stymuluj\u0105c wzrost w\u0142os\u00f3w. Produkt jest polecany osobom z problemami nadmiernego wypadania w\u0142os\u00f3w, \u0142ysienia oraz os\u0142abienia struktury w\u0142osa.<\/p>\n<p style=\"text-align: center;\"><a class=\"border-button\" href=\"https:\/\/tl-track.com\/tracker\/uRbS\">www.hairstim.pl<\/a><\/p>\n<h2>Wskazania i przeciwwskazania Hairstim<\/h2>\n<p>Hairstim jest szczeg\u00f3lnie polecany w nast\u0119puj\u0105cych przypadkach:<\/p>\n<ul>\n<li>Nadmierne wypadanie w\u0142os\u00f3w spowodowane stresem, niew\u0142a\u015bciw\u0105 diet\u0105, czynnikami hormonalnymi czy genetycznymi.<\/li>\n<li>\u0141ysienie androgenowe zar\u00f3wno u m\u0119\u017cczyzn, jak i u kobiet.<\/li>\n<li>Os\u0142abione i cienkie w\u0142osy, kt\u00f3re wymagaj\u0105 rewitalizacji.<\/li>\n<li>Wzmo\u017cona utrata w\u0142os\u00f3w po ci\u0105\u017cy lub w wyniku chor\u00f3b.<\/li>\n<\/ul>\n<p>Jednak jak ka\u017cdy preparat, Hairstim nie jest odpowiedni dla wszystkich. Istniej\u0105 pewne przeciwwskazania do jego stosowania:<\/p>\n<ul>\n<li><strong>Alergia na sk\u0142adniki preparatu:<\/strong> Przed pierwszym u\u017cyciem warto sprawdzi\u0107, czy nie jeste\u015bmy uczuleni na kt\u00f3rykolwiek sk\u0142adnik zawarty w produkcie.<\/li>\n<li><strong>Stan zapalny sk\u00f3ry g\u0142owy:<\/strong> Je\u015bli sk\u00f3ra jest podra\u017cniona lub wyst\u0119puje stan zapalny, stosowanie preparatu mo\u017ce pogorszy\u0107 sytuacj\u0119.<\/li>\n<li><strong>Ci\u0105\u017ca i karmienie piersi\u0105:<\/strong> Chocia\u017c brak jest jednoznacznych bada\u0144 dotycz\u0105cych bezpiecze\u0144stwa stosowania Hairstim w czasie ci\u0105\u017cy i laktacji, zaleca si\u0119 ostro\u017cno\u015b\u0107.<\/li>\n<\/ul>\n<h2>Sk\u0142ad Hairstim &#8211; skuteczne sk\u0142adniki<\/h2>\n<p>Hairstim zawiera szereg zaawansowanych sk\u0142adnik\u00f3w, kt\u00f3re razem tworz\u0105 siln\u0105 formu\u0142\u0119 stymuluj\u0105c\u0105 wzrost w\u0142os\u00f3w. Oto kluczowe sk\u0142adniki, kt\u00f3re odpowiadaj\u0105 za jego skuteczno\u015b\u0107:<\/p>\n<table>\n<thead>\n<tr>\n<th>Sk\u0142adnik<\/th>\n<th>Dzia\u0142anie<\/th>\n<\/tr>\n<\/thead>\n<tbody>\n<tr>\n<td><strong>Aminokwasy<\/strong><\/td>\n<td>Wspieraj\u0105 regeneracj\u0119 mieszk\u00f3w w\u0142osowych i produkcj\u0119 keratyny, co wzmacnia struktur\u0119 w\u0142osa.<\/td>\n<\/tr>\n<tr>\n<td><strong>Peptydy biomimetyczne<\/strong><\/td>\n<td>Aktywuj\u0105 macierz zarodkow\u0105, pobudzaj\u0105c wzrost nowych w\u0142os\u00f3w.<\/td>\n<\/tr>\n<tr>\n<td><strong>Witaminy z grupy B<\/strong><\/td>\n<td>Wspomagaj\u0105 zdrowie sk\u00f3ry g\u0142owy i poprawiaj\u0105 kr\u0105\u017cenie, co sprzyja lepszemu dotlenieniu mieszk\u00f3w w\u0142osowych.<\/td>\n<\/tr>\n<tr>\n<td><strong>Minoksydyl<\/strong><\/td>\n<td>Znany sk\u0142adnik stymuluj\u0105cy wzrost w\u0142os\u00f3w, kt\u00f3ry poprawia przep\u0142yw krwi w sk\u00f3rze g\u0142owy.<\/td>\n<\/tr>\n<tr>\n<td><strong>Ekstrakty ro\u015blinne<\/strong><\/td>\n<td>Dzia\u0142aj\u0105 koj\u0105co na sk\u00f3r\u0119 g\u0142owy, redukuj\u0105 stany zapalne i wzmacniaj\u0105 w\u0142osy od nasady.<\/td>\n<\/tr>\n<\/tbody>\n<\/table>\n<p>Ka\u017cdy z tych sk\u0142adnik\u00f3w odgrywa kluczow\u0105 rol\u0119 w procesie odbudowy w\u0142os\u00f3w, sprawiaj\u0105c, \u017ce staj\u0105 si\u0119 one silniejsze, grubsze i bardziej odporne na wypadanie.<\/p>\n<h2>Efekty stosowania &#8211; dzia\u0142anie Hairstim<\/h2>\n<p>Dzia\u0142anie Hairstim opiera si\u0119 na aktywacji macierzy zarodkowej w\u0142osa, co prowadzi do produkcji nowych kom\u00f3rek w\u0142osowych. Stosowanie tego preparatu przynosi widoczne efekty ju\u017c po kilku tygodniach regularnego u\u017cywania. Oto, czego mo\u017cna si\u0119 spodziewa\u0107 po zastosowaniu Hairstim:<\/p>\n<ol>\n<li><strong>Pierwsze efekty:<\/strong> Ju\u017c po 2-4 tygodniach mo\u017cna zauwa\u017cy\u0107 pojawienie si\u0119 nowych w\u0142osk\u00f3w, kt\u00f3re s\u0105 nieco grubsze, ale wci\u0105\u017c do\u015b\u0107 delikatne. Jest to pierwszy znak, \u017ce preparat zaczyna dzia\u0142a\u0107.<\/li>\n<li><strong>Wzmocnienie w\u0142os\u00f3w:<\/strong> Z czasem, nowe w\u0142osy staj\u0105 si\u0119 silniejsze, grubsze i bardziej odporne na czynniki zewn\u0119trzne, takie jak czesanie czy suszenie.<\/li>\n<li><strong>B\u0142yszcz\u0105ce i zdrowe w\u0142osy:<\/strong> Regularne stosowanie Hairstim sprawia, \u017ce w\u0142osy nabieraj\u0105 naturalnego blasku, staj\u0105 si\u0119 bardziej elastyczne i mniej podatne na uszkodzenia mechaniczne.<\/li>\n<li><strong>Zapobieganie wypadaniu:<\/strong> Opr\u00f3cz stymulowania wzrostu nowych w\u0142os\u00f3w, Hairstim skutecznie redukuje nadmierne wypadanie w\u0142os\u00f3w, co pozwala na zachowanie pe\u0142niejszej fryzury.<\/li>\n<\/ol>\n<h2>Gdzie kupi\u0107 Hairstim?<\/h2>\n<p>Hairstim to preparat, kt\u00f3ry cieszy si\u0119 coraz wi\u0119ksz\u0105 popularno\u015bci\u0105, jednak jego dost\u0119pno\u015b\u0107 w tradycyjnych aptekach stacjonarnych jest ograniczona. Zatem, gdzie najlepiej kupi\u0107 Hairstim?<\/p>\n<ul>\n<li><strong>Kup Hairstim online:<\/strong><br \/>\nNajbezpieczniejsz\u0105 opcj\u0105 jest zakup Hairstim bezpo\u015brednio u producenta. Warto odwiedza\u0107 oficjaln\u0105 stron\u0119 internetow\u0105 producenta, gdzie mo\u017cna znale\u017a\u0107 oryginalny produkt w korzystnych cenach, cz\u0119sto dost\u0119pny w promocyjnych ofertach. Zakup bezpo\u015brednio u producenta daje pewno\u015b\u0107, \u017ce preparat jest oryginalny i \u015bwie\u017cy, co ma kluczowe znaczenie dla jego skuteczno\u015bci.<\/li>\n<li><strong>Gdzie jeszcze mo\u017cna kupi\u0107 Hairstim:<\/strong><br \/>\nNiekt\u00f3re sklepy internetowe, oferuj\u0105ce produkty kosmetyczne i farmaceutyczne, r\u00f3wnie\u017c maj\u0105 Hairstim w swojej ofercie. Przed zakupem warto jednak upewni\u0107 si\u0119, \u017ce sklep jest wiarygodny, a produkt pochodzi z legalnego \u017ar\u00f3d\u0142a.<\/li>\n<li><strong>W aptece:<\/strong><br \/>\nHairstim nie jest dost\u0119pny w wi\u0119kszo\u015bci aptek stacjonarnych. Cho\u0107 czasem mo\u017ce si\u0119 pojawi\u0107 w wybranych aptekach internetowych, najlepiej jest polega\u0107 na oficjalnych kana\u0142ach sprzeda\u017cy, aby unikn\u0105\u0107 podr\u00f3bek i nieskutecznych zamiennik\u00f3w.<\/li>\n<\/ul>\n<p>Hairstim to zaawansowany preparat mezoterapeutyczny, kt\u00f3ry skutecznie pomaga w walce z wypadaniem w\u0142os\u00f3w i stymuluje ich wzrost. Dzi\u0119ki unikalnej formule opartej na aminokwasach, peptydach biomimetycznych oraz witaminach, dzia\u0142a na poziomie macierzy zarodkowej w\u0142os\u00f3w, przywracaj\u0105c im si\u0142\u0119, blask i zdrowie. Regularne stosowanie przynosi widoczne efekty, co czyni Hairstim jednym z najskuteczniejszych preparat\u00f3w dost\u0119pnych na rynku.<\/p>\n<p style=\"text-align: center;\"><a class=\"border-button\" href=\"https:\/\/tl-track.com\/tracker\/uRbS\">KUPI\u0106 PO CENIE PRODUCENTA (-50%)<\/a><\/p>\n","protected":false},"excerpt":{"rendered":"<p>Nr kat.: 870874562<\/p>\n<p style=\"text-align: center;\"><a class=\"border-button\" href=\"https:\/\/tl-track.com\/tracker\/uRbS\">KUP TERAZ<\/a><\/p>\n","protected":false},"featured_media":994,"comment_status":"open","ping_status":"closed","template":"","meta":[],"product_brand":[],"product_cat":[18],"product_tag":[],"class_list":{"0":"post-305","1":"product","2":"type-product","3":"status-publish","4":"has-post-thumbnail","6":"product_cat-suplementy","8":"first","9":"instock","10":"sale","11":"shipping-taxable","12":"purchasable","13":"product-type-simple"},"aioseo_notices":[],"_links":{"self":[{"href":"https:\/\/lekarzpodroznik.pl\/store\/wp-json\/wp\/v2\/product\/305","targetHints":{"allow":["GET"]}}],"collection":[{"href":"https:\/\/lekarzpodroznik.pl\/store\/wp-json\/wp\/v2\/product"}],"about":[{"href":"https:\/\/lekarzpodroznik.pl\/store\/wp-json\/wp\/v2\/types\/product"}],"replies":[{"embeddable":true,"href":"https:\/\/lekarzpodroznik.pl\/store\/wp-json\/wp\/v2\/comments?post=305"}],"wp:featuredmedia":[{"embeddable":true,"href":"https:\/\/lekarzpodroznik.pl\/store\/wp-json\/wp\/v2\/media\/994"}],"wp:attachment":[{"href":"https:\/\/lekarzpodroznik.pl\/store\/wp-json\/wp\/v2\/media?parent=305"}],"wp:term":[{"taxonomy":"product_brand","embeddable":true,"href":"https:\/\/lekarzpodroznik.pl\/store\/wp-json\/wp\/v2\/product_brand?post=305"},{"taxonomy":"product_cat","embeddable":true,"href":"https:\/\/lekarzpodroznik.pl\/store\/wp-json\/wp\/v2\/product_cat?post=305"},{"taxonomy":"product_tag","embeddable":true,"href":"https:\/\/lekarzpodroznik.pl\/store\/wp-json\/wp\/v2\/product_tag?post=305"}],"curies":[{"name":"wp","href":"https:\/\/api.w.org\/{rel}","templated":true}]}}