{"id":310,"date":"2024-10-08T11:09:29","date_gmt":"2024-10-08T11:09:29","guid":{"rendered":"https:\/\/lekarzpodroznik.pl\/store\/?post_type=product&#038;p=310"},"modified":"2025-03-12T10:40:02","modified_gmt":"2025-03-12T10:40:02","slug":"hotrifen","status":"publish","type":"product","link":"https:\/\/lekarzpodroznik.pl\/store\/product\/hotrifen\/","title":{"rendered":"Hotrifen"},"content":{"rendered":"<p><strong>Hotrifen<\/strong> to specjalistyczny preparat w postaci kremu, dedykowany do stosowania miejscowego. Krem ten nale\u017cy do grupy preparat\u00f3w o dzia\u0142aniu przeciwb\u00f3lowym, przeciwzapalnym oraz regeneruj\u0105cym, skierowanych do os\u00f3b zmagaj\u0105cych si\u0119 z b\u00f3lami staw\u00f3w oraz problemami z mi\u0119\u015bniami i tkankami mi\u0119kkimi.<\/p>\n<p>Hotrifen dost\u0119pny jest w formie kremu, co zapewnia \u0142atwo\u015b\u0107 aplikacji bezpo\u015brednio na bol\u0105ce miejsca. Krem wch\u0142ania si\u0119 szybko, nie pozostawiaj\u0105c t\u0142ustej warstwy na sk\u00f3rze, co czyni go wygodnym w codziennym u\u017cyciu.<\/p>\n<p>Hotrifen klasyfikowany jest jako preparat o dzia\u0142aniu miejscowym, wspomagaj\u0105cy leczenie stan\u00f3w zapalnych oraz b\u00f3lowych staw\u00f3w, mi\u0119\u015bni i tkanek mi\u0119kkich. Produkt skierowany jest g\u0142\u00f3wnie do os\u00f3b doros\u0142ych, kt\u00f3re poszukuj\u0105 ulgi w b\u00f3lu bez konieczno\u015bci stosowania doustnych lek\u00f3w.<\/p>\n<p style=\"text-align: center;\"><a class=\"border-button\" href=\"https:\/\/tl-track.com\/tracker\/uFTK\">www.hotrifen.pl<\/a><\/p>\n<h2>Wskazania i przeciwwskazania Hotrifen<\/h2>\n<h4>Wskazania<\/h4>\n<p>Krem <strong>Hotrifen<\/strong> jest szczeg\u00f3lnie polecany w przypadku:<\/p>\n<ol>\n<li><strong>B\u00f3l\u00f3w staw\u00f3w<\/strong> \u2013 zar\u00f3wno tych spowodowanych przeci\u0105\u017ceniem, jak i stanami zapalnymi wynikaj\u0105cymi z chor\u00f3b reumatycznych czy zwyrodnieniowych.<\/li>\n<li><strong>B\u00f3le mi\u0119\u015bni<\/strong> \u2013 krem mo\u017ce by\u0107 stosowany przez osoby zmagaj\u0105ce si\u0119 z napi\u0119ciem mi\u0119\u015bniowym, b\u00f3lem pourazowym czy wynikaj\u0105cym z intensywnego wysi\u0142ku fizycznego.<\/li>\n<li><strong>Urazy tkanek mi\u0119kkich<\/strong> \u2013 takie jak st\u0142uczenia, zwichni\u0119cia czy naci\u0105gni\u0119cia, kt\u00f3re wymagaj\u0105 \u0142agodzenia objaw\u00f3w b\u00f3lowych oraz wspomagania procesu gojenia.<\/li>\n<li><strong>Zapalenia \u015bci\u0119gien<\/strong> i wi\u0119zade\u0142 \u2013 Hotrifen mo\u017ce wspomaga\u0107 regeneracj\u0119 uszkodzonych tkanek, a jednocze\u015bnie \u0142agodzi\u0107 stan zapalny.<\/li>\n<\/ol>\n<h4>Przeciwwskazania<\/h4>\n<p>Mimo szerokiego zastosowania, istniej\u0105 pewne sytuacje, w kt\u00f3rych stosowanie kremu Hotrifen nie jest wskazane:<\/p>\n<ol>\n<li><strong>Alergia na sk\u0142adniki<\/strong> \u2013 je\u015bli pacjent jest uczulony na kt\u00f3rykolwiek ze sk\u0142adnik\u00f3w kremu, powinien unika\u0107 jego stosowania.<\/li>\n<li><strong>Otwarte rany i uszkodzona sk\u00f3ra<\/strong> \u2013 preparatu nie nale\u017cy aplikowa\u0107 na miejsca z otwartymi ranami czy podra\u017cnion\u0105 sk\u00f3r\u0105.<\/li>\n<li><strong>Ci\u0105\u017ca i karmienie piersi\u0105<\/strong> \u2013 przed u\u017cyciem w okresie ci\u0105\u017cy i laktacji, zaleca si\u0119 konsultacj\u0119 z lekarzem.<\/li>\n<\/ol>\n<h2>Sk\u0142ad Hotrifen \u2013 skuteczne sk\u0142adniki<\/h2>\n<p>Kluczow\u0105 kwesti\u0105 w ocenie skuteczno\u015bci ka\u017cdego preparatu jest jego sk\u0142ad. Krem Hotrifen zawiera kombinacj\u0119 naturalnych sk\u0142adnik\u00f3w aktywnych oraz substancji wspomagaj\u0105cych, kt\u00f3re razem tworz\u0105 efektywn\u0105 formu\u0142\u0119 do walki z b\u00f3lem i stanami zapalnymi.<\/p>\n<table style=\"height: 155px;\" width=\"908\">\n<thead>\n<tr>\n<th><strong>Sk\u0142adnik<\/strong><\/th>\n<th><strong>Dzia\u0142anie<\/strong><\/th>\n<\/tr>\n<\/thead>\n<tbody>\n<tr>\n<td><strong>Ekstrakt z arniki<\/strong><\/td>\n<td>Przeciwzapalne, \u0142agodz\u0105ce obrz\u0119ki, wspomagaj\u0105ce regeneracj\u0119 tkanek.<\/td>\n<\/tr>\n<tr>\n<td><strong>Mentol<\/strong><\/td>\n<td>Ch\u0142odz\u0105ce, u\u015bmierzaj\u0105ce b\u00f3l i poprawiaj\u0105ce mikrokr\u0105\u017cenie.<\/td>\n<\/tr>\n<tr>\n<td><strong>Kwas hialuronowy<\/strong><\/td>\n<td>Nawil\u017caj\u0105ce, wspomagaj\u0105ce regeneracj\u0119 staw\u00f3w i tkanek mi\u0119kkich.<\/td>\n<\/tr>\n<tr>\n<td><strong>Olejek eukaliptusowy<\/strong><\/td>\n<td>Przeciwzapalne, antyseptyczne, wspomagaj\u0105ce procesy regeneracji.<\/td>\n<\/tr>\n<tr>\n<td><strong>Glukozamina<\/strong><\/td>\n<td>Wspomaga regeneracj\u0119 chrz\u0105stki stawowej i \u0142agodzi b\u00f3le stawowe.<\/td>\n<\/tr>\n<\/tbody>\n<\/table>\n<p>Taka formu\u0142a sprawia, \u017ce krem Hotrifen dzia\u0142a na wielu poziomach: od \u0142agodzenia b\u00f3lu, przez zmniejszanie stan\u00f3w zapalnych, a\u017c po wspomaganie proces\u00f3w regeneracyjnych w tkankach mi\u0119kkich i stawach.<\/p>\n<h2>Efekty stosowania \u2013 dzia\u0142anie kremu Hotrifen<\/h2>\n<p>Regularne stosowanie kremu <strong>Hotrifen<\/strong> przynosi szereg pozytywnych efekt\u00f3w, kt\u00f3re potwierdzaj\u0105 zar\u00f3wno pacjenci, jak i specjali\u015bci. Dzi\u0119ki swojej bogatej formule, preparat oddzia\u0142uje na r\u00f3\u017cne dolegliwo\u015bci, co czyni go uniwersalnym \u015brodkiem wspomagaj\u0105cym terapi\u0119 b\u00f3lu i stan\u00f3w zapalnych.<\/p>\n<p><strong>Najwa\u017cniejsze efekty dzia\u0142ania Hotrifen:<\/strong><\/p>\n<ol>\n<li><strong>\u0141agodzenie b\u00f3lu<\/strong> \u2013 zar\u00f3wno dora\u017anego, jak i przewlek\u0142ego, dzi\u0119ki dzia\u0142aniu mentolu oraz naturalnym sk\u0142adnikom przeciwb\u00f3lowym, takim jak arnika.<\/li>\n<li><strong>Zmniejszenie stanu zapalnego<\/strong> \u2013 olejek eukaliptusowy i ekstrakt z arniki pomagaj\u0105 zredukowa\u0107 obrz\u0119ki oraz stany zapalne w obr\u0119bie staw\u00f3w i tkanek mi\u0119kkich.<\/li>\n<li><strong>Poprawa mobilno\u015bci<\/strong> \u2013 dzi\u0119ki glukozaminie, krem wspiera regeneracj\u0119 chrz\u0105stki stawowej, co przek\u0142ada si\u0119 na zwi\u0119kszon\u0105 ruchomo\u015b\u0107 staw\u00f3w.<\/li>\n<li><strong>Wspomaganie regeneracji<\/strong> \u2013 kwas hialuronowy oraz inne sk\u0142adniki nawil\u017caj\u0105ce i od\u017cywiaj\u0105ce sk\u00f3r\u0119 oraz tkanki mi\u0119kkie przyspieszaj\u0105 procesy regeneracyjne.<\/li>\n<li><strong>Ch\u0142odzenie i ukojenie<\/strong> \u2013 dzi\u0119ki mentolowi, krem przynosi natychmiastow\u0105 ulg\u0119 w postaci ch\u0142odzenia i zmniejszania napi\u0119cia mi\u0119\u015bniowego.<\/li>\n<\/ol>\n<h2>Gdzie kupi\u0107 Hotrifen?<\/h2>\n<p>Kupno <strong>Hotrifen<\/strong> mo\u017ce wydawa\u0107 si\u0119 zadaniem prostym, ale warto zwr\u00f3ci\u0107 uwag\u0119 na kilka istotnych kwestii. Po pierwsze, <strong>Hotrifen nie jest dost\u0119pny w stacjonarnych aptekach<\/strong>, co mo\u017ce zaskoczy\u0107 osoby preferuj\u0105ce tradycyjne formy zakup\u00f3w. Jednak brak tego preparatu w aptekach nie oznacza trudno\u015bci w jego zdobyciu \u2013 wr\u0119cz przeciwnie.<\/p>\n<p>Najbezpieczniejsz\u0105 opcj\u0105 jest <strong>zakup Hotrifen bezpo\u015brednio od producenta<\/strong>. Zakup online ma kilka kluczowych zalet:<\/p>\n<ol>\n<li><strong>Gwarancja autentyczno\u015bci<\/strong> \u2013 zamawiaj\u0105c krem od producenta, masz pewno\u015b\u0107, \u017ce otrzymasz oryginalny produkt, a nie podr\u00f3bk\u0119.<\/li>\n<li><strong>Atrakcyjne oferty<\/strong> \u2013 cz\u0119sto na oficjalnej stronie producenta mo\u017cna trafi\u0107 na promocje, kt\u00f3re sprawiaj\u0105, \u017ce zakup Hotrifen jest bardziej op\u0142acalny.<\/li>\n<li><strong>Wygoda zakupu<\/strong> \u2013 zakup przez internet to komfort dostawy prosto do domu, co jest szczeg\u00f3lnie wa\u017cne dla os\u00f3b, kt\u00f3re maj\u0105 ograniczon\u0105 mobilno\u015b\u0107.<\/li>\n<\/ol>\n<p>Aby znale\u017a\u0107 miejsce, gdzie mo\u017cna kupi\u0107 Hotrifen, najlepiej skorzysta\u0107 z wyszukiwarki internetowej i wpisa\u0107 frazy takie jak: \u201e<strong>kup Hotrifen od producenta<\/strong>\u201d lub \u201e<strong>gdzie kupi\u0107 Hotrifen online<\/strong>\u201d. Dzi\u0119ki temu unikniesz ryzyka zakupu nieoryginalnego preparatu.<\/p>\n<p><strong>Hotrifen<\/strong> to krem, kt\u00f3ry zdobywa coraz wi\u0119ksz\u0105 popularno\u015b\u0107 dzi\u0119ki swojej skuteczno\u015bci w \u0142agodzeniu b\u00f3lu staw\u00f3w, mi\u0119\u015bni oraz wspomaganiu regeneracji tkanek mi\u0119kkich. Jego unikalny sk\u0142ad oparty na naturalnych sk\u0142adnikach, takich jak arnika, mentol czy glukozamina, sprawia, \u017ce jest to preparat godny uwagi zar\u00f3wno w przypadku dora\u017anych dolegliwo\u015bci, jak i przewlek\u0142ych problem\u00f3w ze stawami. Je\u015bli szukasz \u015brodka, kt\u00f3ry przyniesie ulg\u0119 w b\u00f3lu i wesprze procesy regeneracyjne, Hotrifen mo\u017ce okaza\u0107 si\u0119 strza\u0142em w dziesi\u0105tk\u0119.<\/p>\n<p style=\"text-align: center;\"><a class=\"border-button\" href=\"https:\/\/tl-track.com\/tracker\/uFTK\">KUPI\u0106 PO CENIE PRODUCENTA (-50%)<\/a><\/p>\n","protected":false},"excerpt":{"rendered":"<p>Nr kat.: 870874564<\/p>\n<p style=\"text-align: center;\"><a class=\"border-button\" href=\"https:\/\/tl-track.com\/tracker\/uFTK\">KUP TERAZ<\/a><\/p>\n","protected":false},"featured_media":1155,"comment_status":"open","ping_status":"closed","template":"","meta":[],"product_brand":[],"product_cat":[18],"product_tag":[],"class_list":{"0":"post-310","1":"product","2":"type-product","3":"status-publish","4":"has-post-thumbnail","6":"product_cat-suplementy","8":"first","9":"instock","10":"sale","11":"shipping-taxable","12":"purchasable","13":"product-type-simple"},"aioseo_notices":[],"_links":{"self":[{"href":"https:\/\/lekarzpodroznik.pl\/store\/wp-json\/wp\/v2\/product\/310","targetHints":{"allow":["GET"]}}],"collection":[{"href":"https:\/\/lekarzpodroznik.pl\/store\/wp-json\/wp\/v2\/product"}],"about":[{"href":"https:\/\/lekarzpodroznik.pl\/store\/wp-json\/wp\/v2\/types\/product"}],"replies":[{"embeddable":true,"href":"https:\/\/lekarzpodroznik.pl\/store\/wp-json\/wp\/v2\/comments?post=310"}],"wp:featuredmedia":[{"embeddable":true,"href":"https:\/\/lekarzpodroznik.pl\/store\/wp-json\/wp\/v2\/media\/1155"}],"wp:attachment":[{"href":"https:\/\/lekarzpodroznik.pl\/store\/wp-json\/wp\/v2\/media?parent=310"}],"wp:term":[{"taxonomy":"product_brand","embeddable":true,"href":"https:\/\/lekarzpodroznik.pl\/store\/wp-json\/wp\/v2\/product_brand?post=310"},{"taxonomy":"product_cat","embeddable":true,"href":"https:\/\/lekarzpodroznik.pl\/store\/wp-json\/wp\/v2\/product_cat?post=310"},{"taxonomy":"product_tag","embeddable":true,"href":"https:\/\/lekarzpodroznik.pl\/store\/wp-json\/wp\/v2\/product_tag?post=310"}],"curies":[{"name":"wp","href":"https:\/\/api.w.org\/{rel}","templated":true}]}}