{"id":312,"date":"2024-10-08T11:15:01","date_gmt":"2024-10-08T11:15:01","guid":{"rendered":"https:\/\/lekarzpodroznik.pl\/store\/?post_type=product&#038;p=312"},"modified":"2025-03-12T10:47:40","modified_gmt":"2025-03-12T10:47:40","slug":"keto-black","status":"publish","type":"product","link":"https:\/\/lekarzpodroznik.pl\/store\/product\/keto-black\/","title":{"rendered":"Keto Black"},"content":{"rendered":"<p><strong>Keto Black<\/strong> to suplement diety w formie proszku, kt\u00f3ry zosta\u0142 opracowany, aby wspomaga\u0107 proces odchudzania poprzez stymulacj\u0119 naturalnych mechanizm\u00f3w organizmu. Dzi\u0119ki swoim w\u0142a\u015bciwo\u015bciom aktywuje produkcj\u0119 cia\u0142 ketonowych \u2013 substancji, kt\u00f3re pozwalaj\u0105 na wykorzystanie t\u0142uszczu jako \u017ar\u00f3d\u0142a energii, co przyczynia si\u0119 do szybszego spalania tkanki t\u0142uszczowej.<\/p>\n<p>Grupa, do kt\u00f3rej nale\u017cy <strong>Keto Black<\/strong>, to produkty wspomagaj\u0105ce ketoz\u0119 \u2013 stan metaboliczny, w kt\u00f3rym organizm czerpie energi\u0119 g\u0142\u00f3wnie z t\u0142uszcz\u00f3w, a nie z w\u0119glowodan\u00f3w. W kontek\u015bcie diety ketogenicznej, ten stan pozwala na szybsze osi\u0105gni\u0119cie wynik\u00f3w zwi\u0105zanych z redukcj\u0105 masy cia\u0142a.<\/p>\n<p style=\"text-align: center;\"><a class=\"border-button\" href=\"http:\/\/tl-track.com\/tracker\/unhD\">www.keto-black.pl<\/a><\/p>\n<h2>Wskazania i przeciwwskazania Keto Black<\/h2>\n<p><strong>Wskazania do stosowania Keto Black<\/strong> obejmuj\u0105 przede wszystkim osoby, kt\u00f3re:<\/p>\n<ul>\n<li>Chc\u0105 przyspieszy\u0107 proces odchudzania.<\/li>\n<li>Przestrzegaj\u0105 diety ketogenicznej i szukaj\u0105 suplementu wspieraj\u0105cego ketoz\u0119.<\/li>\n<li>Zmagaj\u0105 si\u0119 z nadmiarem tkanki t\u0142uszczowej i poszukuj\u0105 naturalnych \u015brodk\u00f3w wspomagaj\u0105cych metabolizm.<\/li>\n<li>Pragn\u0105 poprawi\u0107 og\u00f3ln\u0105 wydolno\u015b\u0107 i energi\u0119, szczeg\u00f3lnie w okresach deficytu kalorycznego.<\/li>\n<\/ul>\n<p><strong>Przeciwwskazania:<\/strong><\/p>\n<p>Chocia\u017c <strong>Keto Black<\/strong> to produkt oparty na naturalnych sk\u0142adnikach, istniej\u0105 pewne przeciwwskazania do jego stosowania. Osoby, kt\u00f3re powinny zachowa\u0107 ostro\u017cno\u015b\u0107 lub unika\u0107 suplementu to:<\/p>\n<ul>\n<li>Kobiety w ci\u0105\u017cy oraz karmi\u0105ce piersi\u0105.<\/li>\n<li>Osoby uczulone na kt\u00f3rykolwiek ze sk\u0142adnik\u00f3w zawartych w produkcie.<\/li>\n<li>Osoby z powa\u017cnymi schorzeniami w\u0105troby, nerek lub uk\u0142adu sercowo-naczyniowego powinny skonsultowa\u0107 si\u0119 z lekarzem przed rozpocz\u0119ciem suplementacji.<\/li>\n<\/ul>\n<h2>Sk\u0142ad Keto Black \u2013 skuteczne sk\u0142adniki<\/h2>\n<p>Jednym z kluczowych element\u00f3w, kt\u00f3ry wyr\u00f3\u017cnia <strong>Keto Black<\/strong>, jest jego naturalny sk\u0142ad oparty na starannie wyselekcjonowanych ro\u015blinnych komponentach. Oto g\u0142\u00f3wne sk\u0142adniki aktywne, kt\u00f3re znajdziemy w tym produkcie:<\/p>\n<ol>\n<li><strong>Ekstrakt z owoc\u00f3w awokado<\/strong> \u2013 znany ze swoich w\u0142a\u015bciwo\u015bci od\u017cywczych, awokado dostarcza zdrowych t\u0142uszcz\u00f3w, kt\u00f3re wspieraj\u0105 metabolizm i u\u0142atwiaj\u0105 organizmowi adaptacj\u0119 do stanu ketozy. Dzi\u0119ki wysokiej zawarto\u015bci kwas\u00f3w t\u0142uszczowych Omega-3, wspiera procesy trawienne i przyczynia si\u0119 do lepszego spalania t\u0142uszczu.<\/li>\n<li><strong>Ekstrakt z li\u015bci zielonej herbaty<\/strong> \u2013 zielona herbata to popularny sk\u0142adnik wielu suplement\u00f3w na odchudzanie ze wzgl\u0119du na swoje silne w\u0142a\u015bciwo\u015bci przeciwutleniaj\u0105ce. Zawarte w niej katechiny wspomagaj\u0105 proces spalania t\u0142uszczu oraz przyspieszaj\u0105 metabolizm. Dodatkowo, ekstrakt z zielonej herbaty zwi\u0119ksza poziom energii, co mo\u017ce by\u0107 korzystne w trakcie deficytu kalorycznego.<\/li>\n<\/ol>\n<h2>Efekty stosowania \u2013 dzia\u0142anie Keto Black<\/h2>\n<p>Regularne stosowanie <strong>Keto Black<\/strong> mo\u017ce przynie\u015b\u0107 szereg pozytywnych efekt\u00f3w, zw\u0142aszcza w kontek\u015bcie redukcji masy cia\u0142a. Oto najwa\u017cniejsze z nich:<\/p>\n<ol>\n<li><strong>Przyspieszenie procesu spalania t\u0142uszczu<\/strong> \u2013 dzi\u0119ki aktywacji produkcji cia\u0142 ketonowych, organizm szybciej wykorzystuje zgromadzony t\u0142uszcz jako \u017ar\u00f3d\u0142o energii.<\/li>\n<li><strong>Zwi\u0119kszenie poziomu energii<\/strong> \u2013 ketony to wydajne \u017ar\u00f3d\u0142o energii, co sprawia, \u017ce osoby stosuj\u0105ce <strong>Keto Black<\/strong> mog\u0105 odczuwa\u0107 mniejsze zm\u0119czenie, nawet podczas intensywnych trening\u00f3w.<\/li>\n<li><strong>Poprawa metabolizmu<\/strong> \u2013 sk\u0142adniki zawarte w produkcie wspieraj\u0105 og\u00f3lne procesy metaboliczne, co mo\u017ce przyczyni\u0107 si\u0119 do lepszego przyswajania sk\u0142adnik\u00f3w od\u017cywczych oraz przyspieszenia metabolizmu t\u0142uszcz\u00f3w.<\/li>\n<li><strong>Brak efekt\u00f3w ubocznych<\/strong> \u2013 dzi\u0119ki naturalnemu sk\u0142adowi, <strong>Keto Black<\/strong> nie powoduje skutk\u00f3w ubocznych takich jak uzale\u017cnienia, reakcje alergiczne czy problemy trawienne.<\/li>\n<\/ol>\n<h2>Gdzie kupi\u0107 Keto Black?<\/h2>\n<p>Zakup <strong>Keto Black<\/strong> mo\u017ce budzi\u0107 wiele pyta\u0144, poniewa\u017c produkt ten nie jest dost\u0119pny w stacjonarnych aptekach. Je\u015bli zastanawiasz si\u0119, gdzie kupi\u0107 ten suplement, najbezpieczniejszym i najbardziej polecanym \u017ar\u00f3d\u0142em b\u0119dzie oficjalna strona producenta. Zakup bezpo\u015brednio od producenta to gwarancja oryginalno\u015bci produktu oraz pewno\u015b\u0107, \u017ce otrzymasz suplement najwy\u017cszej jako\u015bci.<\/p>\n<p>Warto unika\u0107 nieautoryzowanych sprzedawc\u00f3w, zw\u0142aszcza na popularnych platformach aukcyjnych, gdzie mog\u0105 pojawi\u0107 si\u0119 podr\u00f3bki. Cz\u0119sto takie produkty s\u0105 ta\u0144sze, ale mog\u0105 by\u0107 mniej skuteczne lub nawet niebezpieczne dla zdrowia.<\/p>\n<p><strong>Keto Black<\/strong> nie jest dost\u0119pny w tradycyjnych aptekach, co sprawia, \u017ce najlepsz\u0105 opcj\u0105 jest zakup online. Szukaj\u0105c, gdzie kupi\u0107 ten proszek, zwr\u00f3\u0107 uwag\u0119 na:<\/p>\n<ul>\n<li><strong>Kupno bezpo\u015brednio od producenta<\/strong> \u2013 daje gwarancj\u0119 jako\u015bci oraz bezpiecze\u0144stwa.<\/li>\n<li><strong>Dost\u0119pno\u015b\u0107 online<\/strong> \u2013 produkt jest dost\u0119pny jedynie w sprzeda\u017cy internetowej, co zapewnia \u0142atwo\u015b\u0107 dost\u0119pu dla ka\u017cdego.<\/li>\n<li><strong>Unikanie podr\u00f3bek<\/strong> \u2013 wybieraj zaufane \u017ar\u00f3d\u0142a, aby unikn\u0105\u0107 produkt\u00f3w o ni\u017cszej jako\u015bci.<\/li>\n<\/ul>\n<p>Produkt ten nie jest dost\u0119pny w tradycyjnych aptekach, poniewa\u017c producent postawi\u0142 na sprzeda\u017c bezpo\u015bredni\u0105, co pozwala na lepsz\u0105 kontrol\u0119 nad dystrybucj\u0105 oraz zapewnienie klientom konkurencyjnej ceny. Dzi\u0119ki temu masz pewno\u015b\u0107, \u017ce kupuj\u0105c produkt od producenta, otrzymasz oryginalny suplement.<\/p>\n<p><strong>Keto Black<\/strong> to nowoczesny proszek wspomagaj\u0105cy odchudzanie, kt\u00f3ry dzia\u0142a na bazie naturalnych sk\u0142adnik\u00f3w. Dzi\u0119ki swojemu unikalnemu sk\u0142adowi, wspiera spalanie t\u0142uszczu, przyspiesza metabolizm i dostarcza organizmowi cia\u0142 ketonowych, co pozwala na efektywne wykorzystanie t\u0142uszczu jako \u017ar\u00f3d\u0142a energii. Suplement ten jest idealnym rozwi\u0105zaniem dla os\u00f3b stosuj\u0105cych diet\u0119 ketogeniczn\u0105, ale tak\u017ce dla tych, kt\u00f3rzy szukaj\u0105 skutecznego wsparcia w procesie odchudzania.<\/p>\n<p>Je\u015bli zastanawiasz si\u0119, gdzie kupi\u0107 <strong>Keto Black<\/strong>, pami\u0119taj, \u017ce najlepszym miejscem jest oficjalna strona producenta, gdzie masz pewno\u015b\u0107 otrzymania oryginalnego produktu. Unikaj nieautoryzowanych sprzedawc\u00f3w, aby mie\u0107 pewno\u015b\u0107, \u017ce stosujesz suplement najwy\u017cszej jako\u015bci.<\/p>\n<p><strong>Keto Black<\/strong> to produkt, kt\u00f3ry nie zawiera konserwant\u00f3w, nie wywo\u0142uje uzale\u017cnie\u0144 i nie powoduje alergii, co czyni go bezpiecznym i efektywnym \u015brodkiem wspomagaj\u0105cym odchudzanie. Je\u015bli chcesz przyspieszy\u0107 proces utraty wagi i poprawi\u0107 swoje samopoczucie, ten suplement mo\u017ce by\u0107 doskona\u0142ym wyborem.<\/p>\n<p style=\"text-align: center;\"><a class=\"border-button\" href=\"http:\/\/tl-track.com\/tracker\/unhD\">KUPI\u0106 PO CENIE PRODUCENTA (-50%)<\/a><\/p>\n","protected":false},"excerpt":{"rendered":"<p>Nr kat.: 870874565<\/p>\n<p style=\"text-align: center;\"><a class=\"border-button\" href=\"http:\/\/tl-track.com\/tracker\/unhD\">KUP TERAZ<\/a><\/p>\n","protected":false},"featured_media":1165,"comment_status":"open","ping_status":"closed","template":"","meta":[],"product_brand":[],"product_cat":[18],"product_tag":[],"class_list":{"0":"post-312","1":"product","2":"type-product","3":"status-publish","4":"has-post-thumbnail","6":"product_cat-suplementy","8":"first","9":"instock","10":"sale","11":"shipping-taxable","12":"purchasable","13":"product-type-simple"},"aioseo_notices":[],"_links":{"self":[{"href":"https:\/\/lekarzpodroznik.pl\/store\/wp-json\/wp\/v2\/product\/312","targetHints":{"allow":["GET"]}}],"collection":[{"href":"https:\/\/lekarzpodroznik.pl\/store\/wp-json\/wp\/v2\/product"}],"about":[{"href":"https:\/\/lekarzpodroznik.pl\/store\/wp-json\/wp\/v2\/types\/product"}],"replies":[{"embeddable":true,"href":"https:\/\/lekarzpodroznik.pl\/store\/wp-json\/wp\/v2\/comments?post=312"}],"wp:featuredmedia":[{"embeddable":true,"href":"https:\/\/lekarzpodroznik.pl\/store\/wp-json\/wp\/v2\/media\/1165"}],"wp:attachment":[{"href":"https:\/\/lekarzpodroznik.pl\/store\/wp-json\/wp\/v2\/media?parent=312"}],"wp:term":[{"taxonomy":"product_brand","embeddable":true,"href":"https:\/\/lekarzpodroznik.pl\/store\/wp-json\/wp\/v2\/product_brand?post=312"},{"taxonomy":"product_cat","embeddable":true,"href":"https:\/\/lekarzpodroznik.pl\/store\/wp-json\/wp\/v2\/product_cat?post=312"},{"taxonomy":"product_tag","embeddable":true,"href":"https:\/\/lekarzpodroznik.pl\/store\/wp-json\/wp\/v2\/product_tag?post=312"}],"curies":[{"name":"wp","href":"https:\/\/api.w.org\/{rel}","templated":true}]}}