{"id":323,"date":"2024-10-08T11:34:46","date_gmt":"2024-10-08T11:34:46","guid":{"rendered":"https:\/\/lekarzpodroznik.pl\/store\/?post_type=product&#038;p=323"},"modified":"2025-03-12T10:59:10","modified_gmt":"2025-03-12T10:59:10","slug":"nicotinon-premium","status":"publish","type":"product","link":"https:\/\/lekarzpodroznik.pl\/store\/product\/nicotinon-premium\/","title":{"rendered":"Nicotinon Premium"},"content":{"rendered":"<p>Nicotinon Premium to innowacyjny suplement diety w formie kapsu\u0142ek, stworzony z my\u015bl\u0105 o osobach, kt\u00f3re chc\u0105 zerwa\u0107 z na\u0142ogiem palenia. Preparat jest przeznaczony do \u0142agodzenia objaw\u00f3w odstawienia nikotyny, takich jak stres, nerwowo\u015b\u0107 i dra\u017cliwo\u015b\u0107, co jest cz\u0119stym problemem dla os\u00f3b pr\u00f3buj\u0105cych rzuci\u0107 palenie. Kapsu\u0142ki Nicotinon Premium zaliczaj\u0105 si\u0119 do grupy suplement\u00f3w wspomagaj\u0105cych walk\u0119 z uzale\u017cnieniem od nikotyny i s\u0105 dedykowane dla os\u00f3b w ka\u017cdym wieku, kt\u00f3re pragn\u0105 uwolni\u0107 si\u0119 od szkodliwej zale\u017cno\u015bci.<\/p>\n<p>Produkt dost\u0119pny jest w wygodnej formie kapsu\u0142ek, co sprawia, \u017ce jego dawkowanie jest niezwykle proste i bezproblemowe. Dzi\u0119ki starannie dobranym sk\u0142adnikom, suplement nie tylko pomaga w ograniczeniu g\u0142odu nikotynowego, ale r\u00f3wnie\u017c wspiera organizm w regeneracji po d\u0142ugotrwa\u0142ym nara\u017ceniu na dzia\u0142anie toksyn zawartych w papierosach.<\/p>\n<p style=\"text-align: center;\"><a class=\"border-button\" href=\"https:\/\/tl-track.com\/tracker\/uTCe\">www.nicotinon-premium.pl<\/a><\/p>\n<h2>Wskazania i Przeciwwskazania Nicotinon Premium<\/h2>\n<h3>Wskazania do stosowania Nicotinon Premium:<\/h3>\n<ul>\n<li>Wspomaganie procesu rzucania palenia<\/li>\n<li>Redukcja objaw\u00f3w odstawienia nikotyny (stres, dra\u017cliwo\u015b\u0107, zm\u0119czenie)<\/li>\n<li>Poprawa og\u00f3lnego samopoczucia podczas detoksykacji organizmu<\/li>\n<\/ul>\n<h3>Przeciwwskazania:<\/h3>\n<ul>\n<li>Nadwra\u017cliwo\u015b\u0107 na kt\u00f3rykolwiek ze sk\u0142adnik\u00f3w preparatu<\/li>\n<li>Suplement nie jest przeznaczony dla kobiet w ci\u0105\u017cy i karmi\u0105cych piersi\u0105<\/li>\n<li>Osoby z problemami zdrowotnymi powinny skonsultowa\u0107 si\u0119 z lekarzem przed rozpocz\u0119ciem kuracji<\/li>\n<\/ul>\n<h2>Sk\u0142ad Nicotinon Premium &#8211; skuteczne sk\u0142adniki<\/h2>\n<p>Nicotinon Premium wyr\u00f3\u017cnia si\u0119 wyj\u0105tkowym sk\u0142adem, kt\u00f3ry zosta\u0142 starannie dobrany w celu zapewnienia maksymalnej skuteczno\u015bci w walce z uzale\u017cnieniem od nikotyny. Poni\u017cej przedstawiamy pe\u0142n\u0105 list\u0119 sk\u0142adnik\u00f3w, wraz z ich opisem:<\/p>\n<table>\n<thead>\n<tr>\n<th>Sk\u0142adnik<\/th>\n<th>Dzia\u0142anie<\/th>\n<\/tr>\n<\/thead>\n<tbody>\n<tr>\n<td><strong>\u017belatyna<\/strong><\/td>\n<td>Naturalny sk\u0142adnik otoczki kapsu\u0142ek, zapewniaj\u0105cy \u0142atwe dawkowanie.<\/td>\n<\/tr>\n<tr>\n<td><strong>Mikrokryszta\u0142owa celuloza<\/strong><\/td>\n<td>Substancja wspomagaj\u0105ca przyswajanie innych sk\u0142adnik\u00f3w i dzia\u0142aj\u0105ca jako stabilizator.<\/td>\n<\/tr>\n<tr>\n<td><strong>Oksyd magnezu<\/strong><\/td>\n<td>Wzmacnia uk\u0142ad nerwowy, zmniejsza dra\u017cliwo\u015b\u0107 i poprawia og\u00f3lny nastr\u00f3j.<\/td>\n<\/tr>\n<tr>\n<td><strong>Ekstrakt z nasion owsa 4:1<\/strong><\/td>\n<td>Wspiera detoksykacj\u0119 organizmu i \u0142agodzi objawy odstawienia nikotyny.<\/td>\n<\/tr>\n<tr>\n<td><strong>Witamina C<\/strong><\/td>\n<td>Silny przeciwutleniacz, wspomaga uk\u0142ad odporno\u015bciowy i neutralizuje dzia\u0142anie wolnych rodnik\u00f3w.<\/td>\n<\/tr>\n<tr>\n<td><strong>Ekstrakt z k\u0142\u0105cza kudzu 4:1<\/strong><\/td>\n<td>Zmniejsza pragnienie palenia oraz wspomaga regeneracj\u0119 organizmu po d\u0142ugotrwa\u0142ym uzale\u017cnieniu.<\/td>\n<\/tr>\n<tr>\n<td><strong>Ekstrakt z li\u015bci sza\u0142wii 4:1<\/strong><\/td>\n<td>Uspokaja, \u0142agodzi stres i poprawia funkcje poznawcze.<\/td>\n<\/tr>\n<tr>\n<td><strong>Ekstrakt z korzenia koz\u0142ka lekarskiego 4:1<\/strong><\/td>\n<td>Naturalny \u015brodek na uspokojenie, zmniejsza napi\u0119cie nerwowe.<\/td>\n<\/tr>\n<tr>\n<td><strong>Ekstrakt z korzenia r\u00f3\u017ce\u0144ca g\u00f3rskiego 4:1<\/strong><\/td>\n<td>Zwi\u0119ksza odporno\u015b\u0107 organizmu na stres, pomaga w adaptacji do trudnych warunk\u00f3w.<\/td>\n<\/tr>\n<tr>\n<td><strong>Ekstrakt z czagi 4:1<\/strong><\/td>\n<td>Wzmacnia uk\u0142ad odporno\u015bciowy, chroni organizm przed stresem oksydacyjnym.<\/td>\n<\/tr>\n<tr>\n<td><strong>Ekstrakt z ziela dziurawca 4:1<\/strong><\/td>\n<td>Dzia\u0142a przeciwdepresyjnie, poprawia nastr\u00f3j i redukuje objawy odstawienia nikotyny.<\/td>\n<\/tr>\n<tr>\n<td><strong>Sole magnezowe kwas\u00f3w t\u0142uszczowych<\/strong><\/td>\n<td>Stabilizator formu\u0142y, wspomaga wch\u0142anianie innych sk\u0142adnik\u00f3w.<\/td>\n<\/tr>\n<tr>\n<td><strong>Witamina B6<\/strong><\/td>\n<td>Wspiera prac\u0119 uk\u0142adu nerwowego, zmniejsza zm\u0119czenie i poprawia nastr\u00f3j.<\/td>\n<\/tr>\n<\/tbody>\n<\/table>\n<p>Wszystkie te sk\u0142adniki dzia\u0142aj\u0105 synergicznie, co oznacza, \u017ce wsp\u00f3lnie pot\u0119guj\u0105 swoje efekty, umo\u017cliwiaj\u0105c bardziej skuteczn\u0105 walk\u0119 z uzale\u017cnieniem od nikotyny. Dodatkowo, Nicotinon Premium dba o regeneracj\u0119 organizmu po d\u0142ugotrwa\u0142ym paleniu, co jest kluczowe dla os\u00f3b, kt\u00f3re d\u0142ugo zmaga\u0142y si\u0119 z tym na\u0142ogiem.<\/p>\n<h2>Efekty stosowania &#8211; dzia\u0142anie kapsu\u0142ek Nicotinon Premium<\/h2>\n<p>Stosowanie kapsu\u0142ek Nicotinon Premium mo\u017ce przynie\u015b\u0107 wiele korzy\u015bci zar\u00f3wno fizycznych, jak i psychicznych, kt\u00f3re s\u0105 kluczowe w procesie rzucania palenia. Poni\u017cej przedstawiamy najwa\u017cniejsze efekty:<\/p>\n<ol>\n<li><strong>Redukcja pragnienia nikotyny<\/strong> \u2013 Dzi\u0119ki sk\u0142adnikom takim jak ekstrakt z nasion owsa i kudzu, kapsu\u0142ki pomagaj\u0105 zmniejszy\u0107 g\u0142\u00f3d nikotynowy, co jest jednym z najtrudniejszych etap\u00f3w w rzucaniu palenia.<\/li>\n<li><strong>Zmniejszenie stresu i napi\u0119cia<\/strong> \u2013 Witaminy z grupy B, magnez oraz ekstrakty z koz\u0142ka lekarskiego i r\u00f3\u017ce\u0144ca g\u00f3rskiego dzia\u0142aj\u0105 uspokajaj\u0105co, co pozwala \u0142agodniej przechodzi\u0107 przez trudne chwile zwi\u0105zane z odstawieniem papieros\u00f3w.<\/li>\n<li><strong>Poprawa samopoczucia<\/strong> \u2013 Dziurawiec oraz r\u00f3\u017ce\u0144ca g\u00f3rski maj\u0105 w\u0142a\u015bciwo\u015bci poprawiaj\u0105ce nastr\u00f3j, co pozwala unikn\u0105\u0107 negatywnych emocji zwi\u0105zanych z odstawieniem nikotyny.<\/li>\n<li><strong>Wsparcie uk\u0142adu odporno\u015bciowego<\/strong> \u2013 Witamina C i ekstrakt z czagi wspieraj\u0105 naturalne mechanizmy obronne organizmu, co jest szczeg\u00f3lnie wa\u017cne w okresie rzucania palenia, kiedy organizm mo\u017ce by\u0107 bardziej podatny na infekcje.<\/li>\n<li><strong>Detoksykacja organizmu<\/strong> \u2013 Ekstrakt z owsa i czagi wspieraj\u0105 proces usuwania toksyn nagromadzonych w organizmie przez lata palenia, co przyczynia si\u0119 do poprawy zdrowia i samopoczucia.<\/li>\n<li><strong>\u0141atwiejsze radzenie sobie z objawami odstawienia<\/strong> \u2013 Nicotinon Premium pomaga zminimalizowa\u0107 takie objawy jak dra\u017cliwo\u015b\u0107, zm\u0119czenie i problemy z koncentracj\u0105, kt\u00f3re cz\u0119sto towarzysz\u0105 rzucaniu palenia.<\/li>\n<\/ol>\n<p>Stosowanie suplementu jest szczeg\u00f3lnie korzystne dla os\u00f3b, kt\u00f3re wielokrotnie pr\u00f3bowa\u0142y rzuci\u0107 palenie, ale nie uda\u0142o im si\u0119 przezwyci\u0119\u017cy\u0107 objaw\u00f3w odstawienia lub stresu zwi\u0105zanego z brakiem nikotyny.<\/p>\n<h2>Gdzie kupi\u0107 Nicotinon Premium?<\/h2>\n<p>Je\u015bli zastanawiasz si\u0119, gdzie kupi\u0107 Nicotinon Premium, to warto zaznaczy\u0107, \u017ce ten produkt nie jest dost\u0119pny w tradycyjnych aptekach stacjonarnych. Oryginalne kapsu\u0142ki Nicotinon Premium mo\u017cna kupi\u0107 jedynie u sprawdzonych dystrybutor\u00f3w oraz na oficjalnej stronie internetowej producenta. Jest to najlepszy spos\u00f3b, aby mie\u0107 pewno\u015b\u0107, \u017ce nabywasz produkt najwy\u017cszej jako\u015bci, kt\u00f3ry nie tylko spe\u0142nia wszelkie standardy, ale r\u00f3wnie\u017c jest dost\u0119pny w najkorzystniejszej cenie.<\/p>\n<p>Kupuj\u0105c Nicotinon Premium bezpo\u015brednio od producenta, unikasz ryzyka zakupu podr\u00f3bek, kt\u00f3re mog\u0105 by\u0107 nieskuteczne lub nawet szkodliwe. Dodatkowo, oficjalna strona cz\u0119sto oferuje promocje oraz rabaty, co czyni zakup jeszcze bardziej op\u0142acalnym.<\/p>\n<p>Zatem, je\u015bli chcesz kupi\u0107 Nicotinon Premium, najlepiej jest skorzysta\u0107 z oferty na stronie internetowej producenta. Wyszukuj\u0105c frazy takie jak &#8222;kup Nicotinon Premium&#8221;, &#8222;gdzie kupi\u0107 Nicotinon Premium&#8221; lub &#8222;kup u producenta&#8221;, szybko znajdziesz w\u0142a\u015bciwe miejsce do zakupu tego suplementu.<\/p>\n<p>Nicotinon Premium to innowacyjny suplement diety, kt\u00f3ry skutecznie wspiera proces rzucania palenia. Dzi\u0119ki unikalnemu po\u0142\u0105czeniu naturalnych sk\u0142adnik\u00f3w, kapsu\u0142ki nie tylko pomagaj\u0105 ograniczy\u0107 g\u0142\u00f3d nikotynowy, ale r\u00f3wnie\u017c dbaj\u0105 o regeneracj\u0119 organizmu i poprawiaj\u0105 samopoczucie. Je\u015bli szukasz skutecznego i naturalnego sposobu na pozbycie si\u0119 uzale\u017cnienia od nikotyny, Nicotinon Premium mo\u017ce okaza\u0107 si\u0119 doskona\u0142ym wyborem.<\/p>\n<p style=\"text-align: center;\"><a class=\"border-button\" href=\"https:\/\/tl-track.com\/tracker\/uTCe\">KUPI\u0106 PO CENIE PRODUCENTA (-50%)<\/a><\/p>\n","protected":false},"excerpt":{"rendered":"<p>Nr kat.: 870874570<\/p>\n<p style=\"text-align: center;\"><a class=\"border-button\" href=\"https:\/\/tl-track.com\/tracker\/uTCe\">KUP TERAZ<\/a><\/p>\n","protected":false},"featured_media":1174,"comment_status":"open","ping_status":"closed","template":"","meta":[],"product_brand":[],"product_cat":[18],"product_tag":[],"class_list":{"0":"post-323","1":"product","2":"type-product","3":"status-publish","4":"has-post-thumbnail","6":"product_cat-suplementy","8":"first","9":"instock","10":"shipping-taxable","11":"purchasable","12":"product-type-simple"},"aioseo_notices":[],"_links":{"self":[{"href":"https:\/\/lekarzpodroznik.pl\/store\/wp-json\/wp\/v2\/product\/323","targetHints":{"allow":["GET"]}}],"collection":[{"href":"https:\/\/lekarzpodroznik.pl\/store\/wp-json\/wp\/v2\/product"}],"about":[{"href":"https:\/\/lekarzpodroznik.pl\/store\/wp-json\/wp\/v2\/types\/product"}],"replies":[{"embeddable":true,"href":"https:\/\/lekarzpodroznik.pl\/store\/wp-json\/wp\/v2\/comments?post=323"}],"wp:featuredmedia":[{"embeddable":true,"href":"https:\/\/lekarzpodroznik.pl\/store\/wp-json\/wp\/v2\/media\/1174"}],"wp:attachment":[{"href":"https:\/\/lekarzpodroznik.pl\/store\/wp-json\/wp\/v2\/media?parent=323"}],"wp:term":[{"taxonomy":"product_brand","embeddable":true,"href":"https:\/\/lekarzpodroznik.pl\/store\/wp-json\/wp\/v2\/product_brand?post=323"},{"taxonomy":"product_cat","embeddable":true,"href":"https:\/\/lekarzpodroznik.pl\/store\/wp-json\/wp\/v2\/product_cat?post=323"},{"taxonomy":"product_tag","embeddable":true,"href":"https:\/\/lekarzpodroznik.pl\/store\/wp-json\/wp\/v2\/product_tag?post=323"}],"curies":[{"name":"wp","href":"https:\/\/api.w.org\/{rel}","templated":true}]}}