{"id":325,"date":"2024-10-08T11:38:28","date_gmt":"2024-10-08T11:38:28","guid":{"rendered":"https:\/\/lekarzpodroznik.pl\/store\/?post_type=product&#038;p=325"},"modified":"2026-03-03T16:40:48","modified_gmt":"2026-03-03T16:40:48","slug":"night-beast","status":"publish","type":"product","link":"https:\/\/lekarzpodroznik.pl\/store\/product\/night-beast\/","title":{"rendered":"NightBeast"},"content":{"rendered":"<p><strong>NightBeast<\/strong> to krem do u\u017cytku zewn\u0119trznego, kt\u00f3ry zosta\u0142 stworzony specjalnie dla m\u0119\u017cczyzn pragn\u0105cych poprawi\u0107 wygl\u0105d i funkcjonowanie swojego penisa. Produkt nale\u017cy do grupy preparat\u00f3w zwi\u0119kszaj\u0105cych przep\u0142yw krwi, wspomagaj\u0105cych potencj\u0119 oraz powi\u0119kszaj\u0105cych cia\u0142a jamiste penisa, co przyczynia si\u0119 do zwi\u0119kszenia jego rozmiaru.<\/p>\n<p><strong>Cechy i forma wydania:<\/strong><\/p>\n<ul>\n<li><strong>Forma<\/strong>: Krem do stosowania miejscowego<\/li>\n<li><strong>Grupa produkt\u00f3w<\/strong>: Preparaty zwi\u0119kszaj\u0105ce rozmiar penisa, wspieraj\u0105ce erekcj\u0119, stymuluj\u0105ce produkcj\u0119 testosteronu.<\/li>\n<li><strong>Przeznaczenie<\/strong>: Zwi\u0119kszenie obj\u0119to\u015bci penisa, poprawa funkcji seksualnych, wyd\u0142u\u017cenie erekcji.<\/li>\n<li><strong>Dzia\u0142anie miejscowe<\/strong>: Produkt nak\u0142ada si\u0119 bezpo\u015brednio na sk\u00f3r\u0119 penisa, co pozwala na szybkie i bezpieczne dzia\u0142anie bez obci\u0105\u017cania organizmu.<\/li>\n<\/ul>\n<p style=\"text-align: center;\"><a class=\"border-button\" href=\"https:\/\/tl-track.com\/tracker\/vWSy\">www.night-beast.pl<\/a><\/p>\n<h2>Wskazania i przeciwwskazania NightBeast<\/h2>\n<p>NightBeast to krem dedykowany dla m\u0119\u017cczyzn, kt\u00f3rzy chc\u0105 poprawi\u0107 swoje \u017cycie seksualne oraz uzyska\u0107 wi\u0119ksz\u0105 satysfakcj\u0119 w \u0142\u00f3\u017cku. Produkt zosta\u0142 stworzony z my\u015bl\u0105 o osobach, kt\u00f3re:<\/p>\n<ul>\n<li>Chc\u0105 zwi\u0119kszy\u0107 rozmiar swojego penisa w spos\u00f3b bezpieczny i naturalny.<\/li>\n<li>Borykaj\u0105 si\u0119 z problemami zwi\u0105zanymi z niskim poziomem libido lub zmniejszon\u0105 ch\u0119ci\u0105 do wsp\u00f3\u0142\u017cycia.<\/li>\n<li>Chc\u0105 poprawi\u0107 jako\u015b\u0107 i czas trwania erekcji.<\/li>\n<li>Pragn\u0105 zwi\u0119kszy\u0107 poziom testosteronu oraz og\u00f3ln\u0105 wydolno\u015b\u0107 seksualn\u0105.<\/li>\n<\/ul>\n<p><strong>Przeciwwskazania:<\/strong><\/p>\n<p>Cho\u0107 <strong>NightBeast<\/strong> jest produktem bezpiecznym dla wi\u0119kszo\u015bci m\u0119\u017cczyzn, istnieje kilka przeciwwskaza\u0144 do jego stosowania:<\/p>\n<ol>\n<li><strong>Alergia na sk\u0142adniki<\/strong>: Je\u015bli jeste\u015b uczulony na jakikolwiek ze sk\u0142adnik\u00f3w kremu, nale\u017cy unika\u0107 jego stosowania.<\/li>\n<li><strong>Podra\u017cnienia sk\u00f3ry<\/strong>: Kremu nie powinno si\u0119 stosowa\u0107 na uszkodzon\u0105, podra\u017cnion\u0105 lub bardzo wra\u017cliw\u0105 sk\u00f3r\u0119.<\/li>\n<li><strong>Choroby serca<\/strong>: Osoby z powa\u017cnymi schorzeniami uk\u0142adu kr\u0105\u017cenia powinny skonsultowa\u0107 si\u0119 z lekarzem przed rozpocz\u0119ciem stosowania preparatu.<\/li>\n<\/ol>\n<h2>Sk\u0142ad NightBeast &#8211; skuteczne sk\u0142adniki<\/h2>\n<p>Jednym z najwa\u017cniejszych aspekt\u00f3w skuteczno\u015bci kremu NightBeast jest jego unikalny sk\u0142ad, kt\u00f3ry zosta\u0142 starannie opracowany, aby maksymalnie wspiera\u0107 m\u0119sk\u0105 seksualno\u015b\u0107. W sk\u0142adzie znajdziemy naturalne substancje aktywne, kt\u00f3re maj\u0105 udowodnione dzia\u0142anie:<\/p>\n<table>\n<thead>\n<tr>\n<th>Sk\u0142adnik<\/th>\n<th>Dzia\u0142anie<\/th>\n<\/tr>\n<\/thead>\n<tbody>\n<tr>\n<td><strong>Ekstrakt z \u017ce\u0144-szenia<\/strong><\/td>\n<td>Wspiera przep\u0142yw krwi, co pomaga w osi\u0105gni\u0119ciu i utrzymaniu mocnej erekcji. Dodatkowo dzia\u0142a stymuluj\u0105co na libido.<\/td>\n<\/tr>\n<tr>\n<td><strong>Arginina<\/strong><\/td>\n<td>Pomaga w rozszerzaniu naczy\u0144 krwiono\u015bnych, zwi\u0119ksza przep\u0142yw krwi do cia\u0142 jamistych, co wp\u0142ywa na wi\u0119kszy rozmiar penisa w stanie erekcji.<\/td>\n<\/tr>\n<tr>\n<td><strong>Ekstrakt z owocu palmy saba\u0142owej<\/strong><\/td>\n<td>Zwi\u0119ksza produkcj\u0119 testosteronu, co przek\u0142ada si\u0119 na wi\u0119ksz\u0105 ochot\u0119 na seks oraz lepsze osi\u0105gi w sypialni.<\/td>\n<\/tr>\n<tr>\n<td><strong>Kwas hialuronowy<\/strong><\/td>\n<td>Nawil\u017ca sk\u00f3r\u0119, zwi\u0119ksza elastyczno\u015b\u0107 tkanek, co wspomaga ich rozci\u0105ganie podczas erekcji.<\/td>\n<\/tr>\n<tr>\n<td><strong>Wyci\u0105g z pokrzywy<\/strong><\/td>\n<td>Wzmacnia organizm, poprawia kr\u0105\u017cenie i dzia\u0142a tonizuj\u0105co na uk\u0142ad krwiono\u015bny.<\/td>\n<\/tr>\n<\/tbody>\n<\/table>\n<p>Te sk\u0142adniki dzia\u0142aj\u0105 synergicznie, wspomagaj\u0105c powi\u0119kszanie kom\u00f3r penisa oraz poprawiaj\u0105c kr\u0105\u017cenie, co prowadzi do d\u0142ugotrwa\u0142ego powi\u0119kszenia cz\u0142onka i poprawy jako\u015bci \u017cycia seksualnego.<\/p>\n<h2>Efekty stosowania &#8211; dzia\u0142anie kremu NightBeast<\/h2>\n<p>Stosowanie <strong>NightBeast<\/strong> mo\u017ce przynie\u015b\u0107 widoczne rezultaty ju\u017c po kilku tygodniach regularnego u\u017cytkowania. Jakie efekty mo\u017cna uzyska\u0107, stosuj\u0105c ten preparat?<\/p>\n<h3>Usprawnienie przep\u0142ywu krwi<\/h3>\n<p>Jednym z g\u0142\u00f3wnych efekt\u00f3w stosowania NightBeast jest poprawa przep\u0142ywu krwi do cia\u0142 jamistych penisa. Zwi\u0119kszony przep\u0142yw krwi pozwala na osi\u0105gni\u0119cie silniejszej, d\u0142u\u017cszej erekcji, a tak\u017ce wp\u0142ywa na ostateczny rozmiar cz\u0142onka. W wyniku regularnego stosowania kremu, penis jest lepiej ukrwiony, co mo\u017ce prowadzi\u0107 do trwa\u0142ego zwi\u0119kszenia jego d\u0142ugo\u015bci i grubo\u015bci.<\/p>\n<h3>Zwi\u0119kszenie obj\u0119to\u015bci kom\u00f3r<\/h3>\n<p>Krem NightBeast dzia\u0142a r\u00f3wnie\u017c na kom\u00f3rki cia\u0142 jamistych penisa, powoduj\u0105c ich trwa\u0142e rozszerzenie. Dzi\u0119ki temu cz\u0142onek staje si\u0119 masywniejszy, a jego obj\u0119to\u015b\u0107 znacznie si\u0119 zwi\u0119ksza. Jest to proces, kt\u00f3ry przynosi d\u0142ugotrwa\u0142e efekty \u2013 komory rozszerzaj\u0105 si\u0119 na sta\u0142e, co oznacza, \u017ce uzyskane rezultaty nie znikaj\u0105 po zako\u0144czeniu stosowania preparatu.<\/p>\n<h3>Podniesienie poziomu testosteronu<\/h3>\n<p>Testosteron to hormon kluczowy dla m\u0119skiego libido oraz wydolno\u015bci seksualnej. <strong>NightBeast<\/strong> wspomaga jego produkcj\u0119, co pozytywnie wp\u0142ywa na og\u00f3ln\u0105 ch\u0119\u0107 do wsp\u00f3\u0142\u017cycia, zwi\u0119ksza wytrzyma\u0142o\u015b\u0107 i gotowo\u015b\u0107 do dzia\u0142ania w sypialni o ka\u017cdej porze dnia i nocy.<\/p>\n<h3>Udro\u017cnienie naczy\u0144 krwiono\u015bnych<\/h3>\n<p>Krem wspomaga tak\u017ce proces udro\u017cniania naczy\u0144 krwiono\u015bnych, co pozwala na bardziej efektywne ukrwienie penisa. Dzi\u0119ki temu, m\u0119\u017cczy\u017ani mog\u0105 cieszy\u0107 si\u0119 silniejsz\u0105 erekcj\u0105, kt\u00f3ra mo\u017ce trwa\u0107 nawet do 40 minut d\u0142u\u017cej ni\u017c zwykle.<\/p>\n<h2>Gdzie kupi\u0107 NightBeast?<\/h2>\n<p>Je\u015bli zastanawiasz si\u0119, gdzie mo\u017cna zakupi\u0107 <strong>NightBeast<\/strong>, warto wiedzie\u0107, \u017ce produkt nie jest dost\u0119pny w tradycyjnych aptekach. Mo\u017cliwo\u015b\u0107 zakupu kremu w stacjonarnych aptekach zosta\u0142a wykluczona przez producenta, aby unikn\u0105\u0107 dodatkowych mar\u017c oraz gwarantowa\u0107 oryginalno\u015b\u0107 produktu.<\/p>\n<p>Aby mie\u0107 pewno\u015b\u0107, \u017ce kupujesz oryginalny produkt, najlepszym rozwi\u0105zaniem jest zakup <strong>NightBeast<\/strong> bezpo\u015brednio u producenta. Oficjalna strona internetowa to jedyne miejsce, gdzie mo\u017cesz zam\u00f3wi\u0107 preparat w bezpieczny i pewny spos\u00f3b. Warto r\u00f3wnie\u017c korzysta\u0107 z okresowych promocji, kt\u00f3re pozwalaj\u0105 na zakup kremu w ni\u017cszej cenie.<\/p>\n<p>Wyszukuj\u0105c w Internecie frazy takie jak \u201e<strong>gdzie kupi\u0107 NightBeast<\/strong>\u201d czy \u201e<strong>NightBeast kupi\u0107 u producenta<\/strong>\u201d, mo\u017cna natkn\u0105\u0107 si\u0119 na wiele ofert, jednak nale\u017cy uwa\u017ca\u0107 na nieoryginalne produkty. Dlatego zalecamy kupno bezpo\u015brednio od producenta, co zapewnia bezpiecze\u0144stwo transakcji i gwarancj\u0119 skuteczno\u015bci preparatu.<\/p>\n<p><strong>NightBeast<\/strong> to nowoczesny krem, kt\u00f3ry pomaga m\u0119\u017cczyznom w osi\u0105gni\u0119ciu trwa\u0142ych rezultat\u00f3w w zakresie powi\u0119kszania penisa oraz poprawy funkcji seksualnych. Dzi\u0119ki skutecznemu sk\u0142adowi i kompleksowemu dzia\u0142aniu, preparat cieszy si\u0119 coraz wi\u0119kszym zainteresowaniem. Jednak\u017ce, aby unikn\u0105\u0107 fa\u0142szywych produkt\u00f3w, zawsze warto kupowa\u0107 go bezpo\u015brednio od producenta.<\/p>\n<p style=\"text-align: center;\"><a class=\"border-button\" href=\"https:\/\/tl-track.com\/tracker\/vWSy\">KUPI\u0106 PO CENIE PRODUCENTA (-50%)<\/a><\/p>\n","protected":false},"excerpt":{"rendered":"<p>Nr kat.: 870874571<\/p>\n<p style=\"text-align: center;\"><a class=\"border-button\" href=\"https:\/\/tl-track.com\/tracker\/vWSy\">KUP TERAZ<\/a><\/p>\n","protected":false},"featured_media":1175,"comment_status":"open","ping_status":"closed","template":"","meta":[],"product_brand":[],"product_cat":[18],"product_tag":[],"class_list":{"0":"post-325","1":"product","2":"type-product","3":"status-publish","4":"has-post-thumbnail","6":"product_cat-suplementy","8":"first","9":"instock","10":"sale","11":"shipping-taxable","12":"purchasable","13":"product-type-simple"},"aioseo_notices":[],"_links":{"self":[{"href":"https:\/\/lekarzpodroznik.pl\/store\/wp-json\/wp\/v2\/product\/325","targetHints":{"allow":["GET"]}}],"collection":[{"href":"https:\/\/lekarzpodroznik.pl\/store\/wp-json\/wp\/v2\/product"}],"about":[{"href":"https:\/\/lekarzpodroznik.pl\/store\/wp-json\/wp\/v2\/types\/product"}],"replies":[{"embeddable":true,"href":"https:\/\/lekarzpodroznik.pl\/store\/wp-json\/wp\/v2\/comments?post=325"}],"wp:featuredmedia":[{"embeddable":true,"href":"https:\/\/lekarzpodroznik.pl\/store\/wp-json\/wp\/v2\/media\/1175"}],"wp:attachment":[{"href":"https:\/\/lekarzpodroznik.pl\/store\/wp-json\/wp\/v2\/media?parent=325"}],"wp:term":[{"taxonomy":"product_brand","embeddable":true,"href":"https:\/\/lekarzpodroznik.pl\/store\/wp-json\/wp\/v2\/product_brand?post=325"},{"taxonomy":"product_cat","embeddable":true,"href":"https:\/\/lekarzpodroznik.pl\/store\/wp-json\/wp\/v2\/product_cat?post=325"},{"taxonomy":"product_tag","embeddable":true,"href":"https:\/\/lekarzpodroznik.pl\/store\/wp-json\/wp\/v2\/product_tag?post=325"}],"curies":[{"name":"wp","href":"https:\/\/api.w.org\/{rel}","templated":true}]}}