{"id":327,"date":"2024-10-08T11:41:25","date_gmt":"2024-10-08T11:41:25","guid":{"rendered":"https:\/\/lekarzpodroznik.pl\/store\/?post_type=product&#038;p=327"},"modified":"2024-10-31T07:06:50","modified_gmt":"2024-10-31T07:06:50","slug":"oculosin","status":"publish","type":"product","link":"https:\/\/lekarzpodroznik.pl\/store\/product\/oculosin\/","title":{"rendered":"Oculosin"},"content":{"rendered":"<p>Oculosin to nowoczesny suplement diety, kt\u00f3ry zosta\u0142 stworzony z my\u015bl\u0105 o poprawie jako\u015bci wzroku. Preparat dost\u0119pny jest w postaci kapsu\u0142ek, co u\u0142atwia ich stosowanie oraz zapewnia szybkie wch\u0142anianie sk\u0142adnik\u00f3w aktywnych. Oculosin nale\u017cy do grupy produkt\u00f3w wspomagaj\u0105cych zdrowie oczu, kt\u00f3re s\u0105 coraz bardziej popularne w\u015br\u00f3d os\u00f3b sp\u0119dzaj\u0105cych wiele godzin przed komputerem, telefonem czy telewizorem.<\/p>\n<p style=\"text-align: center;\"><a class=\"border-button\" href=\"http:\/\/tl-track.com\/tracker\/u5yJ\">www.oculosin.pl<\/a><\/p>\n<h2>Wskazania i przeciwwskazania Oculosin<\/h2>\n<h3>Wskazania do stosowania:<\/h3>\n<p>Oculosin jest wskazany w nast\u0119puj\u0105cych przypadkach:<\/p>\n<ol>\n<li><strong>Zm\u0119czenie oczu<\/strong> &#8211; Osoby, kt\u00f3re do\u015bwiadczaj\u0105 zm\u0119czenia oczu po d\u0142ugotrwa\u0142ej pracy przy komputerze.<\/li>\n<li><strong>Problemy ze wzrokiem<\/strong> &#8211; Osoby z problemami widzenia, takimi jak kr\u00f3tkowzroczno\u015b\u0107 czy dalekowzroczno\u015b\u0107.<\/li>\n<li><strong>Suche oczy<\/strong> &#8211; Dla os\u00f3b cierpi\u0105cych na syndrom suchego oka.<\/li>\n<li><strong>Ochrona przed szkodliwym dzia\u0142aniem \u015bwiat\u0142a<\/strong> &#8211; Dla tych, kt\u00f3rzy s\u0105 nara\u017ceni na intensywne \u015bwiat\u0142o, np. z ekran\u00f3w.<\/li>\n<\/ol>\n<h3>Przeciwwskazania:<\/h3>\n<p>Oculosin, jak ka\u017cdy suplement, mo\u017ce mie\u0107 pewne przeciwwskazania. Oto najwa\u017cniejsze z nich:<\/p>\n<ol>\n<li><strong>Alergia na sk\u0142adniki<\/strong> &#8211; Osoby uczulone na jakikolwiek sk\u0142adnik zawarty w preparacie powinny unika\u0107 jego stosowania.<\/li>\n<li><strong>Ci\u0105\u017ca i laktacja<\/strong> &#8211; Kobiety w ci\u0105\u017cy oraz karmi\u0105ce piersi\u0105 powinny skonsultowa\u0107 si\u0119 z lekarzem przed rozpocz\u0119ciem suplementacji.<\/li>\n<li><strong>M\u0142odsze dzieci<\/strong> &#8211; Preparat nie jest zalecany dla dzieci poni\u017cej 12. roku \u017cycia.<\/li>\n<\/ol>\n<h2>Sk\u0142ad Oculosin &#8211; skuteczne sk\u0142adniki<\/h2>\n<p>Oculosin zawiera starannie dobrane sk\u0142adniki aktywne, kt\u00f3re wspieraj\u0105 zdrowie oczu. Oto niekt\u00f3re z nich:<\/p>\n<table style=\"height: 150px;\" width=\"913\">\n<thead>\n<tr>\n<th>Sk\u0142adnik<\/th>\n<th>Dzia\u0142anie<\/th>\n<\/tr>\n<\/thead>\n<tbody>\n<tr>\n<td>Luteina<\/td>\n<td>Chroni siatk\u00f3wk\u0119, poprawia ostro\u015b\u0107 widzenia<\/td>\n<\/tr>\n<tr>\n<td>Zeaksantyna<\/td>\n<td>Dzia\u0142a jako antyoksydant, chroni przed UV<\/td>\n<\/tr>\n<tr>\n<td>Witamina A<\/td>\n<td>Wspiera zdrowie kom\u00f3rek siatk\u00f3wki<\/td>\n<\/tr>\n<tr>\n<td>Cynk<\/td>\n<td>Utrzymuje prawid\u0142owe widzenie<\/td>\n<\/tr>\n<tr>\n<td>Omega-3 kwasy t\u0142uszczowe<\/td>\n<td>Wspieraj\u0105 funkcje m\u00f3zgu i zdrowie oczu<\/td>\n<\/tr>\n<\/tbody>\n<\/table>\n<p>Te sk\u0142adniki dzia\u0142aj\u0105 synergistycznie, aby poprawi\u0107 funkcjonowanie oczu oraz chroni\u0107 je przed szkodliwymi czynnikami zewn\u0119trznymi.<\/p>\n<h2>Efekty stosowania &#8211; dzia\u0142anie kapsu\u0142ek Oculosin<\/h2>\n<p>Regularne stosowanie Oculosin mo\u017ce przynie\u015b\u0107 szereg korzy\u015bci dla zdrowia oczu. Oto najwa\u017cniejsze efekty, jakie mo\u017cna zaobserwowa\u0107:<\/p>\n<ol>\n<li><strong>Poprawa ostro\u015bci widzenia<\/strong> &#8211; U\u017cytkownicy cz\u0119sto zauwa\u017caj\u0105 wyra\u017aniejsze widzenie, co jest szczeg\u00f3lnie wa\u017cne dla os\u00f3b pracuj\u0105cych w zawodach wymagaj\u0105cych precyzyjnego wzroku.<\/li>\n<li><strong>Redukcja zm\u0119czenia oczu<\/strong> &#8211; Oculosin pomaga z\u0142agodzi\u0107 objawy zm\u0119czenia, co pozwala na d\u0142u\u017csz\u0105 i bardziej komfortow\u0105 prac\u0119 przy komputerze.<\/li>\n<li><strong>Ochrona przed szkodliwym dzia\u0142aniem promieni UV<\/strong> &#8211; Luteina i zeaksantyna, zawarte w preparacie, s\u0105 znane z w\u0142a\u015bciwo\u015bci ochronnych.<\/li>\n<li><strong>Poprawa nawil\u017cenia<\/strong> &#8211; Dzia\u0142anie sk\u0142adnik\u00f3w wspomaga nawil\u017cenie oczu, co jest istotne dla os\u00f3b z syndromem suchego oka.<\/li>\n<\/ol>\n<p>Warto zauwa\u017cy\u0107, \u017ce efekty stosowania Oculosin mog\u0105 si\u0119 r\u00f3\u017cni\u0107 w zale\u017cno\u015bci od indywidualnych predyspozycji organizmu oraz stylu \u017cycia.<\/p>\n<h2>Gdzie kupi\u0107 Oculosin?<\/h2>\n<p>Zastanawiasz si\u0119, gdzie kupi\u0107 Oculosin? Nale\u017cy zwr\u00f3ci\u0107 uwag\u0119, \u017ce kapsu\u0142y te nie s\u0105 dost\u0119pne w stacjonarnych aptekach, co oznacza, \u017ce naj\u0142atwiejszym i najbezpieczniejszym sposobem na zakup jest skorzystanie z oficjalnej strony producenta. Zakup bezpo\u015brednio od producenta gwarantuje, \u017ce otrzymasz oryginalny produkt oraz mo\u017cliwo\u015b\u0107 skorzystania z promocji i rabat\u00f3w.<\/p>\n<p>Aby kupi\u0107 Oculosin, odwied\u017a stron\u0119 internetow\u0105 producenta, gdzie znajdziesz wszystkie potrzebne informacje, jak r\u00f3wnie\u017c opinie innych u\u017cytkownik\u00f3w. Alternatywnie, mo\u017cesz poszuka\u0107 Oculosin w renomowanych sklepach internetowych, kt\u00f3re oferuj\u0105 suplementy diety. Pami\u0119taj, aby zawsze sprawdza\u0107, czy sprzedawca jest zaufany, aby unikn\u0105\u0107 zakupu podr\u00f3bek.<\/p>\n<p>Oculosin to innowacyjny preparat, kt\u00f3ry mo\u017ce znacz\u0105co poprawi\u0107 jako\u015b\u0107 \u017cycia os\u00f3b z problemami ze wzrokiem. Dzi\u0119ki starannie dobranym sk\u0142adnikom, Oculosin wspomaga zdrowie oczu oraz chroni je przed szkodliwymi czynnikami. Regularne stosowanie tego suplementu mo\u017ce przynie\u015b\u0107 wymierne korzy\u015bci, a tak\u017ce przyczyni\u0107 si\u0119 do lepszej jako\u015bci codziennego \u017cycia. Pami\u0119taj, aby przed rozpocz\u0119ciem suplementacji skonsultowa\u0107 si\u0119 z lekarzem, zw\u0142aszcza je\u015bli masz jakie\u015b w\u0105tpliwo\u015bci co do przeciwwskaza\u0144.<\/p>\n<p style=\"text-align: center;\"><a class=\"border-button\" href=\"http:\/\/tl-track.com\/tracker\/u5yJ\">KUPI\u0106 PO CENIE PRODUCENTA (-50%)<\/a><\/p>\n","protected":false},"excerpt":{"rendered":"<p>Nr kat.: 870874572<\/p>\n<p style=\"text-align: center;\"><a class=\"border-button\" href=\"http:\/\/tl-track.com\/tracker\/u5yJ\">KUP TERAZ<\/a><\/p>\n","protected":false},"featured_media":328,"comment_status":"open","ping_status":"closed","template":"","meta":[],"product_brand":[],"product_cat":[18],"product_tag":[],"class_list":{"0":"post-327","1":"product","2":"type-product","3":"status-publish","4":"has-post-thumbnail","6":"product_cat-suplementy","8":"first","9":"instock","10":"sale","11":"shipping-taxable","12":"purchasable","13":"product-type-simple"},"aioseo_notices":[],"_links":{"self":[{"href":"https:\/\/lekarzpodroznik.pl\/store\/wp-json\/wp\/v2\/product\/327","targetHints":{"allow":["GET"]}}],"collection":[{"href":"https:\/\/lekarzpodroznik.pl\/store\/wp-json\/wp\/v2\/product"}],"about":[{"href":"https:\/\/lekarzpodroznik.pl\/store\/wp-json\/wp\/v2\/types\/product"}],"replies":[{"embeddable":true,"href":"https:\/\/lekarzpodroznik.pl\/store\/wp-json\/wp\/v2\/comments?post=327"}],"wp:featuredmedia":[{"embeddable":true,"href":"https:\/\/lekarzpodroznik.pl\/store\/wp-json\/wp\/v2\/media\/328"}],"wp:attachment":[{"href":"https:\/\/lekarzpodroznik.pl\/store\/wp-json\/wp\/v2\/media?parent=327"}],"wp:term":[{"taxonomy":"product_brand","embeddable":true,"href":"https:\/\/lekarzpodroznik.pl\/store\/wp-json\/wp\/v2\/product_brand?post=327"},{"taxonomy":"product_cat","embeddable":true,"href":"https:\/\/lekarzpodroznik.pl\/store\/wp-json\/wp\/v2\/product_cat?post=327"},{"taxonomy":"product_tag","embeddable":true,"href":"https:\/\/lekarzpodroznik.pl\/store\/wp-json\/wp\/v2\/product_tag?post=327"}],"curies":[{"name":"wp","href":"https:\/\/api.w.org\/{rel}","templated":true}]}}