{"id":335,"date":"2024-10-08T11:58:00","date_gmt":"2024-10-08T11:58:00","guid":{"rendered":"https:\/\/lekarzpodroznik.pl\/store\/?post_type=product&#038;p=335"},"modified":"2025-03-12T11:20:52","modified_gmt":"2025-03-12T11:20:52","slug":"presuren-forte","status":"publish","type":"product","link":"https:\/\/lekarzpodroznik.pl\/store\/product\/presuren-forte\/","title":{"rendered":"Presuren Forte"},"content":{"rendered":"<p>Presuren Forte to innowacyjny suplement diety przeznaczony do walki z objawami \u017cylak\u00f3w. Preparat ten dost\u0119pny jest w formie kapsu\u0142ek, co czyni go wygodnym i \u0142atwym do stosowania na co dzie\u0144. Kapsu\u0142ki te zaliczaj\u0105 si\u0119 do grupy suplement\u00f3w diety, kt\u00f3re wspomagaj\u0105 zdrowie uk\u0142adu \u017cylnego. Ich g\u0142\u00f3wnym celem jest poprawa kr\u0105\u017cenia krwi oraz wzmocnienie naczy\u0144 krwiono\u015bnych, co ma na celu zapobieganie powstawaniu nowych \u017cylak\u00f3w oraz redukcj\u0119 ju\u017c istniej\u0105cych.<\/p>\n<p>Suplement zosta\u0142 stworzony z my\u015bl\u0105 o osobach, kt\u00f3re borykaj\u0105 si\u0119 z objawami przewlek\u0142ej niewydolno\u015bci \u017cylnej, takimi jak: uczucie ci\u0119\u017cko\u015bci n\u00f3g, obrz\u0119ki, b\u00f3le, a tak\u017ce zm\u0119czenie n\u00f3g po d\u0142ugim staniu lub chodzeniu. Dzi\u0119ki swoim naturalnym sk\u0142adnikom, Presuren Forte wspiera organizm w walce z tymi uci\u0105\u017cliwymi objawami, jednocze\u015bnie nie obci\u0105\u017caj\u0105c uk\u0142adu pokarmowego ani nie powoduj\u0105c skutk\u00f3w ubocznych.<\/p>\n<p style=\"text-align: center;\"><a class=\"border-button\" href=\"http:\/\/tl-track.com\/tracker\/uRbU\">www.presuren-forte.pl<\/a><\/p>\n<h2>Wskazania i Przeciwwskazania Presuren Forte<\/h2>\n<p><strong>Wskazania do stosowania Presuren Forte<\/strong> obejmuj\u0105 szereg problem\u00f3w zwi\u0105zanych z przewlek\u0142\u0105 niewydolno\u015bci\u0105 \u017cyln\u0105 oraz sk\u0142onno\u015bci do powstawania \u017cylak\u00f3w. Preparat jest szczeg\u00f3lnie polecany osobom, kt\u00f3re:<\/p>\n<ul>\n<li>Borykaj\u0105 si\u0119 z obrz\u0119kami n\u00f3g.<\/li>\n<li>Cierpi\u0105 na b\u00f3l n\u00f3g, szczeg\u00f3lnie po d\u0142ugotrwa\u0142ym staniu lub chodzeniu.<\/li>\n<li>Maj\u0105 uczucie ci\u0119\u017cko\u015bci n\u00f3g.<\/li>\n<li>Zauwa\u017caj\u0105 zmiany w wygl\u0105dzie naczy\u0144 krwiono\u015bnych, takie jak paj\u0105czki i \u017cylaki.<\/li>\n<li>Chc\u0105 zapobiec powstawaniu \u017cylak\u00f3w lub wspom\u00f3c leczenie istniej\u0105cych problem\u00f3w.<\/li>\n<\/ul>\n<p><strong>Przeciwwskazania do stosowania Presuren Forte:<\/strong><\/p>\n<ul>\n<li>Alergia na kt\u00f3rykolwiek ze sk\u0142adnik\u00f3w preparatu.<\/li>\n<li>Ci\u0105\u017ca i okres karmienia piersi\u0105 (przed zastosowaniem zaleca si\u0119 konsultacj\u0119 z lekarzem).<\/li>\n<li>Choroby przewlek\u0142e wymagaj\u0105ce sta\u0142ego leczenia farmakologicznego (przed zastosowaniem nale\u017cy skonsultowa\u0107 si\u0119 z lekarzem).<\/li>\n<\/ul>\n<h2>Sk\u0142ad Presuren Forte &#8211; Skuteczne Sk\u0142adniki<\/h2>\n<p>Jednym z kluczowych aspekt\u00f3w, kt\u00f3re wyr\u00f3\u017cniaj\u0105 Presuren Forte na tle innych preparat\u00f3w na \u017cylaki, jest jego naturalny sk\u0142ad, kt\u00f3ry opiera si\u0119 na starannie dobranych, bezpiecznych dla zdrowia sk\u0142adnikach. Dzi\u0119ki temu suplement jest dobrze tolerowany przez organizm i mo\u017ce by\u0107 stosowany na d\u0142u\u017csz\u0105 met\u0119 bez ryzyka skutk\u00f3w ubocznych.<\/p>\n<p><strong>G\u0142\u00f3wne Sk\u0142adniki Presuren Forte:<\/strong><\/p>\n<table>\n<thead>\n<tr>\n<th>Sk\u0142adnik<\/th>\n<th>Dzia\u0142anie<\/th>\n<\/tr>\n<\/thead>\n<tbody>\n<tr>\n<td><strong>Ekstrakt z kasztanowca<\/strong><\/td>\n<td>Wzmacnia \u015bciany naczy\u0144 krwiono\u015bnych, zapobiega ich uszkodzeniom oraz redukuje obrz\u0119ki.<\/td>\n<\/tr>\n<tr>\n<td><strong>Ekstrakt z winoro\u015bli<\/strong><\/td>\n<td>Wspomaga mikrokr\u0105\u017cenie, \u0142agodzi uczucie ci\u0119\u017cko\u015bci n\u00f3g oraz poprawia elastyczno\u015b\u0107 \u017cy\u0142.<\/td>\n<\/tr>\n<tr>\n<td><strong>Rutyna<\/strong><\/td>\n<td>Zmniejsza przepuszczalno\u015b\u0107 naczy\u0144 krwiono\u015bnych, dzia\u0142a przeciwzapalnie oraz wzmacnia \u015bciany naczy\u0144.<\/td>\n<\/tr>\n<tr>\n<td><strong>Kwas hialuronowy<\/strong><\/td>\n<td>Poprawia elastyczno\u015b\u0107 tkanek, wspiera regeneracj\u0119 sk\u00f3ry i zapobiega powstawaniu paj\u0105czk\u00f3w.<\/td>\n<\/tr>\n<tr>\n<td><strong>Witamina C<\/strong><\/td>\n<td>Wspomaga produkcj\u0119 kolagenu, co przyczynia si\u0119 do wzmocnienia naczy\u0144 krwiono\u015bnych.<\/td>\n<\/tr>\n<\/tbody>\n<\/table>\n<p>Ka\u017cdy ze sk\u0142adnik\u00f3w zosta\u0142 starannie dobrany, aby skutecznie wspiera\u0107 zdrowie uk\u0142adu \u017cylnego. <strong>Ekstrakt z kasztanowca<\/strong> i <strong>rutyna<\/strong> to dwa sk\u0142adniki, kt\u00f3re s\u0105 szeroko stosowane w leczeniu \u017cylak\u00f3w ze wzgl\u0119du na ich skuteczno\u015b\u0107 w poprawie elastyczno\u015bci naczy\u0144 krwiono\u015bnych oraz zmniejszaniu obrz\u0119k\u00f3w. <strong>Witamina C<\/strong> oraz <strong>kwas hialuronowy<\/strong> z kolei wspieraj\u0105 regeneracj\u0119 tkanek oraz zapobiegaj\u0105 ich uszkodzeniom.<\/p>\n<h2>Efekty Stosowania &#8211; Dzia\u0142anie Kapsu\u0142ek Presuren Forte<\/h2>\n<p>Regularne stosowanie Presuren Forte przynosi szereg korzy\u015bci dla zdrowia uk\u0142adu \u017cylnego. Dzi\u0119ki swojemu unikalnemu sk\u0142adowi, kapsu\u0142ki te nie tylko \u0142agodz\u0105 objawy przewlek\u0142ej niewydolno\u015bci \u017cylnej, ale tak\u017ce wspomagaj\u0105 regeneracj\u0119 naczy\u0144 krwiono\u015bnych oraz zapobiegaj\u0105 powstawaniu nowych \u017cylak\u00f3w.<\/p>\n<p><strong>G\u0142\u00f3wne efekty stosowania Presuren Forte:<\/strong><\/p>\n<ol>\n<li><strong>Poprawa kr\u0105\u017cenia krwi<\/strong>: Sk\u0142adniki preparatu wspomagaj\u0105 prawid\u0142owe kr\u0105\u017cenie krwi, co zapobiega stagnacji krwi w nogach oraz redukuje obrz\u0119ki.<\/li>\n<li><strong>Zmniejszenie uczucia ci\u0119\u017cko\u015bci n\u00f3g<\/strong>: Osoby stosuj\u0105ce Presuren Forte cz\u0119sto odczuwaj\u0105 ulg\u0119 w postaci l\u017cejszych n\u00f3g ju\u017c po kilku dniach stosowania.<\/li>\n<li><strong>Wzmocnienie naczy\u0144 krwiono\u015bnych<\/strong>: Regularne stosowanie preparatu prowadzi do wzmocnienia \u015bcian naczy\u0144 krwiono\u015bnych, co zapobiega ich uszkodzeniom i powstawaniu \u017cylak\u00f3w.<\/li>\n<li><strong>Zmniejszenie widoczno\u015bci paj\u0105czk\u00f3w i \u017cylak\u00f3w<\/strong>: Kapsu\u0142ki pomagaj\u0105 zredukowa\u0107 widoczno\u015b\u0107 ju\u017c istniej\u0105cych zmian na nogach, a tak\u017ce zapobiegaj\u0105 powstawaniu nowych.<\/li>\n<li><strong>Dzia\u0142anie przeciwb\u00f3lowe i przeciwzapalne<\/strong>: Dzi\u0119ki swoim sk\u0142adnikom, Presuren Forte \u0142agodzi b\u00f3l n\u00f3g oraz dzia\u0142a przeciwzapalnie, co jest szczeg\u00f3lnie istotne przy zaawansowanych \u017cylakach.<\/li>\n<\/ol>\n<h2>Gdzie kupi\u0107 Presuren Forte?<\/h2>\n<p>Wiele os\u00f3b zastanawia si\u0119, <strong>gdzie kupi\u0107 Presuren Forte<\/strong>. Ten suplement diety nie jest dost\u0119pny w tradycyjnych, stacjonarnych aptekach, co mo\u017ce wydawa\u0107 si\u0119 problematyczne. Jednak Presuren Forte mo\u017cna zakupi\u0107 bezpo\u015brednio od producenta, co gwarantuje oryginalno\u015b\u0107 produktu oraz najlepsz\u0105 cen\u0119.<\/p>\n<p>Kupuj\u0105c bezpo\u015brednio u producenta, mo\u017cemy liczy\u0107 na liczne promocje, a tak\u017ce pewno\u015b\u0107, \u017ce otrzymujemy \u015bwie\u017cy produkt o najwy\u017cszej jako\u015bci. Cz\u0119sto w aptekach internetowych pojawiaj\u0105 si\u0119 podr\u00f3bki, dlatego zawsze warto sprawdzi\u0107 autentyczno\u015b\u0107 sprzedawcy.<\/p>\n<p>Aby unikn\u0105\u0107 ryzyka zakupu podr\u00f3bek, najlepiej zam\u00f3wi\u0107 preparat przez oficjaln\u0105 stron\u0119 producenta. <strong>Kupno Presuren Forte<\/strong> przez internet jest szybkie, wygodne i bezpieczne, a dodatkowo mo\u017cna liczy\u0107 na darmow\u0105 dostaw\u0119 w wybranych ofertach.<\/p>\n<p><strong>Presuren Forte<\/strong> to skuteczny suplement diety na \u017cylaki, kt\u00f3ry warto w\u0142\u0105czy\u0107 do codziennej profilaktyki zdrowia n\u00f3g. Dzi\u0119ki jego naturalnemu sk\u0142adowi oraz szerokiemu dzia\u0142aniu, preparat ten jest doskona\u0142ym wsparciem w walce z przewlek\u0142\u0105 niewydolno\u015bci\u0105 \u017cyln\u0105.<\/p>\n<p style=\"text-align: center;\"><a class=\"border-button\" href=\"http:\/\/tl-track.com\/tracker\/uRbU\">KUPI\u0106 PO CENIE PRODUCENTA (-50%)<\/a><\/p>\n","protected":false},"excerpt":{"rendered":"<p>Nr kat.: 870874576<\/p>\n<p style=\"text-align: center;\"><a class=\"border-button\" href=\"http:\/\/tl-track.com\/tracker\/uRbU\">KUP TERAZ<\/a><\/p>\n","protected":false},"featured_media":1194,"comment_status":"open","ping_status":"closed","template":"","meta":[],"product_brand":[],"product_cat":[18],"product_tag":[],"class_list":{"0":"post-335","1":"product","2":"type-product","3":"status-publish","4":"has-post-thumbnail","6":"product_cat-suplementy","8":"first","9":"instock","10":"sale","11":"shipping-taxable","12":"purchasable","13":"product-type-simple"},"aioseo_notices":[],"_links":{"self":[{"href":"https:\/\/lekarzpodroznik.pl\/store\/wp-json\/wp\/v2\/product\/335","targetHints":{"allow":["GET"]}}],"collection":[{"href":"https:\/\/lekarzpodroznik.pl\/store\/wp-json\/wp\/v2\/product"}],"about":[{"href":"https:\/\/lekarzpodroznik.pl\/store\/wp-json\/wp\/v2\/types\/product"}],"replies":[{"embeddable":true,"href":"https:\/\/lekarzpodroznik.pl\/store\/wp-json\/wp\/v2\/comments?post=335"}],"wp:featuredmedia":[{"embeddable":true,"href":"https:\/\/lekarzpodroznik.pl\/store\/wp-json\/wp\/v2\/media\/1194"}],"wp:attachment":[{"href":"https:\/\/lekarzpodroznik.pl\/store\/wp-json\/wp\/v2\/media?parent=335"}],"wp:term":[{"taxonomy":"product_brand","embeddable":true,"href":"https:\/\/lekarzpodroznik.pl\/store\/wp-json\/wp\/v2\/product_brand?post=335"},{"taxonomy":"product_cat","embeddable":true,"href":"https:\/\/lekarzpodroznik.pl\/store\/wp-json\/wp\/v2\/product_cat?post=335"},{"taxonomy":"product_tag","embeddable":true,"href":"https:\/\/lekarzpodroznik.pl\/store\/wp-json\/wp\/v2\/product_tag?post=335"}],"curies":[{"name":"wp","href":"https:\/\/api.w.org\/{rel}","templated":true}]}}