{"id":391,"date":"2024-10-09T09:02:29","date_gmt":"2024-10-09T09:02:29","guid":{"rendered":"https:\/\/lekarzpodroznik.pl\/store\/?post_type=product&#038;p=391"},"modified":"2024-10-30T12:16:35","modified_gmt":"2024-10-30T12:16:35","slug":"cardione","status":"publish","type":"product","link":"https:\/\/lekarzpodroznik.pl\/store\/product\/cardione\/","title":{"rendered":"Cardione"},"content":{"rendered":"<p><strong>Cardione<\/strong> to suplement diety dost\u0119pny w formie kapsu\u0142ek, kt\u00f3rego zadaniem jest wspieranie funkcji serca oraz ca\u0142ego uk\u0142adu kr\u0105\u017cenia. Preparat ten zosta\u0142 opracowany w celu poprawy zdrowia os\u00f3b z problemami sercowo-naczyniowymi, a tak\u017ce tych, kt\u00f3rzy chc\u0105 zadba\u0107 o swoje serce w profilaktyczny spos\u00f3b. Cardione nale\u017cy do grupy naturalnych preparat\u00f3w, kt\u00f3re bazuj\u0105 na sk\u0142adnikach pochodzenia ro\u015blinnego i witaminach, co czyni go bezpiecznym i odpowiednim do d\u0142ugotrwa\u0142ego stosowania.<\/p>\n<p><strong>Kapsu\u0142ki Cardione maj\u0105 na celu:<\/strong><\/p>\n<ul>\n<li>Popraw\u0119 kr\u0105\u017cenia krwi.<\/li>\n<li>Normalizacj\u0119 ci\u015bnienia t\u0119tniczego.<\/li>\n<li>Redukcj\u0119 poziomu cholesterolu we krwi.<\/li>\n<li>Wspieranie pracy serca i naczy\u0144 krwiono\u015bnych.<\/li>\n<li>Zapobieganie rozwojowi chor\u00f3b sercowo-naczyniowych.<\/li>\n<\/ul>\n<p style=\"text-align: center;\"><a class=\"border-button\" href=\"https:\/\/mandarv.com\/bXdS?sub1=sub1&amp;sub2=sub2&amp;sub3=sub3&amp;sub4=sub4&amp;sub5=sub5\">www.cardione.pl<\/a><\/p>\n<h2>Wskazania i przeciwwskazania Cardione<\/h2>\n<p>Cardione jest polecany w szczeg\u00f3lno\u015bci osobom, kt\u00f3re:<\/p>\n<ul>\n<li>Maj\u0105 podwy\u017cszone ci\u015bnienie krwi.<\/li>\n<li>Cierpi\u0105 na mia\u017cd\u017cyc\u0119.<\/li>\n<li>Zmagaj\u0105 si\u0119 z podwy\u017cszonym poziomem cholesterolu.<\/li>\n<li>Maj\u0105 nieregularne t\u0119tno, tachykardi\u0119 lub inne problemy z sercem.<\/li>\n<li>Szukaj\u0105 naturalnego wsparcia dla uk\u0142adu kr\u0105\u017cenia.<\/li>\n<\/ul>\n<p>Mimo \u017ce Cardione to preparat na bazie naturalnych sk\u0142adnik\u00f3w, nie ka\u017cdy mo\u017ce go stosowa\u0107. Przeciwwskazaniami s\u0105:<\/p>\n<ul>\n<li>Nadwra\u017cliwo\u015b\u0107 na kt\u00f3rykolwiek sk\u0142adnik preparatu.<\/li>\n<li>Stany alergiczne na substancje ro\u015blinne.<\/li>\n<li>Stosowanie w trakcie ci\u0105\u017cy i karmienia piersi\u0105 powinno by\u0107 konsultowane z lekarzem.<\/li>\n<\/ul>\n<h2>Sk\u0142ad Cardione \u2013 skuteczne sk\u0142adniki<\/h2>\n<p>Cardione wyr\u00f3\u017cnia si\u0119 bogatym i starannie dobranym sk\u0142adem. Ka\u017cdy z komponent\u00f3w preparatu ma istotne znaczenie dla wsparcia uk\u0142adu sercowo-naczyniowego.<\/p>\n<table>\n<thead>\n<tr>\n<th>Sk\u0142adnik<\/th>\n<th>Dzia\u0142anie<\/th>\n<\/tr>\n<\/thead>\n<tbody>\n<tr>\n<td><strong>Omega-3<\/strong><\/td>\n<td>Zmniejsza ryzyko mia\u017cd\u017cycy, choroby wie\u0144cowej, udaru m\u00f3zgu, zawa\u0142u serca oraz zakrzepicy. Jest nieoceniony w procesie rekonwalescencji po zawa\u0142ach.<\/td>\n<\/tr>\n<tr>\n<td><strong>Korze\u0144 pokrzywy<\/strong><\/td>\n<td>Wspomaga prac\u0119 nerek, zwi\u0119ksza produkcj\u0119 krwinek czerwonych, obni\u017ca poziom cukru we krwi oraz wspomaga regulacj\u0119 ci\u015bnienia t\u0119tniczego.<\/td>\n<\/tr>\n<tr>\n<td><strong>Olej z g\u0142ogu<\/strong><\/td>\n<td>Poprawia kr\u0105\u017cenie krwi, zwi\u0119ksza ukrwienie naczy\u0144 wie\u0144cowych, reguluje prac\u0119 serca, oczyszcza naczynia krwiono\u015bne, pomaga w zaburzeniach rytmu serca i tachykardii.<\/td>\n<\/tr>\n<tr>\n<td><strong>Ryboflawina (witamina B2)<\/strong><\/td>\n<td>Pomaga zmniejszy\u0107 napi\u0119cie naczy\u0144 krwiono\u015bnych, zapobiega anemii, wspiera nasycenie kom\u00f3rek tlenem, redukuje uczucie l\u0119ku.<\/td>\n<\/tr>\n<tr>\n<td><strong>Tiamina (witamina B1)<\/strong><\/td>\n<td>Normalizuje metabolizm lipid\u00f3w i w\u0119glowodan\u00f3w, wspomaga funkcj\u0119 serca, spowalnia starzenie naczy\u0144 krwiono\u015bnych, zwi\u0119ksza wytrzyma\u0142o\u015b\u0107 organizmu.<\/td>\n<\/tr>\n<tr>\n<td><strong>Witamina B6<\/strong><\/td>\n<td>Niszczy szkodliwy cholesterol, wspomaga funkcjonowanie naczy\u0144 krwiono\u015bnych, w tym tych wok\u00f3\u0142 g\u0142owy, aktywuje metabolizm lipid\u00f3w i poprawia zdolno\u015b\u0107 my\u015blenia.<\/td>\n<\/tr>\n<tr>\n<td><strong>Witamina B12<\/strong><\/td>\n<td>Wspiera zdrowie naczy\u0144 m\u00f3zgowych, reguluje cykle snu i czuwania, poprawia funkcje poznawcze oraz redukuje nerwowo\u015b\u0107 i problemy ze wzrokiem.<\/td>\n<\/tr>\n<\/tbody>\n<\/table>\n<h2>Efekty stosowania \u2013 dzia\u0142anie kapsu\u0142ki Cardione<\/h2>\n<p>Regularne stosowanie kapsu\u0142ek <strong>Cardione<\/strong> przynosi szereg korzy\u015bci dla zdrowia serca i uk\u0142adu kr\u0105\u017cenia. Dzi\u0119ki starannie dobranej formule opartej na naturalnych sk\u0142adnikach, suplement ten dzia\u0142a wielokierunkowo, pomagaj\u0105c poprawi\u0107 og\u00f3lne samopoczucie oraz zapobiega\u0107 powa\u017cnym schorzeniom. Oto, jakie efekty mo\u017cna osi\u0105gn\u0105\u0107, stosuj\u0105c Cardione:<\/p>\n<ol>\n<li><strong>Obni\u017cenie ci\u015bnienia t\u0119tniczego<\/strong> \u2013 Cardione dzia\u0142a w spos\u00f3b naturalny, wspomagaj\u0105c regulacj\u0119 ci\u015bnienia krwi. Regularne stosowanie suplementu pomaga stabilizowa\u0107 warto\u015bci ci\u015bnienia, co jest kluczowe dla zdrowia serca.<\/li>\n<li><strong>Poprawa kr\u0105\u017cenia<\/strong> \u2013 Sk\u0142adniki takie jak olej z g\u0142ogu czy ryboflawina wspieraj\u0105 kr\u0105\u017cenie krwi, co ma ogromne znaczenie dla prawid\u0142owego dotlenienia wszystkich narz\u0105d\u00f3w.<\/li>\n<li><strong>Redukcja poziomu cholesterolu<\/strong> \u2013 Witamina B6 oraz inne aktywne sk\u0142adniki pomagaj\u0105 w obni\u017ceniu poziomu szkodliwego cholesterolu (LDL), co zmniejsza ryzyko rozwoju mia\u017cd\u017cycy oraz innych chor\u00f3b serca.<\/li>\n<li><strong>Ochrona naczy\u0144 krwiono\u015bnych<\/strong> \u2013 Omega-3 oraz witaminy z grupy B wzmacniaj\u0105 \u015bciany naczy\u0144 krwiono\u015bnych, spowalniaj\u0105 ich starzenie i poprawiaj\u0105 ich elastyczno\u015b\u0107, co jest kluczowe w zapobieganiu p\u0119kni\u0119ciom i tworzeniu si\u0119 zakrzep\u00f3w.<\/li>\n<li><strong>Wsparcie funkcji poznawczych i redukcja stresu<\/strong> \u2013 Sk\u0142adniki takie jak ryboflawina i witamina B12 dzia\u0142aj\u0105 koj\u0105co na uk\u0142ad nerwowy, pomagaj\u0105 w redukcji stresu i poprawiaj\u0105 funkcje poznawcze, takie jak pami\u0119\u0107 i koncentracja.<\/li>\n<\/ol>\n<p>D\u0142ugotrwa\u0142e stosowanie Cardione nie tylko wspomaga uk\u0142ad sercowo-naczyniowy, ale tak\u017ce wp\u0142ywa korzystnie na og\u00f3lne zdrowie i samopoczucie.<\/p>\n<h2>Gdzie kupi\u0107 Cardione?<\/h2>\n<p>Je\u015bli zastanawiasz si\u0119, <strong>gdzie kupi\u0107 Cardione<\/strong>, warto wiedzie\u0107, \u017ce ten suplement nie jest dost\u0119pny w tradycyjnych aptekach stacjonarnych. Aby unikn\u0105\u0107 ryzyka zakupu podr\u00f3bek lub niskiej jako\u015bci preparat\u00f3w, najlepiej zam\u00f3wi\u0107 produkt bezpo\u015brednio u producenta.<\/p>\n<p>Kupuj\u0105c u oficjalnego dystrybutora, masz pewno\u015b\u0107, \u017ce otrzymasz oryginalny preparat, kt\u00f3ry spe\u0142nia wszystkie wymagania jako\u015bciowe. Co wi\u0119cej, zakup bezpo\u015brednio na stronie producenta cz\u0119sto wi\u0105\u017ce si\u0119 z atrakcyjnymi promocjami oraz rabatami, dzi\u0119ki czemu mo\u017cna zaoszcz\u0119dzi\u0107 na d\u0142ugotrwa\u0142ej suplementacji.<\/p>\n<p><strong>Cardione<\/strong> to suplement diety, kt\u00f3ry stanowi wsparcie dla zdrowia uk\u0142adu sercowo-naczyniowego. Dzi\u0119ki starannie dobranym, naturalnym sk\u0142adnikom, jak Omega-3, korze\u0144 pokrzywy, olej z g\u0142ogu oraz witaminy z grupy B, kapsu\u0142ki te dzia\u0142aj\u0105 wielokierunkowo, pomagaj\u0105c w utrzymaniu prawid\u0142owego ci\u015bnienia, kr\u0105\u017cenia oraz zdrowych naczy\u0144 krwiono\u015bnych.<\/p>\n<p style=\"text-align: center;\"><a class=\"border-button\" href=\"https:\/\/mandarv.com\/bXdS?sub1=sub1&amp;sub2=sub2&amp;sub3=sub3&amp;sub4=sub4&amp;sub5=sub5\">KUPI\u0106 PO CENIE PRODUCENTA (-50%)<\/a><\/p>\n","protected":false},"excerpt":{"rendered":"<p>Nr kat.: 870874602<\/p>\n<p style=\"text-align: center;\"><a class=\"border-button\" href=\"https:\/\/mandarv.com\/bXdS?sub1=sub1&amp;sub2=sub2&amp;sub3=sub3&amp;sub4=sub4&amp;sub5=sub5\">KUP TERAZ<\/a><\/p>\n","protected":false},"featured_media":392,"comment_status":"open","ping_status":"closed","template":"","meta":[],"product_brand":[],"product_cat":[18],"product_tag":[],"class_list":{"0":"post-391","1":"product","2":"type-product","3":"status-publish","4":"has-post-thumbnail","6":"product_cat-suplementy","8":"first","9":"instock","10":"sale","11":"shipping-taxable","12":"purchasable","13":"product-type-simple"},"aioseo_notices":[],"_links":{"self":[{"href":"https:\/\/lekarzpodroznik.pl\/store\/wp-json\/wp\/v2\/product\/391","targetHints":{"allow":["GET"]}}],"collection":[{"href":"https:\/\/lekarzpodroznik.pl\/store\/wp-json\/wp\/v2\/product"}],"about":[{"href":"https:\/\/lekarzpodroznik.pl\/store\/wp-json\/wp\/v2\/types\/product"}],"replies":[{"embeddable":true,"href":"https:\/\/lekarzpodroznik.pl\/store\/wp-json\/wp\/v2\/comments?post=391"}],"wp:featuredmedia":[{"embeddable":true,"href":"https:\/\/lekarzpodroznik.pl\/store\/wp-json\/wp\/v2\/media\/392"}],"wp:attachment":[{"href":"https:\/\/lekarzpodroznik.pl\/store\/wp-json\/wp\/v2\/media?parent=391"}],"wp:term":[{"taxonomy":"product_brand","embeddable":true,"href":"https:\/\/lekarzpodroznik.pl\/store\/wp-json\/wp\/v2\/product_brand?post=391"},{"taxonomy":"product_cat","embeddable":true,"href":"https:\/\/lekarzpodroznik.pl\/store\/wp-json\/wp\/v2\/product_cat?post=391"},{"taxonomy":"product_tag","embeddable":true,"href":"https:\/\/lekarzpodroznik.pl\/store\/wp-json\/wp\/v2\/product_tag?post=391"}],"curies":[{"name":"wp","href":"https:\/\/api.w.org\/{rel}","templated":true}]}}