{"id":395,"date":"2024-10-09T09:11:27","date_gmt":"2024-10-09T09:11:27","guid":{"rendered":"https:\/\/lekarzpodroznik.pl\/store\/?post_type=product&#038;p=395"},"modified":"2024-10-31T06:57:17","modified_gmt":"2024-10-31T06:57:17","slug":"cystonette","status":"publish","type":"product","link":"https:\/\/lekarzpodroznik.pl\/store\/product\/cystonette\/","title":{"rendered":"Cystonette"},"content":{"rendered":"<p><strong>Cystonette<\/strong> to suplement diety w formie kapsu\u0142ek, kt\u00f3ry zosta\u0142 stworzony specjalnie z my\u015bl\u0105 o osobach cierpi\u0105cych na zapalenie p\u0119cherza moczowego. Preparat ten dzia\u0142a nie tylko na objawy, ale i na przyczyn\u0119 problemu, wspieraj\u0105c prawid\u0142owe funkcjonowanie uk\u0142adu moczowego.<\/p>\n<p>Cystonette nale\u017cy do grupy preparat\u00f3w o naturalnym sk\u0142adzie, kt\u00f3re s\u0105 bezpieczne dla organizmu i mog\u0105 by\u0107 stosowane przez d\u0142u\u017cszy czas. Dzi\u0119ki swojej formule kapsu\u0142ki \u0142atwo si\u0119 przyswajaj\u0105, a ich dzia\u0142anie jest zauwa\u017calne ju\u017c po kilku dniach stosowania.<\/p>\n<p>Preparat dost\u0119pny jest w postaci kapsu\u0142ek, co zapewnia wygod\u0119 stosowania. Kapsu\u0142ki s\u0105 \u0142atwe do po\u0142kni\u0119cia, a ich sk\u0142adniki szybko uwalniaj\u0105 si\u0119 w organizmie.<\/p>\n<p style=\"text-align: center;\"><a class=\"border-button\" href=\"https:\/\/mandarv.com\/lBFS?sub1=sub1&amp;sub2=sub2&amp;sub3=sub3&amp;sub4=sub4&amp;sub5=sub5\">www.cystonette.pl<\/a><\/p>\n<h2>Wskazania i przeciwwskazania Cystonette<\/h2>\n<h3>Wskazania do stosowania<\/h3>\n<p>Cystonette zalecane jest przede wszystkim w przypadku:<\/p>\n<ul>\n<li>Ostrej i przewlek\u0142ej postaci zapalenia p\u0119cherza moczowego<\/li>\n<li>Profilaktyki nawrot\u00f3w infekcji dr\u00f3g moczowych<\/li>\n<li>Wsparcia zdrowia uk\u0142adu moczowego<\/li>\n<li>Os\u00f3b nara\u017conych na cz\u0119ste infekcje dr\u00f3g moczowych, np. kobiet, u kt\u00f3rych cystit wyst\u0119puje na skutek zmian hormonalnych czy intensywnej aktywno\u015bci fizycznej<\/li>\n<\/ul>\n<h3>Przeciwwskazania<\/h3>\n<p>Chocia\u017c Cystonette ma naturalny sk\u0142ad, istniej\u0105 pewne sytuacje, w kt\u00f3rych nie powinno si\u0119 stosowa\u0107 tego preparatu. Do przeciwwskaza\u0144 nale\u017c\u0105:<\/p>\n<ul>\n<li>Nadwra\u017cliwo\u015b\u0107 lub alergia na kt\u00f3rykolwiek ze sk\u0142adnik\u00f3w preparatu<\/li>\n<li>Ci\u0105\u017ca i karmienie piersi\u0105 (bez konsultacji z lekarzem)<\/li>\n<li>Osoby poni\u017cej 18. roku \u017cycia<\/li>\n<\/ul>\n<p>Je\u015bli masz w\u0105tpliwo\u015bci co do stosowania Cystonette, warto skonsultowa\u0107 si\u0119 z lekarzem lub farmaceut\u0105.<\/p>\n<h2>Sk\u0142ad Cystonette \u2013 skuteczne sk\u0142adniki<\/h2>\n<p>Jednym z g\u0142\u00f3wnych atut\u00f3w Cystonette jest jego naturalny i dobrze dobrany sk\u0142ad, kt\u00f3ry zosta\u0142 opracowany tak, by skutecznie dzia\u0142a\u0107 na objawy zapalenia p\u0119cherza moczowego i wspiera\u0107 zdrowie uk\u0142adu moczowego.<\/p>\n<p><strong>Kluczowe sk\u0142adniki Cystonette<\/strong> to:<\/p>\n<table>\n<thead>\n<tr>\n<th>Sk\u0142adnik<\/th>\n<th>Dzia\u0142anie<\/th>\n<\/tr>\n<\/thead>\n<tbody>\n<tr>\n<td><strong>Ekstrakt z \u017curawiny<\/strong><\/td>\n<td>Znany ze swoich w\u0142a\u015bciwo\u015bci przeciwbakteryjnych, zapobiega przyleganiu bakterii do \u015bcianek p\u0119cherza.<\/td>\n<\/tr>\n<tr>\n<td><strong>Ekstrakt z li\u015bci pokrzywy<\/strong><\/td>\n<td>Dzia\u0142a moczop\u0119dnie, wspomaga usuwanie toksyn i bakterii z uk\u0142adu moczowego.<\/td>\n<\/tr>\n<tr>\n<td><strong>Ekstrakt z brzozy<\/strong><\/td>\n<td>Posiada w\u0142a\u015bciwo\u015bci przeciwzapalne, \u0142agodzi podra\u017cnienia i stany zapalne.<\/td>\n<\/tr>\n<tr>\n<td><strong>D-mannoza<\/strong><\/td>\n<td>Naturalny cukier, kt\u00f3ry wspiera walk\u0119 z bakteriami, zw\u0142aszcza E. coli, g\u0142\u00f3wnym sprawc\u0105 infekcji dr\u00f3g moczowych.<\/td>\n<\/tr>\n<tr>\n<td><strong>Probiotyki<\/strong><\/td>\n<td>Odbudowuj\u0105 naturaln\u0105 flor\u0119 bakteryjn\u0105, wspieraj\u0105c zdrowie uk\u0142adu moczowego.<\/td>\n<\/tr>\n<\/tbody>\n<\/table>\n<p>Sk\u0142adniki te dzia\u0142aj\u0105 synergicznie, co oznacza, \u017ce wzajemnie wzmacniaj\u0105 swoje dzia\u0142anie, zapewniaj\u0105c szybkie i skuteczne efekty. Dzi\u0119ki takiej formule Cystonette nie tylko \u0142agodzi objawy, ale tak\u017ce dzia\u0142a na przyczyny infekcji.<\/p>\n<h2>Efekty stosowania \u2013 dzia\u0142anie kapsu\u0142ek Cystonette<\/h2>\n<p>Cystonette to nie tylko dora\u017ane rozwi\u0105zanie problemu, jakim jest zapalenie p\u0119cherza. Dzi\u0119ki regularnemu stosowaniu kapsu\u0142ek mo\u017cna osi\u0105gn\u0105\u0107 d\u0142ugotrwa\u0142e efekty.<\/p>\n<p><strong>Najwa\u017cniejsze efekty stosowania Cystonette:<\/strong><\/p>\n<ol>\n<li><strong>Zmniejszenie b\u00f3lu i dyskomfortu<\/strong>: Ju\u017c po kilku dniach stosowania pacjenci zauwa\u017caj\u0105 wyra\u017ane z\u0142agodzenie objaw\u00f3w, takich jak pieczenie, b\u00f3l podczas oddawania moczu czy cz\u0119ste parcie na mocz.<\/li>\n<li><strong>Ochrona przed nawrotami<\/strong>: Cystonette wzmacnia odporno\u015b\u0107 organizmu i zapobiega nawrotom infekcji, co jest szczeg\u00f3lnie wa\u017cne dla os\u00f3b cierpi\u0105cych na nawracaj\u0105cy cystit.<\/li>\n<li><strong>Poprawa zdrowia uk\u0142adu moczowego<\/strong>: Sk\u0142adniki preparatu, takie jak probiotyki czy ekstrakt z \u017curawiny, dbaj\u0105 o zdrow\u0105 flor\u0119 bakteryjn\u0105 dr\u00f3g moczowych, co pomaga w utrzymaniu zdrowia p\u0119cherza i nerek.<\/li>\n<li><strong>Dzia\u0142anie przeciwbakteryjne i przeciwzapalne<\/strong>: Dzi\u0119ki sk\u0142adnikom takim jak D-mannoza i ekstrakt z li\u015bci pokrzywy, Cystonette skutecznie zwalcza bakterie odpowiedzialne za infekcje oraz zmniejsza stany zapalne.<\/li>\n<\/ol>\n<p>Stosowanie Cystonette mo\u017ce wi\u0119c przynie\u015b\u0107 d\u0142ugofalowe korzy\u015bci zdrowotne, nie tylko \u0142agodz\u0105c objawy, ale tak\u017ce wspieraj\u0105c zdrowie uk\u0142adu moczowego na co dzie\u0144.<\/p>\n<h2>Gdzie kupi\u0107 Cystonette?<\/h2>\n<p>Zakup Cystonette mo\u017ce by\u0107 pewnym wyzwaniem, poniewa\u017c preparat ten <strong>nie jest dost\u0119pny w stacjonarnych aptekach<\/strong>. Wiele os\u00f3b zastanawia si\u0119, gdzie kupi\u0107 ten produkt, aby mie\u0107 pewno\u015b\u0107, \u017ce pochodzi od zaufanego producenta.<\/p>\n<p>Najlepszym rozwi\u0105zaniem jest <strong>zakup Cystonette bezpo\u015brednio od producenta<\/strong> poprzez jego oficjaln\u0105 stron\u0119 internetow\u0105. W ten spos\u00f3b mo\u017cna mie\u0107 pewno\u015b\u0107, \u017ce otrzymany produkt jest oryginalny i spe\u0142nia wszystkie normy jako\u015bci. Zakup online ma r\u00f3wnie\u017c inne zalety \u2013 cz\u0119sto mo\u017cna liczy\u0107 na promocyjne ceny i korzystne oferty, kt\u00f3re nie s\u0105 dost\u0119pne w innych miejscach.<\/p>\n<p>Kupuj\u0105c przez Internet, warto r\u00f3wnie\u017c zwr\u00f3ci\u0107 uwag\u0119 na opinie innych u\u017cytkownik\u00f3w oraz recenzje produktu, kt\u00f3re s\u0105 dost\u0119pne na stronie producenta. Opinie te mog\u0105 by\u0107 cennym \u017ar\u00f3d\u0142em informacji, kt\u00f3re pomog\u0105 w podj\u0119ciu decyzji o zakupie.<\/p>\n<p>Wa\u017cne jest tak\u017ce, aby unika\u0107 zakupu Cystonette na nieautoryzowanych platformach sprzeda\u017cowych, takich jak portale aukcyjne, poniewa\u017c istnieje ryzyko, \u017ce produkt mo\u017ce by\u0107 podr\u00f3bk\u0105. Dlatego zawsze warto upewni\u0107 si\u0119, \u017ce kupujemy bezpo\u015brednio u \u017ar\u00f3d\u0142a, czyli od producenta.<\/p>\n<p>Cystonette to innowacyjne kapsu\u0142ki, kt\u00f3re skutecznie pomagaj\u0105 w walce z zapaleniem p\u0119cherza moczowego. Dzi\u0119ki naturalnemu sk\u0142adowi, takim jak ekstrakt z \u017curawiny, D-mannoza czy probiotyki, produkt ten dzia\u0142a nie tylko na objawy, ale tak\u017ce wspiera zdrowie uk\u0142adu moczowego. Stosowanie Cystonette mo\u017ce przynie\u015b\u0107 d\u0142ugotrwa\u0142e efekty, takie jak zmniejszenie ryzyka nawrot\u00f3w infekcji oraz poprawa funkcjonowania p\u0119cherza.<\/p>\n<p>Warto jednak pami\u0119ta\u0107, \u017ce <strong>Cystonette nie jest dost\u0119pny w stacjonarnych aptekach<\/strong>, dlatego najlepszym sposobem na zakup jest odwiedzenie oficjalnej strony producenta, co daje gwarancj\u0119 jako\u015bci i atrakcyjnych cen.<\/p>\n<p style=\"text-align: center;\"><a class=\"border-button\" href=\"https:\/\/mandarv.com\/lBFS?sub1=sub1&amp;sub2=sub2&amp;sub3=sub3&amp;sub4=sub4&amp;sub5=sub5\">KUPI\u0106 PO CENIE PRODUCENTA (-50%)<\/a><\/p>\n","protected":false},"excerpt":{"rendered":"<p>Nr kat.: 870874604<\/p>\n<p style=\"text-align: center;\"><a class=\"border-button\" href=\"https:\/\/mandarv.com\/lBFS?sub1=sub1&amp;sub2=sub2&amp;sub3=sub3&amp;sub4=sub4&amp;sub5=sub5\">KUP TERAZ<\/a><\/p>\n","protected":false},"featured_media":396,"comment_status":"open","ping_status":"closed","template":"","meta":[],"product_brand":[],"product_cat":[18],"product_tag":[],"class_list":{"0":"post-395","1":"product","2":"type-product","3":"status-publish","4":"has-post-thumbnail","6":"product_cat-suplementy","8":"first","9":"instock","10":"shipping-taxable","11":"purchasable","12":"product-type-simple"},"aioseo_notices":[],"_links":{"self":[{"href":"https:\/\/lekarzpodroznik.pl\/store\/wp-json\/wp\/v2\/product\/395","targetHints":{"allow":["GET"]}}],"collection":[{"href":"https:\/\/lekarzpodroznik.pl\/store\/wp-json\/wp\/v2\/product"}],"about":[{"href":"https:\/\/lekarzpodroznik.pl\/store\/wp-json\/wp\/v2\/types\/product"}],"replies":[{"embeddable":true,"href":"https:\/\/lekarzpodroznik.pl\/store\/wp-json\/wp\/v2\/comments?post=395"}],"wp:featuredmedia":[{"embeddable":true,"href":"https:\/\/lekarzpodroznik.pl\/store\/wp-json\/wp\/v2\/media\/396"}],"wp:attachment":[{"href":"https:\/\/lekarzpodroznik.pl\/store\/wp-json\/wp\/v2\/media?parent=395"}],"wp:term":[{"taxonomy":"product_brand","embeddable":true,"href":"https:\/\/lekarzpodroznik.pl\/store\/wp-json\/wp\/v2\/product_brand?post=395"},{"taxonomy":"product_cat","embeddable":true,"href":"https:\/\/lekarzpodroznik.pl\/store\/wp-json\/wp\/v2\/product_cat?post=395"},{"taxonomy":"product_tag","embeddable":true,"href":"https:\/\/lekarzpodroznik.pl\/store\/wp-json\/wp\/v2\/product_tag?post=395"}],"curies":[{"name":"wp","href":"https:\/\/api.w.org\/{rel}","templated":true}]}}