{"id":405,"date":"2024-10-09T09:36:39","date_gmt":"2024-10-09T09:36:39","guid":{"rendered":"https:\/\/lekarzpodroznik.pl\/store\/?post_type=product&#038;p=405"},"modified":"2025-03-12T10:13:57","modified_gmt":"2025-03-12T10:13:57","slug":"elesse-cream","status":"publish","type":"product","link":"https:\/\/lekarzpodroznik.pl\/store\/product\/elesse-cream\/","title":{"rendered":"Elesse Cream"},"content":{"rendered":"<p>Elesse Cream to produkt kosmetyczny, kt\u00f3ry jest przeznaczony do codziennego stosowania na twarz i szyj\u0119. Krem ma lekk\u0105, \u0142atwo wch\u0142aniaj\u0105c\u0105 si\u0119 konsystencj\u0119, co sprawia, \u017ce nie pozostawia t\u0142ustej warstwy na sk\u00f3rze i dzia\u0142a niemal natychmiast po aplikacji.<\/p>\n<p>Produkt zosta\u0142 zaprojektowany z my\u015bl\u0105 o kobietach i m\u0119\u017cczyznach w r\u00f3\u017cnym wieku, kt\u00f3rzy szukaj\u0105 skutecznego sposobu na walk\u0119 z oznakami starzenia, takimi jak zmarszczki, utrata j\u0119drno\u015bci, czy ziemista cera. <strong>Elesse Cream<\/strong> nale\u017cy do grupy kosmetyk\u00f3w anti-aging, a jego unikalna formu\u0142a dzia\u0142a na poziomie kom\u00f3rkowym, stymuluj\u0105c regeneracj\u0119 i metabolizm sk\u00f3ry. Dzi\u0119ki temu krem nie tylko maskuje niedoskona\u0142o\u015bci, ale tak\u017ce dzia\u0142a g\u0142\u0119boko, odm\u0142adzaj\u0105c sk\u00f3r\u0119 od wewn\u0105trz.<\/p>\n<p style=\"text-align: center;\"><a class=\"border-button\" href=\"https:\/\/mandarv.com\/6WyS?sub1=sub1&amp;sub2=sub2&amp;sub3=sub3&amp;sub4=sub4&amp;sub5=sub5\">www.elesse-cream.pl<\/a><\/p>\n<h2>Wskazania i przeciwwskazania Elesse Cream<\/h2>\n<p><strong>Elesse Cream<\/strong> jest idealnym rozwi\u0105zaniem dla os\u00f3b, kt\u00f3re zmagaj\u0105 si\u0119 z problemami zwi\u0105zanymi ze starzeniem si\u0119 sk\u00f3ry. Do g\u0142\u00f3wnych wskaza\u0144 nale\u017c\u0105:<\/p>\n<ul>\n<li><strong>Zmarszczki<\/strong> \u2013 Krem skutecznie wyg\u0142adza zmarszczki, zar\u00f3wno te p\u0142ytkie, jak i g\u0142\u0119bokie.<\/li>\n<li><strong>Utrata j\u0119drno\u015bci sk\u00f3ry<\/strong> \u2013 Elesse Cream przywraca sk\u00f3rze spr\u0119\u017cysto\u015b\u0107 i elastyczno\u015b\u0107.<\/li>\n<li><strong>Przebarwienia<\/strong> \u2013 Dzi\u0119ki naturalnym sk\u0142adnikom rozja\u015bnia przebarwienia i wyr\u00f3wnuje koloryt sk\u00f3ry.<\/li>\n<li><strong>Sucho\u015b\u0107 i odwodnienie<\/strong> \u2013 Krem g\u0142\u0119boko nawil\u017ca, zapewniaj\u0105c d\u0142ugotrwa\u0142e uczucie komfortu.<\/li>\n<\/ul>\n<h4>Przeciwwskazania:<\/h4>\n<p>Chocia\u017c <strong>Elesse Cream<\/strong> zosta\u0142 opracowany z my\u015bl\u0105 o wszystkich typach sk\u00f3ry, istniej\u0105 pewne przeciwwskazania do jego stosowania. Osoby z nadwra\u017cliwo\u015bci\u0105 na kt\u00f3rykolwiek ze sk\u0142adnik\u00f3w aktywnych powinny unika\u0107 u\u017cywania kremu. W przypadku alergii sk\u00f3rnych lub innych powa\u017cnych problem\u00f3w dermatologicznych, zaleca si\u0119 konsultacj\u0119 z dermatologiem przed rozpocz\u0119ciem kuracji.<\/p>\n<h2>Sk\u0142ad Elesse Cream &#8211; skuteczne sk\u0142adniki<\/h2>\n<p>Kluczow\u0105 cech\u0105 wyr\u00f3\u017cniaj\u0105c\u0105 <strong>Elesse Cream<\/strong> na tle innych produkt\u00f3w jest jego naturalny sk\u0142ad. Formu\u0142a kremu zosta\u0142a wzbogacona o ekstrakty z 8 r\u00f3\u017cnych ro\u015blin, kt\u00f3re dzia\u0142aj\u0105 synergistycznie, by maksymalizowa\u0107 efekty piel\u0119gnacyjne.<\/p>\n<h4>Tabela sk\u0142adnik\u00f3w i ich w\u0142a\u015bciwo\u015bci:<\/h4>\n<table style=\"height: 256px;\" width=\"909\">\n<thead>\n<tr>\n<th><strong>Sk\u0142adnik<\/strong><\/th>\n<th><strong>Dzia\u0142anie<\/strong><\/th>\n<\/tr>\n<\/thead>\n<tbody>\n<tr>\n<td>Ekstrakt z aloesu<\/td>\n<td>Intensywnie nawil\u017ca, \u0142agodzi podra\u017cnienia i regeneruje sk\u00f3r\u0119.<\/td>\n<\/tr>\n<tr>\n<td>Ekstrakt z rumianku<\/td>\n<td>Dzia\u0142a przeciwzapalnie, redukuje zaczerwienienia i podra\u017cnienia.<\/td>\n<\/tr>\n<tr>\n<td>Olej z awokado<\/td>\n<td>Bogaty w witaminy E i A, intensywnie od\u017cywia i chroni przed wolnymi rodnikami.<\/td>\n<\/tr>\n<tr>\n<td>Ekstrakt z zielonej herbaty<\/td>\n<td>Dzia\u0142a przeciwutleniaj\u0105co, chroni\u0105c sk\u00f3r\u0119 przed stresem oksydacyjnym.<\/td>\n<\/tr>\n<tr>\n<td>Kwas hialuronowy<\/td>\n<td>Zapewnia d\u0142ugotrwa\u0142e nawil\u017cenie i wype\u0142nia zmarszczki od \u015brodka.<\/td>\n<\/tr>\n<tr>\n<td>Olej jojoba<\/td>\n<td>Odbudowuje barier\u0119 hydrolipidow\u0105 sk\u00f3ry, zapobiega przesuszeniu.<\/td>\n<\/tr>\n<tr>\n<td>Ekstrakt z w\u0105krotki azjatyckiej<\/td>\n<td>Przyspiesza regeneracj\u0119 sk\u00f3ry i stymuluje produkcj\u0119 kolagenu.<\/td>\n<\/tr>\n<tr>\n<td>Ekstrakt z oczaru wirginijskiego<\/td>\n<td>Redukuje opuchlizn\u0119, dzia\u0142a przeciwzapalnie i \u015bci\u0105gaj\u0105co.<\/td>\n<\/tr>\n<\/tbody>\n<\/table>\n<p>Naturalny sk\u0142ad kremu Elesse gwarantuje wysok\u0105 biodost\u0119pno\u015b\u0107 wszystkich sk\u0142adnik\u00f3w aktywnych, co oznacza, \u017ce s\u0105 one \u0142atwo przyswajalne przez sk\u00f3r\u0119. Dzi\u0119ki temu krem dzia\u0142a szybko i efektywnie, nie powoduj\u0105c skutk\u00f3w ubocznych.<\/p>\n<h2>Efekty stosowania &#8211; dzia\u0142anie kremu Elesse Cream<\/h2>\n<p>Elesse Cream to produkt, kt\u00f3ry nie tylko maskuje niedoskona\u0142o\u015bci, ale rzeczywi\u015bcie dzia\u0142a na rzecz regeneracji sk\u00f3ry. Po kilku tygodniach regularnego stosowania mo\u017cna zaobserwowa\u0107:<\/p>\n<ol>\n<li><strong>Widoczne wyg\u0142adzenie zmarszczek<\/strong> \u2013 Zmarszczki mimiczne i g\u0142\u0119bokie staj\u0105 si\u0119 mniej widoczne, a sk\u00f3ra zyskuje m\u0142odszy wygl\u0105d.<\/li>\n<li><strong>Poprawa elastyczno\u015bci sk\u00f3ry<\/strong> \u2013 Krem przywraca j\u0119drno\u015b\u0107 i spr\u0119\u017cysto\u015b\u0107 sk\u00f3ry, co sprawia, \u017ce staje si\u0119 ona bardziej napi\u0119ta.<\/li>\n<li><strong>R\u00f3wnomierny koloryt<\/strong> \u2013 Ekstrakty ro\u015blinne pomagaj\u0105 rozja\u015bni\u0107 przebarwienia i wyr\u00f3wna\u0107 koloryt cery.<\/li>\n<li><strong>Intensywne nawil\u017cenie<\/strong> \u2013 Sk\u00f3ra staje si\u0119 bardziej nawil\u017cona, a uczucie sucho\u015bci i \u015bci\u0105gni\u0119cia zostaje wyeliminowane.<\/li>\n<li><strong>D\u0142ugotrwa\u0142a ochrona<\/strong> \u2013 Dzi\u0119ki sk\u0142adnikom o dzia\u0142aniu antyoksydacyjnym, Elesse Cream chroni sk\u00f3r\u0119 przed szkodliwym wp\u0142ywem czynnik\u00f3w zewn\u0119trznych, takich jak zanieczyszczenia \u015brodowiska czy promieniowanie UV.<\/li>\n<\/ol>\n<h2>Gdzie kupi\u0107 Elesse Cream?<\/h2>\n<p>Zakup Elesse Cream mo\u017ce by\u0107 dla wielu os\u00f3b wyzwaniem, poniewa\u017c produkt ten nie jest dost\u0119pny w tradycyjnych aptekach stacjonarnych. Je\u015bli zastanawiasz si\u0119, <strong>gdzie kupi\u0107 Elesse Cream<\/strong>, najlepiej skierowa\u0107 swoje kroki na oficjaln\u0105 stron\u0119 producenta. Krem mo\u017cna zam\u00f3wi\u0107 bezpo\u015brednio online, co gwarantuje, \u017ce otrzymasz oryginalny produkt z gwarancj\u0105 jako\u015bci.<\/p>\n<p>Wa\u017cne jest, aby unika\u0107 podejrzanych \u017ar\u00f3de\u0142 oraz nieautoryzowanych sprzedawc\u00f3w, gdy\u017c na rynku mog\u0105 pojawia\u0107 si\u0119 podr\u00f3bki. Szukaj\u0105c fraz takich jak <strong>kup Elesse Cream<\/strong>, <strong>kupi\u0107 u producenta<\/strong>, lub <strong>gdzie kupi\u0107 Elesse Cream<\/strong>, warto upewni\u0107 si\u0119, \u017ce strona, na kt\u00f3rej dokonujesz zakupu, jest autoryzowana i posiada certyfikaty jako\u015bci. Co wi\u0119cej, Elesse Cream cz\u0119sto jest dost\u0119pny w atrakcyjnych promocjach, zw\u0142aszcza przy zakupie wi\u0119kszej ilo\u015bci opakowa\u0144.<\/p>\n<p><strong>Elesse Cream<\/strong> to innowacyjny produkt, kt\u00f3ry odm\u0142adza sk\u00f3r\u0119 na poziomie kom\u00f3rkowym, zapewniaj\u0105c efekty widoczne ju\u017c po kilku tygodniach stosowania. Naturalny sk\u0142ad, szybka wch\u0142anialno\u015b\u0107 i potwierdzone klinicznie dzia\u0142anie sprawiaj\u0105, \u017ce krem ten stanowi rewolucj\u0119 na rynku kosmetyk\u00f3w anti-aging. Dzi\u0119ki ekstraktom ro\u015blinnym, kt\u00f3re dzia\u0142aj\u0105 od\u017cywczo i regeneruj\u0105co, krem skutecznie zwalcza zmarszczki, poprawia elastyczno\u015b\u0107 sk\u00f3ry i nadaje jej zdrowy blask.<\/p>\n<p style=\"text-align: center;\"><a class=\"border-button\" href=\"https:\/\/mandarv.com\/6WyS?sub1=sub1&amp;sub2=sub2&amp;sub3=sub3&amp;sub4=sub4&amp;sub5=sub5\">KUPI\u0106 PO CENIE PRODUCENTA (-50%)<\/a><\/p>\n","protected":false},"excerpt":{"rendered":"<p>Nr kat.: 870874609<\/p>\n<p style=\"text-align: center;\"><a class=\"border-button\" href=\"https:\/\/mandarv.com\/6WyS?sub1=sub1&amp;sub2=sub2&amp;sub3=sub3&amp;sub4=sub4&amp;sub5=sub5\">KUP TERAZ<\/a><\/p>\n","protected":false},"featured_media":1125,"comment_status":"open","ping_status":"closed","template":"","meta":[],"product_brand":[],"product_cat":[18],"product_tag":[],"class_list":{"0":"post-405","1":"product","2":"type-product","3":"status-publish","4":"has-post-thumbnail","6":"product_cat-suplementy","8":"first","9":"instock","10":"sale","11":"shipping-taxable","12":"purchasable","13":"product-type-simple"},"aioseo_notices":[],"_links":{"self":[{"href":"https:\/\/lekarzpodroznik.pl\/store\/wp-json\/wp\/v2\/product\/405","targetHints":{"allow":["GET"]}}],"collection":[{"href":"https:\/\/lekarzpodroznik.pl\/store\/wp-json\/wp\/v2\/product"}],"about":[{"href":"https:\/\/lekarzpodroznik.pl\/store\/wp-json\/wp\/v2\/types\/product"}],"replies":[{"embeddable":true,"href":"https:\/\/lekarzpodroznik.pl\/store\/wp-json\/wp\/v2\/comments?post=405"}],"wp:featuredmedia":[{"embeddable":true,"href":"https:\/\/lekarzpodroznik.pl\/store\/wp-json\/wp\/v2\/media\/1125"}],"wp:attachment":[{"href":"https:\/\/lekarzpodroznik.pl\/store\/wp-json\/wp\/v2\/media?parent=405"}],"wp:term":[{"taxonomy":"product_brand","embeddable":true,"href":"https:\/\/lekarzpodroznik.pl\/store\/wp-json\/wp\/v2\/product_brand?post=405"},{"taxonomy":"product_cat","embeddable":true,"href":"https:\/\/lekarzpodroznik.pl\/store\/wp-json\/wp\/v2\/product_cat?post=405"},{"taxonomy":"product_tag","embeddable":true,"href":"https:\/\/lekarzpodroznik.pl\/store\/wp-json\/wp\/v2\/product_tag?post=405"}],"curies":[{"name":"wp","href":"https:\/\/api.w.org\/{rel}","templated":true}]}}