{"id":409,"date":"2024-10-09T09:45:36","date_gmt":"2024-10-09T09:45:36","guid":{"rendered":"https:\/\/lekarzpodroznik.pl\/store\/?post_type=product&#038;p=409"},"modified":"2025-05-29T11:30:40","modified_gmt":"2025-05-29T11:30:40","slug":"erox-plus","status":"publish","type":"product","link":"https:\/\/lekarzpodroznik.pl\/store\/product\/erox-plus\/","title":{"rendered":"Erox Plus"},"content":{"rendered":"<p>Erox Plus to suplement diety w postaci kapsu\u0142ek, stworzony specjalnie dla m\u0119\u017cczyzn, kt\u00f3rzy chc\u0105 poprawi\u0107 swoj\u0105 potencj\u0119 oraz zwi\u0119kszy\u0107 rozmiar penisa. Produkt ten nale\u017cy do grupy naturalnych preparat\u00f3w, kt\u00f3re dzia\u0142aj\u0105 na r\u00f3\u017cne aspekty m\u0119skiej seksualno\u015bci, pomagaj\u0105c w poprawie wydolno\u015bci seksualnej oraz zwi\u0119kszeniu pewno\u015bci siebie w sypialni.<\/p>\n<p>Kapsu\u0142ki Erox Plus s\u0105 dost\u0119pne w wygodnych opakowaniach, kt\u00f3re u\u0142atwiaj\u0105 codzienne stosowanie. Zalet\u0105 tego preparatu jest jego naturalny sk\u0142ad, co oznacza, \u017ce ryzyko wyst\u0105pienia skutk\u00f3w ubocznych jest minimalne. Regularne stosowanie preparatu mo\u017ce przynie\u015b\u0107 widoczne efekty zar\u00f3wno w zakresie poprawy erekcji, jak i zwi\u0119kszenia obj\u0119to\u015bci penisa.<\/p>\n<p style=\"text-align: center;\"><a class=\"border-button\" href=\"https:\/\/keonv.com\/ffUS?sub1=sub1&amp;sub2=sub2&amp;sub3=sub3&amp;sub4=sub4&amp;sub5=sub5\">www.erox-plus.pl<\/a><\/p>\n<h2>Wskazania i przeciwwskazania Erox Plus<\/h2>\n<h3>Wskazania:<\/h3>\n<p>Erox Plus polecany jest m\u0119\u017cczyznom, kt\u00f3rzy:<\/p>\n<ul>\n<li>Chc\u0105 poprawi\u0107 swoj\u0105 potencj\u0119 i mie\u0107 silniejsze erekcje.<\/li>\n<li>Zmagaj\u0105 si\u0119 z problemem przedwczesnego wytrysku.<\/li>\n<li>Chc\u0105 zwi\u0119kszy\u0107 rozmiar swojego penisa.<\/li>\n<li>Chc\u0105 poprawi\u0107 swoje samopoczucie i pewno\u015b\u0107 siebie w sferze seksualnej.<\/li>\n<li>Szukaj\u0105 naturalnego suplementu, kt\u00f3ry nie wymaga recepty.<\/li>\n<\/ul>\n<h3>Przeciwwskazania:<\/h3>\n<p>Chocia\u017c Erox Plus jest suplementem opartym na naturalnych sk\u0142adnikach, istniej\u0105 pewne przeciwwskazania do jego stosowania. Przed rozpocz\u0119ciem kuracji zaleca si\u0119 skonsultowanie z lekarzem w przypadku:<\/p>\n<ul>\n<li>Nadwra\u017cliwo\u015bci na jakikolwiek sk\u0142adnik produktu.<\/li>\n<li>Przewlek\u0142ych schorze\u0144, takich jak choroby serca, w\u0105troby czy nerek.<\/li>\n<li>Stosowania innych lek\u00f3w na potencj\u0119 lub problemy z uk\u0142adem kr\u0105\u017cenia.<\/li>\n<li>M\u0119\u017cczyzn poni\u017cej 18 roku \u017cycia.<\/li>\n<\/ul>\n<p>Warto zaznaczy\u0107, \u017ce Erox Plus nie jest zalecany kobietom ani osobom, kt\u00f3re nie maj\u0105 problem\u00f3w z potencj\u0105, a jego stosowanie ma na celu jedynie wspomaganie os\u00f3b borykaj\u0105cych si\u0119 z problemami seksualnymi.<\/p>\n<h2>Sk\u0142ad Erox Plus \u2013 skuteczne sk\u0142adniki<\/h2>\n<p>Jednym z g\u0142\u00f3wnych atut\u00f3w Erox Plus jest jego naturalny sk\u0142ad, kt\u00f3ry opiera si\u0119 na starannie dobranych sk\u0142adnikach o potwierdzonym dzia\u0142aniu. Dzi\u0119ki temu produkt ten jest bezpieczny, a jednocze\u015bnie skuteczny w poprawie m\u0119skiej potencji. Poni\u017cej przedstawiamy najwa\u017cniejsze sk\u0142adniki Erox Plus:<\/p>\n<table>\n<thead>\n<tr>\n<th>Sk\u0142adnik<\/th>\n<th>Dzia\u0142anie<\/th>\n<\/tr>\n<\/thead>\n<tbody>\n<tr>\n<td><strong>L-arginina<\/strong><\/td>\n<td>Wspomaga produkcj\u0119 tlenku azotu, co zwi\u0119ksza przep\u0142yw krwi do penisa, co z kolei poprawia jako\u015b\u0107 erekcji.<\/td>\n<\/tr>\n<tr>\n<td><strong>Maca korze\u0144<\/strong><\/td>\n<td>Naturalny afrodyzjak, kt\u00f3ry zwi\u0119ksza libido i wspomaga wytrzyma\u0142o\u015b\u0107 seksualn\u0105.<\/td>\n<\/tr>\n<tr>\n<td><strong>Ekstrakt z \u017ce\u0144-szenia<\/strong><\/td>\n<td>Poprawia kr\u0105\u017cenie krwi i wp\u0142ywa na wydolno\u015b\u0107 seksualn\u0105, dodaje energii.<\/td>\n<\/tr>\n<tr>\n<td><strong>Saw palmetto<\/strong><\/td>\n<td>Wspomaga zdrowie prostaty i zwi\u0119ksza poziom testosteronu.<\/td>\n<\/tr>\n<tr>\n<td><strong>Ekstrakt z mi\u0142orz\u0119bu<\/strong><\/td>\n<td>Zwi\u0119ksza przep\u0142yw krwi w organizmie, poprawiaj\u0105c funkcje seksualne.<\/td>\n<\/tr>\n<\/tbody>\n<\/table>\n<p>Sk\u0142adniki te wzajemnie si\u0119 uzupe\u0142niaj\u0105, dzi\u0119ki czemu Erox Plus oferuje kompleksowe dzia\u0142anie, nie tylko poprawiaj\u0105c potencj\u0119, ale tak\u017ce wspieraj\u0105c zdrowie seksualne na wielu poziomach.<\/p>\n<h2>Efekty stosowania \u2013 dzia\u0142anie kapsu\u0142ki Erox Plus<\/h2>\n<p>Efekty stosowania Erox Plus mo\u017cna zauwa\u017cy\u0107 ju\u017c po kilku tygodniach regularnego stosowania. Oto niekt\u00f3re z najwa\u017cniejszych rezultat\u00f3w, kt\u00f3re u\u017cytkownicy mog\u0105 zaobserwowa\u0107:<\/p>\n<ol>\n<li><strong>Poprawa erekcji<\/strong>: Dzi\u0119ki sk\u0142adnikom takim jak L-arginina i mi\u0142orz\u0105b, Erox Plus zwi\u0119ksza przep\u0142yw krwi do penisa, co prowadzi do silniejszych i trwalszych erekcji.<\/li>\n<li><strong>Zwi\u0119kszenie rozmiaru penisa<\/strong>: Regularne stosowanie Erox Plus wp\u0142ywa na zwi\u0119kszenie rozmiaru penisa zar\u00f3wno w stanie spoczynku, jak i podczas erekcji. Zwi\u0119kszony przep\u0142yw krwi i poprawa elastyczno\u015bci tkanek mog\u0105 prowadzi\u0107 do widocznych zmian w obj\u0119to\u015bci.<\/li>\n<li><strong>Zwi\u0119kszenie libido<\/strong>: Ekstrakt z korzenia maca oraz \u017ce\u0144-sze\u0144 to naturalne afrodyzjaki, kt\u00f3re wspomagaj\u0105 libido, sprawiaj\u0105c, \u017ce u\u017cytkownicy czuj\u0105 wi\u0119ksz\u0105 ochot\u0119 na seks i czerpi\u0105 z niego wi\u0119cej przyjemno\u015bci.<\/li>\n<li><strong>Lepsza wytrzyma\u0142o\u015b\u0107 seksualna<\/strong>: Dzi\u0119ki temu suplementowi m\u0119\u017cczy\u017ani mog\u0105 cieszy\u0107 si\u0119 d\u0142u\u017cszym stosunkiem bez obawy o przedwczesny wytrysk.<\/li>\n<li><strong>Poprawa og\u00f3lnej wydolno\u015bci fizycznej i psychicznej<\/strong>: Erox Plus wspomaga nie tylko sfer\u0119 seksualn\u0105, ale tak\u017ce og\u00f3ln\u0105 wydolno\u015b\u0107 organizmu, co przek\u0142ada si\u0119 na lepsze samopoczucie i wi\u0119ksz\u0105 pewno\u015b\u0107 siebie.<\/li>\n<\/ol>\n<h2>Gdzie kupi\u0107 Erox Plus?<\/h2>\n<p>Zakup Erox Plus mo\u017ce by\u0107 wyzwaniem, zw\u0142aszcza dla os\u00f3b, kt\u00f3re chc\u0105 naby\u0107 produkt w tradycyjnych aptekach. Niestety, Erox Plus nie jest dost\u0119pny w aptekach stacjonarnych, dlatego osoby zainteresowane zakupem tego preparatu musz\u0105 skorzysta\u0107 z innych \u017ar\u00f3de\u0142. Najlepszym i najbezpieczniejszym miejscem na zakup Erox Plus jest oficjalna strona producenta. Dzi\u0119ki temu mo\u017cna mie\u0107 pewno\u015b\u0107, \u017ce kupuje si\u0119 oryginalny produkt o najwy\u017cszej jako\u015bci.<\/p>\n<h3>Dlaczego warto kupi\u0107 Erox Plus u producenta?<\/h3>\n<ol>\n<li><strong>Gwarancja oryginalno\u015bci<\/strong>: Kupuj\u0105c bezpo\u015brednio od producenta, masz pewno\u015b\u0107, \u017ce produkt jest oryginalny i spe\u0142nia wszystkie normy jako\u015bciowe.<\/li>\n<li><strong>Atrakcyjne promocje<\/strong>: Producent cz\u0119sto oferuje zni\u017cki oraz pakiety promocyjne, co pozwala zaoszcz\u0119dzi\u0107 na zakupie wi\u0119kszej ilo\u015bci kapsu\u0142ek.<\/li>\n<li><strong>Szybka dostawa<\/strong>: Zam\u00f3wienia z\u0142o\u017cone na oficjalnej stronie s\u0105 realizowane szybko, a dostawa odbywa si\u0119 bezpiecznie i dyskretnie.<\/li>\n<li><strong>Bezpiecze\u0144stwo zakupu<\/strong>: Kupuj\u0105c u producenta, unikamy ryzyka zakupu podr\u00f3bek, kt\u00f3re mog\u0105 by\u0107 dost\u0119pne w niekt\u00f3rych sklepach internetowych czy na aukcjach.<\/li>\n<\/ol>\n<p>Erox Plus to preparat, kt\u00f3ry mo\u017ce przynie\u015b\u0107 realne korzy\u015bci w zakresie poprawy potencji oraz zwi\u0119kszenia rozmiaru penisa. Dzi\u0119ki naturalnemu sk\u0142adowi i potwierdzonym dzia\u0142aniom jest to rozwi\u0105zanie warte rozwa\u017cenia dla ka\u017cdego m\u0119\u017cczyzny, kt\u00f3ry szuka skutecznego sposobu na popraw\u0119 swojego \u017cycia seksualnego. Jednak aby mie\u0107 pewno\u015b\u0107 co do jako\u015bci produktu, zaleca si\u0119 zakup bezpo\u015brednio u producenta, unikaj\u0105c podejrzanych \u017ar\u00f3de\u0142 i nara\u017cania si\u0119 na ryzyko zakupu nieoryginalnych produkt\u00f3w.<\/p>\n<p style=\"text-align: center;\"><a class=\"border-button\" href=\"https:\/\/keonv.com\/ffUS?sub1=sub1&amp;sub2=sub2&amp;sub3=sub3&amp;sub4=sub4&amp;sub5=sub5\">KUPI\u0106 PO CENIE PRODUCENTA (-50%)<\/a><\/p>\n","protected":false},"excerpt":{"rendered":"<p>Nr kat.: 870874611<\/p>\n<p style=\"text-align: center;\"><a class=\"border-button\" href=\"https:\/\/keonv.com\/ffUS?sub1=sub1&amp;sub2=sub2&amp;sub3=sub3&amp;sub4=sub4&amp;sub5=sub5\">KUP TERAZ<\/a><\/p>\n","protected":false},"featured_media":997,"comment_status":"open","ping_status":"closed","template":"","meta":[],"product_brand":[],"product_cat":[18],"product_tag":[],"class_list":{"0":"post-409","1":"product","2":"type-product","3":"status-publish","4":"has-post-thumbnail","6":"product_cat-suplementy","8":"first","9":"instock","10":"sale","11":"shipping-taxable","12":"purchasable","13":"product-type-simple"},"aioseo_notices":[],"_links":{"self":[{"href":"https:\/\/lekarzpodroznik.pl\/store\/wp-json\/wp\/v2\/product\/409","targetHints":{"allow":["GET"]}}],"collection":[{"href":"https:\/\/lekarzpodroznik.pl\/store\/wp-json\/wp\/v2\/product"}],"about":[{"href":"https:\/\/lekarzpodroznik.pl\/store\/wp-json\/wp\/v2\/types\/product"}],"replies":[{"embeddable":true,"href":"https:\/\/lekarzpodroznik.pl\/store\/wp-json\/wp\/v2\/comments?post=409"}],"wp:featuredmedia":[{"embeddable":true,"href":"https:\/\/lekarzpodroznik.pl\/store\/wp-json\/wp\/v2\/media\/997"}],"wp:attachment":[{"href":"https:\/\/lekarzpodroznik.pl\/store\/wp-json\/wp\/v2\/media?parent=409"}],"wp:term":[{"taxonomy":"product_brand","embeddable":true,"href":"https:\/\/lekarzpodroznik.pl\/store\/wp-json\/wp\/v2\/product_brand?post=409"},{"taxonomy":"product_cat","embeddable":true,"href":"https:\/\/lekarzpodroznik.pl\/store\/wp-json\/wp\/v2\/product_cat?post=409"},{"taxonomy":"product_tag","embeddable":true,"href":"https:\/\/lekarzpodroznik.pl\/store\/wp-json\/wp\/v2\/product_tag?post=409"}],"curies":[{"name":"wp","href":"https:\/\/api.w.org\/{rel}","templated":true}]}}